{"id":739,"date":"2024-06-08T14:51:53","date_gmt":"2024-06-08T06:51:53","guid":{"rendered":"https:\/\/www.myautopartsfactory.com\/?post_type=product&#038;p=739"},"modified":"2024-06-08T14:51:55","modified_gmt":"2024-06-08T06:51:55","slug":"wholesale-auto-spare-parts-idle-air-control-valve-1113873-1s7g-9f715-ad-for-ford-focus-ranger-2001-2011-mazda-b2300-l4-2-3l","status":"publish","type":"product","link":"https:\/\/www.myautopartsfactory.com\/es\/product\/wholesale-auto-spare-parts-idle-air-control-valve-1113873-1s7g-9f715-ad-for-ford-focus-ranger-2001-2011-mazda-b2300-l4-2-3l","title":{"rendered":"Wholesale Auto Spare Parts Idle Air Control Valve 1113873 1S7G-9F715-AD For Ford Focus Ranger 2001-2011 Mazda B2300 L4 2.3L"},"content":{"rendered":"<p><strong>Caracter\u00edsticas y ventajas:<\/strong><\/p>\n\n\n\n<p>Ajuste perfecto, f\u00e1cil instalaci\u00f3n<\/p>\n\n\n\n<p>\u25cfHecho seg\u00fan las especificaciones de f\u00e1brica para una instalaci\u00f3n sin complicaciones.<\/p>\n\n\n\n<p>\u25cfDesigned as a direct replacement for your original Idle Air Control Valve, ensuring excellent fitment and performance.<\/p>\n\n\n\n<p><strong>Caracter\u00edsticas del producto\uff1a<\/strong><\/p>\n\n\n\n<p>\u25cfFuerte durabilidad: Hecho de materiales de alta calidad, tiene una fuerte durabilidad y resistencia al desgaste y tiene una larga vida \u00fatil.<\/p>\n\n\n\n<p>\u25cfHigh precision: High-precision adjustment function can accurately control the engine&#8217;s idle speed to ensure engine stability and economy.<\/p>\n\n\n\n<p>\u25cfEnergy saving and environmental protection: Ensure that the engine is fully burned at idle speed, reduce exhaust gas emissions, and achieve<\/p>","protected":false},"excerpt":{"rendered":"Features &amp; Benefits: \u25cfPerfect Fit, Easy Installation \u25cfMade to factory specifications for a hassle-free installation. \u25cfDesigned as a direct replacement for your original Idle Air Control Valve, ensuring excellent fitment and performance. Product Features\uff1a \u25cfStrong durability: Made of high-quality materials, it has strong durability and wear resistance and has a long service life. \u25cfHigh precision: [&hellip;]","protected":false},"featured_media":745,"menu_order":0,"template":"","meta":[],"product-tag":[],"products":[92],"brand":[48,59],"class_list":["post-739","product","type-product","status-publish","has-post-thumbnail","hentry","products-idle-air-control-valve","brand-mazda","brand-ford"],"yoast_head":"<!-- This site is optimized with the Yoast SEO plugin v27.3 - https:\/\/yoast.com\/product\/yoast-seo-wordpress\/ -->\n<title>Wholesale Auto Spare Parts Idle Air Control Valve 1113873 1S7G-9F715-AD For Ford Focus Ranger 2001-2011 Mazda B2300 L4 2.3L - YZHIDIANF<\/title>\n<meta name=\"robots\" content=\"index, follow, max-snippet:-1, max-image-preview:large, max-video-preview:-1\" \/>\n<link rel=\"canonical\" href=\"https:\/\/www.myautopartsfactory.com\/es\/product\/wholesale-auto-spare-parts-idle-air-control-valve-1113873-1s7g-9f715-ad-for-ford-focus-ranger-2001-2011-mazda-b2300-l4-2-3l\/\" \/>\n<meta property=\"og:locale\" content=\"es_ES\" \/>\n<meta property=\"og:type\" content=\"article\" \/>\n<meta property=\"og:title\" content=\"Wholesale Auto Spare Parts Idle Air Control Valve 1113873 1S7G-9F715-AD For Ford Focus Ranger 2001-2011 Mazda B2300 L4 2.3L - YZHIDIANF\" \/>\n<meta property=\"og:description\" content=\"Features &amp; Benefits: \u25cfPerfect Fit, Easy Installation \u25cfMade to factory specifications for a hassle-free installation. \u25cfDesigned as a direct replacement for your original Idle Air Control Valve, ensuring excellent fitment and performance. Product Features\uff1a \u25cfStrong durability: Made of high-quality materials, it has strong durability and wear resistance and has a long service life. \u25cfHigh precision: [&hellip;]\" \/>\n<meta property=\"og:url\" content=\"https:\/\/www.myautopartsfactory.com\/es\/product\/wholesale-auto-spare-parts-idle-air-control-valve-1113873-1s7g-9f715-ad-for-ford-focus-ranger-2001-2011-mazda-b2300-l4-2-3l\/\" \/>\n<meta property=\"og:site_name\" content=\"YZHIDIANF\" \/>\n<meta property=\"article:modified_time\" content=\"2024-06-08T06:51:55+00:00\" \/>\n<meta property=\"og:image\" content=\"https:\/\/www.myautopartsfactory.com\/wp-content\/uploads\/2024\/06\/1S7G9F715AD-6.jpg\" \/>\n\t<meta property=\"og:image:width\" content=\"800\" \/>\n\t<meta property=\"og:image:height\" content=\"800\" \/>\n\t<meta property=\"og:image:type\" content=\"image\/jpeg\" \/>\n<meta name=\"twitter:card\" content=\"summary_large_image\" \/>\n<meta name=\"twitter:label1\" content=\"Tiempo de lectura\" \/>\n\t<meta name=\"twitter:data1\" content=\"1 minuto\" \/>\n<script type=\"application\/ld+json\" class=\"yoast-schema-graph\">{\"@context\":\"https:\\\/\\\/schema.org\",\"@graph\":[{\"@type\":\"WebPage\",\"@id\":\"https:\\\/\\\/www.myautopartsfactory.com\\\/product\\\/wholesale-auto-spare-parts-idle-air-control-valve-1113873-1s7g-9f715-ad-for-ford-focus-ranger-2001-2011-mazda-b2300-l4-2-3l\",\"url\":\"https:\\\/\\\/www.myautopartsfactory.com\\\/product\\\/wholesale-auto-spare-parts-idle-air-control-valve-1113873-1s7g-9f715-ad-for-ford-focus-ranger-2001-2011-mazda-b2300-l4-2-3l\",\"name\":\"Wholesale Auto Spare Parts Idle Air Control Valve 1113873 1S7G-9F715-AD For Ford Focus Ranger 2001-2011 Mazda B2300 L4 2.3L - YZHIDIANF\",\"isPartOf\":{\"@id\":\"https:\\\/\\\/www.myautopartsfactory.com\\\/#website\"},\"primaryImageOfPage\":{\"@id\":\"https:\\\/\\\/www.myautopartsfactory.com\\\/product\\\/wholesale-auto-spare-parts-idle-air-control-valve-1113873-1s7g-9f715-ad-for-ford-focus-ranger-2001-2011-mazda-b2300-l4-2-3l#primaryimage\"},\"image\":{\"@id\":\"https:\\\/\\\/www.myautopartsfactory.com\\\/product\\\/wholesale-auto-spare-parts-idle-air-control-valve-1113873-1s7g-9f715-ad-for-ford-focus-ranger-2001-2011-mazda-b2300-l4-2-3l#primaryimage\"},\"thumbnailUrl\":\"https:\\\/\\\/www.myautopartsfactory.com\\\/wp-content\\\/uploads\\\/2024\\\/06\\\/1S7G9F715AD-6.jpg\",\"datePublished\":\"2024-06-08T06:51:53+00:00\",\"dateModified\":\"2024-06-08T06:51:55+00:00\",\"breadcrumb\":{\"@id\":\"https:\\\/\\\/www.myautopartsfactory.com\\\/product\\\/wholesale-auto-spare-parts-idle-air-control-valve-1113873-1s7g-9f715-ad-for-ford-focus-ranger-2001-2011-mazda-b2300-l4-2-3l#breadcrumb\"},\"inLanguage\":\"es\",\"potentialAction\":[{\"@type\":\"ReadAction\",\"target\":[\"https:\\\/\\\/www.myautopartsfactory.com\\\/product\\\/wholesale-auto-spare-parts-idle-air-control-valve-1113873-1s7g-9f715-ad-for-ford-focus-ranger-2001-2011-mazda-b2300-l4-2-3l\"]}]},{\"@type\":\"ImageObject\",\"inLanguage\":\"es\",\"@id\":\"https:\\\/\\\/www.myautopartsfactory.com\\\/product\\\/wholesale-auto-spare-parts-idle-air-control-valve-1113873-1s7g-9f715-ad-for-ford-focus-ranger-2001-2011-mazda-b2300-l4-2-3l#primaryimage\",\"url\":\"https:\\\/\\\/www.myautopartsfactory.com\\\/wp-content\\\/uploads\\\/2024\\\/06\\\/1S7G9F715AD-6.jpg\",\"contentUrl\":\"https:\\\/\\\/www.myautopartsfactory.com\\\/wp-content\\\/uploads\\\/2024\\\/06\\\/1S7G9F715AD-6.jpg\",\"width\":800,\"height\":800},{\"@type\":\"BreadcrumbList\",\"@id\":\"https:\\\/\\\/www.myautopartsfactory.com\\\/product\\\/wholesale-auto-spare-parts-idle-air-control-valve-1113873-1s7g-9f715-ad-for-ford-focus-ranger-2001-2011-mazda-b2300-l4-2-3l#breadcrumb\",\"itemListElement\":[{\"@type\":\"ListItem\",\"position\":1,\"name\":\"\u9996\u9875\",\"item\":\"https:\\\/\\\/www.myautopartsfactory.com\\\/\"},{\"@type\":\"ListItem\",\"position\":2,\"name\":\"Wholesale Auto Spare Parts Idle Air Control Valve 1113873 1S7G-9F715-AD For Ford Focus Ranger 2001-2011 Mazda B2300 L4 2.3L\"}]},{\"@type\":\"WebSite\",\"@id\":\"https:\\\/\\\/www.myautopartsfactory.com\\\/#website\",\"url\":\"https:\\\/\\\/www.myautopartsfactory.com\\\/\",\"name\":\"YZHIDIANF\",\"description\":\"One-Stop Auto Parts Supplier\",\"publisher\":{\"@id\":\"https:\\\/\\\/www.myautopartsfactory.com\\\/#organization\"},\"potentialAction\":[{\"@type\":\"SearchAction\",\"target\":{\"@type\":\"EntryPoint\",\"urlTemplate\":\"https:\\\/\\\/www.myautopartsfactory.com\\\/?s={search_term_string}\"},\"query-input\":{\"@type\":\"PropertyValueSpecification\",\"valueRequired\":true,\"valueName\":\"search_term_string\"}}],\"inLanguage\":\"es\"},{\"@type\":\"Organization\",\"@id\":\"https:\\\/\\\/www.myautopartsfactory.com\\\/#organization\",\"name\":\"YZHIDIANF\",\"url\":\"https:\\\/\\\/www.myautopartsfactory.com\\\/\",\"logo\":{\"@type\":\"ImageObject\",\"inLanguage\":\"es\",\"@id\":\"https:\\\/\\\/www.myautopartsfactory.com\\\/#\\\/schema\\\/logo\\\/image\\\/\",\"url\":\"https:\\\/\\\/www.myautopartsfactory.com\\\/wp-content\\\/uploads\\\/2024\\\/05\\\/fav.jpg\",\"contentUrl\":\"https:\\\/\\\/www.myautopartsfactory.com\\\/wp-content\\\/uploads\\\/2024\\\/05\\\/fav.jpg\",\"width\":80,\"height\":80,\"caption\":\"YZHIDIANF\"},\"image\":{\"@id\":\"https:\\\/\\\/www.myautopartsfactory.com\\\/#\\\/schema\\\/logo\\\/image\\\/\"}}]}<\/script>\n<!-- \/ Yoast SEO plugin. -->","yoast_head_json":{"title":"Wholesale Auto Spare Parts Idle Air Control Valve 1113873 1S7G-9F715-AD For Ford Focus Ranger 2001-2011 Mazda B2300 L4 2.3L - YZHIDIANF","robots":{"index":"index","follow":"follow","max-snippet":"max-snippet:-1","max-image-preview":"max-image-preview:large","max-video-preview":"max-video-preview:-1"},"canonical":"https:\/\/www.myautopartsfactory.com\/es\/product\/wholesale-auto-spare-parts-idle-air-control-valve-1113873-1s7g-9f715-ad-for-ford-focus-ranger-2001-2011-mazda-b2300-l4-2-3l\/","og_locale":"es_ES","og_type":"article","og_title":"Wholesale Auto Spare Parts Idle Air Control Valve 1113873 1S7G-9F715-AD For Ford Focus Ranger 2001-2011 Mazda B2300 L4 2.3L - YZHIDIANF","og_description":"Features &amp; Benefits: \u25cfPerfect Fit, Easy Installation \u25cfMade to factory specifications for a hassle-free installation. \u25cfDesigned as a direct replacement for your original Idle Air Control Valve, ensuring excellent fitment and performance. Product Features\uff1a \u25cfStrong durability: Made of high-quality materials, it has strong durability and wear resistance and has a long service life. \u25cfHigh precision: [&hellip;]","og_url":"https:\/\/www.myautopartsfactory.com\/es\/product\/wholesale-auto-spare-parts-idle-air-control-valve-1113873-1s7g-9f715-ad-for-ford-focus-ranger-2001-2011-mazda-b2300-l4-2-3l\/","og_site_name":"YZHIDIANF","article_modified_time":"2024-06-08T06:51:55+00:00","og_image":[{"width":800,"height":800,"url":"https:\/\/www.myautopartsfactory.com\/wp-content\/uploads\/2024\/06\/1S7G9F715AD-6.jpg","type":"image\/jpeg"}],"twitter_card":"summary_large_image","twitter_misc":{"Tiempo de lectura":"1 minuto"},"schema":{"@context":"https:\/\/schema.org","@graph":[{"@type":"WebPage","@id":"https:\/\/www.myautopartsfactory.com\/product\/wholesale-auto-spare-parts-idle-air-control-valve-1113873-1s7g-9f715-ad-for-ford-focus-ranger-2001-2011-mazda-b2300-l4-2-3l","url":"https:\/\/www.myautopartsfactory.com\/product\/wholesale-auto-spare-parts-idle-air-control-valve-1113873-1s7g-9f715-ad-for-ford-focus-ranger-2001-2011-mazda-b2300-l4-2-3l","name":"Wholesale Auto Spare Parts Idle Air Control Valve 1113873 1S7G-9F715-AD For Ford Focus Ranger 2001-2011 Mazda B2300 L4 2.3L - YZHIDIANF","isPartOf":{"@id":"https:\/\/www.myautopartsfactory.com\/#website"},"primaryImageOfPage":{"@id":"https:\/\/www.myautopartsfactory.com\/product\/wholesale-auto-spare-parts-idle-air-control-valve-1113873-1s7g-9f715-ad-for-ford-focus-ranger-2001-2011-mazda-b2300-l4-2-3l#primaryimage"},"image":{"@id":"https:\/\/www.myautopartsfactory.com\/product\/wholesale-auto-spare-parts-idle-air-control-valve-1113873-1s7g-9f715-ad-for-ford-focus-ranger-2001-2011-mazda-b2300-l4-2-3l#primaryimage"},"thumbnailUrl":"https:\/\/www.myautopartsfactory.com\/wp-content\/uploads\/2024\/06\/1S7G9F715AD-6.jpg","datePublished":"2024-06-08T06:51:53+00:00","dateModified":"2024-06-08T06:51:55+00:00","breadcrumb":{"@id":"https:\/\/www.myautopartsfactory.com\/product\/wholesale-auto-spare-parts-idle-air-control-valve-1113873-1s7g-9f715-ad-for-ford-focus-ranger-2001-2011-mazda-b2300-l4-2-3l#breadcrumb"},"inLanguage":"es","potentialAction":[{"@type":"ReadAction","target":["https:\/\/www.myautopartsfactory.com\/product\/wholesale-auto-spare-parts-idle-air-control-valve-1113873-1s7g-9f715-ad-for-ford-focus-ranger-2001-2011-mazda-b2300-l4-2-3l"]}]},{"@type":"ImageObject","inLanguage":"es","@id":"https:\/\/www.myautopartsfactory.com\/product\/wholesale-auto-spare-parts-idle-air-control-valve-1113873-1s7g-9f715-ad-for-ford-focus-ranger-2001-2011-mazda-b2300-l4-2-3l#primaryimage","url":"https:\/\/www.myautopartsfactory.com\/wp-content\/uploads\/2024\/06\/1S7G9F715AD-6.jpg","contentUrl":"https:\/\/www.myautopartsfactory.com\/wp-content\/uploads\/2024\/06\/1S7G9F715AD-6.jpg","width":800,"height":800},{"@type":"BreadcrumbList","@id":"https:\/\/www.myautopartsfactory.com\/product\/wholesale-auto-spare-parts-idle-air-control-valve-1113873-1s7g-9f715-ad-for-ford-focus-ranger-2001-2011-mazda-b2300-l4-2-3l#breadcrumb","itemListElement":[{"@type":"ListItem","position":1,"name":"\u9996\u9875","item":"https:\/\/www.myautopartsfactory.com\/"},{"@type":"ListItem","position":2,"name":"Wholesale Auto Spare Parts Idle Air Control Valve 1113873 1S7G-9F715-AD For Ford Focus Ranger 2001-2011 Mazda B2300 L4 2.3L"}]},{"@type":"WebSite","@id":"https:\/\/www.myautopartsfactory.com\/#website","url":"https:\/\/www.myautopartsfactory.com\/","name":"YZHIDIANF","description":"Proveedor integral de piezas de autom\u00f3vil","publisher":{"@id":"https:\/\/www.myautopartsfactory.com\/#organization"},"potentialAction":[{"@type":"SearchAction","target":{"@type":"EntryPoint","urlTemplate":"https:\/\/www.myautopartsfactory.com\/?s={search_term_string}"},"query-input":{"@type":"PropertyValueSpecification","valueRequired":true,"valueName":"search_term_string"}}],"inLanguage":"es"},{"@type":"Organization","@id":"https:\/\/www.myautopartsfactory.com\/#organization","name":"YZHIDIANF","url":"https:\/\/www.myautopartsfactory.com\/","logo":{"@type":"ImageObject","inLanguage":"es","@id":"https:\/\/www.myautopartsfactory.com\/#\/schema\/logo\/image\/","url":"https:\/\/www.myautopartsfactory.com\/wp-content\/uploads\/2024\/05\/fav.jpg","contentUrl":"https:\/\/www.myautopartsfactory.com\/wp-content\/uploads\/2024\/05\/fav.jpg","width":80,"height":80,"caption":"YZHIDIANF"},"image":{"@id":"https:\/\/www.myautopartsfactory.com\/#\/schema\/logo\/image\/"}}]}},"acf":[],"_links":{"self":[{"href":"https:\/\/www.myautopartsfactory.com\/es\/wp-json\/wp\/v2\/product\/739","targetHints":{"allow":["GET"]}}],"collection":[{"href":"https:\/\/www.myautopartsfactory.com\/es\/wp-json\/wp\/v2\/product"}],"about":[{"href":"https:\/\/www.myautopartsfactory.com\/es\/wp-json\/wp\/v2\/types\/product"}],"version-history":[{"count":0,"href":"https:\/\/www.myautopartsfactory.com\/es\/wp-json\/wp\/v2\/product\/739\/revisions"}],"wp:featuredmedia":[{"embeddable":true,"href":"https:\/\/www.myautopartsfactory.com\/es\/wp-json\/wp\/v2\/media\/745"}],"wp:attachment":[{"href":"https:\/\/www.myautopartsfactory.com\/es\/wp-json\/wp\/v2\/media?parent=739"}],"wp:term":[{"taxonomy":"product-tag","embeddable":true,"href":"https:\/\/www.myautopartsfactory.com\/es\/wp-json\/wp\/v2\/product-tag?post=739"},{"taxonomy":"products","embeddable":true,"href":"https:\/\/www.myautopartsfactory.com\/es\/wp-json\/wp\/v2\/products?post=739"},{"taxonomy":"brand","embeddable":true,"href":"https:\/\/www.myautopartsfactory.com\/es\/wp-json\/wp\/v2\/brand?post=739"}],"curies":[{"name":"wp","href":"https:\/\/api.w.org\/{rel}","templated":true}]}}