{"id":5520,"date":"2025-04-14T11:51:03","date_gmt":"2025-04-14T03:51:03","guid":{"rendered":"https:\/\/www.myautopartsfactory.com\/?post_type=product&#038;p=5520"},"modified":"2025-05-15T16:21:33","modified_gmt":"2025-05-15T08:21:33","slug":"fuel-pressure-regulator-22670-2y500-for-nissan-cefiro-maxima-elgrand-sunny-infiniti-g35-2003-2007","status":"publish","type":"product","link":"https:\/\/www.myautopartsfactory.com\/es\/product\/fuel-pressure-regulator-22670-2y500-for-nissan-cefiro-maxima-elgrand-sunny-infiniti-g35-2003-2007","title":{"rendered":"Regulador de presi\u00f3n de combustible 22670-2Y500 para Nissan Cefiro Maxima Elgrand Sunny Infiniti G35 2003-2007"},"content":{"rendered":"<h2 class=\"wp-block-heading\"><strong>Introducci\u00f3n a la <\/strong><strong>Regulador de presi\u00f3n de combustible 22670-2Y500 <\/strong><strong><\/strong><\/h2>\n\n\n\n<p>YZHIDIANF Regulador de presi\u00f3n de combustible 22670-2Y500 es una pieza de repuesto de alto rendimiento para Nissan Cefiro, Maxima, Elgrand, Sunny, y Infiniti G35 (2003-2007). El regulador de presi\u00f3n de combustible adopta una estructura avanzada de diafragma cargado por resorte, combinado con un mecanismo preciso de regulaci\u00f3n de presi\u00f3n de retroalimentaci\u00f3n de vac\u00edo, con respuesta r\u00e1pida, sellado fuerte, y larga vida \u00fatil, para asegurar el suministro de aceite continuo y estable bajo una variedad de condiciones de trabajo.<\/p>\n\n\n\n<h2 class=\"wp-block-heading\"><strong><strong>Caracter\u00edsticas<\/strong><\/strong> <strong>de Regulador de presi\u00f3n de combustible 22670-2Y500 <\/strong><\/h2>\n\n\n\n<h3 class=\"wp-block-heading\"><strong>Control de precisi\u00f3n<\/strong><\/h3>\n\n\n\n<p>El regulador de presi\u00f3n de combustible YZHIDIANF se basa en un sistema de retroalimentaci\u00f3n de vac\u00edo altamente sensible que regula autom\u00e1ticamente el flujo de retorno de combustible para garantizar una presi\u00f3n constante en el riel de combustible, proporcionando un soporte estable de presi\u00f3n de combustible para los inyectores. Incluso en situaciones de uso extremo, como arranques y paradas frecuentes, conducci\u00f3n en pendientes pronunciadas o alternancia de fr\u00edo y calor, responde r\u00e1pidamente a las necesidades de programaci\u00f3n din\u00e1mica de la ECU para mantener el estado \u00f3ptimo de suministro de combustible y minimizar el riesgo de calado y vibraciones.<\/p>\n\n\n\n<h3 class=\"wp-block-heading\"><strong>Excelente respuesta de potencia<\/strong><\/h3>\n\n\n\n<p>La fluctuaci\u00f3n de la presi\u00f3n del combustible es a menudo la culpable del estancamiento de la potencia y la vibraci\u00f3n, el regulador de presi\u00f3n de combustible adopta una estructura de regulador de presi\u00f3n optimizada, que tiene un excelente rendimiento en el control transitorio de la inyecci\u00f3n, mejorando significativamente la eficiencia de la combusti\u00f3n y la velocidad de respuesta del acelerador. La potencia del veh\u00edculo es m\u00e1s lineal y suave durante el arranque, la aceleraci\u00f3n y el cambio de marchas, por lo que es especialmente adecuado para usuarios dom\u00e9sticos y plataformas comerciales que tienen mayores requisitos de calidad de manejo.<\/p>\n\n\n\n<h3 class=\"wp-block-heading\"><strong>Cumplimiento de la normativa medioambiental<\/strong><\/h3>\n\n\n\n<p>La regulaci\u00f3n precisa de la presi\u00f3n del aceite es la clave para lograr un control exacto de la relaci\u00f3n aire-combustible, y el regulador de la presi\u00f3n del combustible garantiza una combusti\u00f3n completa a la vez que reduce eficazmente la concentraci\u00f3n de vapores sin combustible, mon\u00f3xido de carbono y emisiones de hidrocarburos, lo que mejora indirectamente la eficacia del catalizador de tres v\u00edas, haci\u00e9ndolo adecuado para mercados de exportaci\u00f3n y regiones con estrictas normativas medioambientales.<\/p>\n\n\n\n<h3 class=\"wp-block-heading\"><strong>Dise\u00f1o de sustituci\u00f3n r\u00e1pida<\/strong><strong><\/strong><\/h3>\n\n\n\n<p>El producto est\u00e1 totalmente desarrollado de acuerdo con las especificaciones originales de Nissan e Infiniti, y adopta interfaces y orificios de montaje de calidad de equipo original, de modo que las piezas antiguas pueden sustituirse sin ninguna modificaci\u00f3n. El producto integra conector r\u00e1pido est\u00e1ndar y conector roscado, y el tiempo medio de sustituci\u00f3n es inferior a 20 minutos, lo que mejora en gran medida la eficiencia de las horas de trabajo de la tienda de terminales, y es adecuado para el proceso de mantenimiento estandarizado y escenarios de servicio de alta frecuencia.<\/p>\n\n\n\n<h2 class=\"wp-block-heading\"><strong>Valores del regulador de presi\u00f3n de combustible 22670-2Y500<\/strong><\/h2>\n\n\n\n<h3 class=\"wp-block-heading\"><strong>Fiabilidad para un uso prolongado<\/strong><\/h3>\n\n\n\n<p>Gracias a su estructura met\u00e1lica de alta resistencia y a su sistema de sellado optimizado, el producto presenta una excelente resistencia a la corrosi\u00f3n, a las altas temperaturas y a los contaminantes del combustible, y es capaz de funcionar de forma estable en condiciones de carretera variables y en entornos de combustible complejos, lo que prolonga significativamente la vida \u00fatil del sistema de combustible y reduce las p\u00e9rdidas asociadas causadas por el fallo de los componentes.<\/p>\n\n\n\n<h3 class=\"wp-block-heading\"><strong>Reducir los costes generales de explotaci\u00f3n y mantenimiento<\/strong><\/h3>\n\n\n\n<p>A trav\u00e9s de un control preciso de la presi\u00f3n y unos est\u00e1ndares de fabricaci\u00f3n de alta consistencia, el regulador de presi\u00f3n de combustible puede reducir eficazmente la tasa de fallos del sistema de inyecci\u00f3n y las anomal\u00edas de potencia, ayudando a los clientes finales a reducir la tasa de fallos y la frecuencia de mantenimiento no programado, reduciendo as\u00ed el TCO (Coste Total del Ciclo de Vida) de todo el sistema de combustible.<\/p>\n\n\n\n<h3 class=\"wp-block-heading\"><strong>Normalizaci\u00f3n de las ventas y el mantenimiento del canal<\/strong><\/h3>\n\n\n\n<p>La instalaci\u00f3n estandarizada de productos, la gran adaptabilidad y el c\u00f3modo mantenimiento ayudan a los canales de accesorios a mejorar la satisfacci\u00f3n de los clientes y la eficiencia de la rotaci\u00f3n de productos, al tiempo que mejoran la velocidad de flujo de los puestos de trabajo de las tiendas de reparaci\u00f3n. Adecuado para la compra a granel, gesti\u00f3n de inventario, y los escenarios de estandarizaci\u00f3n de servicios, proporcionando comerciantes cooperativos con m\u00e1s soluciones de valor denso.<\/p>\n\n\n\n<h2 class=\"wp-block-heading\"><strong>Mantenimiento<\/strong><\/h2>\n\n\n\n<h3 class=\"wp-block-heading\"><strong>Comprobaci\u00f3n peri\u00f3dica de las interfaces cr\u00edticas<\/strong><\/h3>\n\n\n\n<p>Se recomienda inspeccionar las tomas de vac\u00edo, las conexiones del circuito de combustible y las juntas cada 15.000-20.000 kil\u00f3metros o anualmente para evitar fugas y presiones inestables debidas a deterioro o aflojamiento.<\/p>\n\n\n\n<h3 class=\"wp-block-heading\"><strong>Evite los productos de limpieza corrosivos<\/strong><\/h3>\n\n\n\n<p>Si necesita limpiar la carcasa del producto, le recomendamos que utilice un spray de limpieza neutro o un pa\u00f1o seco para limpiar suavemente, evite el uso de gasolina, \u00e1cidos y \u00e1lcalis fuertes, y otros l\u00edquidos corrosivos, con el fin de proteger el rendimiento de sellado y el revestimiento de la carcasa.<\/p>\n\n\n\n<h2 class=\"wp-block-heading\"><strong>PREGUNTAS FRECUENTES<\/strong><strong><\/strong><\/h2>\n\n\n\n<p><strong>P1: \u00bfA qu\u00e9 modelos se adapta este regulador de presi\u00f3n de combustible?<\/strong><br>YZHIDIANF 22670-2Y500 Regulador de presi\u00f3n de combustible es adecuado para 2003-2007 Nissan Cefiro, Maxima, Elgrand, Sunny, y Infiniti G35. Para los clientes de canal o proveedores de servicios, si usted necesita para adaptarse a m\u00e1s modelos, por favor p\u00f3ngase en contacto con nosotros para nuestro cat\u00e1logo. <\/p>\n\n\n\n<p><strong>P2: \u00bfEs complicada la instalaci\u00f3n del producto? \u00bfNecesito herramientas especializadas?<\/strong><br>El regulador de presi\u00f3n de combustible 22670-2Y500 est\u00e1 dise\u00f1ado para montaje directo, es compatible con la interfaz original del veh\u00edculo y puede instalarse sin herramientas especiales ni modificaci\u00f3n de la ECU. Se recomienda que sea operado por personal de servicio experimentado para salvaguardar el sellado del sistema de combustible.<\/p>\n\n\n\n<p><strong>P3: \u00bfApoya la posventa y la certificaci\u00f3n de calidad?<\/strong><br>YZHIDIANF es un proveedor integral y fuerte de regulador de presi\u00f3n de combustible, ofrecemos un servicio post-venta perfecto. Regulador de presi\u00f3n de combustible 22670-2Y500 ha sido probado para la estanqueidad y la respuesta de presi\u00f3n antes de la entrega. Est\u00e1 respaldado por una garant\u00eda limitada de 12 meses que cubre defectos de fabricaci\u00f3n y fallas del regulador no causadas por el hombre. Para grandes cantidades, tambi\u00e9n hay disponibles informes de pruebas y documentaci\u00f3n de exportaci\u00f3n.<\/p>\n\n\n\n<p><strong>P4: \u00bfEs adecuado para la exportaci\u00f3n y el mercado mayorista?<\/strong><br>El regulador de presi\u00f3n de combustible 22670-2Y500 tiene alta adaptabilidad y fiabilidad, embalaje y etiquetado personalizados, que es adecuado para el negocio de exportaci\u00f3n y el canal mayorista B-end. YZHIDIANF proporciona apoyo log\u00edstico y soluciones post-venta espec\u00edficas para ayudar a los clientes a expandir el mercado de ultramar.<\/p>","protected":false},"excerpt":{"rendered":"Introduction to Fuel Pressure Regulator 22670-2Y500 YZHIDIANF Fuel Pressure Regulator 22670-2Y500 is a high-performance replacement part for Nissan Cefiro, Maxima, Elgrand, Sunny, and Infiniti G35 (2003-2007). The fuel pressure regulator adopts an advanced spring-loaded diaphragm structure, combined with a precise vacuum feedback pressure regulating mechanism, featuring fast response, strong sealing, and long service life, to [&hellip;]","protected":false},"featured_media":5521,"menu_order":0,"template":"","meta":[],"product-tag":[],"products":[97],"brand":[45],"class_list":["post-5520","product","type-product","status-publish","has-post-thumbnail","hentry","products-fuel-pressure-regulator","brand-nissan"],"yoast_head":"<!-- This site is optimized with the Yoast SEO plugin v27.3 - https:\/\/yoast.com\/product\/yoast-seo-wordpress\/ -->\n<title>Fuel Pressure Regulator 22670-2Y500 For Nissan Cefiro Maxima Elgrand Sunny Infiniti G35 2003-2007 - YZHIDIANF<\/title>\n<meta name=\"description\" content=\"uel pressure regulator 22670-2Y500 featur precise control, fast response, and easy OE-grade installation.\" \/>\n<meta name=\"robots\" content=\"index, follow, max-snippet:-1, max-image-preview:large, max-video-preview:-1\" \/>\n<link rel=\"canonical\" href=\"https:\/\/www.myautopartsfactory.com\/es\/product\/fuel-pressure-regulator-22670-2y500-for-nissan-cefiro-maxima-elgrand-sunny-infiniti-g35-2003-2007\/\" \/>\n<meta property=\"og:locale\" content=\"es_ES\" \/>\n<meta property=\"og:type\" content=\"article\" \/>\n<meta property=\"og:title\" content=\"Fuel Pressure Regulator 22670-2Y500 For Nissan Cefiro Maxima Elgrand Sunny Infiniti G35 2003-2007 - YZHIDIANF\" \/>\n<meta property=\"og:description\" content=\"uel pressure regulator 22670-2Y500 featur precise control, fast response, and easy OE-grade installation.\" \/>\n<meta property=\"og:url\" content=\"https:\/\/www.myautopartsfactory.com\/es\/product\/fuel-pressure-regulator-22670-2y500-for-nissan-cefiro-maxima-elgrand-sunny-infiniti-g35-2003-2007\/\" \/>\n<meta property=\"og:site_name\" content=\"YZHIDIANF\" \/>\n<meta property=\"article:modified_time\" content=\"2025-05-15T08:21:33+00:00\" \/>\n<meta property=\"og:image\" content=\"https:\/\/www.myautopartsfactory.com\/wp-content\/uploads\/2025\/04\/22670-2Y500-1.jpg\" \/>\n\t<meta property=\"og:image:width\" content=\"800\" \/>\n\t<meta property=\"og:image:height\" content=\"800\" \/>\n\t<meta property=\"og:image:type\" content=\"image\/jpeg\" \/>\n<meta name=\"twitter:card\" content=\"summary_large_image\" \/>\n<meta name=\"twitter:label1\" content=\"Tiempo de lectura\" \/>\n\t<meta name=\"twitter:data1\" content=\"5 minutos\" \/>\n<script type=\"application\/ld+json\" class=\"yoast-schema-graph\">{\"@context\":\"https:\\\/\\\/schema.org\",\"@graph\":[{\"@type\":\"WebPage\",\"@id\":\"https:\\\/\\\/www.myautopartsfactory.com\\\/product\\\/fuel-pressure-regulator-22670-2y500-for-nissan-cefiro-maxima-elgrand-sunny-infiniti-g35-2003-2007\",\"url\":\"https:\\\/\\\/www.myautopartsfactory.com\\\/product\\\/fuel-pressure-regulator-22670-2y500-for-nissan-cefiro-maxima-elgrand-sunny-infiniti-g35-2003-2007\",\"name\":\"Fuel Pressure Regulator 22670-2Y500 For Nissan Cefiro Maxima Elgrand Sunny Infiniti G35 2003-2007 - YZHIDIANF\",\"isPartOf\":{\"@id\":\"https:\\\/\\\/www.myautopartsfactory.com\\\/#website\"},\"primaryImageOfPage\":{\"@id\":\"https:\\\/\\\/www.myautopartsfactory.com\\\/product\\\/fuel-pressure-regulator-22670-2y500-for-nissan-cefiro-maxima-elgrand-sunny-infiniti-g35-2003-2007#primaryimage\"},\"image\":{\"@id\":\"https:\\\/\\\/www.myautopartsfactory.com\\\/product\\\/fuel-pressure-regulator-22670-2y500-for-nissan-cefiro-maxima-elgrand-sunny-infiniti-g35-2003-2007#primaryimage\"},\"thumbnailUrl\":\"https:\\\/\\\/www.myautopartsfactory.com\\\/wp-content\\\/uploads\\\/2025\\\/04\\\/22670-2Y500-1.jpg\",\"datePublished\":\"2025-04-14T03:51:03+00:00\",\"dateModified\":\"2025-05-15T08:21:33+00:00\",\"description\":\"uel pressure regulator 22670-2Y500 featur precise control, fast response, and easy OE-grade installation.\",\"breadcrumb\":{\"@id\":\"https:\\\/\\\/www.myautopartsfactory.com\\\/product\\\/fuel-pressure-regulator-22670-2y500-for-nissan-cefiro-maxima-elgrand-sunny-infiniti-g35-2003-2007#breadcrumb\"},\"inLanguage\":\"es\",\"potentialAction\":[{\"@type\":\"ReadAction\",\"target\":[\"https:\\\/\\\/www.myautopartsfactory.com\\\/product\\\/fuel-pressure-regulator-22670-2y500-for-nissan-cefiro-maxima-elgrand-sunny-infiniti-g35-2003-2007\"]}]},{\"@type\":\"ImageObject\",\"inLanguage\":\"es\",\"@id\":\"https:\\\/\\\/www.myautopartsfactory.com\\\/product\\\/fuel-pressure-regulator-22670-2y500-for-nissan-cefiro-maxima-elgrand-sunny-infiniti-g35-2003-2007#primaryimage\",\"url\":\"https:\\\/\\\/www.myautopartsfactory.com\\\/wp-content\\\/uploads\\\/2025\\\/04\\\/22670-2Y500-1.jpg\",\"contentUrl\":\"https:\\\/\\\/www.myautopartsfactory.com\\\/wp-content\\\/uploads\\\/2025\\\/04\\\/22670-2Y500-1.jpg\",\"width\":800,\"height\":800,\"caption\":\"Fuel Pressure Regulator\"},{\"@type\":\"BreadcrumbList\",\"@id\":\"https:\\\/\\\/www.myautopartsfactory.com\\\/product\\\/fuel-pressure-regulator-22670-2y500-for-nissan-cefiro-maxima-elgrand-sunny-infiniti-g35-2003-2007#breadcrumb\",\"itemListElement\":[{\"@type\":\"ListItem\",\"position\":1,\"name\":\"\u9996\u9875\",\"item\":\"https:\\\/\\\/www.myautopartsfactory.com\\\/\"},{\"@type\":\"ListItem\",\"position\":2,\"name\":\"Fuel Pressure Regulator 22670-2Y500 For Nissan Cefiro Maxima Elgrand Sunny Infiniti G35 2003-2007\"}]},{\"@type\":\"WebSite\",\"@id\":\"https:\\\/\\\/www.myautopartsfactory.com\\\/#website\",\"url\":\"https:\\\/\\\/www.myautopartsfactory.com\\\/\",\"name\":\"YZHIDIANF\",\"description\":\"One-Stop Auto Parts Supplier\",\"publisher\":{\"@id\":\"https:\\\/\\\/www.myautopartsfactory.com\\\/#organization\"},\"potentialAction\":[{\"@type\":\"SearchAction\",\"target\":{\"@type\":\"EntryPoint\",\"urlTemplate\":\"https:\\\/\\\/www.myautopartsfactory.com\\\/?s={search_term_string}\"},\"query-input\":{\"@type\":\"PropertyValueSpecification\",\"valueRequired\":true,\"valueName\":\"search_term_string\"}}],\"inLanguage\":\"es\"},{\"@type\":\"Organization\",\"@id\":\"https:\\\/\\\/www.myautopartsfactory.com\\\/#organization\",\"name\":\"YZHIDIANF\",\"url\":\"https:\\\/\\\/www.myautopartsfactory.com\\\/\",\"logo\":{\"@type\":\"ImageObject\",\"inLanguage\":\"es\",\"@id\":\"https:\\\/\\\/www.myautopartsfactory.com\\\/#\\\/schema\\\/logo\\\/image\\\/\",\"url\":\"https:\\\/\\\/www.myautopartsfactory.com\\\/wp-content\\\/uploads\\\/2024\\\/05\\\/fav.jpg\",\"contentUrl\":\"https:\\\/\\\/www.myautopartsfactory.com\\\/wp-content\\\/uploads\\\/2024\\\/05\\\/fav.jpg\",\"width\":80,\"height\":80,\"caption\":\"YZHIDIANF\"},\"image\":{\"@id\":\"https:\\\/\\\/www.myautopartsfactory.com\\\/#\\\/schema\\\/logo\\\/image\\\/\"}}]}<\/script>\n<!-- \/ Yoast SEO plugin. -->","yoast_head_json":{"title":"Regulador de presi\u00f3n de combustible 22670-2Y500 para Nissan Cefiro Maxima Elgrand Sunny Infiniti G35 2003-2007 - YZHIDIANF","description":"El regulador de presi\u00f3n de combustible 22670-2Y500 ofrece un control preciso, una respuesta r\u00e1pida y una instalaci\u00f3n sencilla de calidad de equipo original.","robots":{"index":"index","follow":"follow","max-snippet":"max-snippet:-1","max-image-preview":"max-image-preview:large","max-video-preview":"max-video-preview:-1"},"canonical":"https:\/\/www.myautopartsfactory.com\/es\/product\/fuel-pressure-regulator-22670-2y500-for-nissan-cefiro-maxima-elgrand-sunny-infiniti-g35-2003-2007\/","og_locale":"es_ES","og_type":"article","og_title":"Fuel Pressure Regulator 22670-2Y500 For Nissan Cefiro Maxima Elgrand Sunny Infiniti G35 2003-2007 - YZHIDIANF","og_description":"uel pressure regulator 22670-2Y500 featur precise control, fast response, and easy OE-grade installation.","og_url":"https:\/\/www.myautopartsfactory.com\/es\/product\/fuel-pressure-regulator-22670-2y500-for-nissan-cefiro-maxima-elgrand-sunny-infiniti-g35-2003-2007\/","og_site_name":"YZHIDIANF","article_modified_time":"2025-05-15T08:21:33+00:00","og_image":[{"width":800,"height":800,"url":"https:\/\/www.myautopartsfactory.com\/wp-content\/uploads\/2025\/04\/22670-2Y500-1.jpg","type":"image\/jpeg"}],"twitter_card":"summary_large_image","twitter_misc":{"Tiempo de lectura":"5 minutos"},"schema":{"@context":"https:\/\/schema.org","@graph":[{"@type":"WebPage","@id":"https:\/\/www.myautopartsfactory.com\/product\/fuel-pressure-regulator-22670-2y500-for-nissan-cefiro-maxima-elgrand-sunny-infiniti-g35-2003-2007","url":"https:\/\/www.myautopartsfactory.com\/product\/fuel-pressure-regulator-22670-2y500-for-nissan-cefiro-maxima-elgrand-sunny-infiniti-g35-2003-2007","name":"Regulador de presi\u00f3n de combustible 22670-2Y500 para Nissan Cefiro Maxima Elgrand Sunny Infiniti G35 2003-2007 - YZHIDIANF","isPartOf":{"@id":"https:\/\/www.myautopartsfactory.com\/#website"},"primaryImageOfPage":{"@id":"https:\/\/www.myautopartsfactory.com\/product\/fuel-pressure-regulator-22670-2y500-for-nissan-cefiro-maxima-elgrand-sunny-infiniti-g35-2003-2007#primaryimage"},"image":{"@id":"https:\/\/www.myautopartsfactory.com\/product\/fuel-pressure-regulator-22670-2y500-for-nissan-cefiro-maxima-elgrand-sunny-infiniti-g35-2003-2007#primaryimage"},"thumbnailUrl":"https:\/\/www.myautopartsfactory.com\/wp-content\/uploads\/2025\/04\/22670-2Y500-1.jpg","datePublished":"2025-04-14T03:51:03+00:00","dateModified":"2025-05-15T08:21:33+00:00","description":"El regulador de presi\u00f3n de combustible 22670-2Y500 ofrece un control preciso, una respuesta r\u00e1pida y una instalaci\u00f3n sencilla de calidad de equipo original.","breadcrumb":{"@id":"https:\/\/www.myautopartsfactory.com\/product\/fuel-pressure-regulator-22670-2y500-for-nissan-cefiro-maxima-elgrand-sunny-infiniti-g35-2003-2007#breadcrumb"},"inLanguage":"es","potentialAction":[{"@type":"ReadAction","target":["https:\/\/www.myautopartsfactory.com\/product\/fuel-pressure-regulator-22670-2y500-for-nissan-cefiro-maxima-elgrand-sunny-infiniti-g35-2003-2007"]}]},{"@type":"ImageObject","inLanguage":"es","@id":"https:\/\/www.myautopartsfactory.com\/product\/fuel-pressure-regulator-22670-2y500-for-nissan-cefiro-maxima-elgrand-sunny-infiniti-g35-2003-2007#primaryimage","url":"https:\/\/www.myautopartsfactory.com\/wp-content\/uploads\/2025\/04\/22670-2Y500-1.jpg","contentUrl":"https:\/\/www.myautopartsfactory.com\/wp-content\/uploads\/2025\/04\/22670-2Y500-1.jpg","width":800,"height":800,"caption":"Fuel Pressure Regulator"},{"@type":"BreadcrumbList","@id":"https:\/\/www.myautopartsfactory.com\/product\/fuel-pressure-regulator-22670-2y500-for-nissan-cefiro-maxima-elgrand-sunny-infiniti-g35-2003-2007#breadcrumb","itemListElement":[{"@type":"ListItem","position":1,"name":"\u9996\u9875","item":"https:\/\/www.myautopartsfactory.com\/"},{"@type":"ListItem","position":2,"name":"Fuel Pressure Regulator 22670-2Y500 For Nissan Cefiro Maxima Elgrand Sunny Infiniti G35 2003-2007"}]},{"@type":"WebSite","@id":"https:\/\/www.myautopartsfactory.com\/#website","url":"https:\/\/www.myautopartsfactory.com\/","name":"YZHIDIANF","description":"Proveedor integral de piezas de autom\u00f3vil","publisher":{"@id":"https:\/\/www.myautopartsfactory.com\/#organization"},"potentialAction":[{"@type":"SearchAction","target":{"@type":"EntryPoint","urlTemplate":"https:\/\/www.myautopartsfactory.com\/?s={search_term_string}"},"query-input":{"@type":"PropertyValueSpecification","valueRequired":true,"valueName":"search_term_string"}}],"inLanguage":"es"},{"@type":"Organization","@id":"https:\/\/www.myautopartsfactory.com\/#organization","name":"YZHIDIANF","url":"https:\/\/www.myautopartsfactory.com\/","logo":{"@type":"ImageObject","inLanguage":"es","@id":"https:\/\/www.myautopartsfactory.com\/#\/schema\/logo\/image\/","url":"https:\/\/www.myautopartsfactory.com\/wp-content\/uploads\/2024\/05\/fav.jpg","contentUrl":"https:\/\/www.myautopartsfactory.com\/wp-content\/uploads\/2024\/05\/fav.jpg","width":80,"height":80,"caption":"YZHIDIANF"},"image":{"@id":"https:\/\/www.myautopartsfactory.com\/#\/schema\/logo\/image\/"}}]}},"acf":[],"_links":{"self":[{"href":"https:\/\/www.myautopartsfactory.com\/es\/wp-json\/wp\/v2\/product\/5520","targetHints":{"allow":["GET"]}}],"collection":[{"href":"https:\/\/www.myautopartsfactory.com\/es\/wp-json\/wp\/v2\/product"}],"about":[{"href":"https:\/\/www.myautopartsfactory.com\/es\/wp-json\/wp\/v2\/types\/product"}],"version-history":[{"count":0,"href":"https:\/\/www.myautopartsfactory.com\/es\/wp-json\/wp\/v2\/product\/5520\/revisions"}],"wp:featuredmedia":[{"embeddable":true,"href":"https:\/\/www.myautopartsfactory.com\/es\/wp-json\/wp\/v2\/media\/5521"}],"wp:attachment":[{"href":"https:\/\/www.myautopartsfactory.com\/es\/wp-json\/wp\/v2\/media?parent=5520"}],"wp:term":[{"taxonomy":"product-tag","embeddable":true,"href":"https:\/\/www.myautopartsfactory.com\/es\/wp-json\/wp\/v2\/product-tag?post=5520"},{"taxonomy":"products","embeddable":true,"href":"https:\/\/www.myautopartsfactory.com\/es\/wp-json\/wp\/v2\/products?post=5520"},{"taxonomy":"brand","embeddable":true,"href":"https:\/\/www.myautopartsfactory.com\/es\/wp-json\/wp\/v2\/brand?post=5520"}],"curies":[{"name":"wp","href":"https:\/\/api.w.org\/{rel}","templated":true}]}}