{"id":5450,"date":"2025-04-14T10:30:15","date_gmt":"2025-04-14T02:30:15","guid":{"rendered":"https:\/\/www.myautopartsfactory.com\/?post_type=product&#038;p=5450"},"modified":"2025-04-14T10:30:18","modified_gmt":"2025-04-14T02:30:18","slug":"fuel-pressure-regulator-fp10433-pr-186-pr-329-800-298-158-0973-md173985-for-mitsubishi-galant-delica-rvr-expo","status":"publish","type":"product","link":"https:\/\/www.myautopartsfactory.com\/es\/product\/fuel-pressure-regulator-fp10433-pr-186-pr-329-800-298-158-0973-md173985-for-mitsubishi-galant-delica-rvr-expo","title":{"rendered":"Fuel Pressure Regulator FP10433 PR 186 PR 329 800-298 158-0973 MD173985 For Mitsubishi Galant Delica RVR Expo"},"content":{"rendered":"<h2 class=\"wp-block-heading\">Caracter\u00edsticas y ventajas:<\/h2>\n\n\n\n<ul class=\"wp-block-list\">\n<li>Ajuste perfecto, f\u00e1cil instalaci\u00f3n<\/li>\n\n\n\n<li>Fabricado seg\u00fan las especificaciones de f\u00e1brica para una instalaci\u00f3n sin complicaciones.<\/li>\n\n\n\n<li>Dise\u00f1ado como un reemplazo directo para su regulador de presi\u00f3n de combustible original, asegurando un excelente ajuste y rendimiento.<\/li>\n<\/ul>\n\n\n\n<h2 class=\"wp-block-heading\">Caracter\u00edsticas del producto\uff1a<\/h2>\n\n\n\n<ul class=\"wp-block-list\">\n<li>Estabilizar la presi\u00f3n del combustible: Regule la presi\u00f3n del combustible ajustando la cantidad de combustible que vuelve al dep\u00f3sito para garantizar que el inyector pulveriza la cantidad correcta de combustible.<\/li>\n\n\n\n<li>Mejorar el rendimiento del motor: Ayudar al motor a obtener la cantidad \u00f3ptima de inyecci\u00f3n de combustible mediante el control de la estabilidad de la presi\u00f3n de combustible.<\/li>\n\n\n\n<li>Influyen en las emisiones de combustible: Una presi\u00f3n de combustible estable es crucial para optimizar la relaci\u00f3n de mezcla aire-combustible, que est\u00e1 relacionada con el nivel de emisiones de combustible del motor.<\/li>\n<\/ul>","protected":false},"excerpt":{"rendered":"Features &amp; Benefits: Product Features\uff1a","protected":false},"featured_media":5451,"menu_order":0,"template":"","meta":[],"product-tag":[],"products":[97],"brand":[49],"class_list":["post-5450","product","type-product","status-publish","has-post-thumbnail","hentry","products-fuel-pressure-regulator","brand-mitsubishi"],"yoast_head":"<!-- This site is optimized with the Yoast SEO plugin v27.3 - https:\/\/yoast.com\/product\/yoast-seo-wordpress\/ -->\n<title>Fuel Pressure Regulator FP10433 PR 186 PR 329 800-298 158-0973 MD173985 For Mitsubishi Galant Delica RVR Expo - YZHIDIANF<\/title>\n<meta name=\"robots\" content=\"index, follow, max-snippet:-1, max-image-preview:large, max-video-preview:-1\" \/>\n<link rel=\"canonical\" href=\"https:\/\/www.myautopartsfactory.com\/es\/product\/fuel-pressure-regulator-fp10433-pr-186-pr-329-800-298-158-0973-md173985-for-mitsubishi-galant-delica-rvr-expo\/\" \/>\n<meta property=\"og:locale\" content=\"es_ES\" \/>\n<meta property=\"og:type\" content=\"article\" \/>\n<meta property=\"og:title\" content=\"Fuel Pressure Regulator FP10433 PR 186 PR 329 800-298 158-0973 MD173985 For Mitsubishi Galant Delica RVR Expo - YZHIDIANF\" \/>\n<meta property=\"og:description\" content=\"Features &amp; Benefits: Product Features\uff1a\" \/>\n<meta property=\"og:url\" content=\"https:\/\/www.myautopartsfactory.com\/es\/product\/fuel-pressure-regulator-fp10433-pr-186-pr-329-800-298-158-0973-md173985-for-mitsubishi-galant-delica-rvr-expo\/\" \/>\n<meta property=\"og:site_name\" content=\"YZHIDIANF\" \/>\n<meta property=\"article:modified_time\" content=\"2025-04-14T02:30:18+00:00\" \/>\n<meta property=\"og:image\" content=\"https:\/\/www.myautopartsfactory.com\/wp-content\/uploads\/2025\/04\/MD173985-1.jpg\" \/>\n\t<meta property=\"og:image:width\" content=\"800\" \/>\n\t<meta property=\"og:image:height\" content=\"800\" \/>\n\t<meta property=\"og:image:type\" content=\"image\/jpeg\" \/>\n<meta name=\"twitter:card\" content=\"summary_large_image\" \/>\n<meta name=\"twitter:label1\" content=\"Tiempo de lectura\" \/>\n\t<meta name=\"twitter:data1\" content=\"1 minuto\" \/>\n<script type=\"application\/ld+json\" class=\"yoast-schema-graph\">{\"@context\":\"https:\\\/\\\/schema.org\",\"@graph\":[{\"@type\":\"WebPage\",\"@id\":\"https:\\\/\\\/www.myautopartsfactory.com\\\/product\\\/fuel-pressure-regulator-fp10433-pr-186-pr-329-800-298-158-0973-md173985-for-mitsubishi-galant-delica-rvr-expo\",\"url\":\"https:\\\/\\\/www.myautopartsfactory.com\\\/product\\\/fuel-pressure-regulator-fp10433-pr-186-pr-329-800-298-158-0973-md173985-for-mitsubishi-galant-delica-rvr-expo\",\"name\":\"Fuel Pressure Regulator FP10433 PR 186 PR 329 800-298 158-0973 MD173985 For Mitsubishi Galant Delica RVR Expo - YZHIDIANF\",\"isPartOf\":{\"@id\":\"https:\\\/\\\/www.myautopartsfactory.com\\\/#website\"},\"primaryImageOfPage\":{\"@id\":\"https:\\\/\\\/www.myautopartsfactory.com\\\/product\\\/fuel-pressure-regulator-fp10433-pr-186-pr-329-800-298-158-0973-md173985-for-mitsubishi-galant-delica-rvr-expo#primaryimage\"},\"image\":{\"@id\":\"https:\\\/\\\/www.myautopartsfactory.com\\\/product\\\/fuel-pressure-regulator-fp10433-pr-186-pr-329-800-298-158-0973-md173985-for-mitsubishi-galant-delica-rvr-expo#primaryimage\"},\"thumbnailUrl\":\"https:\\\/\\\/www.myautopartsfactory.com\\\/wp-content\\\/uploads\\\/2025\\\/04\\\/MD173985-1.jpg\",\"datePublished\":\"2025-04-14T02:30:15+00:00\",\"dateModified\":\"2025-04-14T02:30:18+00:00\",\"breadcrumb\":{\"@id\":\"https:\\\/\\\/www.myautopartsfactory.com\\\/product\\\/fuel-pressure-regulator-fp10433-pr-186-pr-329-800-298-158-0973-md173985-for-mitsubishi-galant-delica-rvr-expo#breadcrumb\"},\"inLanguage\":\"es\",\"potentialAction\":[{\"@type\":\"ReadAction\",\"target\":[\"https:\\\/\\\/www.myautopartsfactory.com\\\/product\\\/fuel-pressure-regulator-fp10433-pr-186-pr-329-800-298-158-0973-md173985-for-mitsubishi-galant-delica-rvr-expo\"]}]},{\"@type\":\"ImageObject\",\"inLanguage\":\"es\",\"@id\":\"https:\\\/\\\/www.myautopartsfactory.com\\\/product\\\/fuel-pressure-regulator-fp10433-pr-186-pr-329-800-298-158-0973-md173985-for-mitsubishi-galant-delica-rvr-expo#primaryimage\",\"url\":\"https:\\\/\\\/www.myautopartsfactory.com\\\/wp-content\\\/uploads\\\/2025\\\/04\\\/MD173985-1.jpg\",\"contentUrl\":\"https:\\\/\\\/www.myautopartsfactory.com\\\/wp-content\\\/uploads\\\/2025\\\/04\\\/MD173985-1.jpg\",\"width\":800,\"height\":800},{\"@type\":\"BreadcrumbList\",\"@id\":\"https:\\\/\\\/www.myautopartsfactory.com\\\/product\\\/fuel-pressure-regulator-fp10433-pr-186-pr-329-800-298-158-0973-md173985-for-mitsubishi-galant-delica-rvr-expo#breadcrumb\",\"itemListElement\":[{\"@type\":\"ListItem\",\"position\":1,\"name\":\"\u9996\u9875\",\"item\":\"https:\\\/\\\/www.myautopartsfactory.com\\\/\"},{\"@type\":\"ListItem\",\"position\":2,\"name\":\"Fuel Pressure Regulator FP10433 PR 186 PR 329 800-298 158-0973 MD173985 For Mitsubishi Galant Delica RVR Expo\"}]},{\"@type\":\"WebSite\",\"@id\":\"https:\\\/\\\/www.myautopartsfactory.com\\\/#website\",\"url\":\"https:\\\/\\\/www.myautopartsfactory.com\\\/\",\"name\":\"YZHIDIANF\",\"description\":\"One-Stop Auto Parts Supplier\",\"publisher\":{\"@id\":\"https:\\\/\\\/www.myautopartsfactory.com\\\/#organization\"},\"potentialAction\":[{\"@type\":\"SearchAction\",\"target\":{\"@type\":\"EntryPoint\",\"urlTemplate\":\"https:\\\/\\\/www.myautopartsfactory.com\\\/?s={search_term_string}\"},\"query-input\":{\"@type\":\"PropertyValueSpecification\",\"valueRequired\":true,\"valueName\":\"search_term_string\"}}],\"inLanguage\":\"es\"},{\"@type\":\"Organization\",\"@id\":\"https:\\\/\\\/www.myautopartsfactory.com\\\/#organization\",\"name\":\"YZHIDIANF\",\"url\":\"https:\\\/\\\/www.myautopartsfactory.com\\\/\",\"logo\":{\"@type\":\"ImageObject\",\"inLanguage\":\"es\",\"@id\":\"https:\\\/\\\/www.myautopartsfactory.com\\\/#\\\/schema\\\/logo\\\/image\\\/\",\"url\":\"https:\\\/\\\/www.myautopartsfactory.com\\\/wp-content\\\/uploads\\\/2024\\\/05\\\/fav.jpg\",\"contentUrl\":\"https:\\\/\\\/www.myautopartsfactory.com\\\/wp-content\\\/uploads\\\/2024\\\/05\\\/fav.jpg\",\"width\":80,\"height\":80,\"caption\":\"YZHIDIANF\"},\"image\":{\"@id\":\"https:\\\/\\\/www.myautopartsfactory.com\\\/#\\\/schema\\\/logo\\\/image\\\/\"}}]}<\/script>\n<!-- \/ Yoast SEO plugin. -->","yoast_head_json":{"title":"Fuel Pressure Regulator FP10433 PR 186 PR 329 800-298 158-0973 MD173985 For Mitsubishi Galant Delica RVR Expo - YZHIDIANF","robots":{"index":"index","follow":"follow","max-snippet":"max-snippet:-1","max-image-preview":"max-image-preview:large","max-video-preview":"max-video-preview:-1"},"canonical":"https:\/\/www.myautopartsfactory.com\/es\/product\/fuel-pressure-regulator-fp10433-pr-186-pr-329-800-298-158-0973-md173985-for-mitsubishi-galant-delica-rvr-expo\/","og_locale":"es_ES","og_type":"article","og_title":"Fuel Pressure Regulator FP10433 PR 186 PR 329 800-298 158-0973 MD173985 For Mitsubishi Galant Delica RVR Expo - YZHIDIANF","og_description":"Features &amp; Benefits: Product Features\uff1a","og_url":"https:\/\/www.myautopartsfactory.com\/es\/product\/fuel-pressure-regulator-fp10433-pr-186-pr-329-800-298-158-0973-md173985-for-mitsubishi-galant-delica-rvr-expo\/","og_site_name":"YZHIDIANF","article_modified_time":"2025-04-14T02:30:18+00:00","og_image":[{"width":800,"height":800,"url":"https:\/\/www.myautopartsfactory.com\/wp-content\/uploads\/2025\/04\/MD173985-1.jpg","type":"image\/jpeg"}],"twitter_card":"summary_large_image","twitter_misc":{"Tiempo de lectura":"1 minuto"},"schema":{"@context":"https:\/\/schema.org","@graph":[{"@type":"WebPage","@id":"https:\/\/www.myautopartsfactory.com\/product\/fuel-pressure-regulator-fp10433-pr-186-pr-329-800-298-158-0973-md173985-for-mitsubishi-galant-delica-rvr-expo","url":"https:\/\/www.myautopartsfactory.com\/product\/fuel-pressure-regulator-fp10433-pr-186-pr-329-800-298-158-0973-md173985-for-mitsubishi-galant-delica-rvr-expo","name":"Fuel Pressure Regulator FP10433 PR 186 PR 329 800-298 158-0973 MD173985 For Mitsubishi Galant Delica RVR Expo - YZHIDIANF","isPartOf":{"@id":"https:\/\/www.myautopartsfactory.com\/#website"},"primaryImageOfPage":{"@id":"https:\/\/www.myautopartsfactory.com\/product\/fuel-pressure-regulator-fp10433-pr-186-pr-329-800-298-158-0973-md173985-for-mitsubishi-galant-delica-rvr-expo#primaryimage"},"image":{"@id":"https:\/\/www.myautopartsfactory.com\/product\/fuel-pressure-regulator-fp10433-pr-186-pr-329-800-298-158-0973-md173985-for-mitsubishi-galant-delica-rvr-expo#primaryimage"},"thumbnailUrl":"https:\/\/www.myautopartsfactory.com\/wp-content\/uploads\/2025\/04\/MD173985-1.jpg","datePublished":"2025-04-14T02:30:15+00:00","dateModified":"2025-04-14T02:30:18+00:00","breadcrumb":{"@id":"https:\/\/www.myautopartsfactory.com\/product\/fuel-pressure-regulator-fp10433-pr-186-pr-329-800-298-158-0973-md173985-for-mitsubishi-galant-delica-rvr-expo#breadcrumb"},"inLanguage":"es","potentialAction":[{"@type":"ReadAction","target":["https:\/\/www.myautopartsfactory.com\/product\/fuel-pressure-regulator-fp10433-pr-186-pr-329-800-298-158-0973-md173985-for-mitsubishi-galant-delica-rvr-expo"]}]},{"@type":"ImageObject","inLanguage":"es","@id":"https:\/\/www.myautopartsfactory.com\/product\/fuel-pressure-regulator-fp10433-pr-186-pr-329-800-298-158-0973-md173985-for-mitsubishi-galant-delica-rvr-expo#primaryimage","url":"https:\/\/www.myautopartsfactory.com\/wp-content\/uploads\/2025\/04\/MD173985-1.jpg","contentUrl":"https:\/\/www.myautopartsfactory.com\/wp-content\/uploads\/2025\/04\/MD173985-1.jpg","width":800,"height":800},{"@type":"BreadcrumbList","@id":"https:\/\/www.myautopartsfactory.com\/product\/fuel-pressure-regulator-fp10433-pr-186-pr-329-800-298-158-0973-md173985-for-mitsubishi-galant-delica-rvr-expo#breadcrumb","itemListElement":[{"@type":"ListItem","position":1,"name":"\u9996\u9875","item":"https:\/\/www.myautopartsfactory.com\/"},{"@type":"ListItem","position":2,"name":"Fuel Pressure Regulator FP10433 PR 186 PR 329 800-298 158-0973 MD173985 For Mitsubishi Galant Delica RVR Expo"}]},{"@type":"WebSite","@id":"https:\/\/www.myautopartsfactory.com\/#website","url":"https:\/\/www.myautopartsfactory.com\/","name":"YZHIDIANF","description":"Proveedor integral de piezas de autom\u00f3vil","publisher":{"@id":"https:\/\/www.myautopartsfactory.com\/#organization"},"potentialAction":[{"@type":"SearchAction","target":{"@type":"EntryPoint","urlTemplate":"https:\/\/www.myautopartsfactory.com\/?s={search_term_string}"},"query-input":{"@type":"PropertyValueSpecification","valueRequired":true,"valueName":"search_term_string"}}],"inLanguage":"es"},{"@type":"Organization","@id":"https:\/\/www.myautopartsfactory.com\/#organization","name":"YZHIDIANF","url":"https:\/\/www.myautopartsfactory.com\/","logo":{"@type":"ImageObject","inLanguage":"es","@id":"https:\/\/www.myautopartsfactory.com\/#\/schema\/logo\/image\/","url":"https:\/\/www.myautopartsfactory.com\/wp-content\/uploads\/2024\/05\/fav.jpg","contentUrl":"https:\/\/www.myautopartsfactory.com\/wp-content\/uploads\/2024\/05\/fav.jpg","width":80,"height":80,"caption":"YZHIDIANF"},"image":{"@id":"https:\/\/www.myautopartsfactory.com\/#\/schema\/logo\/image\/"}}]}},"acf":[],"_links":{"self":[{"href":"https:\/\/www.myautopartsfactory.com\/es\/wp-json\/wp\/v2\/product\/5450","targetHints":{"allow":["GET"]}}],"collection":[{"href":"https:\/\/www.myautopartsfactory.com\/es\/wp-json\/wp\/v2\/product"}],"about":[{"href":"https:\/\/www.myautopartsfactory.com\/es\/wp-json\/wp\/v2\/types\/product"}],"version-history":[{"count":0,"href":"https:\/\/www.myautopartsfactory.com\/es\/wp-json\/wp\/v2\/product\/5450\/revisions"}],"wp:featuredmedia":[{"embeddable":true,"href":"https:\/\/www.myautopartsfactory.com\/es\/wp-json\/wp\/v2\/media\/5451"}],"wp:attachment":[{"href":"https:\/\/www.myautopartsfactory.com\/es\/wp-json\/wp\/v2\/media?parent=5450"}],"wp:term":[{"taxonomy":"product-tag","embeddable":true,"href":"https:\/\/www.myautopartsfactory.com\/es\/wp-json\/wp\/v2\/product-tag?post=5450"},{"taxonomy":"products","embeddable":true,"href":"https:\/\/www.myautopartsfactory.com\/es\/wp-json\/wp\/v2\/products?post=5450"},{"taxonomy":"brand","embeddable":true,"href":"https:\/\/www.myautopartsfactory.com\/es\/wp-json\/wp\/v2\/brand?post=5450"}],"curies":[{"name":"wp","href":"https:\/\/api.w.org\/{rel}","templated":true}]}}