{"id":5048,"date":"2025-02-20T16:03:52","date_gmt":"2025-02-20T08:03:52","guid":{"rendered":"https:\/\/www.myautopartsfactory.com\/?post_type=product&#038;p=5048"},"modified":"2025-02-20T16:03:55","modified_gmt":"2025-02-20T08:03:55","slug":"auto-part-nox-sensor-5wk97332a-a0101531728-5wk97332a-for-mercedes-benz","status":"publish","type":"product","link":"https:\/\/www.myautopartsfactory.com\/es\/product\/auto-part-nox-sensor-5wk97332a-a0101531728-5wk97332a-for-mercedes-benz","title":{"rendered":"Auto Part Nox Sensor 5WK97332A A0101531728 5WK97332A For Mercedes-Benz"},"content":{"rendered":"<h2 class=\"wp-block-heading\">Caracter\u00edsticas y ventajas:<\/h2>\n\n\n\n<ul class=\"wp-block-list\">\n<li>Fabricado seg\u00fan las especificaciones de f\u00e1brica para una instalaci\u00f3n sin complicaciones.<\/li>\n\n\n\n<li>Ajuste perfecto, f\u00e1cil instalaci\u00f3n<\/li>\n\n\n\n<li>Designed as a direct replacement for your original Nox Sensor, ensuring excellent fitment and performance.<\/li>\n<\/ul>\n\n\n\n<h2 class=\"wp-block-heading\">Product Features:<\/h2>\n\n\n\n<ul class=\"wp-block-list\">\n<li>Working in conjunction with emission control systems: It usually works with SCR systems, EGR systems (exhaust gas recirculation), oxygen sensors, etc. By feeding back NOx concentration data, the system can adjust the urea injection amount or exhaust gas recirculation amount, thereby reducing nitrogen oxide emissions and meeting environmental protection standards.<\/li>\n\n\n\n<li>Improving engine efficiency and emission control: By accurately monitoring NOx levels, NOx sensors help ECU optimize the engine&#8217;s combustion process. Accurate data feedback helps adjust parameters such as air-fuel mixture ratio, fuel injection timing, turbocharging, etc. to achieve higher combustion efficiency.<\/li>\n\n\n\n<li>Intelligent diagnostic function: Modern NOx sensors also have intelligent diagnostic functions. They are able to detect their own working status and report faults or performance degradation to the ECU.<\/li>\n<\/ul>","protected":false},"excerpt":{"rendered":"Features &amp; Benefits: Product Features:","protected":false},"featured_media":5050,"menu_order":0,"template":"","meta":[],"product-tag":[],"products":[3],"brand":[61],"class_list":["post-5048","product","type-product","status-publish","has-post-thumbnail","hentry","products-nox-sensor","brand-mercedes-benz"],"yoast_head":"<!-- This site is optimized with the Yoast SEO plugin v27.3 - https:\/\/yoast.com\/product\/yoast-seo-wordpress\/ -->\n<title>Auto Part Nox Sensor 5WK97332A A0101531728 5WK97332A For Mercedes-Benz - YZHIDIANF<\/title>\n<meta name=\"robots\" content=\"index, follow, max-snippet:-1, max-image-preview:large, max-video-preview:-1\" \/>\n<link rel=\"canonical\" href=\"https:\/\/www.myautopartsfactory.com\/es\/product\/auto-part-nox-sensor-5wk97332a-a0101531728-5wk97332a-for-mercedes-benz\/\" \/>\n<meta property=\"og:locale\" content=\"es_ES\" \/>\n<meta property=\"og:type\" content=\"article\" \/>\n<meta property=\"og:title\" content=\"Auto Part Nox Sensor 5WK97332A A0101531728 5WK97332A For Mercedes-Benz - YZHIDIANF\" \/>\n<meta property=\"og:description\" content=\"Features &amp; Benefits: Product Features:\" \/>\n<meta property=\"og:url\" content=\"https:\/\/www.myautopartsfactory.com\/es\/product\/auto-part-nox-sensor-5wk97332a-a0101531728-5wk97332a-for-mercedes-benz\/\" \/>\n<meta property=\"og:site_name\" content=\"YZHIDIANF\" \/>\n<meta property=\"article:modified_time\" content=\"2025-02-20T08:03:55+00:00\" \/>\n<meta property=\"og:image\" content=\"https:\/\/www.myautopartsfactory.com\/wp-content\/uploads\/2025\/02\/2-22.jpg\" \/>\n\t<meta property=\"og:image:width\" content=\"800\" \/>\n\t<meta property=\"og:image:height\" content=\"800\" \/>\n\t<meta property=\"og:image:type\" content=\"image\/jpeg\" \/>\n<meta name=\"twitter:card\" content=\"summary_large_image\" \/>\n<meta name=\"twitter:label1\" content=\"Tiempo de lectura\" \/>\n\t<meta name=\"twitter:data1\" content=\"2 minutos\" \/>\n<script type=\"application\/ld+json\" class=\"yoast-schema-graph\">{\"@context\":\"https:\\\/\\\/schema.org\",\"@graph\":[{\"@type\":\"WebPage\",\"@id\":\"https:\\\/\\\/www.myautopartsfactory.com\\\/product\\\/auto-part-nox-sensor-5wk97332a-a0101531728-5wk97332a-for-mercedes-benz\",\"url\":\"https:\\\/\\\/www.myautopartsfactory.com\\\/product\\\/auto-part-nox-sensor-5wk97332a-a0101531728-5wk97332a-for-mercedes-benz\",\"name\":\"Auto Part Nox Sensor 5WK97332A A0101531728 5WK97332A For Mercedes-Benz - YZHIDIANF\",\"isPartOf\":{\"@id\":\"https:\\\/\\\/www.myautopartsfactory.com\\\/#website\"},\"primaryImageOfPage\":{\"@id\":\"https:\\\/\\\/www.myautopartsfactory.com\\\/product\\\/auto-part-nox-sensor-5wk97332a-a0101531728-5wk97332a-for-mercedes-benz#primaryimage\"},\"image\":{\"@id\":\"https:\\\/\\\/www.myautopartsfactory.com\\\/product\\\/auto-part-nox-sensor-5wk97332a-a0101531728-5wk97332a-for-mercedes-benz#primaryimage\"},\"thumbnailUrl\":\"https:\\\/\\\/www.myautopartsfactory.com\\\/wp-content\\\/uploads\\\/2025\\\/02\\\/2-22.jpg\",\"datePublished\":\"2025-02-20T08:03:52+00:00\",\"dateModified\":\"2025-02-20T08:03:55+00:00\",\"breadcrumb\":{\"@id\":\"https:\\\/\\\/www.myautopartsfactory.com\\\/product\\\/auto-part-nox-sensor-5wk97332a-a0101531728-5wk97332a-for-mercedes-benz#breadcrumb\"},\"inLanguage\":\"es\",\"potentialAction\":[{\"@type\":\"ReadAction\",\"target\":[\"https:\\\/\\\/www.myautopartsfactory.com\\\/product\\\/auto-part-nox-sensor-5wk97332a-a0101531728-5wk97332a-for-mercedes-benz\"]}]},{\"@type\":\"ImageObject\",\"inLanguage\":\"es\",\"@id\":\"https:\\\/\\\/www.myautopartsfactory.com\\\/product\\\/auto-part-nox-sensor-5wk97332a-a0101531728-5wk97332a-for-mercedes-benz#primaryimage\",\"url\":\"https:\\\/\\\/www.myautopartsfactory.com\\\/wp-content\\\/uploads\\\/2025\\\/02\\\/2-22.jpg\",\"contentUrl\":\"https:\\\/\\\/www.myautopartsfactory.com\\\/wp-content\\\/uploads\\\/2025\\\/02\\\/2-22.jpg\",\"width\":800,\"height\":800,\"caption\":\"Nox sensor\"},{\"@type\":\"BreadcrumbList\",\"@id\":\"https:\\\/\\\/www.myautopartsfactory.com\\\/product\\\/auto-part-nox-sensor-5wk97332a-a0101531728-5wk97332a-for-mercedes-benz#breadcrumb\",\"itemListElement\":[{\"@type\":\"ListItem\",\"position\":1,\"name\":\"\u9996\u9875\",\"item\":\"https:\\\/\\\/www.myautopartsfactory.com\\\/\"},{\"@type\":\"ListItem\",\"position\":2,\"name\":\"Auto Part Nox Sensor 5WK97332A A0101531728 5WK97332A For Mercedes-Benz\"}]},{\"@type\":\"WebSite\",\"@id\":\"https:\\\/\\\/www.myautopartsfactory.com\\\/#website\",\"url\":\"https:\\\/\\\/www.myautopartsfactory.com\\\/\",\"name\":\"YZHIDIANF\",\"description\":\"One-Stop Auto Parts Supplier\",\"publisher\":{\"@id\":\"https:\\\/\\\/www.myautopartsfactory.com\\\/#organization\"},\"potentialAction\":[{\"@type\":\"SearchAction\",\"target\":{\"@type\":\"EntryPoint\",\"urlTemplate\":\"https:\\\/\\\/www.myautopartsfactory.com\\\/?s={search_term_string}\"},\"query-input\":{\"@type\":\"PropertyValueSpecification\",\"valueRequired\":true,\"valueName\":\"search_term_string\"}}],\"inLanguage\":\"es\"},{\"@type\":\"Organization\",\"@id\":\"https:\\\/\\\/www.myautopartsfactory.com\\\/#organization\",\"name\":\"YZHIDIANF\",\"url\":\"https:\\\/\\\/www.myautopartsfactory.com\\\/\",\"logo\":{\"@type\":\"ImageObject\",\"inLanguage\":\"es\",\"@id\":\"https:\\\/\\\/www.myautopartsfactory.com\\\/#\\\/schema\\\/logo\\\/image\\\/\",\"url\":\"https:\\\/\\\/www.myautopartsfactory.com\\\/wp-content\\\/uploads\\\/2024\\\/05\\\/fav.jpg\",\"contentUrl\":\"https:\\\/\\\/www.myautopartsfactory.com\\\/wp-content\\\/uploads\\\/2024\\\/05\\\/fav.jpg\",\"width\":80,\"height\":80,\"caption\":\"YZHIDIANF\"},\"image\":{\"@id\":\"https:\\\/\\\/www.myautopartsfactory.com\\\/#\\\/schema\\\/logo\\\/image\\\/\"}}]}<\/script>\n<!-- \/ Yoast SEO plugin. -->","yoast_head_json":{"title":"Auto Part Nox Sensor 5WK97332A A0101531728 5WK97332A For Mercedes-Benz - YZHIDIANF","robots":{"index":"index","follow":"follow","max-snippet":"max-snippet:-1","max-image-preview":"max-image-preview:large","max-video-preview":"max-video-preview:-1"},"canonical":"https:\/\/www.myautopartsfactory.com\/es\/product\/auto-part-nox-sensor-5wk97332a-a0101531728-5wk97332a-for-mercedes-benz\/","og_locale":"es_ES","og_type":"article","og_title":"Auto Part Nox Sensor 5WK97332A A0101531728 5WK97332A For Mercedes-Benz - YZHIDIANF","og_description":"Features &amp; Benefits: Product Features:","og_url":"https:\/\/www.myautopartsfactory.com\/es\/product\/auto-part-nox-sensor-5wk97332a-a0101531728-5wk97332a-for-mercedes-benz\/","og_site_name":"YZHIDIANF","article_modified_time":"2025-02-20T08:03:55+00:00","og_image":[{"width":800,"height":800,"url":"https:\/\/www.myautopartsfactory.com\/wp-content\/uploads\/2025\/02\/2-22.jpg","type":"image\/jpeg"}],"twitter_card":"summary_large_image","twitter_misc":{"Tiempo de lectura":"2 minutos"},"schema":{"@context":"https:\/\/schema.org","@graph":[{"@type":"WebPage","@id":"https:\/\/www.myautopartsfactory.com\/product\/auto-part-nox-sensor-5wk97332a-a0101531728-5wk97332a-for-mercedes-benz","url":"https:\/\/www.myautopartsfactory.com\/product\/auto-part-nox-sensor-5wk97332a-a0101531728-5wk97332a-for-mercedes-benz","name":"Auto Part Nox Sensor 5WK97332A A0101531728 5WK97332A For Mercedes-Benz - YZHIDIANF","isPartOf":{"@id":"https:\/\/www.myautopartsfactory.com\/#website"},"primaryImageOfPage":{"@id":"https:\/\/www.myautopartsfactory.com\/product\/auto-part-nox-sensor-5wk97332a-a0101531728-5wk97332a-for-mercedes-benz#primaryimage"},"image":{"@id":"https:\/\/www.myautopartsfactory.com\/product\/auto-part-nox-sensor-5wk97332a-a0101531728-5wk97332a-for-mercedes-benz#primaryimage"},"thumbnailUrl":"https:\/\/www.myautopartsfactory.com\/wp-content\/uploads\/2025\/02\/2-22.jpg","datePublished":"2025-02-20T08:03:52+00:00","dateModified":"2025-02-20T08:03:55+00:00","breadcrumb":{"@id":"https:\/\/www.myautopartsfactory.com\/product\/auto-part-nox-sensor-5wk97332a-a0101531728-5wk97332a-for-mercedes-benz#breadcrumb"},"inLanguage":"es","potentialAction":[{"@type":"ReadAction","target":["https:\/\/www.myautopartsfactory.com\/product\/auto-part-nox-sensor-5wk97332a-a0101531728-5wk97332a-for-mercedes-benz"]}]},{"@type":"ImageObject","inLanguage":"es","@id":"https:\/\/www.myautopartsfactory.com\/product\/auto-part-nox-sensor-5wk97332a-a0101531728-5wk97332a-for-mercedes-benz#primaryimage","url":"https:\/\/www.myautopartsfactory.com\/wp-content\/uploads\/2025\/02\/2-22.jpg","contentUrl":"https:\/\/www.myautopartsfactory.com\/wp-content\/uploads\/2025\/02\/2-22.jpg","width":800,"height":800,"caption":"Nox sensor"},{"@type":"BreadcrumbList","@id":"https:\/\/www.myautopartsfactory.com\/product\/auto-part-nox-sensor-5wk97332a-a0101531728-5wk97332a-for-mercedes-benz#breadcrumb","itemListElement":[{"@type":"ListItem","position":1,"name":"\u9996\u9875","item":"https:\/\/www.myautopartsfactory.com\/"},{"@type":"ListItem","position":2,"name":"Auto Part Nox Sensor 5WK97332A A0101531728 5WK97332A For Mercedes-Benz"}]},{"@type":"WebSite","@id":"https:\/\/www.myautopartsfactory.com\/#website","url":"https:\/\/www.myautopartsfactory.com\/","name":"YZHIDIANF","description":"Proveedor integral de piezas de autom\u00f3vil","publisher":{"@id":"https:\/\/www.myautopartsfactory.com\/#organization"},"potentialAction":[{"@type":"SearchAction","target":{"@type":"EntryPoint","urlTemplate":"https:\/\/www.myautopartsfactory.com\/?s={search_term_string}"},"query-input":{"@type":"PropertyValueSpecification","valueRequired":true,"valueName":"search_term_string"}}],"inLanguage":"es"},{"@type":"Organization","@id":"https:\/\/www.myautopartsfactory.com\/#organization","name":"YZHIDIANF","url":"https:\/\/www.myautopartsfactory.com\/","logo":{"@type":"ImageObject","inLanguage":"es","@id":"https:\/\/www.myautopartsfactory.com\/#\/schema\/logo\/image\/","url":"https:\/\/www.myautopartsfactory.com\/wp-content\/uploads\/2024\/05\/fav.jpg","contentUrl":"https:\/\/www.myautopartsfactory.com\/wp-content\/uploads\/2024\/05\/fav.jpg","width":80,"height":80,"caption":"YZHIDIANF"},"image":{"@id":"https:\/\/www.myautopartsfactory.com\/#\/schema\/logo\/image\/"}}]}},"acf":[],"_links":{"self":[{"href":"https:\/\/www.myautopartsfactory.com\/es\/wp-json\/wp\/v2\/product\/5048","targetHints":{"allow":["GET"]}}],"collection":[{"href":"https:\/\/www.myautopartsfactory.com\/es\/wp-json\/wp\/v2\/product"}],"about":[{"href":"https:\/\/www.myautopartsfactory.com\/es\/wp-json\/wp\/v2\/types\/product"}],"version-history":[{"count":0,"href":"https:\/\/www.myautopartsfactory.com\/es\/wp-json\/wp\/v2\/product\/5048\/revisions"}],"wp:featuredmedia":[{"embeddable":true,"href":"https:\/\/www.myautopartsfactory.com\/es\/wp-json\/wp\/v2\/media\/5050"}],"wp:attachment":[{"href":"https:\/\/www.myautopartsfactory.com\/es\/wp-json\/wp\/v2\/media?parent=5048"}],"wp:term":[{"taxonomy":"product-tag","embeddable":true,"href":"https:\/\/www.myautopartsfactory.com\/es\/wp-json\/wp\/v2\/product-tag?post=5048"},{"taxonomy":"products","embeddable":true,"href":"https:\/\/www.myautopartsfactory.com\/es\/wp-json\/wp\/v2\/products?post=5048"},{"taxonomy":"brand","embeddable":true,"href":"https:\/\/www.myautopartsfactory.com\/es\/wp-json\/wp\/v2\/brand?post=5048"}],"curies":[{"name":"wp","href":"https:\/\/api.w.org\/{rel}","templated":true}]}}