{"id":4885,"date":"2025-02-20T14:27:34","date_gmt":"2025-02-20T06:27:34","guid":{"rendered":"https:\/\/www.myautopartsfactory.com\/?post_type=product&#038;p=4885"},"modified":"2025-02-20T14:27:37","modified_gmt":"2025-02-20T06:27:37","slug":"auto-parts-radiator-cooling-fan-control-module-940-0074-00-940007400-for-ford-focus","status":"publish","type":"product","link":"https:\/\/www.myautopartsfactory.com\/es\/product\/auto-parts-radiator-cooling-fan-control-module-940-0074-00-940007400-for-ford-focus","title":{"rendered":"Auto Parts Radiator Cooling Fan Control Module 940.0074.00 940007400 For Ford Focus"},"content":{"rendered":"<p><strong>Caracter\u00edsticas y ventajas:<\/strong><\/p>\n\n\n\n<ul class=\"wp-block-list\">\n<li>Fabricado seg\u00fan las especificaciones de f\u00e1brica para una instalaci\u00f3n sin complicaciones.<\/li>\n\n\n\n<li>Ajuste perfecto, f\u00e1cil instalaci\u00f3n<\/li>\n\n\n\n<li>Dise\u00f1ado como un reemplazo directo para su m\u00f3dulo de control del ventilador de refrigeraci\u00f3n original, garantizando un excelente ajuste y rendimiento.<\/li>\n<\/ul>\n\n\n\n<p><strong>Caracter\u00edsticas del producto\uff1a<\/strong><\/p>\n\n\n\n<ul class=\"wp-block-list\">\n<li>Funci\u00f3n y principio: Controlar el funcionamiento del ventilador de refrigeraci\u00f3n en funci\u00f3n de la temperatura del motor o de la presi\u00f3n del sistema de aire acondicionado.<\/li>\n\n\n\n<li>Sensores y control: Monitorizan la temperatura del motor o la carga de trabajo del sistema de aire acondicionado, transmiten informaci\u00f3n al m\u00f3dulo de control y ajustan el estado de funcionamiento del ventilador.<\/li>\n\n\n\n<li>Importancia: En entornos de alta temperatura o en conducci\u00f3n prolongada a baja velocidad, un buen sistema de refrigeraci\u00f3n puede reducir eficazmente la temperatura de funcionamiento del motor y prolongar su vida \u00fatil.<\/li>\n<\/ul>","protected":false},"excerpt":{"rendered":"Features &amp; Benefits: Product Features\uff1a","protected":false},"featured_media":4897,"menu_order":0,"template":"","meta":[],"product-tag":[],"products":[111],"brand":[59],"class_list":["post-4885","product","type-product","status-publish","has-post-thumbnail","hentry","products-cooling-fan-control-module","brand-ford"],"yoast_head":"<!-- This site is optimized with the Yoast SEO plugin v27.3 - https:\/\/yoast.com\/product\/yoast-seo-wordpress\/ -->\n<title>Auto Parts Radiator Cooling Fan Control Module 940.0074.00 940007400 For Ford Focus - YZHIDIANF<\/title>\n<meta name=\"robots\" content=\"index, follow, max-snippet:-1, max-image-preview:large, max-video-preview:-1\" \/>\n<link rel=\"canonical\" href=\"https:\/\/www.myautopartsfactory.com\/es\/product\/auto-parts-radiator-cooling-fan-control-module-940-0074-00-940007400-for-ford-focus\/\" \/>\n<meta property=\"og:locale\" content=\"es_ES\" \/>\n<meta property=\"og:type\" content=\"article\" \/>\n<meta property=\"og:title\" content=\"Auto Parts Radiator Cooling Fan Control Module 940.0074.00 940007400 For Ford Focus - YZHIDIANF\" \/>\n<meta property=\"og:description\" content=\"Features &amp; Benefits: Product Features\uff1a\" \/>\n<meta property=\"og:url\" content=\"https:\/\/www.myautopartsfactory.com\/es\/product\/auto-parts-radiator-cooling-fan-control-module-940-0074-00-940007400-for-ford-focus\/\" \/>\n<meta property=\"og:site_name\" content=\"YZHIDIANF\" \/>\n<meta property=\"article:modified_time\" content=\"2025-02-20T06:27:37+00:00\" \/>\n<meta property=\"og:image\" content=\"https:\/\/www.myautopartsfactory.com\/wp-content\/uploads\/2025\/02\/940007400-6.jpg\" \/>\n\t<meta property=\"og:image:width\" content=\"800\" \/>\n\t<meta property=\"og:image:height\" content=\"800\" \/>\n\t<meta property=\"og:image:type\" content=\"image\/jpeg\" \/>\n<meta name=\"twitter:card\" content=\"summary_large_image\" \/>\n<meta name=\"twitter:label1\" content=\"Tiempo de lectura\" \/>\n\t<meta name=\"twitter:data1\" content=\"1 minuto\" \/>\n<script type=\"application\/ld+json\" class=\"yoast-schema-graph\">{\"@context\":\"https:\\\/\\\/schema.org\",\"@graph\":[{\"@type\":\"WebPage\",\"@id\":\"https:\\\/\\\/www.myautopartsfactory.com\\\/product\\\/auto-parts-radiator-cooling-fan-control-module-940-0074-00-940007400-for-ford-focus\",\"url\":\"https:\\\/\\\/www.myautopartsfactory.com\\\/product\\\/auto-parts-radiator-cooling-fan-control-module-940-0074-00-940007400-for-ford-focus\",\"name\":\"Auto Parts Radiator Cooling Fan Control Module 940.0074.00 940007400 For Ford Focus - YZHIDIANF\",\"isPartOf\":{\"@id\":\"https:\\\/\\\/www.myautopartsfactory.com\\\/#website\"},\"primaryImageOfPage\":{\"@id\":\"https:\\\/\\\/www.myautopartsfactory.com\\\/product\\\/auto-parts-radiator-cooling-fan-control-module-940-0074-00-940007400-for-ford-focus#primaryimage\"},\"image\":{\"@id\":\"https:\\\/\\\/www.myautopartsfactory.com\\\/product\\\/auto-parts-radiator-cooling-fan-control-module-940-0074-00-940007400-for-ford-focus#primaryimage\"},\"thumbnailUrl\":\"https:\\\/\\\/www.myautopartsfactory.com\\\/wp-content\\\/uploads\\\/2025\\\/02\\\/940007400-6.jpg\",\"datePublished\":\"2025-02-20T06:27:34+00:00\",\"dateModified\":\"2025-02-20T06:27:37+00:00\",\"breadcrumb\":{\"@id\":\"https:\\\/\\\/www.myautopartsfactory.com\\\/product\\\/auto-parts-radiator-cooling-fan-control-module-940-0074-00-940007400-for-ford-focus#breadcrumb\"},\"inLanguage\":\"es\",\"potentialAction\":[{\"@type\":\"ReadAction\",\"target\":[\"https:\\\/\\\/www.myautopartsfactory.com\\\/product\\\/auto-parts-radiator-cooling-fan-control-module-940-0074-00-940007400-for-ford-focus\"]}]},{\"@type\":\"ImageObject\",\"inLanguage\":\"es\",\"@id\":\"https:\\\/\\\/www.myautopartsfactory.com\\\/product\\\/auto-parts-radiator-cooling-fan-control-module-940-0074-00-940007400-for-ford-focus#primaryimage\",\"url\":\"https:\\\/\\\/www.myautopartsfactory.com\\\/wp-content\\\/uploads\\\/2025\\\/02\\\/940007400-6.jpg\",\"contentUrl\":\"https:\\\/\\\/www.myautopartsfactory.com\\\/wp-content\\\/uploads\\\/2025\\\/02\\\/940007400-6.jpg\",\"width\":800,\"height\":800},{\"@type\":\"BreadcrumbList\",\"@id\":\"https:\\\/\\\/www.myautopartsfactory.com\\\/product\\\/auto-parts-radiator-cooling-fan-control-module-940-0074-00-940007400-for-ford-focus#breadcrumb\",\"itemListElement\":[{\"@type\":\"ListItem\",\"position\":1,\"name\":\"\u9996\u9875\",\"item\":\"https:\\\/\\\/www.myautopartsfactory.com\\\/\"},{\"@type\":\"ListItem\",\"position\":2,\"name\":\"Auto Parts Radiator Cooling Fan Control Module 940.0074.00 940007400 For Ford Focus\"}]},{\"@type\":\"WebSite\",\"@id\":\"https:\\\/\\\/www.myautopartsfactory.com\\\/#website\",\"url\":\"https:\\\/\\\/www.myautopartsfactory.com\\\/\",\"name\":\"YZHIDIANF\",\"description\":\"One-Stop Auto Parts Supplier\",\"publisher\":{\"@id\":\"https:\\\/\\\/www.myautopartsfactory.com\\\/#organization\"},\"potentialAction\":[{\"@type\":\"SearchAction\",\"target\":{\"@type\":\"EntryPoint\",\"urlTemplate\":\"https:\\\/\\\/www.myautopartsfactory.com\\\/?s={search_term_string}\"},\"query-input\":{\"@type\":\"PropertyValueSpecification\",\"valueRequired\":true,\"valueName\":\"search_term_string\"}}],\"inLanguage\":\"es\"},{\"@type\":\"Organization\",\"@id\":\"https:\\\/\\\/www.myautopartsfactory.com\\\/#organization\",\"name\":\"YZHIDIANF\",\"url\":\"https:\\\/\\\/www.myautopartsfactory.com\\\/\",\"logo\":{\"@type\":\"ImageObject\",\"inLanguage\":\"es\",\"@id\":\"https:\\\/\\\/www.myautopartsfactory.com\\\/#\\\/schema\\\/logo\\\/image\\\/\",\"url\":\"https:\\\/\\\/www.myautopartsfactory.com\\\/wp-content\\\/uploads\\\/2024\\\/05\\\/fav.jpg\",\"contentUrl\":\"https:\\\/\\\/www.myautopartsfactory.com\\\/wp-content\\\/uploads\\\/2024\\\/05\\\/fav.jpg\",\"width\":80,\"height\":80,\"caption\":\"YZHIDIANF\"},\"image\":{\"@id\":\"https:\\\/\\\/www.myautopartsfactory.com\\\/#\\\/schema\\\/logo\\\/image\\\/\"}}]}<\/script>\n<!-- \/ Yoast SEO plugin. -->","yoast_head_json":{"title":"Auto Parts Radiator Cooling Fan Control Module 940.0074.00 940007400 For Ford Focus - YZHIDIANF","robots":{"index":"index","follow":"follow","max-snippet":"max-snippet:-1","max-image-preview":"max-image-preview:large","max-video-preview":"max-video-preview:-1"},"canonical":"https:\/\/www.myautopartsfactory.com\/es\/product\/auto-parts-radiator-cooling-fan-control-module-940-0074-00-940007400-for-ford-focus\/","og_locale":"es_ES","og_type":"article","og_title":"Auto Parts Radiator Cooling Fan Control Module 940.0074.00 940007400 For Ford Focus - YZHIDIANF","og_description":"Features &amp; Benefits: Product Features\uff1a","og_url":"https:\/\/www.myautopartsfactory.com\/es\/product\/auto-parts-radiator-cooling-fan-control-module-940-0074-00-940007400-for-ford-focus\/","og_site_name":"YZHIDIANF","article_modified_time":"2025-02-20T06:27:37+00:00","og_image":[{"width":800,"height":800,"url":"https:\/\/www.myautopartsfactory.com\/wp-content\/uploads\/2025\/02\/940007400-6.jpg","type":"image\/jpeg"}],"twitter_card":"summary_large_image","twitter_misc":{"Tiempo de lectura":"1 minuto"},"schema":{"@context":"https:\/\/schema.org","@graph":[{"@type":"WebPage","@id":"https:\/\/www.myautopartsfactory.com\/product\/auto-parts-radiator-cooling-fan-control-module-940-0074-00-940007400-for-ford-focus","url":"https:\/\/www.myautopartsfactory.com\/product\/auto-parts-radiator-cooling-fan-control-module-940-0074-00-940007400-for-ford-focus","name":"Auto Parts Radiator Cooling Fan Control Module 940.0074.00 940007400 For Ford Focus - YZHIDIANF","isPartOf":{"@id":"https:\/\/www.myautopartsfactory.com\/#website"},"primaryImageOfPage":{"@id":"https:\/\/www.myautopartsfactory.com\/product\/auto-parts-radiator-cooling-fan-control-module-940-0074-00-940007400-for-ford-focus#primaryimage"},"image":{"@id":"https:\/\/www.myautopartsfactory.com\/product\/auto-parts-radiator-cooling-fan-control-module-940-0074-00-940007400-for-ford-focus#primaryimage"},"thumbnailUrl":"https:\/\/www.myautopartsfactory.com\/wp-content\/uploads\/2025\/02\/940007400-6.jpg","datePublished":"2025-02-20T06:27:34+00:00","dateModified":"2025-02-20T06:27:37+00:00","breadcrumb":{"@id":"https:\/\/www.myautopartsfactory.com\/product\/auto-parts-radiator-cooling-fan-control-module-940-0074-00-940007400-for-ford-focus#breadcrumb"},"inLanguage":"es","potentialAction":[{"@type":"ReadAction","target":["https:\/\/www.myautopartsfactory.com\/product\/auto-parts-radiator-cooling-fan-control-module-940-0074-00-940007400-for-ford-focus"]}]},{"@type":"ImageObject","inLanguage":"es","@id":"https:\/\/www.myautopartsfactory.com\/product\/auto-parts-radiator-cooling-fan-control-module-940-0074-00-940007400-for-ford-focus#primaryimage","url":"https:\/\/www.myautopartsfactory.com\/wp-content\/uploads\/2025\/02\/940007400-6.jpg","contentUrl":"https:\/\/www.myautopartsfactory.com\/wp-content\/uploads\/2025\/02\/940007400-6.jpg","width":800,"height":800},{"@type":"BreadcrumbList","@id":"https:\/\/www.myautopartsfactory.com\/product\/auto-parts-radiator-cooling-fan-control-module-940-0074-00-940007400-for-ford-focus#breadcrumb","itemListElement":[{"@type":"ListItem","position":1,"name":"\u9996\u9875","item":"https:\/\/www.myautopartsfactory.com\/"},{"@type":"ListItem","position":2,"name":"Auto Parts Radiator Cooling Fan Control Module 940.0074.00 940007400 For Ford Focus"}]},{"@type":"WebSite","@id":"https:\/\/www.myautopartsfactory.com\/#website","url":"https:\/\/www.myautopartsfactory.com\/","name":"YZHIDIANF","description":"Proveedor integral de piezas de autom\u00f3vil","publisher":{"@id":"https:\/\/www.myautopartsfactory.com\/#organization"},"potentialAction":[{"@type":"SearchAction","target":{"@type":"EntryPoint","urlTemplate":"https:\/\/www.myautopartsfactory.com\/?s={search_term_string}"},"query-input":{"@type":"PropertyValueSpecification","valueRequired":true,"valueName":"search_term_string"}}],"inLanguage":"es"},{"@type":"Organization","@id":"https:\/\/www.myautopartsfactory.com\/#organization","name":"YZHIDIANF","url":"https:\/\/www.myautopartsfactory.com\/","logo":{"@type":"ImageObject","inLanguage":"es","@id":"https:\/\/www.myautopartsfactory.com\/#\/schema\/logo\/image\/","url":"https:\/\/www.myautopartsfactory.com\/wp-content\/uploads\/2024\/05\/fav.jpg","contentUrl":"https:\/\/www.myautopartsfactory.com\/wp-content\/uploads\/2024\/05\/fav.jpg","width":80,"height":80,"caption":"YZHIDIANF"},"image":{"@id":"https:\/\/www.myautopartsfactory.com\/#\/schema\/logo\/image\/"}}]}},"acf":[],"_links":{"self":[{"href":"https:\/\/www.myautopartsfactory.com\/es\/wp-json\/wp\/v2\/product\/4885","targetHints":{"allow":["GET"]}}],"collection":[{"href":"https:\/\/www.myautopartsfactory.com\/es\/wp-json\/wp\/v2\/product"}],"about":[{"href":"https:\/\/www.myautopartsfactory.com\/es\/wp-json\/wp\/v2\/types\/product"}],"version-history":[{"count":0,"href":"https:\/\/www.myautopartsfactory.com\/es\/wp-json\/wp\/v2\/product\/4885\/revisions"}],"wp:featuredmedia":[{"embeddable":true,"href":"https:\/\/www.myautopartsfactory.com\/es\/wp-json\/wp\/v2\/media\/4897"}],"wp:attachment":[{"href":"https:\/\/www.myautopartsfactory.com\/es\/wp-json\/wp\/v2\/media?parent=4885"}],"wp:term":[{"taxonomy":"product-tag","embeddable":true,"href":"https:\/\/www.myautopartsfactory.com\/es\/wp-json\/wp\/v2\/product-tag?post=4885"},{"taxonomy":"products","embeddable":true,"href":"https:\/\/www.myautopartsfactory.com\/es\/wp-json\/wp\/v2\/products?post=4885"},{"taxonomy":"brand","embeddable":true,"href":"https:\/\/www.myautopartsfactory.com\/es\/wp-json\/wp\/v2\/brand?post=4885"}],"curies":[{"name":"wp","href":"https:\/\/api.w.org\/{rel}","templated":true}]}}