{"id":4545,"date":"2025-01-13T15:56:02","date_gmt":"2025-01-13T07:56:02","guid":{"rendered":"https:\/\/www.myautopartsfactory.com\/product\/wholesale-car-coolant-temperature-sensor-213-4333-12608814-12191170-15326388-for-chevy-buick-pontiac-cadillac-gmc-2"},"modified":"2025-01-13T16:16:11","modified_gmt":"2025-01-13T08:16:11","slug":"car-coolant-temperature-sensor-213-4333-12608814-12191170-15326388-for-chevy-buick-pontiac-cadillac-gmc","status":"publish","type":"product","link":"https:\/\/www.myautopartsfactory.com\/es\/product\/car-coolant-temperature-sensor-213-4333-12608814-12191170-15326388-for-chevy-buick-pontiac-cadillac-gmc","title":{"rendered":"Sensor de temperatura del refrigerante del coche 213-4333 12608814 12191170 15326388 para Chevy Buick Pontiac Cadillac GMC"},"content":{"rendered":"<h2 class=\"wp-block-heading\">Introducci\u00f3n al sensor de temperatura del refrigerante del coche<\/h2>\n\n\n\n<p>El sensor de temperatura del refrigerante del autom\u00f3vil introducido por Zhenhua Auto Parts Company est\u00e1 especialmente dise\u00f1ado para Chevy, Buick, Pontiac, Cadillac, GMC y otras marcas. Es un componente clave indispensable en el sistema de refrigeraci\u00f3n del motor del autom\u00f3vil, al igual que el \u201cguardi\u00e1n de monitoreo de temperatura\u201d del motor, que puede detectar con precisi\u00f3n el cambio de temperatura del refrigerante del motor en tiempo real y r\u00e1pidamente retroalimentar estos datos clave a la unidad de control electr\u00f3nico del veh\u00edculo (ECU). Bas\u00e1ndose en la informaci\u00f3n del sensor, la ECU regula con precisi\u00f3n los par\u00e1metros de funcionamiento del motor, como el ajuste de la velocidad de rotaci\u00f3n del ventilador de refrigeraci\u00f3n y el control del flujo de circulaci\u00f3n del refrigerante, para garantizar que el motor se mantenga siempre en el rango \u00f3ptimo de temperatura de trabajo, mejorando as\u00ed el rendimiento del motor, prolongando la vida \u00fatil del motor y garantizando el funcionamiento estable y eficiente del veh\u00edculo.<\/p>\n\n\n\n<h2 class=\"wp-block-heading\">Caracter\u00edsticas del sensor de temperatura del refrigerante del coche<\/h2>\n\n\n\n<h3 class=\"wp-block-heading\">Tecnolog\u00eda de detecci\u00f3n precisa y sensible<\/h3>\n\n\n\n<p>Con la avanzada tecnolog\u00eda de termistor, el sensor puede responder con rapidez y precisi\u00f3n al cambio de temperatura, capturar la sutil fluctuaci\u00f3n de la temperatura del refrigerante, convertir con precisi\u00f3n la se\u00f1al de temperatura en una se\u00f1al el\u00e9ctrica y transmitirla a la ECU, y la precisi\u00f3n de la medici\u00f3n supera con creces el nivel medio de la industria, lo que proporciona un fuerte apoyo para el control preciso del motor.<\/p>\n\n\n\n<h3 class=\"wp-block-heading\">Dise\u00f1o resistente y duradero<\/h3>\n\n\n\n<p>La carcasa del sensor est\u00e1 hecha de pl\u00e1stico de ingenier\u00eda de alta calidad con alta resistencia, resistencia a altas temperaturas y resistencia a la corrosi\u00f3n qu\u00edmica, que puede resistir eficazmente el ambiente de alta temperatura en el compartimiento del motor y la corrosi\u00f3n de los productos qu\u00edmicos en el refrigerante. Se adopta una tecnolog\u00eda especial de sellado e impermeabilizaci\u00f3n en la parte de conexi\u00f3n, que puede prevenir eficazmente la invasi\u00f3n de impurezas como el vapor de agua y el polvo, garantizar el funcionamiento estable de los componentes internos de precisi\u00f3n y prolongar en gran medida la vida \u00fatil del producto.<\/p>\n\n\n\n<h3 class=\"wp-block-heading\">Adaptaci\u00f3n y ajuste precisos<\/h3>\n\n\n\n<p>El equipo de I+D de Zhenhua Auto Parts ha llevado a cabo una investigaci\u00f3n en profundidad y un gran n\u00famero de pruebas en veh\u00edculos reales Chevy, Buick, Pontiac, Cadillac y GMC. De acuerdo con las caracter\u00edsticas de funcionamiento de los distintos motores y las diferencias de los sistemas de refrigeraci\u00f3n, el sensor se ajusta con precisi\u00f3n para garantizar que el producto pueda adaptarse perfectamente al sistema de refrigeraci\u00f3n original del veh\u00edculo tras su instalaci\u00f3n, y pueda funcionar de forma estable sin necesidad de complicadas depuraciones, garantizando as\u00ed el funcionamiento normal del sistema de refrigeraci\u00f3n.<\/p>\n\n\n\n<h2 class=\"wp-block-heading\">Aplicaci\u00f3n<\/h2>\n\n\n\n<p>Este producto es adecuado para Chevy, Buick, Pontiac, Cadillac y GMC, y es ampliamente utilizado en los desplazamientos urbanos, conducci\u00f3n en carretera, conducci\u00f3n off-road y otras escenas. El sensor de temperatura del refrigerante puede trabajar de forma estable, ya sea un coche de diario o un SUV con una fuerte potencia, y proteger el funcionamiento normal del motor.<\/p>\n\n\n\n<h2 class=\"wp-block-heading\">Clientes objetivo<\/h2>\n\n\n\n<p>Principalmente para los clientes de negocios, tales como talleres de reparaci\u00f3n de autom\u00f3viles, concesionarios de autopartes y operadores de flotas. El uso de este sensor en el taller de reparaci\u00f3n de autom\u00f3viles puede proporcionar un servicio de mantenimiento profesional y eficiente para los propietarios de autom\u00f3viles, resolver r\u00e1pidamente los problemas de sobrecalentamiento del motor y el arranque dif\u00edcil causado por el fallo del sensor de temperatura del refrigerante, y mejorar la satisfacci\u00f3n del cliente. Con su alta calidad, los distribuidores de piezas de autom\u00f3viles pueden ampliar su cuota de mercado y atraer a m\u00e1s clientes. La instalaci\u00f3n de este sensor por parte de los operadores de flotas es \u00fatil para controlar el estado de refrigeraci\u00f3n de los motores de los veh\u00edculos en tiempo real, prevenir aver\u00edas con antelaci\u00f3n y reducir los costes operativos.<\/p>\n\n\n\n<h2 class=\"wp-block-heading\">Mantenimiento<\/h2>\n\n\n\n<h3 class=\"wp-block-heading\">Inspecci\u00f3n peri\u00f3dica del aspecto<\/h3>\n\n\n\n<p>Se recomienda inspeccionar visualmente el sensor cada 10.000 kil\u00f3metros. Compruebe si la carcasa est\u00e1 da\u00f1ada o suelta y si las l\u00edneas de conexi\u00f3n est\u00e1n intactas. Si se detecta alguna anomal\u00eda, debe sustituirse o repararse a tiempo para garantizar el funcionamiento normal del sensor.<\/p>\n\n\n\n<h3 class=\"wp-block-heading\">Mant\u00e9ngalo limpio<\/h3>\n\n\n\n<p>A intervalos regulares, limpie suavemente el sensor y sus piezas de conexi\u00f3n con un pa\u00f1o limpio y suave para eliminar impurezas como polvo y manchas de aceite en la superficie y evitar que afecten a la disipaci\u00f3n del calor y a la transmisi\u00f3n de la se\u00f1al del sensor. Al mismo tiempo, compruebe si la clavija del sensor est\u00e1 bien sujeta para evitar contactos flojos.<\/p>\n\n\n\n<h3 class=\"wp-block-heading\">Preste atenci\u00f3n a la calidad del refrigerante<\/h3>\n\n\n\n<p>&nbsp;Compruebe peri\u00f3dicamente el nivel y la calidad del refrigerante para asegurarse de que se utiliza el refrigerante que cumple los requisitos del veh\u00edculo. Evite utilizar refrigerante de calidad inferior para evitar que corroa o incruste el sensor y afecte a la precisi\u00f3n de la medici\u00f3n y a la vida \u00fatil del sensor.<\/p>\n\n\n\n<h2 class=\"wp-block-heading\">PREGUNTAS FRECUENTES<\/h2>\n\n\n\n<h3 class=\"wp-block-heading\">Sobre el pedido<\/h3>\n\n\n\n<p><strong>Soy distribuidor de piezas de autom\u00f3viles. \u00bfCu\u00e1l es la cantidad m\u00ednima de pedido de este sensor?<\/strong><\/p>\n\n\n\n<p>Tenemos plenamente en cuenta las diferentes necesidades de los distribuidores. Si su pedido es grande, tambi\u00e9n ofreceremos las correspondientes concesiones de precios, y las pol\u00edticas preferenciales espec\u00edficas se pueden comunicar y negociar m\u00e1s a fondo con nuestro equipo de ventas.<\/p>\n\n\n\n<h3 class=\"wp-block-heading\">Acerca de la instalaci\u00f3n<\/h3>\n\n\n\n<p><strong>\u00bfA qu\u00e9 problemas debe prestar atenci\u00f3n el taller al instalar este sensor?<\/strong><\/p>\n\n\n\n<p>Antes de la instalaci\u00f3n, es necesario consultar detenidamente el manual de mantenimiento del veh\u00edculo para determinar la posici\u00f3n de instalaci\u00f3n del sensor. Durante la instalaci\u00f3n, utilice las herramientas adecuadas para instalar el sensor en la direcci\u00f3n correcta para garantizar una instalaci\u00f3n firme. Cuando conecte el enchufe, preste atenci\u00f3n a las direcciones positiva y negativa para evitar da\u00f1os en el sensor causados por una conexi\u00f3n inversa. Al mismo tiempo, tenga cuidado en el proceso de instalaci\u00f3n para evitar da\u00f1ar el sensor y los componentes perif\u00e9ricos. Le proporcionaremos una gu\u00eda de instalaci\u00f3n detallada, y nuestro equipo de asistencia t\u00e9cnica siempre le ayudar\u00e1 si tiene alg\u00fan problema.<\/p>\n\n\n\n<h3 class=\"wp-block-heading\">Acerca del uso<\/h3>\n\n\n\n<p><strong>\u00bfC\u00f3mo pueden los operadores de flotas garantizar el funcionamiento estable a largo plazo de los sensores?<\/strong><\/p>\n\n\n\n<p>El operador de la flota puede establecer un sistema de mantenimiento regular del veh\u00edculo, e inspeccionar y mantener los sensores regularmente de acuerdo con las sugerencias de mantenimiento anteriores. Al mismo tiempo, ofrecemos servicios de asistencia t\u00e9cnica personalizados para los clientes de flotas, y podemos organizar que profesionales prueben los veh\u00edculos de las flotas con regularidad para encontrar y resolver a tiempo posibles problemas. Adem\u00e1s, tambi\u00e9n ofrecemos soluciones de monitorizaci\u00f3n remota para ayudar a los operadores de flotas a comprender el estado de funcionamiento de los sensores de los veh\u00edculos en tiempo real, garantizar el funcionamiento estable a largo plazo de los sensores y reducir los fallos de los veh\u00edculos.<\/p>","protected":false},"excerpt":{"rendered":"Introduction to Car Coolant Temperature Sensor Car Coolant Temperature Sensor introduced by Zhenhua Auto Parts Company is specially designed for Chevy, Buick, Pontiac, Cadillac, GMC and other brands. It is an indispensable key component in the automobile engine cooling system, just like the &#8220;temperature monitoring guardian&#8221; of the engine, which can accurately sense the temperature [&hellip;]","protected":false},"featured_media":2049,"menu_order":0,"template":"","meta":[],"product-tag":[],"products":[85],"brand":[56,57,58],"class_list":["post-4545","product","type-product","status-publish","has-post-thumbnail","hentry","products-coolant-temperature-sensor","brand-buick","brand-chevrolet","brand-cadillac"],"yoast_head":"<!-- This site is optimized with the Yoast SEO plugin v27.3 - https:\/\/yoast.com\/product\/yoast-seo-wordpress\/ -->\n<title>Car Coolant Temperature Sensor 213-4333 12608814 12191170 15326388 for Chevy Buick Pontiac Cadillac GMC - YZHIDIANF<\/title>\n<meta name=\"description\" content=\"Car Coolant Temperature Sensor introduced by Zhenhua is specially designed for Chevy, Buick, Pontiac, Cadillac, GMC and other brands.\" \/>\n<meta name=\"robots\" content=\"index, follow, max-snippet:-1, max-image-preview:large, max-video-preview:-1\" \/>\n<link rel=\"canonical\" href=\"https:\/\/www.myautopartsfactory.com\/es\/product\/car-coolant-temperature-sensor-213-4333-12608814-12191170-15326388-for-chevy-buick-pontiac-cadillac-gmc\/\" \/>\n<meta property=\"og:locale\" content=\"es_ES\" \/>\n<meta property=\"og:type\" content=\"article\" \/>\n<meta property=\"og:title\" content=\"Car Coolant Temperature Sensor 213-4333 12608814 12191170 15326388 for Chevy Buick Pontiac Cadillac GMC - YZHIDIANF\" \/>\n<meta property=\"og:description\" content=\"Car Coolant Temperature Sensor introduced by Zhenhua is specially designed for Chevy, Buick, Pontiac, Cadillac, GMC and other brands.\" \/>\n<meta property=\"og:url\" content=\"https:\/\/www.myautopartsfactory.com\/es\/product\/car-coolant-temperature-sensor-213-4333-12608814-12191170-15326388-for-chevy-buick-pontiac-cadillac-gmc\/\" \/>\n<meta property=\"og:site_name\" content=\"YZHIDIANF\" \/>\n<meta property=\"article:modified_time\" content=\"2025-01-13T08:16:11+00:00\" \/>\n<meta property=\"og:image\" content=\"https:\/\/www.myautopartsfactory.com\/wp-content\/uploads\/2024\/06\/12608814-6.jpg\" \/>\n\t<meta property=\"og:image:width\" content=\"800\" \/>\n\t<meta property=\"og:image:height\" content=\"800\" \/>\n\t<meta property=\"og:image:type\" content=\"image\/jpeg\" \/>\n<meta name=\"twitter:card\" content=\"summary_large_image\" \/>\n<meta name=\"twitter:label1\" content=\"Tiempo de lectura\" \/>\n\t<meta name=\"twitter:data1\" content=\"6 minutos\" \/>\n<script type=\"application\/ld+json\" class=\"yoast-schema-graph\">{\"@context\":\"https:\\\/\\\/schema.org\",\"@graph\":[{\"@type\":\"WebPage\",\"@id\":\"https:\\\/\\\/www.myautopartsfactory.com\\\/product\\\/car-coolant-temperature-sensor-213-4333-12608814-12191170-15326388-for-chevy-buick-pontiac-cadillac-gmc\",\"url\":\"https:\\\/\\\/www.myautopartsfactory.com\\\/product\\\/car-coolant-temperature-sensor-213-4333-12608814-12191170-15326388-for-chevy-buick-pontiac-cadillac-gmc\",\"name\":\"Car Coolant Temperature Sensor 213-4333 12608814 12191170 15326388 for Chevy Buick Pontiac Cadillac GMC - YZHIDIANF\",\"isPartOf\":{\"@id\":\"https:\\\/\\\/www.myautopartsfactory.com\\\/#website\"},\"primaryImageOfPage\":{\"@id\":\"https:\\\/\\\/www.myautopartsfactory.com\\\/product\\\/car-coolant-temperature-sensor-213-4333-12608814-12191170-15326388-for-chevy-buick-pontiac-cadillac-gmc#primaryimage\"},\"image\":{\"@id\":\"https:\\\/\\\/www.myautopartsfactory.com\\\/product\\\/car-coolant-temperature-sensor-213-4333-12608814-12191170-15326388-for-chevy-buick-pontiac-cadillac-gmc#primaryimage\"},\"thumbnailUrl\":\"https:\\\/\\\/www.myautopartsfactory.com\\\/wp-content\\\/uploads\\\/2024\\\/06\\\/12608814-6.jpg\",\"datePublished\":\"2025-01-13T07:56:02+00:00\",\"dateModified\":\"2025-01-13T08:16:11+00:00\",\"description\":\"Car Coolant Temperature Sensor introduced by Zhenhua is specially designed for Chevy, Buick, Pontiac, Cadillac, GMC and other brands.\",\"breadcrumb\":{\"@id\":\"https:\\\/\\\/www.myautopartsfactory.com\\\/product\\\/car-coolant-temperature-sensor-213-4333-12608814-12191170-15326388-for-chevy-buick-pontiac-cadillac-gmc#breadcrumb\"},\"inLanguage\":\"es\",\"potentialAction\":[{\"@type\":\"ReadAction\",\"target\":[\"https:\\\/\\\/www.myautopartsfactory.com\\\/product\\\/car-coolant-temperature-sensor-213-4333-12608814-12191170-15326388-for-chevy-buick-pontiac-cadillac-gmc\"]}]},{\"@type\":\"ImageObject\",\"inLanguage\":\"es\",\"@id\":\"https:\\\/\\\/www.myautopartsfactory.com\\\/product\\\/car-coolant-temperature-sensor-213-4333-12608814-12191170-15326388-for-chevy-buick-pontiac-cadillac-gmc#primaryimage\",\"url\":\"https:\\\/\\\/www.myautopartsfactory.com\\\/wp-content\\\/uploads\\\/2024\\\/06\\\/12608814-6.jpg\",\"contentUrl\":\"https:\\\/\\\/www.myautopartsfactory.com\\\/wp-content\\\/uploads\\\/2024\\\/06\\\/12608814-6.jpg\",\"width\":800,\"height\":800,\"caption\":\"Car Coolant Temperature Sensor\"},{\"@type\":\"BreadcrumbList\",\"@id\":\"https:\\\/\\\/www.myautopartsfactory.com\\\/product\\\/car-coolant-temperature-sensor-213-4333-12608814-12191170-15326388-for-chevy-buick-pontiac-cadillac-gmc#breadcrumb\",\"itemListElement\":[{\"@type\":\"ListItem\",\"position\":1,\"name\":\"\u9996\u9875\",\"item\":\"https:\\\/\\\/www.myautopartsfactory.com\\\/\"},{\"@type\":\"ListItem\",\"position\":2,\"name\":\"Car Coolant Temperature Sensor 213-4333 12608814 12191170 15326388 for Chevy Buick Pontiac Cadillac GMC\"}]},{\"@type\":\"WebSite\",\"@id\":\"https:\\\/\\\/www.myautopartsfactory.com\\\/#website\",\"url\":\"https:\\\/\\\/www.myautopartsfactory.com\\\/\",\"name\":\"YZHIDIANF\",\"description\":\"One-Stop Auto Parts Supplier\",\"publisher\":{\"@id\":\"https:\\\/\\\/www.myautopartsfactory.com\\\/#organization\"},\"potentialAction\":[{\"@type\":\"SearchAction\",\"target\":{\"@type\":\"EntryPoint\",\"urlTemplate\":\"https:\\\/\\\/www.myautopartsfactory.com\\\/?s={search_term_string}\"},\"query-input\":{\"@type\":\"PropertyValueSpecification\",\"valueRequired\":true,\"valueName\":\"search_term_string\"}}],\"inLanguage\":\"es\"},{\"@type\":\"Organization\",\"@id\":\"https:\\\/\\\/www.myautopartsfactory.com\\\/#organization\",\"name\":\"YZHIDIANF\",\"url\":\"https:\\\/\\\/www.myautopartsfactory.com\\\/\",\"logo\":{\"@type\":\"ImageObject\",\"inLanguage\":\"es\",\"@id\":\"https:\\\/\\\/www.myautopartsfactory.com\\\/#\\\/schema\\\/logo\\\/image\\\/\",\"url\":\"https:\\\/\\\/www.myautopartsfactory.com\\\/wp-content\\\/uploads\\\/2024\\\/05\\\/fav.jpg\",\"contentUrl\":\"https:\\\/\\\/www.myautopartsfactory.com\\\/wp-content\\\/uploads\\\/2024\\\/05\\\/fav.jpg\",\"width\":80,\"height\":80,\"caption\":\"YZHIDIANF\"},\"image\":{\"@id\":\"https:\\\/\\\/www.myautopartsfactory.com\\\/#\\\/schema\\\/logo\\\/image\\\/\"}}]}<\/script>\n<!-- \/ Yoast SEO plugin. -->","yoast_head_json":{"title":"Coche sensor de temperatura del refrigerante 213-4333 12608814 12191170 15326388 para Chevy Buick Pontiac Cadillac GMC - YZHIDIANF","description":"El sensor de temperatura del refrigerante del coche introducido por Zhenhua est\u00e1 especialmente dise\u00f1ado para Chevy, Buick, Pontiac, Cadillac, GMC y otras marcas.","robots":{"index":"index","follow":"follow","max-snippet":"max-snippet:-1","max-image-preview":"max-image-preview:large","max-video-preview":"max-video-preview:-1"},"canonical":"https:\/\/www.myautopartsfactory.com\/es\/product\/car-coolant-temperature-sensor-213-4333-12608814-12191170-15326388-for-chevy-buick-pontiac-cadillac-gmc\/","og_locale":"es_ES","og_type":"article","og_title":"Car Coolant Temperature Sensor 213-4333 12608814 12191170 15326388 for Chevy Buick Pontiac Cadillac GMC - YZHIDIANF","og_description":"Car Coolant Temperature Sensor introduced by Zhenhua is specially designed for Chevy, Buick, Pontiac, Cadillac, GMC and other brands.","og_url":"https:\/\/www.myautopartsfactory.com\/es\/product\/car-coolant-temperature-sensor-213-4333-12608814-12191170-15326388-for-chevy-buick-pontiac-cadillac-gmc\/","og_site_name":"YZHIDIANF","article_modified_time":"2025-01-13T08:16:11+00:00","og_image":[{"width":800,"height":800,"url":"https:\/\/www.myautopartsfactory.com\/wp-content\/uploads\/2024\/06\/12608814-6.jpg","type":"image\/jpeg"}],"twitter_card":"summary_large_image","twitter_misc":{"Tiempo de lectura":"6 minutos"},"schema":{"@context":"https:\/\/schema.org","@graph":[{"@type":"WebPage","@id":"https:\/\/www.myautopartsfactory.com\/product\/car-coolant-temperature-sensor-213-4333-12608814-12191170-15326388-for-chevy-buick-pontiac-cadillac-gmc","url":"https:\/\/www.myautopartsfactory.com\/product\/car-coolant-temperature-sensor-213-4333-12608814-12191170-15326388-for-chevy-buick-pontiac-cadillac-gmc","name":"Coche sensor de temperatura del refrigerante 213-4333 12608814 12191170 15326388 para Chevy Buick Pontiac Cadillac GMC - YZHIDIANF","isPartOf":{"@id":"https:\/\/www.myautopartsfactory.com\/#website"},"primaryImageOfPage":{"@id":"https:\/\/www.myautopartsfactory.com\/product\/car-coolant-temperature-sensor-213-4333-12608814-12191170-15326388-for-chevy-buick-pontiac-cadillac-gmc#primaryimage"},"image":{"@id":"https:\/\/www.myautopartsfactory.com\/product\/car-coolant-temperature-sensor-213-4333-12608814-12191170-15326388-for-chevy-buick-pontiac-cadillac-gmc#primaryimage"},"thumbnailUrl":"https:\/\/www.myautopartsfactory.com\/wp-content\/uploads\/2024\/06\/12608814-6.jpg","datePublished":"2025-01-13T07:56:02+00:00","dateModified":"2025-01-13T08:16:11+00:00","description":"El sensor de temperatura del refrigerante del coche introducido por Zhenhua est\u00e1 especialmente dise\u00f1ado para Chevy, Buick, Pontiac, Cadillac, GMC y otras marcas.","breadcrumb":{"@id":"https:\/\/www.myautopartsfactory.com\/product\/car-coolant-temperature-sensor-213-4333-12608814-12191170-15326388-for-chevy-buick-pontiac-cadillac-gmc#breadcrumb"},"inLanguage":"es","potentialAction":[{"@type":"ReadAction","target":["https:\/\/www.myautopartsfactory.com\/product\/car-coolant-temperature-sensor-213-4333-12608814-12191170-15326388-for-chevy-buick-pontiac-cadillac-gmc"]}]},{"@type":"ImageObject","inLanguage":"es","@id":"https:\/\/www.myautopartsfactory.com\/product\/car-coolant-temperature-sensor-213-4333-12608814-12191170-15326388-for-chevy-buick-pontiac-cadillac-gmc#primaryimage","url":"https:\/\/www.myautopartsfactory.com\/wp-content\/uploads\/2024\/06\/12608814-6.jpg","contentUrl":"https:\/\/www.myautopartsfactory.com\/wp-content\/uploads\/2024\/06\/12608814-6.jpg","width":800,"height":800,"caption":"Car Coolant Temperature Sensor"},{"@type":"BreadcrumbList","@id":"https:\/\/www.myautopartsfactory.com\/product\/car-coolant-temperature-sensor-213-4333-12608814-12191170-15326388-for-chevy-buick-pontiac-cadillac-gmc#breadcrumb","itemListElement":[{"@type":"ListItem","position":1,"name":"\u9996\u9875","item":"https:\/\/www.myautopartsfactory.com\/"},{"@type":"ListItem","position":2,"name":"Car Coolant Temperature Sensor 213-4333 12608814 12191170 15326388 for Chevy Buick Pontiac Cadillac GMC"}]},{"@type":"WebSite","@id":"https:\/\/www.myautopartsfactory.com\/#website","url":"https:\/\/www.myautopartsfactory.com\/","name":"YZHIDIANF","description":"Proveedor integral de piezas de autom\u00f3vil","publisher":{"@id":"https:\/\/www.myautopartsfactory.com\/#organization"},"potentialAction":[{"@type":"SearchAction","target":{"@type":"EntryPoint","urlTemplate":"https:\/\/www.myautopartsfactory.com\/?s={search_term_string}"},"query-input":{"@type":"PropertyValueSpecification","valueRequired":true,"valueName":"search_term_string"}}],"inLanguage":"es"},{"@type":"Organization","@id":"https:\/\/www.myautopartsfactory.com\/#organization","name":"YZHIDIANF","url":"https:\/\/www.myautopartsfactory.com\/","logo":{"@type":"ImageObject","inLanguage":"es","@id":"https:\/\/www.myautopartsfactory.com\/#\/schema\/logo\/image\/","url":"https:\/\/www.myautopartsfactory.com\/wp-content\/uploads\/2024\/05\/fav.jpg","contentUrl":"https:\/\/www.myautopartsfactory.com\/wp-content\/uploads\/2024\/05\/fav.jpg","width":80,"height":80,"caption":"YZHIDIANF"},"image":{"@id":"https:\/\/www.myautopartsfactory.com\/#\/schema\/logo\/image\/"}}]}},"acf":[],"_links":{"self":[{"href":"https:\/\/www.myautopartsfactory.com\/es\/wp-json\/wp\/v2\/product\/4545","targetHints":{"allow":["GET"]}}],"collection":[{"href":"https:\/\/www.myautopartsfactory.com\/es\/wp-json\/wp\/v2\/product"}],"about":[{"href":"https:\/\/www.myautopartsfactory.com\/es\/wp-json\/wp\/v2\/types\/product"}],"version-history":[{"count":0,"href":"https:\/\/www.myautopartsfactory.com\/es\/wp-json\/wp\/v2\/product\/4545\/revisions"}],"wp:featuredmedia":[{"embeddable":true,"href":"https:\/\/www.myautopartsfactory.com\/es\/wp-json\/wp\/v2\/media\/2049"}],"wp:attachment":[{"href":"https:\/\/www.myautopartsfactory.com\/es\/wp-json\/wp\/v2\/media?parent=4545"}],"wp:term":[{"taxonomy":"product-tag","embeddable":true,"href":"https:\/\/www.myautopartsfactory.com\/es\/wp-json\/wp\/v2\/product-tag?post=4545"},{"taxonomy":"products","embeddable":true,"href":"https:\/\/www.myautopartsfactory.com\/es\/wp-json\/wp\/v2\/products?post=4545"},{"taxonomy":"brand","embeddable":true,"href":"https:\/\/www.myautopartsfactory.com\/es\/wp-json\/wp\/v2\/brand?post=4545"}],"curies":[{"name":"wp","href":"https:\/\/api.w.org\/{rel}","templated":true}]}}