{"id":4384,"date":"2025-01-05T20:24:32","date_gmt":"2025-01-05T12:24:32","guid":{"rendered":"https:\/\/www.myautopartsfactory.com\/product\/fuel-injector-nozzle-a46-h12-16600-73c00-for-nissan-almera-n15-primera-p11-sunny-n14-y10-1-6l-2"},"modified":"2025-02-10T15:10:05","modified_gmt":"2025-02-10T07:10:05","slug":"fuel-injector-nozzle-a46-h12-16600-73c00-for-nissan-almera-n15-primera-p11-sunny-n14-y10-1-6l","status":"publish","type":"product","link":"https:\/\/www.myautopartsfactory.com\/es\/product\/fuel-injector-nozzle-a46-h12-16600-73c00-for-nissan-almera-n15-primera-p11-sunny-n14-y10-1-6l","title":{"rendered":"Boquilla del inyector de combustible A46-H12 16600-73C00 para Nissan Almera N15 Primera P11 Sunny N14 Y10 1.6L"},"content":{"rendered":"<h2 class=\"wp-block-heading\">Introducci\u00f3n a la tobera del inyector de combustible <\/h2>\n\n\n\n<p>La boquilla del inyector de combustible de Zhenhua Auto Parts Company est\u00e1 especialmente dise\u00f1ada para Nissan Almera N15, Primera P11, Sunny N14, Y10 y otros modelos de 1.6L. Es el componente central del sistema de inyecci\u00f3n de combustible del motor, al igual que el \u201cnutricionista\u201d del motor, que controla con precisi\u00f3n la cantidad de inyecci\u00f3n de combustible y el efecto de atomizaci\u00f3n. Los productos est\u00e1n dise\u00f1ados y fabricados en estricta conformidad con las normas originales de Nissan, utilizando materiales de alta calidad para garantizar su excelente durabilidad y adaptabilidad precisa, y los n\u00fameros de pieza coinciden perfectamente con los modelos correspondientes, proporcionando opciones de reemplazo fiables para los propietarios de autom\u00f3viles.<\/p>\n\n\n\n<h2 class=\"wp-block-heading\">Ventajas de la boquilla del inyector de combustible <\/h2>\n\n\n\n<h3 class=\"wp-block-heading\"><strong>Inyecci\u00f3n de combustible precisa<\/strong><\/h3>\n\n\n\n<p> Gracias a la avanzada tecnolog\u00eda de inyecci\u00f3n de combustible, el combustible se puede inyectar con precisi\u00f3n en la c\u00e1mara de combusti\u00f3n en el mejor estado de atomizaci\u00f3n seg\u00fan las diferentes condiciones de trabajo del motor, como el ralent\u00ed, la aceleraci\u00f3n y la velocidad de crucero. Sus orificios de inyecci\u00f3n de combustible est\u00e1n mecanizados con precisi\u00f3n para garantizar la uniformidad y la precisi\u00f3n de la inyecci\u00f3n de combustible, de modo que el combustible y el aire puedan mezclarse completamente y se pueda realizar una combusti\u00f3n eficiente.<\/p>\n\n\n\n<h3 class=\"wp-block-heading\"><strong>Dise\u00f1o antiobstrucci\u00f3n<\/strong><\/h3>\n\n\n\n<p>El dise\u00f1o \u00fanico de la estructura interna evita eficazmente la acumulaci\u00f3n de impurezas y dep\u00f3sitos de carbono, y reduce el riesgo de obstrucci\u00f3n de la boquilla. Incluso en el proceso de uso a largo plazo, puede mantener un buen rendimiento de la inyecci\u00f3n de combustible y reducir los fallos del motor causados por una mala inyecci\u00f3n de combustible.<\/p>\n\n\n\n<h3 class=\"wp-block-heading\"><strong>Caracter\u00edsticas de respuesta r\u00e1pida<\/strong><\/h3>\n\n\n\n<p>Tiene capacidad de respuesta r\u00e1pida, y puede ajustar la cantidad de inyecci\u00f3n de combustible en un instante de acuerdo con las instrucciones de la unidad de control del motor, a fin de garantizar que el motor puede obtener el suministro de combustible oportuna y precisa en diversas condiciones de trabajo y mejorar la velocidad de respuesta din\u00e1mica del motor.<\/p>\n\n\n\n<h2 class=\"wp-block-heading\">Ventajas de la boquilla del inyector de combustible<\/h2>\n\n\n\n<h3 class=\"wp-block-heading\"><strong>Mejorar el rendimiento energ\u00e9tico<\/strong><\/h3>\n\n\n\n<p>Una inyecci\u00f3n de combustible precisa y un buen efecto de atomizaci\u00f3n permiten que el combustible se queme completamente y libere m\u00e1s energ\u00eda, lo que mejora la potencia del motor. El veh\u00edculo es m\u00e1s r\u00e1pido y potente al acelerar, y puede hacer frente f\u00e1cilmente a cargas pesadas como la escalada, lo que mejora la experiencia general de conducci\u00f3n.<\/p>\n\n\n\n<h3 class=\"wp-block-heading\"><strong>Optimizar el ahorro de combustible:<\/strong> <\/h3>\n\n\n\n<p>Al controlar con precisi\u00f3n la inyecci\u00f3n de combustible, se evita el desperdicio de combustible y se mejora la tasa de utilizaci\u00f3n del mismo. Los propietarios de autom\u00f3viles pueden disfrutar de un buen rendimiento de potencia, reducir el consumo de combustible, ahorrar costes de repostaje y lograr un equilibrio perfecto entre potencia y ahorro de energ\u00eda.<\/p>\n\n\n\n<h3 class=\"wp-block-heading\"><strong> Reducir la contaminaci\u00f3n por emisiones<\/strong><\/h3>\n\n\n\n<p> Un proceso de combusti\u00f3n eficiente reduce la emisi\u00f3n de combustible de combusti\u00f3n incompleta y de gases nocivos, lo que ayuda a proteger el medio ambiente, hace que los veh\u00edculos cumplan unas normas de emisiones medioambientales cada vez m\u00e1s estrictas y contribuye a la protecci\u00f3n del medio ambiente.<\/p>\n\n\n\n<h2 class=\"wp-block-heading\">Aplicaci\u00f3n<\/h2>\n\n\n\n<p>Es adecuado para Nissan Almera N15, Primera P11, Sunny N14, Y10 y otros veh\u00edculos 1.6L. Es ampliamente utilizado en los coches familiares, veh\u00edculos urbanos de cercan\u00edas, etc., y puede proporcionar servicios de inyecci\u00f3n de combustible estables y fiables para los veh\u00edculos sin importar si est\u00e1n viajando en la vida cotidiana o en larga distancia.<\/p>\n\n\n\n<h2 class=\"wp-block-heading\">Orientaci\u00f3n operativa<\/h2>\n\n\n\n<p>Antes de la instalaci\u00f3n, desconecte la alimentaci\u00f3n el\u00e9ctrica del sistema de combustible del veh\u00edculo para liberar la presi\u00f3n del sistema de combustible y evitar fugas de combustible. A continuaci\u00f3n, localice la posici\u00f3n del inyector de combustible antiguo, desm\u00f3ntelo con cuidado y preste atenci\u00f3n a la protecci\u00f3n de los componentes y conductos circundantes. Instale el inyector de Zhenhua Auto Parts en la posici\u00f3n correspondiente correctamente, y aseg\u00farese de que la conexi\u00f3n es firme. Por \u00faltimo, vuelva a conectar la fuente de alimentaci\u00f3n del sistema de combustible y arranque el veh\u00edculo para comprobar si el inyector de combustible funciona normalmente. Para los pasos detallados de operaci\u00f3n y precauciones, por favor refi\u00e9rase al Tutorial de Instalaci\u00f3n de la Boquilla del Inyector de Combustible del sitio web oficial.<\/p>\n\n\n\n<h2 class=\"wp-block-heading\">PREGUNTAS FRECUENTES<\/h2>\n\n\n\n<h3 class=\"wp-block-heading\">Acerca de la funci\u00f3n<\/h3>\n\n\n\n<p><strong>1. \u00bfCu\u00e1l es la funci\u00f3n principal de la boquilla del inyector de combustible?<\/strong><\/p>\n\n\n\n<p>La funci\u00f3n principal de la boquilla del inyector de combustible es inyectar combustible a alta presi\u00f3n de la bomba de combustible en la c\u00e1mara de combusti\u00f3n del motor en una forma atomizada precisa. Mediante el dise\u00f1o fino de la boquilla, puede romper el combustible en peque\u00f1as gotas de aceite, hacer que el combustible y el aire se mezclen completa y r\u00e1pidamente, y crear buenas condiciones para la combusti\u00f3n eficiente del gas mezclado en la c\u00e1mara de combusti\u00f3n, garantizando as\u00ed la salida de potencia estable del motor, mejorando la econom\u00eda de combustible y reduciendo las emisiones de escape nocivas.<\/p>\n\n\n\n<h3 class=\"wp-block-heading\">Acerca del uso<\/h3>\n\n\n\n<p><strong>2. \u00bfC\u00f3mo determinar si la boquilla del inyector de combustible est\u00e1 defectuosa?<\/strong><\/p>\n\n\n\n<p>Cuando el motor funciona al ralent\u00ed de forma inestable, por ejemplo, cuando el motor est\u00e1 al ralent\u00ed, la velocidad de rotaci\u00f3n es alta y baja, como si jadeara, lo que puede deberse a una inyecci\u00f3n desigual de la boquilla y a un suministro anormal de combustible en algunos cilindros; Rendimiento de aceleraci\u00f3n deficiente, aceleraci\u00f3n lenta y d\u00e9bil del veh\u00edculo, lo que significa que la boquilla est\u00e1 bloqueada o funciona mal, y es imposible suministrar combustible suficiente y bien atomizado durante la aceleraci\u00f3n; El consumo de combustible aumenta de forma evidente. Si la boquilla tiene fugas, el combustible seguir\u00e1 entrando en la c\u00e1mara de combusti\u00f3n, causando un desperdicio innecesario. Adem\u00e1s, es dif\u00edcil arrancar, especialmente cuando el motor necesita mezcla rica durante el arranque en fr\u00edo, y es dif\u00edcil arrancar suavemente si la boquilla no se pulveriza suavemente; La emisi\u00f3n excesiva de gases de cola, el humo negro (demasiado combustible y combusti\u00f3n incompleta) y el humo azul (aceite de motor quemado, que tambi\u00e9n puede ir acompa\u00f1ado de problemas en la boquilla, lo que puede hacer que el aceite de motor entre en la c\u00e1mara de combusti\u00f3n) indican que puede haber problemas con la boquilla del inyector de combustible.<\/p>\n\n\n\n<p><\/p>\n\n\n\n<h3 class=\"wp-block-heading\">Acerca del mantenimiento<\/h3>\n\n\n\n<p><strong>3. \u00bfC\u00f3mo mantener la boquilla del inyector de combustible?<\/strong><\/p>\n\n\n\n<p>Utilice regularmente aditivos de combustible de alta calidad. Estos aditivos pueden limpiar eficazmente las incrustaciones de la boquilla y mantenerla abierta. Generalmente se recomienda a\u00f1adirlos cada 5.000 kil\u00f3metros. Adem\u00e1s, cada cierto kilometraje (por ejemplo, 20.000-30.000 kil\u00f3metros), el personal de mantenimiento profesional puede ser invitado a llevar a cabo la limpieza por ultrasonidos en la boquilla, y la suciedad adherida a la boquilla puede ser sacudida por la energ\u00eda de vibraci\u00f3n de ondas ultras\u00f3nicas para restaurar su rendimiento de inyecci\u00f3n de aceite.<\/p>\n\n\n\n<p><\/p>\n\n\n\n<h2 class=\"wp-block-heading\"><\/h2>","protected":false},"excerpt":{"rendered":"Introduction to Fuel Injector Nozzle Zhenhua Auto Parts Company&#8217;s Fuel Injector Nozzle is specially designed for Nissan Almera N15, Primera P11, Sunny N14, Y10 and other 1.6L models. It is the core component of the engine fuel injection system, just like the &#8220;nutritionist&#8221; of the engine, which accurately controls the fuel injection quantity and atomization [&hellip;]","protected":false},"featured_media":3384,"menu_order":0,"template":"","meta":[],"product-tag":[146],"products":[90],"brand":[45],"class_list":["post-4384","product","type-product","status-publish","has-post-thumbnail","hentry","product-tag-fuel-injector-nozzle","products-fuel-injector","brand-nissan"],"yoast_head":"<!-- This site is optimized with the Yoast SEO plugin v27.3 - https:\/\/yoast.com\/product\/yoast-seo-wordpress\/ -->\n<title>Fuel Injector Nozzle A46-H12 16600-73C00 for Nissan Almera N15 Primera P11 Sunny N14 Y10 1.6L - YZHIDIANF<\/title>\n<meta name=\"description\" content=\"Zhenhua Auto Parts Company&#039;s Fuel Injector Nozzle is specially designed for Nissan Almera N15, Primera P11, Sunny N14, Y10 and others.\" \/>\n<meta name=\"robots\" content=\"index, follow, max-snippet:-1, max-image-preview:large, max-video-preview:-1\" \/>\n<link rel=\"canonical\" href=\"https:\/\/www.myautopartsfactory.com\/es\/product\/fuel-injector-nozzle-a46-h12-16600-73c00-for-nissan-almera-n15-primera-p11-sunny-n14-y10-1-6l\/\" \/>\n<meta property=\"og:locale\" content=\"es_ES\" \/>\n<meta property=\"og:type\" content=\"article\" \/>\n<meta property=\"og:title\" content=\"Fuel Injector Nozzle A46-H12 16600-73C00 for Nissan Almera N15 Primera P11 Sunny N14 Y10 1.6L - YZHIDIANF\" \/>\n<meta property=\"og:description\" content=\"Zhenhua Auto Parts Company&#039;s Fuel Injector Nozzle is specially designed for Nissan Almera N15, Primera P11, Sunny N14, Y10 and others.\" \/>\n<meta property=\"og:url\" content=\"https:\/\/www.myautopartsfactory.com\/es\/product\/fuel-injector-nozzle-a46-h12-16600-73c00-for-nissan-almera-n15-primera-p11-sunny-n14-y10-1-6l\/\" \/>\n<meta property=\"og:site_name\" content=\"YZHIDIANF\" \/>\n<meta property=\"article:modified_time\" content=\"2025-02-10T07:10:05+00:00\" \/>\n<meta property=\"og:image\" content=\"https:\/\/www.myautopartsfactory.com\/wp-content\/uploads\/2024\/07\/16600-73C00-1.jpg\" \/>\n\t<meta property=\"og:image:width\" content=\"800\" \/>\n\t<meta property=\"og:image:height\" content=\"800\" \/>\n\t<meta property=\"og:image:type\" content=\"image\/jpeg\" \/>\n<meta name=\"twitter:card\" content=\"summary_large_image\" \/>\n<meta name=\"twitter:label1\" content=\"Tiempo de lectura\" \/>\n\t<meta name=\"twitter:data1\" content=\"6 minutos\" \/>\n<script type=\"application\/ld+json\" class=\"yoast-schema-graph\">{\"@context\":\"https:\\\/\\\/schema.org\",\"@graph\":[{\"@type\":\"WebPage\",\"@id\":\"https:\\\/\\\/www.myautopartsfactory.com\\\/product\\\/fuel-injector-nozzle-a46-h12-16600-73c00-for-nissan-almera-n15-primera-p11-sunny-n14-y10-1-6l\",\"url\":\"https:\\\/\\\/www.myautopartsfactory.com\\\/product\\\/fuel-injector-nozzle-a46-h12-16600-73c00-for-nissan-almera-n15-primera-p11-sunny-n14-y10-1-6l\",\"name\":\"Fuel Injector Nozzle A46-H12 16600-73C00 for Nissan Almera N15 Primera P11 Sunny N14 Y10 1.6L - YZHIDIANF\",\"isPartOf\":{\"@id\":\"https:\\\/\\\/www.myautopartsfactory.com\\\/#website\"},\"primaryImageOfPage\":{\"@id\":\"https:\\\/\\\/www.myautopartsfactory.com\\\/product\\\/fuel-injector-nozzle-a46-h12-16600-73c00-for-nissan-almera-n15-primera-p11-sunny-n14-y10-1-6l#primaryimage\"},\"image\":{\"@id\":\"https:\\\/\\\/www.myautopartsfactory.com\\\/product\\\/fuel-injector-nozzle-a46-h12-16600-73c00-for-nissan-almera-n15-primera-p11-sunny-n14-y10-1-6l#primaryimage\"},\"thumbnailUrl\":\"https:\\\/\\\/www.myautopartsfactory.com\\\/wp-content\\\/uploads\\\/2024\\\/07\\\/16600-73C00-1.jpg\",\"datePublished\":\"2025-01-05T12:24:32+00:00\",\"dateModified\":\"2025-02-10T07:10:05+00:00\",\"description\":\"Zhenhua Auto Parts Company's Fuel Injector Nozzle is specially designed for Nissan Almera N15, Primera P11, Sunny N14, Y10 and others.\",\"breadcrumb\":{\"@id\":\"https:\\\/\\\/www.myautopartsfactory.com\\\/product\\\/fuel-injector-nozzle-a46-h12-16600-73c00-for-nissan-almera-n15-primera-p11-sunny-n14-y10-1-6l#breadcrumb\"},\"inLanguage\":\"es\",\"potentialAction\":[{\"@type\":\"ReadAction\",\"target\":[\"https:\\\/\\\/www.myautopartsfactory.com\\\/product\\\/fuel-injector-nozzle-a46-h12-16600-73c00-for-nissan-almera-n15-primera-p11-sunny-n14-y10-1-6l\"]}]},{\"@type\":\"ImageObject\",\"inLanguage\":\"es\",\"@id\":\"https:\\\/\\\/www.myautopartsfactory.com\\\/product\\\/fuel-injector-nozzle-a46-h12-16600-73c00-for-nissan-almera-n15-primera-p11-sunny-n14-y10-1-6l#primaryimage\",\"url\":\"https:\\\/\\\/www.myautopartsfactory.com\\\/wp-content\\\/uploads\\\/2024\\\/07\\\/16600-73C00-1.jpg\",\"contentUrl\":\"https:\\\/\\\/www.myautopartsfactory.com\\\/wp-content\\\/uploads\\\/2024\\\/07\\\/16600-73C00-1.jpg\",\"width\":800,\"height\":800,\"caption\":\"Fuel Injector Nozzle\"},{\"@type\":\"BreadcrumbList\",\"@id\":\"https:\\\/\\\/www.myautopartsfactory.com\\\/product\\\/fuel-injector-nozzle-a46-h12-16600-73c00-for-nissan-almera-n15-primera-p11-sunny-n14-y10-1-6l#breadcrumb\",\"itemListElement\":[{\"@type\":\"ListItem\",\"position\":1,\"name\":\"\u9996\u9875\",\"item\":\"https:\\\/\\\/www.myautopartsfactory.com\\\/\"},{\"@type\":\"ListItem\",\"position\":2,\"name\":\"Fuel Injector Nozzle A46-H12 16600-73C00 for Nissan Almera N15 Primera P11 Sunny N14 Y10 1.6L\"}]},{\"@type\":\"WebSite\",\"@id\":\"https:\\\/\\\/www.myautopartsfactory.com\\\/#website\",\"url\":\"https:\\\/\\\/www.myautopartsfactory.com\\\/\",\"name\":\"YZHIDIANF\",\"description\":\"One-Stop Auto Parts Supplier\",\"publisher\":{\"@id\":\"https:\\\/\\\/www.myautopartsfactory.com\\\/#organization\"},\"potentialAction\":[{\"@type\":\"SearchAction\",\"target\":{\"@type\":\"EntryPoint\",\"urlTemplate\":\"https:\\\/\\\/www.myautopartsfactory.com\\\/?s={search_term_string}\"},\"query-input\":{\"@type\":\"PropertyValueSpecification\",\"valueRequired\":true,\"valueName\":\"search_term_string\"}}],\"inLanguage\":\"es\"},{\"@type\":\"Organization\",\"@id\":\"https:\\\/\\\/www.myautopartsfactory.com\\\/#organization\",\"name\":\"YZHIDIANF\",\"url\":\"https:\\\/\\\/www.myautopartsfactory.com\\\/\",\"logo\":{\"@type\":\"ImageObject\",\"inLanguage\":\"es\",\"@id\":\"https:\\\/\\\/www.myautopartsfactory.com\\\/#\\\/schema\\\/logo\\\/image\\\/\",\"url\":\"https:\\\/\\\/www.myautopartsfactory.com\\\/wp-content\\\/uploads\\\/2024\\\/05\\\/fav.jpg\",\"contentUrl\":\"https:\\\/\\\/www.myautopartsfactory.com\\\/wp-content\\\/uploads\\\/2024\\\/05\\\/fav.jpg\",\"width\":80,\"height\":80,\"caption\":\"YZHIDIANF\"},\"image\":{\"@id\":\"https:\\\/\\\/www.myautopartsfactory.com\\\/#\\\/schema\\\/logo\\\/image\\\/\"}}]}<\/script>\n<!-- \/ Yoast SEO plugin. -->","yoast_head_json":{"title":"Boquilla del inyector de combustible A46-H12 16600-73C00 para Nissan Almera N15 Primera P11 Sunny N14 Y10 1.6L - YZHIDIANF","description":"El inyector de combustible de Zhenhua Auto Parts Company esta especialmente dise\u00f1ado para Nissan Almera N15, Primera P11, Sunny N14, Y10 y otros.","robots":{"index":"index","follow":"follow","max-snippet":"max-snippet:-1","max-image-preview":"max-image-preview:large","max-video-preview":"max-video-preview:-1"},"canonical":"https:\/\/www.myautopartsfactory.com\/es\/product\/fuel-injector-nozzle-a46-h12-16600-73c00-for-nissan-almera-n15-primera-p11-sunny-n14-y10-1-6l\/","og_locale":"es_ES","og_type":"article","og_title":"Fuel Injector Nozzle A46-H12 16600-73C00 for Nissan Almera N15 Primera P11 Sunny N14 Y10 1.6L - YZHIDIANF","og_description":"Zhenhua Auto Parts Company's Fuel Injector Nozzle is specially designed for Nissan Almera N15, Primera P11, Sunny N14, Y10 and others.","og_url":"https:\/\/www.myautopartsfactory.com\/es\/product\/fuel-injector-nozzle-a46-h12-16600-73c00-for-nissan-almera-n15-primera-p11-sunny-n14-y10-1-6l\/","og_site_name":"YZHIDIANF","article_modified_time":"2025-02-10T07:10:05+00:00","og_image":[{"width":800,"height":800,"url":"https:\/\/www.myautopartsfactory.com\/wp-content\/uploads\/2024\/07\/16600-73C00-1.jpg","type":"image\/jpeg"}],"twitter_card":"summary_large_image","twitter_misc":{"Tiempo de lectura":"6 minutos"},"schema":{"@context":"https:\/\/schema.org","@graph":[{"@type":"WebPage","@id":"https:\/\/www.myautopartsfactory.com\/product\/fuel-injector-nozzle-a46-h12-16600-73c00-for-nissan-almera-n15-primera-p11-sunny-n14-y10-1-6l","url":"https:\/\/www.myautopartsfactory.com\/product\/fuel-injector-nozzle-a46-h12-16600-73c00-for-nissan-almera-n15-primera-p11-sunny-n14-y10-1-6l","name":"Boquilla del inyector de combustible A46-H12 16600-73C00 para Nissan Almera N15 Primera P11 Sunny N14 Y10 1.6L - YZHIDIANF","isPartOf":{"@id":"https:\/\/www.myautopartsfactory.com\/#website"},"primaryImageOfPage":{"@id":"https:\/\/www.myautopartsfactory.com\/product\/fuel-injector-nozzle-a46-h12-16600-73c00-for-nissan-almera-n15-primera-p11-sunny-n14-y10-1-6l#primaryimage"},"image":{"@id":"https:\/\/www.myautopartsfactory.com\/product\/fuel-injector-nozzle-a46-h12-16600-73c00-for-nissan-almera-n15-primera-p11-sunny-n14-y10-1-6l#primaryimage"},"thumbnailUrl":"https:\/\/www.myautopartsfactory.com\/wp-content\/uploads\/2024\/07\/16600-73C00-1.jpg","datePublished":"2025-01-05T12:24:32+00:00","dateModified":"2025-02-10T07:10:05+00:00","description":"El inyector de combustible de Zhenhua Auto Parts Company esta especialmente dise\u00f1ado para Nissan Almera N15, Primera P11, Sunny N14, Y10 y otros.","breadcrumb":{"@id":"https:\/\/www.myautopartsfactory.com\/product\/fuel-injector-nozzle-a46-h12-16600-73c00-for-nissan-almera-n15-primera-p11-sunny-n14-y10-1-6l#breadcrumb"},"inLanguage":"es","potentialAction":[{"@type":"ReadAction","target":["https:\/\/www.myautopartsfactory.com\/product\/fuel-injector-nozzle-a46-h12-16600-73c00-for-nissan-almera-n15-primera-p11-sunny-n14-y10-1-6l"]}]},{"@type":"ImageObject","inLanguage":"es","@id":"https:\/\/www.myautopartsfactory.com\/product\/fuel-injector-nozzle-a46-h12-16600-73c00-for-nissan-almera-n15-primera-p11-sunny-n14-y10-1-6l#primaryimage","url":"https:\/\/www.myautopartsfactory.com\/wp-content\/uploads\/2024\/07\/16600-73C00-1.jpg","contentUrl":"https:\/\/www.myautopartsfactory.com\/wp-content\/uploads\/2024\/07\/16600-73C00-1.jpg","width":800,"height":800,"caption":"Fuel Injector Nozzle"},{"@type":"BreadcrumbList","@id":"https:\/\/www.myautopartsfactory.com\/product\/fuel-injector-nozzle-a46-h12-16600-73c00-for-nissan-almera-n15-primera-p11-sunny-n14-y10-1-6l#breadcrumb","itemListElement":[{"@type":"ListItem","position":1,"name":"\u9996\u9875","item":"https:\/\/www.myautopartsfactory.com\/"},{"@type":"ListItem","position":2,"name":"Fuel Injector Nozzle A46-H12 16600-73C00 for Nissan Almera N15 Primera P11 Sunny N14 Y10 1.6L"}]},{"@type":"WebSite","@id":"https:\/\/www.myautopartsfactory.com\/#website","url":"https:\/\/www.myautopartsfactory.com\/","name":"YZHIDIANF","description":"Proveedor integral de piezas de autom\u00f3vil","publisher":{"@id":"https:\/\/www.myautopartsfactory.com\/#organization"},"potentialAction":[{"@type":"SearchAction","target":{"@type":"EntryPoint","urlTemplate":"https:\/\/www.myautopartsfactory.com\/?s={search_term_string}"},"query-input":{"@type":"PropertyValueSpecification","valueRequired":true,"valueName":"search_term_string"}}],"inLanguage":"es"},{"@type":"Organization","@id":"https:\/\/www.myautopartsfactory.com\/#organization","name":"YZHIDIANF","url":"https:\/\/www.myautopartsfactory.com\/","logo":{"@type":"ImageObject","inLanguage":"es","@id":"https:\/\/www.myautopartsfactory.com\/#\/schema\/logo\/image\/","url":"https:\/\/www.myautopartsfactory.com\/wp-content\/uploads\/2024\/05\/fav.jpg","contentUrl":"https:\/\/www.myautopartsfactory.com\/wp-content\/uploads\/2024\/05\/fav.jpg","width":80,"height":80,"caption":"YZHIDIANF"},"image":{"@id":"https:\/\/www.myautopartsfactory.com\/#\/schema\/logo\/image\/"}}]}},"acf":[],"_links":{"self":[{"href":"https:\/\/www.myautopartsfactory.com\/es\/wp-json\/wp\/v2\/product\/4384","targetHints":{"allow":["GET"]}}],"collection":[{"href":"https:\/\/www.myautopartsfactory.com\/es\/wp-json\/wp\/v2\/product"}],"about":[{"href":"https:\/\/www.myautopartsfactory.com\/es\/wp-json\/wp\/v2\/types\/product"}],"version-history":[{"count":0,"href":"https:\/\/www.myautopartsfactory.com\/es\/wp-json\/wp\/v2\/product\/4384\/revisions"}],"wp:featuredmedia":[{"embeddable":true,"href":"https:\/\/www.myautopartsfactory.com\/es\/wp-json\/wp\/v2\/media\/3384"}],"wp:attachment":[{"href":"https:\/\/www.myautopartsfactory.com\/es\/wp-json\/wp\/v2\/media?parent=4384"}],"wp:term":[{"taxonomy":"product-tag","embeddable":true,"href":"https:\/\/www.myautopartsfactory.com\/es\/wp-json\/wp\/v2\/product-tag?post=4384"},{"taxonomy":"products","embeddable":true,"href":"https:\/\/www.myautopartsfactory.com\/es\/wp-json\/wp\/v2\/products?post=4384"},{"taxonomy":"brand","embeddable":true,"href":"https:\/\/www.myautopartsfactory.com\/es\/wp-json\/wp\/v2\/brand?post=4384"}],"curies":[{"name":"wp","href":"https:\/\/api.w.org\/{rel}","templated":true}]}}