{"id":4246,"date":"2024-07-30T16:07:26","date_gmt":"2024-07-30T08:07:26","guid":{"rendered":"https:\/\/www.myautopartsfactory.com\/?post_type=product&#038;p=4246"},"modified":"2024-07-30T16:07:28","modified_gmt":"2024-07-30T08:07:28","slug":"wholesale-vapor-purge-vacuum-switching-valve-90910-12283-90910-ac004-for-toyota-corolla-im-1-8l-l4-2014-2019","status":"publish","type":"product","link":"https:\/\/www.myautopartsfactory.com\/es\/product\/wholesale-vapor-purge-vacuum-switching-valve-90910-12283-90910-ac004-for-toyota-corolla-im-1-8l-l4-2014-2019","title":{"rendered":"Venta al por mayor V\u00e1lvula de conmutaci\u00f3n de vac\u00edo de purga de vapor 90910-12283 90910-AC004 para Toyota Corolla iM 1.8L L4 2014-2019"},"content":{"rendered":"<h2 class=\"wp-block-heading\">Caracter\u00edsticas y ventajas:<\/h2>\n\n\n\n<ul class=\"wp-block-list\">\n<li>Fabricado seg\u00fan las especificaciones de f\u00e1brica para una instalaci\u00f3n sin complicaciones.<\/li>\n\n\n\n<li>Ajuste perfecto, f\u00e1cil instalaci\u00f3n<\/li>\n\n\n\n<li>Dise\u00f1ado como un reemplazo directo para su v\u00e1lvula de purga del recipiente de vapor original, garantizando un excelente ajuste y rendimiento.<\/li>\n<\/ul>\n\n\n\n<h2 class=\"wp-block-heading\">Caracter\u00edsticas del producto\uff1a<\/h2>\n\n\n\n<ul class=\"wp-block-list\">\n<li>Funcionalidad: Suministra l\u00edquido de limpieza o enjuague al interior del dep\u00f3sito de vapor para eliminar la suciedad y los materiales residuales.<\/li>\n\n\n\n<li>Durabilidad: Las v\u00e1lvulas de limpieza suelen estar fabricadas con materiales resistentes a la corrosi\u00f3n para garantizar que no resulten da\u00f1adas por los agentes qu\u00edmicos de limpieza durante su uso a largo plazo.<\/li>\n\n\n\n<li>F\u00e1cil de instalar y manejar: La posibilidad de conectar r\u00e1pidamente los equipos de limpieza y realizar las operaciones de mantenimiento necesarias mejora la eficacia del trabajo.<\/li>\n<\/ul>","protected":false},"excerpt":{"rendered":"Features &amp; Benefits: Product Features\uff1a","protected":false},"featured_media":4250,"menu_order":0,"template":"","meta":[],"product-tag":[],"products":[136],"brand":[32],"class_list":["post-4246","product","type-product","status-publish","has-post-thumbnail","hentry","products-vapor-canister-purge-valve","brand-toyota"],"yoast_head":"<!-- This site is optimized with the Yoast SEO plugin v27.3 - https:\/\/yoast.com\/product\/yoast-seo-wordpress\/ -->\n<title>Wholesale Vapor Purge Vacuum Switching Valve 90910-12283 90910-AC004 For Toyota Corolla iM 1.8L L4 2014-2019 - YZHIDIANF<\/title>\n<meta name=\"robots\" content=\"index, follow, max-snippet:-1, max-image-preview:large, max-video-preview:-1\" \/>\n<link rel=\"canonical\" href=\"https:\/\/www.myautopartsfactory.com\/es\/product\/wholesale-vapor-purge-vacuum-switching-valve-90910-12283-90910-ac004-for-toyota-corolla-im-1-8l-l4-2014-2019\/\" \/>\n<meta property=\"og:locale\" content=\"es_ES\" \/>\n<meta property=\"og:type\" content=\"article\" \/>\n<meta property=\"og:title\" content=\"Wholesale Vapor Purge Vacuum Switching Valve 90910-12283 90910-AC004 For Toyota Corolla iM 1.8L L4 2014-2019 - YZHIDIANF\" \/>\n<meta property=\"og:description\" content=\"Features &amp; Benefits: Product Features\uff1a\" \/>\n<meta property=\"og:url\" content=\"https:\/\/www.myautopartsfactory.com\/es\/product\/wholesale-vapor-purge-vacuum-switching-valve-90910-12283-90910-ac004-for-toyota-corolla-im-1-8l-l4-2014-2019\/\" \/>\n<meta property=\"og:site_name\" content=\"YZHIDIANF\" \/>\n<meta property=\"article:modified_time\" content=\"2024-07-30T08:07:28+00:00\" \/>\n<meta property=\"og:image\" content=\"https:\/\/www.myautopartsfactory.com\/wp-content\/uploads\/2024\/07\/90910-AC004-4.jpg\" \/>\n\t<meta property=\"og:image:width\" content=\"800\" \/>\n\t<meta property=\"og:image:height\" content=\"800\" \/>\n\t<meta property=\"og:image:type\" content=\"image\/jpeg\" \/>\n<meta name=\"twitter:card\" content=\"summary_large_image\" \/>\n<meta name=\"twitter:label1\" content=\"Tiempo de lectura\" \/>\n\t<meta name=\"twitter:data1\" content=\"1 minuto\" \/>\n<script type=\"application\/ld+json\" class=\"yoast-schema-graph\">{\"@context\":\"https:\\\/\\\/schema.org\",\"@graph\":[{\"@type\":\"WebPage\",\"@id\":\"https:\\\/\\\/www.myautopartsfactory.com\\\/product\\\/wholesale-vapor-purge-vacuum-switching-valve-90910-12283-90910-ac004-for-toyota-corolla-im-1-8l-l4-2014-2019\",\"url\":\"https:\\\/\\\/www.myautopartsfactory.com\\\/product\\\/wholesale-vapor-purge-vacuum-switching-valve-90910-12283-90910-ac004-for-toyota-corolla-im-1-8l-l4-2014-2019\",\"name\":\"Wholesale Vapor Purge Vacuum Switching Valve 90910-12283 90910-AC004 For Toyota Corolla iM 1.8L L4 2014-2019 - YZHIDIANF\",\"isPartOf\":{\"@id\":\"https:\\\/\\\/www.myautopartsfactory.com\\\/#website\"},\"primaryImageOfPage\":{\"@id\":\"https:\\\/\\\/www.myautopartsfactory.com\\\/product\\\/wholesale-vapor-purge-vacuum-switching-valve-90910-12283-90910-ac004-for-toyota-corolla-im-1-8l-l4-2014-2019#primaryimage\"},\"image\":{\"@id\":\"https:\\\/\\\/www.myautopartsfactory.com\\\/product\\\/wholesale-vapor-purge-vacuum-switching-valve-90910-12283-90910-ac004-for-toyota-corolla-im-1-8l-l4-2014-2019#primaryimage\"},\"thumbnailUrl\":\"https:\\\/\\\/www.myautopartsfactory.com\\\/wp-content\\\/uploads\\\/2024\\\/07\\\/90910-AC004-4.jpg\",\"datePublished\":\"2024-07-30T08:07:26+00:00\",\"dateModified\":\"2024-07-30T08:07:28+00:00\",\"breadcrumb\":{\"@id\":\"https:\\\/\\\/www.myautopartsfactory.com\\\/product\\\/wholesale-vapor-purge-vacuum-switching-valve-90910-12283-90910-ac004-for-toyota-corolla-im-1-8l-l4-2014-2019#breadcrumb\"},\"inLanguage\":\"es\",\"potentialAction\":[{\"@type\":\"ReadAction\",\"target\":[\"https:\\\/\\\/www.myautopartsfactory.com\\\/product\\\/wholesale-vapor-purge-vacuum-switching-valve-90910-12283-90910-ac004-for-toyota-corolla-im-1-8l-l4-2014-2019\"]}]},{\"@type\":\"ImageObject\",\"inLanguage\":\"es\",\"@id\":\"https:\\\/\\\/www.myautopartsfactory.com\\\/product\\\/wholesale-vapor-purge-vacuum-switching-valve-90910-12283-90910-ac004-for-toyota-corolla-im-1-8l-l4-2014-2019#primaryimage\",\"url\":\"https:\\\/\\\/www.myautopartsfactory.com\\\/wp-content\\\/uploads\\\/2024\\\/07\\\/90910-AC004-4.jpg\",\"contentUrl\":\"https:\\\/\\\/www.myautopartsfactory.com\\\/wp-content\\\/uploads\\\/2024\\\/07\\\/90910-AC004-4.jpg\",\"width\":800,\"height\":800,\"caption\":\"90910-AC004\"},{\"@type\":\"BreadcrumbList\",\"@id\":\"https:\\\/\\\/www.myautopartsfactory.com\\\/product\\\/wholesale-vapor-purge-vacuum-switching-valve-90910-12283-90910-ac004-for-toyota-corolla-im-1-8l-l4-2014-2019#breadcrumb\",\"itemListElement\":[{\"@type\":\"ListItem\",\"position\":1,\"name\":\"\u9996\u9875\",\"item\":\"https:\\\/\\\/www.myautopartsfactory.com\\\/\"},{\"@type\":\"ListItem\",\"position\":2,\"name\":\"Wholesale Vapor Purge Vacuum Switching Valve 90910-12283 90910-AC004 For Toyota Corolla iM 1.8L L4 2014-2019\"}]},{\"@type\":\"WebSite\",\"@id\":\"https:\\\/\\\/www.myautopartsfactory.com\\\/#website\",\"url\":\"https:\\\/\\\/www.myautopartsfactory.com\\\/\",\"name\":\"YZHIDIANF\",\"description\":\"One-Stop Auto Parts Supplier\",\"publisher\":{\"@id\":\"https:\\\/\\\/www.myautopartsfactory.com\\\/#organization\"},\"potentialAction\":[{\"@type\":\"SearchAction\",\"target\":{\"@type\":\"EntryPoint\",\"urlTemplate\":\"https:\\\/\\\/www.myautopartsfactory.com\\\/?s={search_term_string}\"},\"query-input\":{\"@type\":\"PropertyValueSpecification\",\"valueRequired\":true,\"valueName\":\"search_term_string\"}}],\"inLanguage\":\"es\"},{\"@type\":\"Organization\",\"@id\":\"https:\\\/\\\/www.myautopartsfactory.com\\\/#organization\",\"name\":\"YZHIDIANF\",\"url\":\"https:\\\/\\\/www.myautopartsfactory.com\\\/\",\"logo\":{\"@type\":\"ImageObject\",\"inLanguage\":\"es\",\"@id\":\"https:\\\/\\\/www.myautopartsfactory.com\\\/#\\\/schema\\\/logo\\\/image\\\/\",\"url\":\"https:\\\/\\\/www.myautopartsfactory.com\\\/wp-content\\\/uploads\\\/2024\\\/05\\\/fav.jpg\",\"contentUrl\":\"https:\\\/\\\/www.myautopartsfactory.com\\\/wp-content\\\/uploads\\\/2024\\\/05\\\/fav.jpg\",\"width\":80,\"height\":80,\"caption\":\"YZHIDIANF\"},\"image\":{\"@id\":\"https:\\\/\\\/www.myautopartsfactory.com\\\/#\\\/schema\\\/logo\\\/image\\\/\"}}]}<\/script>\n<!-- \/ Yoast SEO plugin. -->","yoast_head_json":{"title":"Wholesale Vapor Purge Vacuum Switching Valve 90910-12283 90910-AC004 For Toyota Corolla iM 1.8L L4 2014-2019 - YZHIDIANF","robots":{"index":"index","follow":"follow","max-snippet":"max-snippet:-1","max-image-preview":"max-image-preview:large","max-video-preview":"max-video-preview:-1"},"canonical":"https:\/\/www.myautopartsfactory.com\/es\/product\/wholesale-vapor-purge-vacuum-switching-valve-90910-12283-90910-ac004-for-toyota-corolla-im-1-8l-l4-2014-2019\/","og_locale":"es_ES","og_type":"article","og_title":"Wholesale Vapor Purge Vacuum Switching Valve 90910-12283 90910-AC004 For Toyota Corolla iM 1.8L L4 2014-2019 - YZHIDIANF","og_description":"Features &amp; Benefits: Product Features\uff1a","og_url":"https:\/\/www.myautopartsfactory.com\/es\/product\/wholesale-vapor-purge-vacuum-switching-valve-90910-12283-90910-ac004-for-toyota-corolla-im-1-8l-l4-2014-2019\/","og_site_name":"YZHIDIANF","article_modified_time":"2024-07-30T08:07:28+00:00","og_image":[{"width":800,"height":800,"url":"https:\/\/www.myautopartsfactory.com\/wp-content\/uploads\/2024\/07\/90910-AC004-4.jpg","type":"image\/jpeg"}],"twitter_card":"summary_large_image","twitter_misc":{"Tiempo de lectura":"1 minuto"},"schema":{"@context":"https:\/\/schema.org","@graph":[{"@type":"WebPage","@id":"https:\/\/www.myautopartsfactory.com\/product\/wholesale-vapor-purge-vacuum-switching-valve-90910-12283-90910-ac004-for-toyota-corolla-im-1-8l-l4-2014-2019","url":"https:\/\/www.myautopartsfactory.com\/product\/wholesale-vapor-purge-vacuum-switching-valve-90910-12283-90910-ac004-for-toyota-corolla-im-1-8l-l4-2014-2019","name":"Wholesale Vapor Purge Vacuum Switching Valve 90910-12283 90910-AC004 For Toyota Corolla iM 1.8L L4 2014-2019 - YZHIDIANF","isPartOf":{"@id":"https:\/\/www.myautopartsfactory.com\/#website"},"primaryImageOfPage":{"@id":"https:\/\/www.myautopartsfactory.com\/product\/wholesale-vapor-purge-vacuum-switching-valve-90910-12283-90910-ac004-for-toyota-corolla-im-1-8l-l4-2014-2019#primaryimage"},"image":{"@id":"https:\/\/www.myautopartsfactory.com\/product\/wholesale-vapor-purge-vacuum-switching-valve-90910-12283-90910-ac004-for-toyota-corolla-im-1-8l-l4-2014-2019#primaryimage"},"thumbnailUrl":"https:\/\/www.myautopartsfactory.com\/wp-content\/uploads\/2024\/07\/90910-AC004-4.jpg","datePublished":"2024-07-30T08:07:26+00:00","dateModified":"2024-07-30T08:07:28+00:00","breadcrumb":{"@id":"https:\/\/www.myautopartsfactory.com\/product\/wholesale-vapor-purge-vacuum-switching-valve-90910-12283-90910-ac004-for-toyota-corolla-im-1-8l-l4-2014-2019#breadcrumb"},"inLanguage":"es","potentialAction":[{"@type":"ReadAction","target":["https:\/\/www.myautopartsfactory.com\/product\/wholesale-vapor-purge-vacuum-switching-valve-90910-12283-90910-ac004-for-toyota-corolla-im-1-8l-l4-2014-2019"]}]},{"@type":"ImageObject","inLanguage":"es","@id":"https:\/\/www.myautopartsfactory.com\/product\/wholesale-vapor-purge-vacuum-switching-valve-90910-12283-90910-ac004-for-toyota-corolla-im-1-8l-l4-2014-2019#primaryimage","url":"https:\/\/www.myautopartsfactory.com\/wp-content\/uploads\/2024\/07\/90910-AC004-4.jpg","contentUrl":"https:\/\/www.myautopartsfactory.com\/wp-content\/uploads\/2024\/07\/90910-AC004-4.jpg","width":800,"height":800,"caption":"90910-AC004"},{"@type":"BreadcrumbList","@id":"https:\/\/www.myautopartsfactory.com\/product\/wholesale-vapor-purge-vacuum-switching-valve-90910-12283-90910-ac004-for-toyota-corolla-im-1-8l-l4-2014-2019#breadcrumb","itemListElement":[{"@type":"ListItem","position":1,"name":"\u9996\u9875","item":"https:\/\/www.myautopartsfactory.com\/"},{"@type":"ListItem","position":2,"name":"Wholesale Vapor Purge Vacuum Switching Valve 90910-12283 90910-AC004 For Toyota Corolla iM 1.8L L4 2014-2019"}]},{"@type":"WebSite","@id":"https:\/\/www.myautopartsfactory.com\/#website","url":"https:\/\/www.myautopartsfactory.com\/","name":"YZHIDIANF","description":"Proveedor integral de piezas de autom\u00f3vil","publisher":{"@id":"https:\/\/www.myautopartsfactory.com\/#organization"},"potentialAction":[{"@type":"SearchAction","target":{"@type":"EntryPoint","urlTemplate":"https:\/\/www.myautopartsfactory.com\/?s={search_term_string}"},"query-input":{"@type":"PropertyValueSpecification","valueRequired":true,"valueName":"search_term_string"}}],"inLanguage":"es"},{"@type":"Organization","@id":"https:\/\/www.myautopartsfactory.com\/#organization","name":"YZHIDIANF","url":"https:\/\/www.myautopartsfactory.com\/","logo":{"@type":"ImageObject","inLanguage":"es","@id":"https:\/\/www.myautopartsfactory.com\/#\/schema\/logo\/image\/","url":"https:\/\/www.myautopartsfactory.com\/wp-content\/uploads\/2024\/05\/fav.jpg","contentUrl":"https:\/\/www.myautopartsfactory.com\/wp-content\/uploads\/2024\/05\/fav.jpg","width":80,"height":80,"caption":"YZHIDIANF"},"image":{"@id":"https:\/\/www.myautopartsfactory.com\/#\/schema\/logo\/image\/"}}]}},"acf":[],"_links":{"self":[{"href":"https:\/\/www.myautopartsfactory.com\/es\/wp-json\/wp\/v2\/product\/4246","targetHints":{"allow":["GET"]}}],"collection":[{"href":"https:\/\/www.myautopartsfactory.com\/es\/wp-json\/wp\/v2\/product"}],"about":[{"href":"https:\/\/www.myautopartsfactory.com\/es\/wp-json\/wp\/v2\/types\/product"}],"version-history":[{"count":0,"href":"https:\/\/www.myautopartsfactory.com\/es\/wp-json\/wp\/v2\/product\/4246\/revisions"}],"wp:featuredmedia":[{"embeddable":true,"href":"https:\/\/www.myautopartsfactory.com\/es\/wp-json\/wp\/v2\/media\/4250"}],"wp:attachment":[{"href":"https:\/\/www.myautopartsfactory.com\/es\/wp-json\/wp\/v2\/media?parent=4246"}],"wp:term":[{"taxonomy":"product-tag","embeddable":true,"href":"https:\/\/www.myautopartsfactory.com\/es\/wp-json\/wp\/v2\/product-tag?post=4246"},{"taxonomy":"products","embeddable":true,"href":"https:\/\/www.myautopartsfactory.com\/es\/wp-json\/wp\/v2\/products?post=4246"},{"taxonomy":"brand","embeddable":true,"href":"https:\/\/www.myautopartsfactory.com\/es\/wp-json\/wp\/v2\/brand?post=4246"}],"curies":[{"name":"wp","href":"https:\/\/api.w.org\/{rel}","templated":true}]}}