{"id":3370,"date":"2024-07-17T16:32:19","date_gmt":"2024-07-17T08:32:19","guid":{"rendered":"https:\/\/www.myautopartsfactory.com\/?post_type=product&#038;p=3370"},"modified":"2025-02-10T15:12:21","modified_gmt":"2025-02-10T07:12:21","slug":"fuel-injector-nozzle-16450-rca-a01-16450rcaa01-for-honda-accord-acura-3-0l-3-2l-3-5l-v6-code-w","status":"publish","type":"product","link":"https:\/\/www.myautopartsfactory.com\/es\/product\/fuel-injector-nozzle-16450-rca-a01-16450rcaa01-for-honda-accord-acura-3-0l-3-2l-3-5l-v6-code-w","title":{"rendered":"Fuel Injector Nozzle 16450-RCA-A01 16450RCAA01 For Honda Accord ACURA 3.0L 3.2L 3.5L V6 CODE W"},"content":{"rendered":"<h2 class=\"wp-block-heading\">Caracter\u00edsticas y ventajas:<\/h2>\n\n\n\n<ul class=\"wp-block-list\">\n<li>Ajuste perfecto, f\u00e1cil instalaci\u00f3n<\/li>\n\n\n\n<li>Fabricado seg\u00fan las especificaciones de f\u00e1brica para una instalaci\u00f3n sin complicaciones.<\/li>\n\n\n\n<li>Dise\u00f1ado como un reemplazo directo para su inyector de combustible original, asegurando un excelente ajuste y rendimiento.<\/li>\n<\/ul>\n\n\n\n<h2 class=\"wp-block-heading\">Caracter\u00edsticas del producto\uff1a<\/h2>\n\n\n\n<ul class=\"wp-block-list\">\n<li>Inyecci\u00f3n de alta precisi\u00f3n: Con capacidad de inyecci\u00f3n de alta precisi\u00f3n, pulveriza en el cilindro en forma de part\u00edculas finas y uniformes, proporcionando una mejor eficiencia de combusti\u00f3n y potencia.<\/li>\n\n\n\n<li>Respuesta r\u00e1pida: Respuesta r\u00e1pida al control preciso del tiempo y la cantidad de inyecci\u00f3n para adaptarse a las necesidades de combustible en diferentes condiciones de trabajo.<\/li>\n\n\n\n<li>Duradero y fiable: Adopta materiales resistentes a altas temperaturas y tecnolog\u00eda de sellado avanzada para resistir la corrosi\u00f3n del combustible y los golpes de ariete.<\/li>\n<\/ul>","protected":false},"excerpt":{"rendered":"Features &amp; Benefits: Product Features\uff1a","protected":false},"featured_media":3373,"menu_order":0,"template":"","meta":[],"product-tag":[146],"products":[90],"brand":[46],"class_list":["post-3370","product","type-product","status-publish","has-post-thumbnail","hentry","product-tag-fuel-injector-nozzle","products-fuel-injector","brand-honda"],"yoast_head":"<!-- This site is optimized with the Yoast SEO plugin v27.3 - https:\/\/yoast.com\/product\/yoast-seo-wordpress\/ -->\n<title>Fuel Injector Nozzle 16450-RCA-A01 16450RCAA01 For Honda Accord ACURA 3.0L 3.2L 3.5L V6 CODE W - YZHIDIANF<\/title>\n<meta name=\"robots\" content=\"index, follow, max-snippet:-1, max-image-preview:large, max-video-preview:-1\" \/>\n<link rel=\"canonical\" href=\"https:\/\/www.myautopartsfactory.com\/es\/product\/fuel-injector-nozzle-16450-rca-a01-16450rcaa01-for-honda-accord-acura-3-0l-3-2l-3-5l-v6-code-w\/\" \/>\n<meta property=\"og:locale\" content=\"es_ES\" \/>\n<meta property=\"og:type\" content=\"article\" \/>\n<meta property=\"og:title\" content=\"Fuel Injector Nozzle 16450-RCA-A01 16450RCAA01 For Honda Accord ACURA 3.0L 3.2L 3.5L V6 CODE W - YZHIDIANF\" \/>\n<meta property=\"og:description\" content=\"Features &amp; Benefits: Product Features\uff1a\" \/>\n<meta property=\"og:url\" content=\"https:\/\/www.myautopartsfactory.com\/es\/product\/fuel-injector-nozzle-16450-rca-a01-16450rcaa01-for-honda-accord-acura-3-0l-3-2l-3-5l-v6-code-w\/\" \/>\n<meta property=\"og:site_name\" content=\"YZHIDIANF\" \/>\n<meta property=\"article:modified_time\" content=\"2025-02-10T07:12:21+00:00\" \/>\n<meta property=\"og:image\" content=\"https:\/\/www.myautopartsfactory.com\/wp-content\/uploads\/2024\/07\/16450-RCA-A01-3.jpg\" \/>\n\t<meta property=\"og:image:width\" content=\"800\" \/>\n\t<meta property=\"og:image:height\" content=\"800\" \/>\n\t<meta property=\"og:image:type\" content=\"image\/jpeg\" \/>\n<meta name=\"twitter:card\" content=\"summary_large_image\" \/>\n<meta name=\"twitter:label1\" content=\"Tiempo de lectura\" \/>\n\t<meta name=\"twitter:data1\" content=\"1 minuto\" \/>\n<script type=\"application\/ld+json\" class=\"yoast-schema-graph\">{\"@context\":\"https:\\\/\\\/schema.org\",\"@graph\":[{\"@type\":\"WebPage\",\"@id\":\"https:\\\/\\\/www.myautopartsfactory.com\\\/product\\\/fuel-injector-nozzle-16450-rca-a01-16450rcaa01-for-honda-accord-acura-3-0l-3-2l-3-5l-v6-code-w\",\"url\":\"https:\\\/\\\/www.myautopartsfactory.com\\\/product\\\/fuel-injector-nozzle-16450-rca-a01-16450rcaa01-for-honda-accord-acura-3-0l-3-2l-3-5l-v6-code-w\",\"name\":\"Fuel Injector Nozzle 16450-RCA-A01 16450RCAA01 For Honda Accord ACURA 3.0L 3.2L 3.5L V6 CODE W - YZHIDIANF\",\"isPartOf\":{\"@id\":\"https:\\\/\\\/www.myautopartsfactory.com\\\/#website\"},\"primaryImageOfPage\":{\"@id\":\"https:\\\/\\\/www.myautopartsfactory.com\\\/product\\\/fuel-injector-nozzle-16450-rca-a01-16450rcaa01-for-honda-accord-acura-3-0l-3-2l-3-5l-v6-code-w#primaryimage\"},\"image\":{\"@id\":\"https:\\\/\\\/www.myautopartsfactory.com\\\/product\\\/fuel-injector-nozzle-16450-rca-a01-16450rcaa01-for-honda-accord-acura-3-0l-3-2l-3-5l-v6-code-w#primaryimage\"},\"thumbnailUrl\":\"https:\\\/\\\/www.myautopartsfactory.com\\\/wp-content\\\/uploads\\\/2024\\\/07\\\/16450-RCA-A01-3.jpg\",\"datePublished\":\"2024-07-17T08:32:19+00:00\",\"dateModified\":\"2025-02-10T07:12:21+00:00\",\"breadcrumb\":{\"@id\":\"https:\\\/\\\/www.myautopartsfactory.com\\\/product\\\/fuel-injector-nozzle-16450-rca-a01-16450rcaa01-for-honda-accord-acura-3-0l-3-2l-3-5l-v6-code-w#breadcrumb\"},\"inLanguage\":\"es\",\"potentialAction\":[{\"@type\":\"ReadAction\",\"target\":[\"https:\\\/\\\/www.myautopartsfactory.com\\\/product\\\/fuel-injector-nozzle-16450-rca-a01-16450rcaa01-for-honda-accord-acura-3-0l-3-2l-3-5l-v6-code-w\"]}]},{\"@type\":\"ImageObject\",\"inLanguage\":\"es\",\"@id\":\"https:\\\/\\\/www.myautopartsfactory.com\\\/product\\\/fuel-injector-nozzle-16450-rca-a01-16450rcaa01-for-honda-accord-acura-3-0l-3-2l-3-5l-v6-code-w#primaryimage\",\"url\":\"https:\\\/\\\/www.myautopartsfactory.com\\\/wp-content\\\/uploads\\\/2024\\\/07\\\/16450-RCA-A01-3.jpg\",\"contentUrl\":\"https:\\\/\\\/www.myautopartsfactory.com\\\/wp-content\\\/uploads\\\/2024\\\/07\\\/16450-RCA-A01-3.jpg\",\"width\":800,\"height\":800,\"caption\":\"Version 1.0.0\"},{\"@type\":\"BreadcrumbList\",\"@id\":\"https:\\\/\\\/www.myautopartsfactory.com\\\/product\\\/fuel-injector-nozzle-16450-rca-a01-16450rcaa01-for-honda-accord-acura-3-0l-3-2l-3-5l-v6-code-w#breadcrumb\",\"itemListElement\":[{\"@type\":\"ListItem\",\"position\":1,\"name\":\"\u9996\u9875\",\"item\":\"https:\\\/\\\/www.myautopartsfactory.com\\\/\"},{\"@type\":\"ListItem\",\"position\":2,\"name\":\"Fuel Injector Nozzle 16450-RCA-A01 16450RCAA01 For Honda Accord ACURA 3.0L 3.2L 3.5L V6 CODE W\"}]},{\"@type\":\"WebSite\",\"@id\":\"https:\\\/\\\/www.myautopartsfactory.com\\\/#website\",\"url\":\"https:\\\/\\\/www.myautopartsfactory.com\\\/\",\"name\":\"YZHIDIANF\",\"description\":\"One-Stop Auto Parts Supplier\",\"publisher\":{\"@id\":\"https:\\\/\\\/www.myautopartsfactory.com\\\/#organization\"},\"potentialAction\":[{\"@type\":\"SearchAction\",\"target\":{\"@type\":\"EntryPoint\",\"urlTemplate\":\"https:\\\/\\\/www.myautopartsfactory.com\\\/?s={search_term_string}\"},\"query-input\":{\"@type\":\"PropertyValueSpecification\",\"valueRequired\":true,\"valueName\":\"search_term_string\"}}],\"inLanguage\":\"es\"},{\"@type\":\"Organization\",\"@id\":\"https:\\\/\\\/www.myautopartsfactory.com\\\/#organization\",\"name\":\"YZHIDIANF\",\"url\":\"https:\\\/\\\/www.myautopartsfactory.com\\\/\",\"logo\":{\"@type\":\"ImageObject\",\"inLanguage\":\"es\",\"@id\":\"https:\\\/\\\/www.myautopartsfactory.com\\\/#\\\/schema\\\/logo\\\/image\\\/\",\"url\":\"https:\\\/\\\/www.myautopartsfactory.com\\\/wp-content\\\/uploads\\\/2024\\\/05\\\/fav.jpg\",\"contentUrl\":\"https:\\\/\\\/www.myautopartsfactory.com\\\/wp-content\\\/uploads\\\/2024\\\/05\\\/fav.jpg\",\"width\":80,\"height\":80,\"caption\":\"YZHIDIANF\"},\"image\":{\"@id\":\"https:\\\/\\\/www.myautopartsfactory.com\\\/#\\\/schema\\\/logo\\\/image\\\/\"}}]}<\/script>\n<!-- \/ Yoast SEO plugin. -->","yoast_head_json":{"title":"Fuel Injector Nozzle 16450-RCA-A01 16450RCAA01 For Honda Accord ACURA 3.0L 3.2L 3.5L V6 CODE W - YZHIDIANF","robots":{"index":"index","follow":"follow","max-snippet":"max-snippet:-1","max-image-preview":"max-image-preview:large","max-video-preview":"max-video-preview:-1"},"canonical":"https:\/\/www.myautopartsfactory.com\/es\/product\/fuel-injector-nozzle-16450-rca-a01-16450rcaa01-for-honda-accord-acura-3-0l-3-2l-3-5l-v6-code-w\/","og_locale":"es_ES","og_type":"article","og_title":"Fuel Injector Nozzle 16450-RCA-A01 16450RCAA01 For Honda Accord ACURA 3.0L 3.2L 3.5L V6 CODE W - YZHIDIANF","og_description":"Features &amp; Benefits: Product Features\uff1a","og_url":"https:\/\/www.myautopartsfactory.com\/es\/product\/fuel-injector-nozzle-16450-rca-a01-16450rcaa01-for-honda-accord-acura-3-0l-3-2l-3-5l-v6-code-w\/","og_site_name":"YZHIDIANF","article_modified_time":"2025-02-10T07:12:21+00:00","og_image":[{"width":800,"height":800,"url":"https:\/\/www.myautopartsfactory.com\/wp-content\/uploads\/2024\/07\/16450-RCA-A01-3.jpg","type":"image\/jpeg"}],"twitter_card":"summary_large_image","twitter_misc":{"Tiempo de lectura":"1 minuto"},"schema":{"@context":"https:\/\/schema.org","@graph":[{"@type":"WebPage","@id":"https:\/\/www.myautopartsfactory.com\/product\/fuel-injector-nozzle-16450-rca-a01-16450rcaa01-for-honda-accord-acura-3-0l-3-2l-3-5l-v6-code-w","url":"https:\/\/www.myautopartsfactory.com\/product\/fuel-injector-nozzle-16450-rca-a01-16450rcaa01-for-honda-accord-acura-3-0l-3-2l-3-5l-v6-code-w","name":"Fuel Injector Nozzle 16450-RCA-A01 16450RCAA01 For Honda Accord ACURA 3.0L 3.2L 3.5L V6 CODE W - YZHIDIANF","isPartOf":{"@id":"https:\/\/www.myautopartsfactory.com\/#website"},"primaryImageOfPage":{"@id":"https:\/\/www.myautopartsfactory.com\/product\/fuel-injector-nozzle-16450-rca-a01-16450rcaa01-for-honda-accord-acura-3-0l-3-2l-3-5l-v6-code-w#primaryimage"},"image":{"@id":"https:\/\/www.myautopartsfactory.com\/product\/fuel-injector-nozzle-16450-rca-a01-16450rcaa01-for-honda-accord-acura-3-0l-3-2l-3-5l-v6-code-w#primaryimage"},"thumbnailUrl":"https:\/\/www.myautopartsfactory.com\/wp-content\/uploads\/2024\/07\/16450-RCA-A01-3.jpg","datePublished":"2024-07-17T08:32:19+00:00","dateModified":"2025-02-10T07:12:21+00:00","breadcrumb":{"@id":"https:\/\/www.myautopartsfactory.com\/product\/fuel-injector-nozzle-16450-rca-a01-16450rcaa01-for-honda-accord-acura-3-0l-3-2l-3-5l-v6-code-w#breadcrumb"},"inLanguage":"es","potentialAction":[{"@type":"ReadAction","target":["https:\/\/www.myautopartsfactory.com\/product\/fuel-injector-nozzle-16450-rca-a01-16450rcaa01-for-honda-accord-acura-3-0l-3-2l-3-5l-v6-code-w"]}]},{"@type":"ImageObject","inLanguage":"es","@id":"https:\/\/www.myautopartsfactory.com\/product\/fuel-injector-nozzle-16450-rca-a01-16450rcaa01-for-honda-accord-acura-3-0l-3-2l-3-5l-v6-code-w#primaryimage","url":"https:\/\/www.myautopartsfactory.com\/wp-content\/uploads\/2024\/07\/16450-RCA-A01-3.jpg","contentUrl":"https:\/\/www.myautopartsfactory.com\/wp-content\/uploads\/2024\/07\/16450-RCA-A01-3.jpg","width":800,"height":800,"caption":"Version 1.0.0"},{"@type":"BreadcrumbList","@id":"https:\/\/www.myautopartsfactory.com\/product\/fuel-injector-nozzle-16450-rca-a01-16450rcaa01-for-honda-accord-acura-3-0l-3-2l-3-5l-v6-code-w#breadcrumb","itemListElement":[{"@type":"ListItem","position":1,"name":"\u9996\u9875","item":"https:\/\/www.myautopartsfactory.com\/"},{"@type":"ListItem","position":2,"name":"Fuel Injector Nozzle 16450-RCA-A01 16450RCAA01 For Honda Accord ACURA 3.0L 3.2L 3.5L V6 CODE W"}]},{"@type":"WebSite","@id":"https:\/\/www.myautopartsfactory.com\/#website","url":"https:\/\/www.myautopartsfactory.com\/","name":"YZHIDIANF","description":"Proveedor integral de piezas de autom\u00f3vil","publisher":{"@id":"https:\/\/www.myautopartsfactory.com\/#organization"},"potentialAction":[{"@type":"SearchAction","target":{"@type":"EntryPoint","urlTemplate":"https:\/\/www.myautopartsfactory.com\/?s={search_term_string}"},"query-input":{"@type":"PropertyValueSpecification","valueRequired":true,"valueName":"search_term_string"}}],"inLanguage":"es"},{"@type":"Organization","@id":"https:\/\/www.myautopartsfactory.com\/#organization","name":"YZHIDIANF","url":"https:\/\/www.myautopartsfactory.com\/","logo":{"@type":"ImageObject","inLanguage":"es","@id":"https:\/\/www.myautopartsfactory.com\/#\/schema\/logo\/image\/","url":"https:\/\/www.myautopartsfactory.com\/wp-content\/uploads\/2024\/05\/fav.jpg","contentUrl":"https:\/\/www.myautopartsfactory.com\/wp-content\/uploads\/2024\/05\/fav.jpg","width":80,"height":80,"caption":"YZHIDIANF"},"image":{"@id":"https:\/\/www.myautopartsfactory.com\/#\/schema\/logo\/image\/"}}]}},"acf":[],"_links":{"self":[{"href":"https:\/\/www.myautopartsfactory.com\/es\/wp-json\/wp\/v2\/product\/3370","targetHints":{"allow":["GET"]}}],"collection":[{"href":"https:\/\/www.myautopartsfactory.com\/es\/wp-json\/wp\/v2\/product"}],"about":[{"href":"https:\/\/www.myautopartsfactory.com\/es\/wp-json\/wp\/v2\/types\/product"}],"version-history":[{"count":0,"href":"https:\/\/www.myautopartsfactory.com\/es\/wp-json\/wp\/v2\/product\/3370\/revisions"}],"wp:featuredmedia":[{"embeddable":true,"href":"https:\/\/www.myautopartsfactory.com\/es\/wp-json\/wp\/v2\/media\/3373"}],"wp:attachment":[{"href":"https:\/\/www.myautopartsfactory.com\/es\/wp-json\/wp\/v2\/media?parent=3370"}],"wp:term":[{"taxonomy":"product-tag","embeddable":true,"href":"https:\/\/www.myautopartsfactory.com\/es\/wp-json\/wp\/v2\/product-tag?post=3370"},{"taxonomy":"products","embeddable":true,"href":"https:\/\/www.myautopartsfactory.com\/es\/wp-json\/wp\/v2\/products?post=3370"},{"taxonomy":"brand","embeddable":true,"href":"https:\/\/www.myautopartsfactory.com\/es\/wp-json\/wp\/v2\/brand?post=3370"}],"curies":[{"name":"wp","href":"https:\/\/api.w.org\/{rel}","templated":true}]}}