{"id":278,"date":"2024-05-10T11:22:14","date_gmt":"2024-05-10T03:22:14","guid":{"rendered":"https:\/\/www.myautopartsfactory.com\/?post_type=product&#038;p=278"},"modified":"2024-05-10T11:22:15","modified_gmt":"2024-05-10T03:22:15","slug":"wholesale-car-engine-part-front-abs-wheel-speed-sensor-wht005651a-for-audi-q7-vw-porsche","status":"publish","type":"product","link":"https:\/\/www.myautopartsfactory.com\/es\/product\/wholesale-car-engine-part-front-abs-wheel-speed-sensor-wht005651a-for-audi-q7-vw-porsche","title":{"rendered":"Wholesale Car Engine Part Front ABS Wheel Speed Sensor WHT005651A For Audi Q7 VW Porsche"},"content":{"rendered":"<h2 class=\"wp-block-heading\">Caracter\u00edsticas y ventajas:<\/h2>\n\n\n\n<p>Ajuste perfecto, f\u00e1cil instalaci\u00f3n<\/p>\n\n\n\n<p>\u25cfHecho seg\u00fan las especificaciones de f\u00e1brica para una instalaci\u00f3n sin complicaciones.<\/p>\n\n\n\n<p>\u25cfDesigned as a direct replacement for your original abs wheel speed sensor, ensuring excellent fitment and performance.<\/p>\n\n\n\n<h2 class=\"wp-block-heading\">Caracter\u00edsticas del producto\uff1a<\/h2>\n\n\n\n<p>\u25cfIncrease braking effect: By monitoring the wheel speed, it ensures that the braking force of each tire can be accurately controlled, improvingbraking effect and stability.<\/p>\n\n\n\n<p>\u25cfImprove driving safety: Real-time monitoring of the speed of each tire of the vehicle, detecting that the tire is about to lock or slip,will provide targeted braking intervention to avoid vehicle loss of control or sideslip.<\/p>\n\n\n\n<p>\u25cfPrevent tire slipping: In emergency braking or slippery road conditions, the system can quickly sense changes in tire status and adjust the braking force in a timely manner to prevent tire slipping.<\/p>","protected":false},"excerpt":{"rendered":"Features &amp; Benefits: Perfect Fit, Easy Installation \u25cfMade to factory specifications for a hassle-free installation. \u25cfDesigned as a direct replacement for your original abs wheel speed sensor, ensuring excellent fitment and performance. Product Features\uff1a \u25cfIncrease braking effect: By monitoring the wheel speed, it ensures that the braking force of each tire can be accurately controlled, [&hellip;]","protected":false},"featured_media":279,"menu_order":0,"template":"","meta":[],"product-tag":[],"products":[105],"brand":[],"class_list":["post-278","product","type-product","status-publish","has-post-thumbnail","hentry","products-abs-wheel-speed-sensor"],"yoast_head":"<!-- This site is optimized with the Yoast SEO plugin v27.3 - https:\/\/yoast.com\/product\/yoast-seo-wordpress\/ -->\n<title>Wholesale Car Engine Part Front ABS Wheel Speed Sensor WHT005651A For Audi Q7 VW Porsche - YZHIDIANF<\/title>\n<meta name=\"robots\" content=\"index, follow, max-snippet:-1, max-image-preview:large, max-video-preview:-1\" \/>\n<link rel=\"canonical\" href=\"https:\/\/www.myautopartsfactory.com\/es\/product\/wholesale-car-engine-part-front-abs-wheel-speed-sensor-wht005651a-for-audi-q7-vw-porsche\/\" \/>\n<meta property=\"og:locale\" content=\"es_ES\" \/>\n<meta property=\"og:type\" content=\"article\" \/>\n<meta property=\"og:title\" content=\"Wholesale Car Engine Part Front ABS Wheel Speed Sensor WHT005651A For Audi Q7 VW Porsche - YZHIDIANF\" \/>\n<meta property=\"og:description\" content=\"Features &amp; Benefits: Perfect Fit, Easy Installation \u25cfMade to factory specifications for a hassle-free installation. \u25cfDesigned as a direct replacement for your original abs wheel speed sensor, ensuring excellent fitment and performance. Product Features\uff1a \u25cfIncrease braking effect: By monitoring the wheel speed, it ensures that the braking force of each tire can be accurately controlled, [&hellip;]\" \/>\n<meta property=\"og:url\" content=\"https:\/\/www.myautopartsfactory.com\/es\/product\/wholesale-car-engine-part-front-abs-wheel-speed-sensor-wht005651a-for-audi-q7-vw-porsche\/\" \/>\n<meta property=\"og:site_name\" content=\"YZHIDIANF\" \/>\n<meta property=\"article:modified_time\" content=\"2024-05-10T03:22:15+00:00\" \/>\n<meta property=\"og:image\" content=\"https:\/\/www.myautopartsfactory.com\/wp-content\/uploads\/2024\/05\/WHT005651A-3.jpg\" \/>\n\t<meta property=\"og:image:width\" content=\"1000\" \/>\n\t<meta property=\"og:image:height\" content=\"1000\" \/>\n\t<meta property=\"og:image:type\" content=\"image\/jpeg\" \/>\n<meta name=\"twitter:card\" content=\"summary_large_image\" \/>\n<script type=\"application\/ld+json\" class=\"yoast-schema-graph\">{\"@context\":\"https:\\\/\\\/schema.org\",\"@graph\":[{\"@type\":\"WebPage\",\"@id\":\"https:\\\/\\\/www.myautopartsfactory.com\\\/product\\\/wholesale-car-engine-part-front-abs-wheel-speed-sensor-wht005651a-for-audi-q7-vw-porsche\",\"url\":\"https:\\\/\\\/www.myautopartsfactory.com\\\/product\\\/wholesale-car-engine-part-front-abs-wheel-speed-sensor-wht005651a-for-audi-q7-vw-porsche\",\"name\":\"Wholesale Car Engine Part Front ABS Wheel Speed Sensor WHT005651A For Audi Q7 VW Porsche - YZHIDIANF\",\"isPartOf\":{\"@id\":\"https:\\\/\\\/www.myautopartsfactory.com\\\/#website\"},\"primaryImageOfPage\":{\"@id\":\"https:\\\/\\\/www.myautopartsfactory.com\\\/product\\\/wholesale-car-engine-part-front-abs-wheel-speed-sensor-wht005651a-for-audi-q7-vw-porsche#primaryimage\"},\"image\":{\"@id\":\"https:\\\/\\\/www.myautopartsfactory.com\\\/product\\\/wholesale-car-engine-part-front-abs-wheel-speed-sensor-wht005651a-for-audi-q7-vw-porsche#primaryimage\"},\"thumbnailUrl\":\"https:\\\/\\\/www.myautopartsfactory.com\\\/wp-content\\\/uploads\\\/2024\\\/05\\\/WHT005651A-3.jpg\",\"datePublished\":\"2024-05-10T03:22:14+00:00\",\"dateModified\":\"2024-05-10T03:22:15+00:00\",\"breadcrumb\":{\"@id\":\"https:\\\/\\\/www.myautopartsfactory.com\\\/product\\\/wholesale-car-engine-part-front-abs-wheel-speed-sensor-wht005651a-for-audi-q7-vw-porsche#breadcrumb\"},\"inLanguage\":\"es\",\"potentialAction\":[{\"@type\":\"ReadAction\",\"target\":[\"https:\\\/\\\/www.myautopartsfactory.com\\\/product\\\/wholesale-car-engine-part-front-abs-wheel-speed-sensor-wht005651a-for-audi-q7-vw-porsche\"]}]},{\"@type\":\"ImageObject\",\"inLanguage\":\"es\",\"@id\":\"https:\\\/\\\/www.myautopartsfactory.com\\\/product\\\/wholesale-car-engine-part-front-abs-wheel-speed-sensor-wht005651a-for-audi-q7-vw-porsche#primaryimage\",\"url\":\"https:\\\/\\\/www.myautopartsfactory.com\\\/wp-content\\\/uploads\\\/2024\\\/05\\\/WHT005651A-3.jpg\",\"contentUrl\":\"https:\\\/\\\/www.myautopartsfactory.com\\\/wp-content\\\/uploads\\\/2024\\\/05\\\/WHT005651A-3.jpg\",\"width\":1000,\"height\":1000},{\"@type\":\"BreadcrumbList\",\"@id\":\"https:\\\/\\\/www.myautopartsfactory.com\\\/product\\\/wholesale-car-engine-part-front-abs-wheel-speed-sensor-wht005651a-for-audi-q7-vw-porsche#breadcrumb\",\"itemListElement\":[{\"@type\":\"ListItem\",\"position\":1,\"name\":\"\u9996\u9875\",\"item\":\"https:\\\/\\\/www.myautopartsfactory.com\\\/\"},{\"@type\":\"ListItem\",\"position\":2,\"name\":\"Wholesale Car Engine Part Front ABS Wheel Speed Sensor WHT005651A For Audi Q7 VW Porsche\"}]},{\"@type\":\"WebSite\",\"@id\":\"https:\\\/\\\/www.myautopartsfactory.com\\\/#website\",\"url\":\"https:\\\/\\\/www.myautopartsfactory.com\\\/\",\"name\":\"YZHIDIANF\",\"description\":\"One-Stop Auto Parts Supplier\",\"publisher\":{\"@id\":\"https:\\\/\\\/www.myautopartsfactory.com\\\/#organization\"},\"potentialAction\":[{\"@type\":\"SearchAction\",\"target\":{\"@type\":\"EntryPoint\",\"urlTemplate\":\"https:\\\/\\\/www.myautopartsfactory.com\\\/?s={search_term_string}\"},\"query-input\":{\"@type\":\"PropertyValueSpecification\",\"valueRequired\":true,\"valueName\":\"search_term_string\"}}],\"inLanguage\":\"es\"},{\"@type\":\"Organization\",\"@id\":\"https:\\\/\\\/www.myautopartsfactory.com\\\/#organization\",\"name\":\"YZHIDIANF\",\"url\":\"https:\\\/\\\/www.myautopartsfactory.com\\\/\",\"logo\":{\"@type\":\"ImageObject\",\"inLanguage\":\"es\",\"@id\":\"https:\\\/\\\/www.myautopartsfactory.com\\\/#\\\/schema\\\/logo\\\/image\\\/\",\"url\":\"https:\\\/\\\/www.myautopartsfactory.com\\\/wp-content\\\/uploads\\\/2024\\\/05\\\/fav.jpg\",\"contentUrl\":\"https:\\\/\\\/www.myautopartsfactory.com\\\/wp-content\\\/uploads\\\/2024\\\/05\\\/fav.jpg\",\"width\":80,\"height\":80,\"caption\":\"YZHIDIANF\"},\"image\":{\"@id\":\"https:\\\/\\\/www.myautopartsfactory.com\\\/#\\\/schema\\\/logo\\\/image\\\/\"}}]}<\/script>\n<!-- \/ Yoast SEO plugin. -->","yoast_head_json":{"title":"Wholesale Car Engine Part Front ABS Wheel Speed Sensor WHT005651A For Audi Q7 VW Porsche - YZHIDIANF","robots":{"index":"index","follow":"follow","max-snippet":"max-snippet:-1","max-image-preview":"max-image-preview:large","max-video-preview":"max-video-preview:-1"},"canonical":"https:\/\/www.myautopartsfactory.com\/es\/product\/wholesale-car-engine-part-front-abs-wheel-speed-sensor-wht005651a-for-audi-q7-vw-porsche\/","og_locale":"es_ES","og_type":"article","og_title":"Wholesale Car Engine Part Front ABS Wheel Speed Sensor WHT005651A For Audi Q7 VW Porsche - YZHIDIANF","og_description":"Features &amp; Benefits: Perfect Fit, Easy Installation \u25cfMade to factory specifications for a hassle-free installation. \u25cfDesigned as a direct replacement for your original abs wheel speed sensor, ensuring excellent fitment and performance. Product Features\uff1a \u25cfIncrease braking effect: By monitoring the wheel speed, it ensures that the braking force of each tire can be accurately controlled, [&hellip;]","og_url":"https:\/\/www.myautopartsfactory.com\/es\/product\/wholesale-car-engine-part-front-abs-wheel-speed-sensor-wht005651a-for-audi-q7-vw-porsche\/","og_site_name":"YZHIDIANF","article_modified_time":"2024-05-10T03:22:15+00:00","og_image":[{"width":1000,"height":1000,"url":"https:\/\/www.myautopartsfactory.com\/wp-content\/uploads\/2024\/05\/WHT005651A-3.jpg","type":"image\/jpeg"}],"twitter_card":"summary_large_image","schema":{"@context":"https:\/\/schema.org","@graph":[{"@type":"WebPage","@id":"https:\/\/www.myautopartsfactory.com\/product\/wholesale-car-engine-part-front-abs-wheel-speed-sensor-wht005651a-for-audi-q7-vw-porsche","url":"https:\/\/www.myautopartsfactory.com\/product\/wholesale-car-engine-part-front-abs-wheel-speed-sensor-wht005651a-for-audi-q7-vw-porsche","name":"Wholesale Car Engine Part Front ABS Wheel Speed Sensor WHT005651A For Audi Q7 VW Porsche - YZHIDIANF","isPartOf":{"@id":"https:\/\/www.myautopartsfactory.com\/#website"},"primaryImageOfPage":{"@id":"https:\/\/www.myautopartsfactory.com\/product\/wholesale-car-engine-part-front-abs-wheel-speed-sensor-wht005651a-for-audi-q7-vw-porsche#primaryimage"},"image":{"@id":"https:\/\/www.myautopartsfactory.com\/product\/wholesale-car-engine-part-front-abs-wheel-speed-sensor-wht005651a-for-audi-q7-vw-porsche#primaryimage"},"thumbnailUrl":"https:\/\/www.myautopartsfactory.com\/wp-content\/uploads\/2024\/05\/WHT005651A-3.jpg","datePublished":"2024-05-10T03:22:14+00:00","dateModified":"2024-05-10T03:22:15+00:00","breadcrumb":{"@id":"https:\/\/www.myautopartsfactory.com\/product\/wholesale-car-engine-part-front-abs-wheel-speed-sensor-wht005651a-for-audi-q7-vw-porsche#breadcrumb"},"inLanguage":"es","potentialAction":[{"@type":"ReadAction","target":["https:\/\/www.myautopartsfactory.com\/product\/wholesale-car-engine-part-front-abs-wheel-speed-sensor-wht005651a-for-audi-q7-vw-porsche"]}]},{"@type":"ImageObject","inLanguage":"es","@id":"https:\/\/www.myautopartsfactory.com\/product\/wholesale-car-engine-part-front-abs-wheel-speed-sensor-wht005651a-for-audi-q7-vw-porsche#primaryimage","url":"https:\/\/www.myautopartsfactory.com\/wp-content\/uploads\/2024\/05\/WHT005651A-3.jpg","contentUrl":"https:\/\/www.myautopartsfactory.com\/wp-content\/uploads\/2024\/05\/WHT005651A-3.jpg","width":1000,"height":1000},{"@type":"BreadcrumbList","@id":"https:\/\/www.myautopartsfactory.com\/product\/wholesale-car-engine-part-front-abs-wheel-speed-sensor-wht005651a-for-audi-q7-vw-porsche#breadcrumb","itemListElement":[{"@type":"ListItem","position":1,"name":"\u9996\u9875","item":"https:\/\/www.myautopartsfactory.com\/"},{"@type":"ListItem","position":2,"name":"Wholesale Car Engine Part Front ABS Wheel Speed Sensor WHT005651A For Audi Q7 VW Porsche"}]},{"@type":"WebSite","@id":"https:\/\/www.myautopartsfactory.com\/#website","url":"https:\/\/www.myautopartsfactory.com\/","name":"YZHIDIANF","description":"Proveedor integral de piezas de autom\u00f3vil","publisher":{"@id":"https:\/\/www.myautopartsfactory.com\/#organization"},"potentialAction":[{"@type":"SearchAction","target":{"@type":"EntryPoint","urlTemplate":"https:\/\/www.myautopartsfactory.com\/?s={search_term_string}"},"query-input":{"@type":"PropertyValueSpecification","valueRequired":true,"valueName":"search_term_string"}}],"inLanguage":"es"},{"@type":"Organization","@id":"https:\/\/www.myautopartsfactory.com\/#organization","name":"YZHIDIANF","url":"https:\/\/www.myautopartsfactory.com\/","logo":{"@type":"ImageObject","inLanguage":"es","@id":"https:\/\/www.myautopartsfactory.com\/#\/schema\/logo\/image\/","url":"https:\/\/www.myautopartsfactory.com\/wp-content\/uploads\/2024\/05\/fav.jpg","contentUrl":"https:\/\/www.myautopartsfactory.com\/wp-content\/uploads\/2024\/05\/fav.jpg","width":80,"height":80,"caption":"YZHIDIANF"},"image":{"@id":"https:\/\/www.myautopartsfactory.com\/#\/schema\/logo\/image\/"}}]}},"acf":[],"_links":{"self":[{"href":"https:\/\/www.myautopartsfactory.com\/es\/wp-json\/wp\/v2\/product\/278","targetHints":{"allow":["GET"]}}],"collection":[{"href":"https:\/\/www.myautopartsfactory.com\/es\/wp-json\/wp\/v2\/product"}],"about":[{"href":"https:\/\/www.myautopartsfactory.com\/es\/wp-json\/wp\/v2\/types\/product"}],"version-history":[{"count":0,"href":"https:\/\/www.myautopartsfactory.com\/es\/wp-json\/wp\/v2\/product\/278\/revisions"}],"wp:featuredmedia":[{"embeddable":true,"href":"https:\/\/www.myautopartsfactory.com\/es\/wp-json\/wp\/v2\/media\/279"}],"wp:attachment":[{"href":"https:\/\/www.myautopartsfactory.com\/es\/wp-json\/wp\/v2\/media?parent=278"}],"wp:term":[{"taxonomy":"product-tag","embeddable":true,"href":"https:\/\/www.myautopartsfactory.com\/es\/wp-json\/wp\/v2\/product-tag?post=278"},{"taxonomy":"products","embeddable":true,"href":"https:\/\/www.myautopartsfactory.com\/es\/wp-json\/wp\/v2\/products?post=278"},{"taxonomy":"brand","embeddable":true,"href":"https:\/\/www.myautopartsfactory.com\/es\/wp-json\/wp\/v2\/brand?post=278"}],"curies":[{"name":"wp","href":"https:\/\/api.w.org\/{rel}","templated":true}]}}