{"id":2358,"date":"2024-06-19T11:31:14","date_gmt":"2024-06-19T03:31:14","guid":{"rendered":"https:\/\/www.myautopartsfactory.com\/?post_type=product&#038;p=2358"},"modified":"2024-06-19T11:31:16","modified_gmt":"2024-06-19T03:31:16","slug":"wholesale-knock-sensor-car-engine-parts-06f905377-for-vw-passat-jetta-iii-golf-vi-audi","status":"publish","type":"product","link":"https:\/\/www.myautopartsfactory.com\/es\/product\/wholesale-knock-sensor-car-engine-parts-06f905377-for-vw-passat-jetta-iii-golf-vi-audi","title":{"rendered":"Mayorista Knock Sensor Piezas del motor del coche 06F905377 Para VW Passat Jetta III Golf VI Audi"},"content":{"rendered":"<h2 class=\"wp-block-heading\">Caracter\u00edsticas y ventajas:<\/h2>\n\n\n\n<p>Ajuste perfecto, f\u00e1cil instalaci\u00f3n<\/p>\n\n\n\n<p>\u25cfHecho seg\u00fan las especificaciones de f\u00e1brica para una instalaci\u00f3n sin complicaciones.<\/p>\n\n\n\n<p>\u25cfDise\u00f1ado como un reemplazo directo para su sensor de golpe original, asegurando un excelente ajuste y rendimiento.<\/p>\n\n\n\n<h2 class=\"wp-block-heading\">Caracter\u00edsticas del producto\uff1a<\/h2>\n\n\n\n<p>\u25cfRespuesta de alta frecuencia: Responde r\u00e1pidamente a las se\u00f1ales de golpe de alta frecuencia y las convierte en salida de se\u00f1al el\u00e9ctrica.<\/p>\n\n\n\n<p>\u25cfAlta sensibilidad: puede detectar con precisi\u00f3n la aparici\u00f3n de golpeteo en la c\u00e1mara de combusti\u00f3n del motor de combusti\u00f3n interna.<\/p>\n\n\n\n<p>F\u00e1cil de instalar y usar: El sensor de golpes es peque\u00f1o en tama\u00f1o, ligero en peso, f\u00e1cil de instalar y tiene un dise\u00f1o de interfaz simple para un uso f\u00e1cil.<\/p>\n\n\n\n<p>Alta estabilidad: Usando la tecnolog\u00eda y los materiales avanzados del embalaje, puede mantener alta estabilidad en varios ambientes de trabajo duros.<\/p>\n\n\n\n<p>\u25cfAlta fiabilidad: El dise\u00f1o adopta m\u00faltiples medidas de protecci\u00f3n para evitar eficazmente fallos causados por interferencias externas u otras razones.<\/p>\n\n\n\n<p>\u25cfAlta precisi\u00f3n: Tiene capacidades de medici\u00f3n de alta precisi\u00f3n y puede medir con precisi\u00f3n la amplitud, la frecuencia y otros par\u00e1metros de la se\u00f1al de golpe.<\/p>","protected":false},"excerpt":{"rendered":"Features &amp; Benefits: \u25cfPerfect Fit, Easy Installation \u25cfMade to factory specifications for a hassle-free installation. \u25cfDesigned as a direct replacement for your original knock sensor, ensuring excellent fitment and performance. Product Features\uff1a \u25cfHigh-frequency response: Quickly respond to high-frequency knock signals and convert them into electrical signal output. \u25cfHigh sensitivity: can accurately detect the occurrence of [&hellip;]","protected":false},"featured_media":2364,"menu_order":0,"template":"","meta":[],"product-tag":[],"products":[8],"brand":[63],"class_list":["post-2358","product","type-product","status-publish","has-post-thumbnail","hentry","products-knock-sensor","brand-audi"],"yoast_head":"<!-- This site is optimized with the Yoast SEO plugin v27.3 - https:\/\/yoast.com\/product\/yoast-seo-wordpress\/ -->\n<title>Wholesale Knock Sensor Car Engine Parts 06F905377 For VW Passat Jetta III Golf VI Audi - YZHIDIANF<\/title>\n<meta name=\"robots\" content=\"index, follow, max-snippet:-1, max-image-preview:large, max-video-preview:-1\" \/>\n<link rel=\"canonical\" href=\"https:\/\/www.myautopartsfactory.com\/es\/product\/wholesale-knock-sensor-car-engine-parts-06f905377-for-vw-passat-jetta-iii-golf-vi-audi\/\" \/>\n<meta property=\"og:locale\" content=\"es_ES\" \/>\n<meta property=\"og:type\" content=\"article\" \/>\n<meta property=\"og:title\" content=\"Wholesale Knock Sensor Car Engine Parts 06F905377 For VW Passat Jetta III Golf VI Audi - YZHIDIANF\" \/>\n<meta property=\"og:description\" content=\"Features &amp; Benefits: \u25cfPerfect Fit, Easy Installation \u25cfMade to factory specifications for a hassle-free installation. \u25cfDesigned as a direct replacement for your original knock sensor, ensuring excellent fitment and performance. Product Features\uff1a \u25cfHigh-frequency response: Quickly respond to high-frequency knock signals and convert them into electrical signal output. \u25cfHigh sensitivity: can accurately detect the occurrence of [&hellip;]\" \/>\n<meta property=\"og:url\" content=\"https:\/\/www.myautopartsfactory.com\/es\/product\/wholesale-knock-sensor-car-engine-parts-06f905377-for-vw-passat-jetta-iii-golf-vi-audi\/\" \/>\n<meta property=\"og:site_name\" content=\"YZHIDIANF\" \/>\n<meta property=\"article:modified_time\" content=\"2024-06-19T03:31:16+00:00\" \/>\n<meta property=\"og:image\" content=\"https:\/\/www.myautopartsfactory.com\/wp-content\/uploads\/2024\/06\/06F905377-7.jpg\" \/>\n\t<meta property=\"og:image:width\" content=\"800\" \/>\n\t<meta property=\"og:image:height\" content=\"800\" \/>\n\t<meta property=\"og:image:type\" content=\"image\/jpeg\" \/>\n<meta name=\"twitter:card\" content=\"summary_large_image\" \/>\n<meta name=\"twitter:label1\" content=\"Tiempo de lectura\" \/>\n\t<meta name=\"twitter:data1\" content=\"2 minutos\" \/>\n<script type=\"application\/ld+json\" class=\"yoast-schema-graph\">{\"@context\":\"https:\\\/\\\/schema.org\",\"@graph\":[{\"@type\":\"WebPage\",\"@id\":\"https:\\\/\\\/www.myautopartsfactory.com\\\/product\\\/wholesale-knock-sensor-car-engine-parts-06f905377-for-vw-passat-jetta-iii-golf-vi-audi\",\"url\":\"https:\\\/\\\/www.myautopartsfactory.com\\\/product\\\/wholesale-knock-sensor-car-engine-parts-06f905377-for-vw-passat-jetta-iii-golf-vi-audi\",\"name\":\"Wholesale Knock Sensor Car Engine Parts 06F905377 For VW Passat Jetta III Golf VI Audi - YZHIDIANF\",\"isPartOf\":{\"@id\":\"https:\\\/\\\/www.myautopartsfactory.com\\\/#website\"},\"primaryImageOfPage\":{\"@id\":\"https:\\\/\\\/www.myautopartsfactory.com\\\/product\\\/wholesale-knock-sensor-car-engine-parts-06f905377-for-vw-passat-jetta-iii-golf-vi-audi#primaryimage\"},\"image\":{\"@id\":\"https:\\\/\\\/www.myautopartsfactory.com\\\/product\\\/wholesale-knock-sensor-car-engine-parts-06f905377-for-vw-passat-jetta-iii-golf-vi-audi#primaryimage\"},\"thumbnailUrl\":\"https:\\\/\\\/www.myautopartsfactory.com\\\/wp-content\\\/uploads\\\/2024\\\/06\\\/06F905377-7.jpg\",\"datePublished\":\"2024-06-19T03:31:14+00:00\",\"dateModified\":\"2024-06-19T03:31:16+00:00\",\"breadcrumb\":{\"@id\":\"https:\\\/\\\/www.myautopartsfactory.com\\\/product\\\/wholesale-knock-sensor-car-engine-parts-06f905377-for-vw-passat-jetta-iii-golf-vi-audi#breadcrumb\"},\"inLanguage\":\"es\",\"potentialAction\":[{\"@type\":\"ReadAction\",\"target\":[\"https:\\\/\\\/www.myautopartsfactory.com\\\/product\\\/wholesale-knock-sensor-car-engine-parts-06f905377-for-vw-passat-jetta-iii-golf-vi-audi\"]}]},{\"@type\":\"ImageObject\",\"inLanguage\":\"es\",\"@id\":\"https:\\\/\\\/www.myautopartsfactory.com\\\/product\\\/wholesale-knock-sensor-car-engine-parts-06f905377-for-vw-passat-jetta-iii-golf-vi-audi#primaryimage\",\"url\":\"https:\\\/\\\/www.myautopartsfactory.com\\\/wp-content\\\/uploads\\\/2024\\\/06\\\/06F905377-7.jpg\",\"contentUrl\":\"https:\\\/\\\/www.myautopartsfactory.com\\\/wp-content\\\/uploads\\\/2024\\\/06\\\/06F905377-7.jpg\",\"width\":800,\"height\":800},{\"@type\":\"BreadcrumbList\",\"@id\":\"https:\\\/\\\/www.myautopartsfactory.com\\\/product\\\/wholesale-knock-sensor-car-engine-parts-06f905377-for-vw-passat-jetta-iii-golf-vi-audi#breadcrumb\",\"itemListElement\":[{\"@type\":\"ListItem\",\"position\":1,\"name\":\"\u9996\u9875\",\"item\":\"https:\\\/\\\/www.myautopartsfactory.com\\\/\"},{\"@type\":\"ListItem\",\"position\":2,\"name\":\"Wholesale Knock Sensor Car Engine Parts 06F905377 For VW Passat Jetta III Golf VI Audi\"}]},{\"@type\":\"WebSite\",\"@id\":\"https:\\\/\\\/www.myautopartsfactory.com\\\/#website\",\"url\":\"https:\\\/\\\/www.myautopartsfactory.com\\\/\",\"name\":\"YZHIDIANF\",\"description\":\"One-Stop Auto Parts Supplier\",\"publisher\":{\"@id\":\"https:\\\/\\\/www.myautopartsfactory.com\\\/#organization\"},\"potentialAction\":[{\"@type\":\"SearchAction\",\"target\":{\"@type\":\"EntryPoint\",\"urlTemplate\":\"https:\\\/\\\/www.myautopartsfactory.com\\\/?s={search_term_string}\"},\"query-input\":{\"@type\":\"PropertyValueSpecification\",\"valueRequired\":true,\"valueName\":\"search_term_string\"}}],\"inLanguage\":\"es\"},{\"@type\":\"Organization\",\"@id\":\"https:\\\/\\\/www.myautopartsfactory.com\\\/#organization\",\"name\":\"YZHIDIANF\",\"url\":\"https:\\\/\\\/www.myautopartsfactory.com\\\/\",\"logo\":{\"@type\":\"ImageObject\",\"inLanguage\":\"es\",\"@id\":\"https:\\\/\\\/www.myautopartsfactory.com\\\/#\\\/schema\\\/logo\\\/image\\\/\",\"url\":\"https:\\\/\\\/www.myautopartsfactory.com\\\/wp-content\\\/uploads\\\/2024\\\/05\\\/fav.jpg\",\"contentUrl\":\"https:\\\/\\\/www.myautopartsfactory.com\\\/wp-content\\\/uploads\\\/2024\\\/05\\\/fav.jpg\",\"width\":80,\"height\":80,\"caption\":\"YZHIDIANF\"},\"image\":{\"@id\":\"https:\\\/\\\/www.myautopartsfactory.com\\\/#\\\/schema\\\/logo\\\/image\\\/\"}}]}<\/script>\n<!-- \/ Yoast SEO plugin. -->","yoast_head_json":{"title":"Wholesale Knock Sensor Car Engine Parts 06F905377 For VW Passat Jetta III Golf VI Audi - YZHIDIANF","robots":{"index":"index","follow":"follow","max-snippet":"max-snippet:-1","max-image-preview":"max-image-preview:large","max-video-preview":"max-video-preview:-1"},"canonical":"https:\/\/www.myautopartsfactory.com\/es\/product\/wholesale-knock-sensor-car-engine-parts-06f905377-for-vw-passat-jetta-iii-golf-vi-audi\/","og_locale":"es_ES","og_type":"article","og_title":"Wholesale Knock Sensor Car Engine Parts 06F905377 For VW Passat Jetta III Golf VI Audi - YZHIDIANF","og_description":"Features &amp; Benefits: \u25cfPerfect Fit, Easy Installation \u25cfMade to factory specifications for a hassle-free installation. \u25cfDesigned as a direct replacement for your original knock sensor, ensuring excellent fitment and performance. Product Features\uff1a \u25cfHigh-frequency response: Quickly respond to high-frequency knock signals and convert them into electrical signal output. \u25cfHigh sensitivity: can accurately detect the occurrence of [&hellip;]","og_url":"https:\/\/www.myautopartsfactory.com\/es\/product\/wholesale-knock-sensor-car-engine-parts-06f905377-for-vw-passat-jetta-iii-golf-vi-audi\/","og_site_name":"YZHIDIANF","article_modified_time":"2024-06-19T03:31:16+00:00","og_image":[{"width":800,"height":800,"url":"https:\/\/www.myautopartsfactory.com\/wp-content\/uploads\/2024\/06\/06F905377-7.jpg","type":"image\/jpeg"}],"twitter_card":"summary_large_image","twitter_misc":{"Tiempo de lectura":"2 minutos"},"schema":{"@context":"https:\/\/schema.org","@graph":[{"@type":"WebPage","@id":"https:\/\/www.myautopartsfactory.com\/product\/wholesale-knock-sensor-car-engine-parts-06f905377-for-vw-passat-jetta-iii-golf-vi-audi","url":"https:\/\/www.myautopartsfactory.com\/product\/wholesale-knock-sensor-car-engine-parts-06f905377-for-vw-passat-jetta-iii-golf-vi-audi","name":"Wholesale Knock Sensor Car Engine Parts 06F905377 For VW Passat Jetta III Golf VI Audi - YZHIDIANF","isPartOf":{"@id":"https:\/\/www.myautopartsfactory.com\/#website"},"primaryImageOfPage":{"@id":"https:\/\/www.myautopartsfactory.com\/product\/wholesale-knock-sensor-car-engine-parts-06f905377-for-vw-passat-jetta-iii-golf-vi-audi#primaryimage"},"image":{"@id":"https:\/\/www.myautopartsfactory.com\/product\/wholesale-knock-sensor-car-engine-parts-06f905377-for-vw-passat-jetta-iii-golf-vi-audi#primaryimage"},"thumbnailUrl":"https:\/\/www.myautopartsfactory.com\/wp-content\/uploads\/2024\/06\/06F905377-7.jpg","datePublished":"2024-06-19T03:31:14+00:00","dateModified":"2024-06-19T03:31:16+00:00","breadcrumb":{"@id":"https:\/\/www.myautopartsfactory.com\/product\/wholesale-knock-sensor-car-engine-parts-06f905377-for-vw-passat-jetta-iii-golf-vi-audi#breadcrumb"},"inLanguage":"es","potentialAction":[{"@type":"ReadAction","target":["https:\/\/www.myautopartsfactory.com\/product\/wholesale-knock-sensor-car-engine-parts-06f905377-for-vw-passat-jetta-iii-golf-vi-audi"]}]},{"@type":"ImageObject","inLanguage":"es","@id":"https:\/\/www.myautopartsfactory.com\/product\/wholesale-knock-sensor-car-engine-parts-06f905377-for-vw-passat-jetta-iii-golf-vi-audi#primaryimage","url":"https:\/\/www.myautopartsfactory.com\/wp-content\/uploads\/2024\/06\/06F905377-7.jpg","contentUrl":"https:\/\/www.myautopartsfactory.com\/wp-content\/uploads\/2024\/06\/06F905377-7.jpg","width":800,"height":800},{"@type":"BreadcrumbList","@id":"https:\/\/www.myautopartsfactory.com\/product\/wholesale-knock-sensor-car-engine-parts-06f905377-for-vw-passat-jetta-iii-golf-vi-audi#breadcrumb","itemListElement":[{"@type":"ListItem","position":1,"name":"\u9996\u9875","item":"https:\/\/www.myautopartsfactory.com\/"},{"@type":"ListItem","position":2,"name":"Wholesale Knock Sensor Car Engine Parts 06F905377 For VW Passat Jetta III Golf VI Audi"}]},{"@type":"WebSite","@id":"https:\/\/www.myautopartsfactory.com\/#website","url":"https:\/\/www.myautopartsfactory.com\/","name":"YZHIDIANF","description":"Proveedor integral de piezas de autom\u00f3vil","publisher":{"@id":"https:\/\/www.myautopartsfactory.com\/#organization"},"potentialAction":[{"@type":"SearchAction","target":{"@type":"EntryPoint","urlTemplate":"https:\/\/www.myautopartsfactory.com\/?s={search_term_string}"},"query-input":{"@type":"PropertyValueSpecification","valueRequired":true,"valueName":"search_term_string"}}],"inLanguage":"es"},{"@type":"Organization","@id":"https:\/\/www.myautopartsfactory.com\/#organization","name":"YZHIDIANF","url":"https:\/\/www.myautopartsfactory.com\/","logo":{"@type":"ImageObject","inLanguage":"es","@id":"https:\/\/www.myautopartsfactory.com\/#\/schema\/logo\/image\/","url":"https:\/\/www.myautopartsfactory.com\/wp-content\/uploads\/2024\/05\/fav.jpg","contentUrl":"https:\/\/www.myautopartsfactory.com\/wp-content\/uploads\/2024\/05\/fav.jpg","width":80,"height":80,"caption":"YZHIDIANF"},"image":{"@id":"https:\/\/www.myautopartsfactory.com\/#\/schema\/logo\/image\/"}}]}},"acf":[],"_links":{"self":[{"href":"https:\/\/www.myautopartsfactory.com\/es\/wp-json\/wp\/v2\/product\/2358","targetHints":{"allow":["GET"]}}],"collection":[{"href":"https:\/\/www.myautopartsfactory.com\/es\/wp-json\/wp\/v2\/product"}],"about":[{"href":"https:\/\/www.myautopartsfactory.com\/es\/wp-json\/wp\/v2\/types\/product"}],"version-history":[{"count":0,"href":"https:\/\/www.myautopartsfactory.com\/es\/wp-json\/wp\/v2\/product\/2358\/revisions"}],"wp:featuredmedia":[{"embeddable":true,"href":"https:\/\/www.myautopartsfactory.com\/es\/wp-json\/wp\/v2\/media\/2364"}],"wp:attachment":[{"href":"https:\/\/www.myautopartsfactory.com\/es\/wp-json\/wp\/v2\/media?parent=2358"}],"wp:term":[{"taxonomy":"product-tag","embeddable":true,"href":"https:\/\/www.myautopartsfactory.com\/es\/wp-json\/wp\/v2\/product-tag?post=2358"},{"taxonomy":"products","embeddable":true,"href":"https:\/\/www.myautopartsfactory.com\/es\/wp-json\/wp\/v2\/products?post=2358"},{"taxonomy":"brand","embeddable":true,"href":"https:\/\/www.myautopartsfactory.com\/es\/wp-json\/wp\/v2\/brand?post=2358"}],"curies":[{"name":"wp","href":"https:\/\/api.w.org\/{rel}","templated":true}]}}