{"id":1972,"date":"2024-06-17T14:25:09","date_gmt":"2024-06-17T06:25:09","guid":{"rendered":"https:\/\/www.myautopartsfactory.com\/?post_type=product&#038;p=1972"},"modified":"2024-06-17T14:25:10","modified_gmt":"2024-06-17T06:25:10","slug":"wholesale-car-transmission-speed-sensor-mr122305-wau2716001-for-mitsubish-l200-l400-space-gear-pajero-shogun-montero-1994-2000","status":"publish","type":"product","link":"https:\/\/www.myautopartsfactory.com\/es\/product\/wholesale-car-transmission-speed-sensor-mr122305-wau2716001-for-mitsubish-l200-l400-space-gear-pajero-shogun-montero-1994-2000","title":{"rendered":"Wholesale Car Transmission Speed Sensor MR122305 WAU2716001 For Mitsubish L200 L400 Space Gear Pajero Shogun Montero 1994-2000"},"content":{"rendered":"<h2 class=\"wp-block-heading\">Caracter\u00edsticas y ventajas:<\/h2>\n\n\n\n<p>Ajuste perfecto, f\u00e1cil instalaci\u00f3n<\/p>\n\n\n\n<p>\u25cfHecho seg\u00fan las especificaciones de f\u00e1brica para una instalaci\u00f3n sin complicaciones.<\/p>\n\n\n\n<p>\u25cfDesigned as a direct replacement for your original Transmission Speed Sensor, ensuring excellent fitment and performance.<\/p>\n\n\n\n<h2 class=\"wp-block-heading\">Caracter\u00edsticas del producto\uff1a<\/h2>\n\n\n\n<p>\u25cf<strong>High accuracy:<\/strong>&nbsp;High accuracy, very small speed changes can be measured.<\/p>\n\n\n\n<p>\u25cf<strong>Diversity:&nbsp;<\/strong>Suitable for different types of object motion, including linear motion and rotational motion.<\/p>\n\n\n\n<p>\u25cf<strong>Easy to install:<\/strong>&nbsp;Typically designed to be small and lightweight, they are easy to install in a variety of devices.<\/p>\n\n\n\n<p>\u25cf<strong>Low power consumption:<\/strong>&nbsp;With low power consumption design, it can extend battery life and save energy costs.<\/p>\n\n\n\n<p><strong>Fast response:&nbsp;<\/strong>It has the ability to respond quickly, detect and feedback the movement speed of objects in real time.<\/p>\n\n\n\n<p>\u25cf<strong>Durabilidad:<\/strong>&nbsp; Made of high-strength materials, it has good durability and shock resistance and can be used in harsh environments.<\/p>","protected":false},"excerpt":{"rendered":"Features &amp; Benefits: \u25cfPerfect Fit, Easy Installation \u25cfMade to factory specifications for a hassle-free installation. \u25cfDesigned as a direct replacement for your original Transmission Speed Sensor, ensuring excellent fitment and performance. Product Features\uff1a \u25cfHigh accuracy:&nbsp;High accuracy, very small speed changes can be measured. \u25cfDiversity:&nbsp;Suitable for different types of object motion, including linear motion and rotational [&hellip;]","protected":false},"featured_media":1978,"menu_order":0,"template":"","meta":[],"product-tag":[],"products":[87],"brand":[49],"class_list":["post-1972","product","type-product","status-publish","has-post-thumbnail","hentry","products-transmission-speed-sensor","brand-mitsubishi"],"yoast_head":"<!-- This site is optimized with the Yoast SEO plugin v27.3 - https:\/\/yoast.com\/product\/yoast-seo-wordpress\/ -->\n<title>Wholesale Car Transmission Speed Sensor MR122305 WAU2716001 For Mitsubish L200 L400 Space Gear Pajero Shogun Montero 1994-2000 - YZHIDIANF<\/title>\n<meta name=\"robots\" content=\"index, follow, max-snippet:-1, max-image-preview:large, max-video-preview:-1\" \/>\n<link rel=\"canonical\" href=\"https:\/\/www.myautopartsfactory.com\/es\/product\/wholesale-car-transmission-speed-sensor-mr122305-wau2716001-for-mitsubish-l200-l400-space-gear-pajero-shogun-montero-1994-2000\/\" \/>\n<meta property=\"og:locale\" content=\"es_ES\" \/>\n<meta property=\"og:type\" content=\"article\" \/>\n<meta property=\"og:title\" content=\"Wholesale Car Transmission Speed Sensor MR122305 WAU2716001 For Mitsubish L200 L400 Space Gear Pajero Shogun Montero 1994-2000 - YZHIDIANF\" \/>\n<meta property=\"og:description\" content=\"Features &amp; Benefits: \u25cfPerfect Fit, Easy Installation \u25cfMade to factory specifications for a hassle-free installation. \u25cfDesigned as a direct replacement for your original Transmission Speed Sensor, ensuring excellent fitment and performance. Product Features\uff1a \u25cfHigh accuracy:&nbsp;High accuracy, very small speed changes can be measured. \u25cfDiversity:&nbsp;Suitable for different types of object motion, including linear motion and rotational [&hellip;]\" \/>\n<meta property=\"og:url\" content=\"https:\/\/www.myautopartsfactory.com\/es\/product\/wholesale-car-transmission-speed-sensor-mr122305-wau2716001-for-mitsubish-l200-l400-space-gear-pajero-shogun-montero-1994-2000\/\" \/>\n<meta property=\"og:site_name\" content=\"YZHIDIANF\" \/>\n<meta property=\"article:modified_time\" content=\"2024-06-17T06:25:10+00:00\" \/>\n<meta property=\"og:image\" content=\"https:\/\/www.myautopartsfactory.com\/wp-content\/uploads\/2024\/06\/MR122305-6.jpg\" \/>\n\t<meta property=\"og:image:width\" content=\"800\" \/>\n\t<meta property=\"og:image:height\" content=\"800\" \/>\n\t<meta property=\"og:image:type\" content=\"image\/jpeg\" \/>\n<meta name=\"twitter:card\" content=\"summary_large_image\" \/>\n<meta name=\"twitter:label1\" content=\"Tiempo de lectura\" \/>\n\t<meta name=\"twitter:data1\" content=\"1 minuto\" \/>\n<script type=\"application\/ld+json\" class=\"yoast-schema-graph\">{\"@context\":\"https:\\\/\\\/schema.org\",\"@graph\":[{\"@type\":\"WebPage\",\"@id\":\"https:\\\/\\\/www.myautopartsfactory.com\\\/product\\\/wholesale-car-transmission-speed-sensor-mr122305-wau2716001-for-mitsubish-l200-l400-space-gear-pajero-shogun-montero-1994-2000\",\"url\":\"https:\\\/\\\/www.myautopartsfactory.com\\\/product\\\/wholesale-car-transmission-speed-sensor-mr122305-wau2716001-for-mitsubish-l200-l400-space-gear-pajero-shogun-montero-1994-2000\",\"name\":\"Wholesale Car Transmission Speed Sensor MR122305 WAU2716001 For Mitsubish L200 L400 Space Gear Pajero Shogun Montero 1994-2000 - YZHIDIANF\",\"isPartOf\":{\"@id\":\"https:\\\/\\\/www.myautopartsfactory.com\\\/#website\"},\"primaryImageOfPage\":{\"@id\":\"https:\\\/\\\/www.myautopartsfactory.com\\\/product\\\/wholesale-car-transmission-speed-sensor-mr122305-wau2716001-for-mitsubish-l200-l400-space-gear-pajero-shogun-montero-1994-2000#primaryimage\"},\"image\":{\"@id\":\"https:\\\/\\\/www.myautopartsfactory.com\\\/product\\\/wholesale-car-transmission-speed-sensor-mr122305-wau2716001-for-mitsubish-l200-l400-space-gear-pajero-shogun-montero-1994-2000#primaryimage\"},\"thumbnailUrl\":\"https:\\\/\\\/www.myautopartsfactory.com\\\/wp-content\\\/uploads\\\/2024\\\/06\\\/MR122305-6.jpg\",\"datePublished\":\"2024-06-17T06:25:09+00:00\",\"dateModified\":\"2024-06-17T06:25:10+00:00\",\"breadcrumb\":{\"@id\":\"https:\\\/\\\/www.myautopartsfactory.com\\\/product\\\/wholesale-car-transmission-speed-sensor-mr122305-wau2716001-for-mitsubish-l200-l400-space-gear-pajero-shogun-montero-1994-2000#breadcrumb\"},\"inLanguage\":\"es\",\"potentialAction\":[{\"@type\":\"ReadAction\",\"target\":[\"https:\\\/\\\/www.myautopartsfactory.com\\\/product\\\/wholesale-car-transmission-speed-sensor-mr122305-wau2716001-for-mitsubish-l200-l400-space-gear-pajero-shogun-montero-1994-2000\"]}]},{\"@type\":\"ImageObject\",\"inLanguage\":\"es\",\"@id\":\"https:\\\/\\\/www.myautopartsfactory.com\\\/product\\\/wholesale-car-transmission-speed-sensor-mr122305-wau2716001-for-mitsubish-l200-l400-space-gear-pajero-shogun-montero-1994-2000#primaryimage\",\"url\":\"https:\\\/\\\/www.myautopartsfactory.com\\\/wp-content\\\/uploads\\\/2024\\\/06\\\/MR122305-6.jpg\",\"contentUrl\":\"https:\\\/\\\/www.myautopartsfactory.com\\\/wp-content\\\/uploads\\\/2024\\\/06\\\/MR122305-6.jpg\",\"width\":800,\"height\":800},{\"@type\":\"BreadcrumbList\",\"@id\":\"https:\\\/\\\/www.myautopartsfactory.com\\\/product\\\/wholesale-car-transmission-speed-sensor-mr122305-wau2716001-for-mitsubish-l200-l400-space-gear-pajero-shogun-montero-1994-2000#breadcrumb\",\"itemListElement\":[{\"@type\":\"ListItem\",\"position\":1,\"name\":\"\u9996\u9875\",\"item\":\"https:\\\/\\\/www.myautopartsfactory.com\\\/\"},{\"@type\":\"ListItem\",\"position\":2,\"name\":\"Wholesale Car Transmission Speed Sensor MR122305 WAU2716001 For Mitsubish L200 L400 Space Gear Pajero Shogun Montero 1994-2000\"}]},{\"@type\":\"WebSite\",\"@id\":\"https:\\\/\\\/www.myautopartsfactory.com\\\/#website\",\"url\":\"https:\\\/\\\/www.myautopartsfactory.com\\\/\",\"name\":\"YZHIDIANF\",\"description\":\"One-Stop Auto Parts Supplier\",\"publisher\":{\"@id\":\"https:\\\/\\\/www.myautopartsfactory.com\\\/#organization\"},\"potentialAction\":[{\"@type\":\"SearchAction\",\"target\":{\"@type\":\"EntryPoint\",\"urlTemplate\":\"https:\\\/\\\/www.myautopartsfactory.com\\\/?s={search_term_string}\"},\"query-input\":{\"@type\":\"PropertyValueSpecification\",\"valueRequired\":true,\"valueName\":\"search_term_string\"}}],\"inLanguage\":\"es\"},{\"@type\":\"Organization\",\"@id\":\"https:\\\/\\\/www.myautopartsfactory.com\\\/#organization\",\"name\":\"YZHIDIANF\",\"url\":\"https:\\\/\\\/www.myautopartsfactory.com\\\/\",\"logo\":{\"@type\":\"ImageObject\",\"inLanguage\":\"es\",\"@id\":\"https:\\\/\\\/www.myautopartsfactory.com\\\/#\\\/schema\\\/logo\\\/image\\\/\",\"url\":\"https:\\\/\\\/www.myautopartsfactory.com\\\/wp-content\\\/uploads\\\/2024\\\/05\\\/fav.jpg\",\"contentUrl\":\"https:\\\/\\\/www.myautopartsfactory.com\\\/wp-content\\\/uploads\\\/2024\\\/05\\\/fav.jpg\",\"width\":80,\"height\":80,\"caption\":\"YZHIDIANF\"},\"image\":{\"@id\":\"https:\\\/\\\/www.myautopartsfactory.com\\\/#\\\/schema\\\/logo\\\/image\\\/\"}}]}<\/script>\n<!-- \/ Yoast SEO plugin. -->","yoast_head_json":{"title":"Wholesale Car Transmission Speed Sensor MR122305 WAU2716001 For Mitsubish L200 L400 Space Gear Pajero Shogun Montero 1994-2000 - YZHIDIANF","robots":{"index":"index","follow":"follow","max-snippet":"max-snippet:-1","max-image-preview":"max-image-preview:large","max-video-preview":"max-video-preview:-1"},"canonical":"https:\/\/www.myautopartsfactory.com\/es\/product\/wholesale-car-transmission-speed-sensor-mr122305-wau2716001-for-mitsubish-l200-l400-space-gear-pajero-shogun-montero-1994-2000\/","og_locale":"es_ES","og_type":"article","og_title":"Wholesale Car Transmission Speed Sensor MR122305 WAU2716001 For Mitsubish L200 L400 Space Gear Pajero Shogun Montero 1994-2000 - YZHIDIANF","og_description":"Features &amp; Benefits: \u25cfPerfect Fit, Easy Installation \u25cfMade to factory specifications for a hassle-free installation. \u25cfDesigned as a direct replacement for your original Transmission Speed Sensor, ensuring excellent fitment and performance. Product Features\uff1a \u25cfHigh accuracy:&nbsp;High accuracy, very small speed changes can be measured. \u25cfDiversity:&nbsp;Suitable for different types of object motion, including linear motion and rotational [&hellip;]","og_url":"https:\/\/www.myautopartsfactory.com\/es\/product\/wholesale-car-transmission-speed-sensor-mr122305-wau2716001-for-mitsubish-l200-l400-space-gear-pajero-shogun-montero-1994-2000\/","og_site_name":"YZHIDIANF","article_modified_time":"2024-06-17T06:25:10+00:00","og_image":[{"width":800,"height":800,"url":"https:\/\/www.myautopartsfactory.com\/wp-content\/uploads\/2024\/06\/MR122305-6.jpg","type":"image\/jpeg"}],"twitter_card":"summary_large_image","twitter_misc":{"Tiempo de lectura":"1 minuto"},"schema":{"@context":"https:\/\/schema.org","@graph":[{"@type":"WebPage","@id":"https:\/\/www.myautopartsfactory.com\/product\/wholesale-car-transmission-speed-sensor-mr122305-wau2716001-for-mitsubish-l200-l400-space-gear-pajero-shogun-montero-1994-2000","url":"https:\/\/www.myautopartsfactory.com\/product\/wholesale-car-transmission-speed-sensor-mr122305-wau2716001-for-mitsubish-l200-l400-space-gear-pajero-shogun-montero-1994-2000","name":"Wholesale Car Transmission Speed Sensor MR122305 WAU2716001 For Mitsubish L200 L400 Space Gear Pajero Shogun Montero 1994-2000 - YZHIDIANF","isPartOf":{"@id":"https:\/\/www.myautopartsfactory.com\/#website"},"primaryImageOfPage":{"@id":"https:\/\/www.myautopartsfactory.com\/product\/wholesale-car-transmission-speed-sensor-mr122305-wau2716001-for-mitsubish-l200-l400-space-gear-pajero-shogun-montero-1994-2000#primaryimage"},"image":{"@id":"https:\/\/www.myautopartsfactory.com\/product\/wholesale-car-transmission-speed-sensor-mr122305-wau2716001-for-mitsubish-l200-l400-space-gear-pajero-shogun-montero-1994-2000#primaryimage"},"thumbnailUrl":"https:\/\/www.myautopartsfactory.com\/wp-content\/uploads\/2024\/06\/MR122305-6.jpg","datePublished":"2024-06-17T06:25:09+00:00","dateModified":"2024-06-17T06:25:10+00:00","breadcrumb":{"@id":"https:\/\/www.myautopartsfactory.com\/product\/wholesale-car-transmission-speed-sensor-mr122305-wau2716001-for-mitsubish-l200-l400-space-gear-pajero-shogun-montero-1994-2000#breadcrumb"},"inLanguage":"es","potentialAction":[{"@type":"ReadAction","target":["https:\/\/www.myautopartsfactory.com\/product\/wholesale-car-transmission-speed-sensor-mr122305-wau2716001-for-mitsubish-l200-l400-space-gear-pajero-shogun-montero-1994-2000"]}]},{"@type":"ImageObject","inLanguage":"es","@id":"https:\/\/www.myautopartsfactory.com\/product\/wholesale-car-transmission-speed-sensor-mr122305-wau2716001-for-mitsubish-l200-l400-space-gear-pajero-shogun-montero-1994-2000#primaryimage","url":"https:\/\/www.myautopartsfactory.com\/wp-content\/uploads\/2024\/06\/MR122305-6.jpg","contentUrl":"https:\/\/www.myautopartsfactory.com\/wp-content\/uploads\/2024\/06\/MR122305-6.jpg","width":800,"height":800},{"@type":"BreadcrumbList","@id":"https:\/\/www.myautopartsfactory.com\/product\/wholesale-car-transmission-speed-sensor-mr122305-wau2716001-for-mitsubish-l200-l400-space-gear-pajero-shogun-montero-1994-2000#breadcrumb","itemListElement":[{"@type":"ListItem","position":1,"name":"\u9996\u9875","item":"https:\/\/www.myautopartsfactory.com\/"},{"@type":"ListItem","position":2,"name":"Wholesale Car Transmission Speed Sensor MR122305 WAU2716001 For Mitsubish L200 L400 Space Gear Pajero Shogun Montero 1994-2000"}]},{"@type":"WebSite","@id":"https:\/\/www.myautopartsfactory.com\/#website","url":"https:\/\/www.myautopartsfactory.com\/","name":"YZHIDIANF","description":"Proveedor integral de piezas de autom\u00f3vil","publisher":{"@id":"https:\/\/www.myautopartsfactory.com\/#organization"},"potentialAction":[{"@type":"SearchAction","target":{"@type":"EntryPoint","urlTemplate":"https:\/\/www.myautopartsfactory.com\/?s={search_term_string}"},"query-input":{"@type":"PropertyValueSpecification","valueRequired":true,"valueName":"search_term_string"}}],"inLanguage":"es"},{"@type":"Organization","@id":"https:\/\/www.myautopartsfactory.com\/#organization","name":"YZHIDIANF","url":"https:\/\/www.myautopartsfactory.com\/","logo":{"@type":"ImageObject","inLanguage":"es","@id":"https:\/\/www.myautopartsfactory.com\/#\/schema\/logo\/image\/","url":"https:\/\/www.myautopartsfactory.com\/wp-content\/uploads\/2024\/05\/fav.jpg","contentUrl":"https:\/\/www.myautopartsfactory.com\/wp-content\/uploads\/2024\/05\/fav.jpg","width":80,"height":80,"caption":"YZHIDIANF"},"image":{"@id":"https:\/\/www.myautopartsfactory.com\/#\/schema\/logo\/image\/"}}]}},"acf":[],"_links":{"self":[{"href":"https:\/\/www.myautopartsfactory.com\/es\/wp-json\/wp\/v2\/product\/1972","targetHints":{"allow":["GET"]}}],"collection":[{"href":"https:\/\/www.myautopartsfactory.com\/es\/wp-json\/wp\/v2\/product"}],"about":[{"href":"https:\/\/www.myautopartsfactory.com\/es\/wp-json\/wp\/v2\/types\/product"}],"version-history":[{"count":0,"href":"https:\/\/www.myautopartsfactory.com\/es\/wp-json\/wp\/v2\/product\/1972\/revisions"}],"wp:featuredmedia":[{"embeddable":true,"href":"https:\/\/www.myautopartsfactory.com\/es\/wp-json\/wp\/v2\/media\/1978"}],"wp:attachment":[{"href":"https:\/\/www.myautopartsfactory.com\/es\/wp-json\/wp\/v2\/media?parent=1972"}],"wp:term":[{"taxonomy":"product-tag","embeddable":true,"href":"https:\/\/www.myautopartsfactory.com\/es\/wp-json\/wp\/v2\/product-tag?post=1972"},{"taxonomy":"products","embeddable":true,"href":"https:\/\/www.myautopartsfactory.com\/es\/wp-json\/wp\/v2\/products?post=1972"},{"taxonomy":"brand","embeddable":true,"href":"https:\/\/www.myautopartsfactory.com\/es\/wp-json\/wp\/v2\/brand?post=1972"}],"curies":[{"name":"wp","href":"https:\/\/api.w.org\/{rel}","templated":true}]}}