{"id":1849,"date":"2024-06-14T17:26:51","date_gmt":"2024-06-14T09:26:51","guid":{"rendered":"https:\/\/www.myautopartsfactory.com\/?post_type=product&#038;p=1849"},"modified":"2024-06-24T09:26:39","modified_gmt":"2024-06-24T01:26:39","slug":"wholesale-abs-wheel-speed-sensor-9665386780-for-peugeot-mpv-3008-307-308-rcz","status":"publish","type":"product","link":"https:\/\/www.myautopartsfactory.com\/es\/product\/wholesale-abs-wheel-speed-sensor-9665386780-for-peugeot-mpv-3008-307-308-rcz","title":{"rendered":"Wholesale ABS Wheel Speed Sensor 9665386780 For Peugeot MPV 3008 307 308 RCZ"},"content":{"rendered":"<h2 class=\"wp-block-heading\"><strong>Caracter\u00edsticas y ventajas:<\/strong><\/h2>\n\n\n\n<ul class=\"wp-block-list\">\n<li>Ajuste perfecto, f\u00e1cil instalaci\u00f3n<\/li>\n\n\n\n<li>Fabricado seg\u00fan las especificaciones de f\u00e1brica para una instalaci\u00f3n sin complicaciones.<\/li>\n\n\n\n<li>Dise\u00f1ado como un reemplazo directo para su sensor de velocidad de la rueda abs original, garantizando un excelente ajuste y rendimiento.<\/li>\n<\/ul>\n\n\n\n<h2 class=\"wp-block-heading\"><strong>Caracter\u00edsticas del producto\uff1a<\/strong><\/h2>\n\n\n\n<ul class=\"wp-block-list\">\n<li><strong>Mejorar el confort de conducci\u00f3n:<\/strong> La supervisi\u00f3n inteligente del veh\u00edculo hace que la fuerza de frenado sea m\u00e1s estable y precisa, mejorando el confort de conducci\u00f3n.<\/li>\n\n\n\n<li><strong>Mejorar la eficacia de frenado: <\/strong>Supervisa la velocidad de las ruedas para garantizar un control preciso de la fuerza de frenado de cada neum\u00e1tico, mejorar la eficacia de frenado y la estabilidad.<\/li>\n\n\n\n<li><strong>Evita el deslizamiento de los neum\u00e1ticos: <\/strong>En frenadas de emergencia o en carreteras resbaladizas, perciba r\u00e1pidamente los cambios en el estado de los neum\u00e1ticos y ajuste la fuerza de frenado a tiempo.<\/li>\n<\/ul>","protected":false},"excerpt":{"rendered":"Features &amp; Benefits: Product Features\uff1a","protected":false},"featured_media":1855,"menu_order":0,"template":"","meta":[],"product-tag":[],"products":[105],"brand":[69],"class_list":["post-1849","product","type-product","status-publish","has-post-thumbnail","hentry","products-abs-wheel-speed-sensor","brand-peugeot"],"yoast_head":"<!-- This site is optimized with the Yoast SEO plugin v27.3 - https:\/\/yoast.com\/product\/yoast-seo-wordpress\/ -->\n<title>Wholesale ABS Wheel Speed Sensor 9665386780 For Peugeot MPV 3008 307 308 RCZ - YZHIDIANF<\/title>\n<meta name=\"robots\" content=\"index, follow, max-snippet:-1, max-image-preview:large, max-video-preview:-1\" \/>\n<link rel=\"canonical\" href=\"https:\/\/www.myautopartsfactory.com\/es\/product\/wholesale-abs-wheel-speed-sensor-9665386780-for-peugeot-mpv-3008-307-308-rcz\/\" \/>\n<meta property=\"og:locale\" content=\"es_ES\" \/>\n<meta property=\"og:type\" content=\"article\" \/>\n<meta property=\"og:title\" content=\"Wholesale ABS Wheel Speed Sensor 9665386780 For Peugeot MPV 3008 307 308 RCZ - YZHIDIANF\" \/>\n<meta property=\"og:description\" content=\"Features &amp; Benefits: Product Features\uff1a\" \/>\n<meta property=\"og:url\" content=\"https:\/\/www.myautopartsfactory.com\/es\/product\/wholesale-abs-wheel-speed-sensor-9665386780-for-peugeot-mpv-3008-307-308-rcz\/\" \/>\n<meta property=\"og:site_name\" content=\"YZHIDIANF\" \/>\n<meta property=\"article:modified_time\" content=\"2024-06-24T01:26:39+00:00\" \/>\n<meta property=\"og:image\" content=\"https:\/\/www.myautopartsfactory.com\/wp-content\/uploads\/2024\/06\/9665386780-6.jpg\" \/>\n\t<meta property=\"og:image:width\" content=\"800\" \/>\n\t<meta property=\"og:image:height\" content=\"800\" \/>\n\t<meta property=\"og:image:type\" content=\"image\/jpeg\" \/>\n<meta name=\"twitter:card\" content=\"summary_large_image\" \/>\n<meta name=\"twitter:label1\" content=\"Tiempo de lectura\" \/>\n\t<meta name=\"twitter:data1\" content=\"1 minuto\" \/>\n<script type=\"application\/ld+json\" class=\"yoast-schema-graph\">{\"@context\":\"https:\\\/\\\/schema.org\",\"@graph\":[{\"@type\":\"WebPage\",\"@id\":\"https:\\\/\\\/www.myautopartsfactory.com\\\/product\\\/wholesale-abs-wheel-speed-sensor-9665386780-for-peugeot-mpv-3008-307-308-rcz\",\"url\":\"https:\\\/\\\/www.myautopartsfactory.com\\\/product\\\/wholesale-abs-wheel-speed-sensor-9665386780-for-peugeot-mpv-3008-307-308-rcz\",\"name\":\"Wholesale ABS Wheel Speed Sensor 9665386780 For Peugeot MPV 3008 307 308 RCZ - YZHIDIANF\",\"isPartOf\":{\"@id\":\"https:\\\/\\\/www.myautopartsfactory.com\\\/#website\"},\"primaryImageOfPage\":{\"@id\":\"https:\\\/\\\/www.myautopartsfactory.com\\\/product\\\/wholesale-abs-wheel-speed-sensor-9665386780-for-peugeot-mpv-3008-307-308-rcz#primaryimage\"},\"image\":{\"@id\":\"https:\\\/\\\/www.myautopartsfactory.com\\\/product\\\/wholesale-abs-wheel-speed-sensor-9665386780-for-peugeot-mpv-3008-307-308-rcz#primaryimage\"},\"thumbnailUrl\":\"https:\\\/\\\/www.myautopartsfactory.com\\\/wp-content\\\/uploads\\\/2024\\\/06\\\/9665386780-6.jpg\",\"datePublished\":\"2024-06-14T09:26:51+00:00\",\"dateModified\":\"2024-06-24T01:26:39+00:00\",\"breadcrumb\":{\"@id\":\"https:\\\/\\\/www.myautopartsfactory.com\\\/product\\\/wholesale-abs-wheel-speed-sensor-9665386780-for-peugeot-mpv-3008-307-308-rcz#breadcrumb\"},\"inLanguage\":\"es\",\"potentialAction\":[{\"@type\":\"ReadAction\",\"target\":[\"https:\\\/\\\/www.myautopartsfactory.com\\\/product\\\/wholesale-abs-wheel-speed-sensor-9665386780-for-peugeot-mpv-3008-307-308-rcz\"]}]},{\"@type\":\"ImageObject\",\"inLanguage\":\"es\",\"@id\":\"https:\\\/\\\/www.myautopartsfactory.com\\\/product\\\/wholesale-abs-wheel-speed-sensor-9665386780-for-peugeot-mpv-3008-307-308-rcz#primaryimage\",\"url\":\"https:\\\/\\\/www.myautopartsfactory.com\\\/wp-content\\\/uploads\\\/2024\\\/06\\\/9665386780-6.jpg\",\"contentUrl\":\"https:\\\/\\\/www.myautopartsfactory.com\\\/wp-content\\\/uploads\\\/2024\\\/06\\\/9665386780-6.jpg\",\"width\":800,\"height\":800},{\"@type\":\"BreadcrumbList\",\"@id\":\"https:\\\/\\\/www.myautopartsfactory.com\\\/product\\\/wholesale-abs-wheel-speed-sensor-9665386780-for-peugeot-mpv-3008-307-308-rcz#breadcrumb\",\"itemListElement\":[{\"@type\":\"ListItem\",\"position\":1,\"name\":\"\u9996\u9875\",\"item\":\"https:\\\/\\\/www.myautopartsfactory.com\\\/\"},{\"@type\":\"ListItem\",\"position\":2,\"name\":\"Wholesale ABS Wheel Speed Sensor 9665386780 For Peugeot MPV 3008 307 308 RCZ\"}]},{\"@type\":\"WebSite\",\"@id\":\"https:\\\/\\\/www.myautopartsfactory.com\\\/#website\",\"url\":\"https:\\\/\\\/www.myautopartsfactory.com\\\/\",\"name\":\"YZHIDIANF\",\"description\":\"One-Stop Auto Parts Supplier\",\"publisher\":{\"@id\":\"https:\\\/\\\/www.myautopartsfactory.com\\\/#organization\"},\"potentialAction\":[{\"@type\":\"SearchAction\",\"target\":{\"@type\":\"EntryPoint\",\"urlTemplate\":\"https:\\\/\\\/www.myautopartsfactory.com\\\/?s={search_term_string}\"},\"query-input\":{\"@type\":\"PropertyValueSpecification\",\"valueRequired\":true,\"valueName\":\"search_term_string\"}}],\"inLanguage\":\"es\"},{\"@type\":\"Organization\",\"@id\":\"https:\\\/\\\/www.myautopartsfactory.com\\\/#organization\",\"name\":\"YZHIDIANF\",\"url\":\"https:\\\/\\\/www.myautopartsfactory.com\\\/\",\"logo\":{\"@type\":\"ImageObject\",\"inLanguage\":\"es\",\"@id\":\"https:\\\/\\\/www.myautopartsfactory.com\\\/#\\\/schema\\\/logo\\\/image\\\/\",\"url\":\"https:\\\/\\\/www.myautopartsfactory.com\\\/wp-content\\\/uploads\\\/2024\\\/05\\\/fav.jpg\",\"contentUrl\":\"https:\\\/\\\/www.myautopartsfactory.com\\\/wp-content\\\/uploads\\\/2024\\\/05\\\/fav.jpg\",\"width\":80,\"height\":80,\"caption\":\"YZHIDIANF\"},\"image\":{\"@id\":\"https:\\\/\\\/www.myautopartsfactory.com\\\/#\\\/schema\\\/logo\\\/image\\\/\"}}]}<\/script>\n<!-- \/ Yoast SEO plugin. -->","yoast_head_json":{"title":"Wholesale ABS Wheel Speed Sensor 9665386780 For Peugeot MPV 3008 307 308 RCZ - YZHIDIANF","robots":{"index":"index","follow":"follow","max-snippet":"max-snippet:-1","max-image-preview":"max-image-preview:large","max-video-preview":"max-video-preview:-1"},"canonical":"https:\/\/www.myautopartsfactory.com\/es\/product\/wholesale-abs-wheel-speed-sensor-9665386780-for-peugeot-mpv-3008-307-308-rcz\/","og_locale":"es_ES","og_type":"article","og_title":"Wholesale ABS Wheel Speed Sensor 9665386780 For Peugeot MPV 3008 307 308 RCZ - YZHIDIANF","og_description":"Features &amp; Benefits: Product Features\uff1a","og_url":"https:\/\/www.myautopartsfactory.com\/es\/product\/wholesale-abs-wheel-speed-sensor-9665386780-for-peugeot-mpv-3008-307-308-rcz\/","og_site_name":"YZHIDIANF","article_modified_time":"2024-06-24T01:26:39+00:00","og_image":[{"width":800,"height":800,"url":"https:\/\/www.myautopartsfactory.com\/wp-content\/uploads\/2024\/06\/9665386780-6.jpg","type":"image\/jpeg"}],"twitter_card":"summary_large_image","twitter_misc":{"Tiempo de lectura":"1 minuto"},"schema":{"@context":"https:\/\/schema.org","@graph":[{"@type":"WebPage","@id":"https:\/\/www.myautopartsfactory.com\/product\/wholesale-abs-wheel-speed-sensor-9665386780-for-peugeot-mpv-3008-307-308-rcz","url":"https:\/\/www.myautopartsfactory.com\/product\/wholesale-abs-wheel-speed-sensor-9665386780-for-peugeot-mpv-3008-307-308-rcz","name":"Wholesale ABS Wheel Speed Sensor 9665386780 For Peugeot MPV 3008 307 308 RCZ - YZHIDIANF","isPartOf":{"@id":"https:\/\/www.myautopartsfactory.com\/#website"},"primaryImageOfPage":{"@id":"https:\/\/www.myautopartsfactory.com\/product\/wholesale-abs-wheel-speed-sensor-9665386780-for-peugeot-mpv-3008-307-308-rcz#primaryimage"},"image":{"@id":"https:\/\/www.myautopartsfactory.com\/product\/wholesale-abs-wheel-speed-sensor-9665386780-for-peugeot-mpv-3008-307-308-rcz#primaryimage"},"thumbnailUrl":"https:\/\/www.myautopartsfactory.com\/wp-content\/uploads\/2024\/06\/9665386780-6.jpg","datePublished":"2024-06-14T09:26:51+00:00","dateModified":"2024-06-24T01:26:39+00:00","breadcrumb":{"@id":"https:\/\/www.myautopartsfactory.com\/product\/wholesale-abs-wheel-speed-sensor-9665386780-for-peugeot-mpv-3008-307-308-rcz#breadcrumb"},"inLanguage":"es","potentialAction":[{"@type":"ReadAction","target":["https:\/\/www.myautopartsfactory.com\/product\/wholesale-abs-wheel-speed-sensor-9665386780-for-peugeot-mpv-3008-307-308-rcz"]}]},{"@type":"ImageObject","inLanguage":"es","@id":"https:\/\/www.myautopartsfactory.com\/product\/wholesale-abs-wheel-speed-sensor-9665386780-for-peugeot-mpv-3008-307-308-rcz#primaryimage","url":"https:\/\/www.myautopartsfactory.com\/wp-content\/uploads\/2024\/06\/9665386780-6.jpg","contentUrl":"https:\/\/www.myautopartsfactory.com\/wp-content\/uploads\/2024\/06\/9665386780-6.jpg","width":800,"height":800},{"@type":"BreadcrumbList","@id":"https:\/\/www.myautopartsfactory.com\/product\/wholesale-abs-wheel-speed-sensor-9665386780-for-peugeot-mpv-3008-307-308-rcz#breadcrumb","itemListElement":[{"@type":"ListItem","position":1,"name":"\u9996\u9875","item":"https:\/\/www.myautopartsfactory.com\/"},{"@type":"ListItem","position":2,"name":"Wholesale ABS Wheel Speed Sensor 9665386780 For Peugeot MPV 3008 307 308 RCZ"}]},{"@type":"WebSite","@id":"https:\/\/www.myautopartsfactory.com\/#website","url":"https:\/\/www.myautopartsfactory.com\/","name":"YZHIDIANF","description":"Proveedor integral de piezas de autom\u00f3vil","publisher":{"@id":"https:\/\/www.myautopartsfactory.com\/#organization"},"potentialAction":[{"@type":"SearchAction","target":{"@type":"EntryPoint","urlTemplate":"https:\/\/www.myautopartsfactory.com\/?s={search_term_string}"},"query-input":{"@type":"PropertyValueSpecification","valueRequired":true,"valueName":"search_term_string"}}],"inLanguage":"es"},{"@type":"Organization","@id":"https:\/\/www.myautopartsfactory.com\/#organization","name":"YZHIDIANF","url":"https:\/\/www.myautopartsfactory.com\/","logo":{"@type":"ImageObject","inLanguage":"es","@id":"https:\/\/www.myautopartsfactory.com\/#\/schema\/logo\/image\/","url":"https:\/\/www.myautopartsfactory.com\/wp-content\/uploads\/2024\/05\/fav.jpg","contentUrl":"https:\/\/www.myautopartsfactory.com\/wp-content\/uploads\/2024\/05\/fav.jpg","width":80,"height":80,"caption":"YZHIDIANF"},"image":{"@id":"https:\/\/www.myautopartsfactory.com\/#\/schema\/logo\/image\/"}}]}},"acf":[],"_links":{"self":[{"href":"https:\/\/www.myautopartsfactory.com\/es\/wp-json\/wp\/v2\/product\/1849","targetHints":{"allow":["GET"]}}],"collection":[{"href":"https:\/\/www.myautopartsfactory.com\/es\/wp-json\/wp\/v2\/product"}],"about":[{"href":"https:\/\/www.myautopartsfactory.com\/es\/wp-json\/wp\/v2\/types\/product"}],"version-history":[{"count":0,"href":"https:\/\/www.myautopartsfactory.com\/es\/wp-json\/wp\/v2\/product\/1849\/revisions"}],"wp:featuredmedia":[{"embeddable":true,"href":"https:\/\/www.myautopartsfactory.com\/es\/wp-json\/wp\/v2\/media\/1855"}],"wp:attachment":[{"href":"https:\/\/www.myautopartsfactory.com\/es\/wp-json\/wp\/v2\/media?parent=1849"}],"wp:term":[{"taxonomy":"product-tag","embeddable":true,"href":"https:\/\/www.myautopartsfactory.com\/es\/wp-json\/wp\/v2\/product-tag?post=1849"},{"taxonomy":"products","embeddable":true,"href":"https:\/\/www.myautopartsfactory.com\/es\/wp-json\/wp\/v2\/products?post=1849"},{"taxonomy":"brand","embeddable":true,"href":"https:\/\/www.myautopartsfactory.com\/es\/wp-json\/wp\/v2\/brand?post=1849"}],"curies":[{"name":"wp","href":"https:\/\/api.w.org\/{rel}","templated":true}]}}