{"id":213,"date":"2024-04-17T14:07:51","date_gmt":"2024-04-17T06:07:51","guid":{"rendered":"https:\/\/www.myautopartsfactory.com\/?page_id=213"},"modified":"2025-10-20T16:26:16","modified_gmt":"2025-10-20T08:26:16","slug":"terms-conditions","status":"publish","type":"page","link":"https:\/\/www.myautopartsfactory.com\/es\/terms-conditions","title":{"rendered":"Condiciones generales"},"content":{"rendered":"<h1 class=\"wp-block-heading has-text-align-center\">Condiciones generales<\/h1>\n\n\n\n<p>Estos T\u00e9rminos y Condiciones de Uso (en adelante \u201cT\u00e9rminos de Uso\u201d) se aplican a los sitios web - www.myautopartsfactory.com - (colectivamente, el \u201cSitio Web YZHIDIAN\u201d), que son propiedad y est\u00e1n operados por YZHIDIAN, Inc. (en adelante \u201cYZHIDIAN\u201d). Estas Condiciones de Uso, junto con nuestra Pol\u00edtica de Privacidad y Pol\u00edtica de Cookies, forman colectivamente un acuerdo (en adelante \u201cAcuerdo\u201d) entre usted, el usuario final, y YZHIDIAN.<\/p>\n\n\n\n<p>El uso del Sitio Web YZHIDIAN est\u00e1 condicionado a la aceptaci\u00f3n por su parte, sin modificaci\u00f3n alguna, de los t\u00e9rminos, condiciones y avisos contenidos en el presente Contrato. Al acceder, utilizar, descargar, visualizar y\/o instalar cualquier Contenido del Sitio Web de YZHIDIAN o los Servicios del Sitio Web ofrecidos en el Sitio Web de YZHIDIAN, usted reconoce que ha le\u00eddo el presente Acuerdo en su totalidad, que lo comprende y que acepta las Condiciones de Uso, la Pol\u00edtica de Privacidad y la Pol\u00edtica de Cookies incluidas en el presente Acuerdo.<\/p>\n\n\n\n<p>Usted tambi\u00e9n acepta que ninguna representaci\u00f3n escrita u oral hecha por YZHIDIAN y sus distribuidores, agentes o empleados aumentar\u00e1 el alcance de las secciones Garant\u00eda Limitada y Limitaciones de Responsabilidad establecidas a continuaci\u00f3n en este Contrato.<\/p>\n\n\n\n<p>Su uso del Sitio Web YZHIDIAN constituye su aceptaci\u00f3n de los t\u00e9rminos y condiciones del presente Contrato. Si no est\u00e1 de acuerdo con los t\u00e9rminos y condiciones del presente Contrato, no acceda al Sitio Web YZHIDIAN ni utilice, descargue, guarde, visualice o instale ning\u00fan Contenido o Servicio del Sitio Web.<\/p>\n\n\n\n<p>I. Definiciones<br>\u201cInformaci\u00f3n Digital\u201d significa cualquier dato accesible desde el Sitio Web de YZHIDIAN, que incluye, pero no se limita a, cualquier texto, tablas, hojas de c\u00e1lculo, gr\u00e1ficos, documentos, im\u00e1genes o fotos, o software contenido en archivos digitales.<\/p>\n\n\n\n<p>\u201cPor \u201dContenido del Sitio Web\" se entiende la informaci\u00f3n digital que puede obtenerse descargando, guardando o copiando del Sitio Web de YZHIDIAN y que luego usted, el usuario final, almacena, instala, ejecuta, utiliza, visualiza, edita o manipula. Dicho Contenido del Sitio Web puede incluir t\u00e9rminos y condiciones adicionales seg\u00fan se establezca en un acuerdo separado que acompa\u00f1e a dichas partes.<\/p>\n\n\n\n<p>\u201cPor \u201dServicios del Sitio Web\" se entiende la informaci\u00f3n digital puesta a su disposici\u00f3n, el usuario final, para descargar, guardar o copiar del Sitio Web de YZHIDIAN.<\/p>\n\n\n\n<p>II. Modificaci\u00f3n<br>YZHIDIAN se reserva el derecho de enmendar y modificar estas Condiciones de Uso en cualquier momento con o sin previo aviso. Su acceso o uso continuado del Contenido del Sitio Web o de los Servicios del Sitio Web implica su aceptaci\u00f3n de cualesquiera nuevos t\u00e9rminos y condiciones. Si se opone a cualquier nuevo t\u00e9rmino o condici\u00f3n: (a) interrumpa el acceso y uso del Sitio Web de YZHIDIAN y de todos los Contenidos del Sitio Web y Servicios del Sitio Web; y (b) devuelva todos los Contenidos del Sitio Web a YZHIDIAN o destruya todos los Contenidos del Sitio Web que est\u00e9n en su posesi\u00f3n o bajo su control.<\/p>\n\n\n\n<p>YZHIDIAN puede realizar cambios en cualquier momento en el Contenido del Sitio Web, en el Servicio del Sitio Web o en cualquier elemento al que se haga referencia en los mismos sin previo aviso y no est\u00e1 obligado a dar soporte o actualizar el Contenido del Sitio Web o los Servicios del Sitio Web.<\/p>\n\n\n\n<p>III. Conductas prohibidas<br>El acceso y uso del Sitio Web de YZHIDIAN y del Contenido del Sitio Web se concede como una licencia, no como una transferencia de titularidad, y se limita estrictamente a fines informativos y para ning\u00fan otro fin. Todos los derechos no concedidos expresamente en este documento est\u00e1n expresamente reservados a YZHIDIAN y no se entender\u00e1 impl\u00edcito ning\u00fan otro derecho. Sin perjuicio de lo anterior, y a menos que se acuerde lo contrario por escrito con YZHIDIAN, usted reconoce las siguientes restricciones espec\u00edficas sobre su uso del Sitio Web de YZHIDIAN y el Contenido del Sitio Web:<\/p>\n\n\n\n<p>Queda prohibido copiar, modificar, alterar, adaptar, alquilar, vender, distribuir, mostrar p\u00fablicamente, ejecutar o transferir cualquier parte del Contenido del Sitio Web o de la Informaci\u00f3n Digital, crear cualquier trabajo derivado basado en cualquier parte del Contenido del Sitio Web o de la Informaci\u00f3n Digital, o utilizar cualquier parte del Contenido del Sitio Web o de la Informaci\u00f3n Digital para cualquier fin comercial, salvo lo dispuesto anteriormente;<br>Usted no puede obtener ni intentar obtener material o informaci\u00f3n utilizando otros medios que aquellos expresa e intencionalmente ofrecidos a tal efecto en el Sitio Web YZHIDIAN;<br>Queda prohibido intentar realizar ingenier\u00eda inversa, descompilar o desensamblar cualquier Contenido del Sitio Web, Informaci\u00f3n Digital o parte del Sitio Web de YZHIDIAN, o introducir cualquier dispositivo o material que pudiera ser malicioso o tecnol\u00f3gicamente da\u00f1ino para el Sitio Web de YZHIDIAN, el Contenido del Sitio Web o la Informaci\u00f3n Digital, como, por ejemplo, virus, troyanos, gusanos y bombas l\u00f3gicas;<br>No podr\u00e1 incorporar ning\u00fan Contenido del Sitio Web, Informaci\u00f3n Digital o parte de los mismos en ning\u00fan otro material, producto o servicio, ni utilizar el Contenido del Sitio Web o la Informaci\u00f3n Digital con fines de producci\u00f3n;<br>Queda prohibido eliminar, alterar u ocultar cualquier leyenda de propiedad, patente, marca comercial o aviso de derechos de autor contenidos en el Sitio Web YZHIDIAN, el Contenido del Sitio Web o la Informaci\u00f3n Digital;<br>Queda prohibido utilizar el sitio web YZHIDIAN de cualquier modo que pueda da\u00f1ar, deshabilitar, sobrecargar o deteriorar el sitio web YZHIDIAN o interferir en el uso y disfrute del sitio web YZHIDIAN por parte de terceros;<br>Queda prohibido intentar acceder sin autorizaci\u00f3n, interferir, da\u00f1ar o perturbar cualquier parte del Sitio Web YZHIDIAN, los servidores en los que est\u00e1 almacenado el Sitio Web YZHIDIAN, o cualquier servidor, ordenador o base de datos conectados al Sitio Web YZHIDIAN, o intentar interferir de cualquier otro modo en el correcto funcionamiento del Sitio Web YZHIDIAN;<br>Usted no puede utilizar el Sitio Web YZHIDIAN, el Contenido del Sitio Web o la Informaci\u00f3n Digital para ning\u00fan prop\u00f3sito que viole de alguna manera cualquier ley o reglamento federal, estatal, local o internacional aplicable (incluyendo, sin limitaci\u00f3n, cualquier ley relativa a la exportaci\u00f3n de datos o software hacia y desde los EE.UU. u otros pa\u00edses), o que est\u00e9 prohibido por este Acuerdo.<br>Asimismo, se compromete a realizar todos los esfuerzos razonables para evitar el uso, reproducci\u00f3n, distribuci\u00f3n o publicaci\u00f3n no autorizados de cualquier Contenido del Sitio Web o Informaci\u00f3n Digital. Cualquier uso, reproducci\u00f3n, distribuci\u00f3n o publicaci\u00f3n no autorizados del Contenido del Sitio Web o de la Informaci\u00f3n Digital est\u00e1n prohibidos y constituyen una violaci\u00f3n del presente Acuerdo.<\/p>\n\n\n\n<p>IV. Materiales facilitados a YZHIDIAN<br>YZHIDIAN no reclama derechos de propiedad de los materiales suministrados por el usuario a YZHIDIAN (incluido comentarios y sugerencias) o enviados, cargados, insertados o presentados por el usuario a cualquier Sitio Web o servicio asociado de YZHIDIAN (conjuntamente \u201cMaterial Presentado\u201d). Sin embargo, enviando, cargando, insertando, suministrando o presentando el Material Presentado el usuario garantiza a YZHIDIAN, a las sociedades afiliadas y sublicenciatarias necesidades, el permiso de usar el Material Presentado por el usuario en relaci\u00f3n a la operci\u00f3n de su actividad desarrollada en Internet incluido, sin l\u00edmite, el derecho de: copiar, distribuir, transmitir, ver p\u00fablicametne, reproducir, modificar, traducir y volver a dar formato al Material Presentado por el usuario; y publicar el nombre del usuario en relaci\u00f3n a tal Material Presentado.<\/p>\n\n\n\n<p>No se pagar\u00e1 ninguna compensaci\u00f3n por el uso del Material Presentado. YZHIDIAN no tiene la obligaci\u00f3n de enviar o usar alg\u00fan Material Presentado que el usuario pueda suministrar y podr\u00e1 eliminar cualquier Material Presentado en cualquier momento a su \u00fanica discrecci\u00f3n.<\/p>\n\n\n\n<p>Al publicar, cargar, introducir, proporcionar o enviar su Env\u00edo, usted garantiza y declara que posee o controla todos los derechos de su Env\u00edo, tal y como se describe en esta secci\u00f3n, incluyendo, sin limitaci\u00f3n, los derechos de autor y todos los derechos necesarios para que usted proporcione, publique, cargue, introduzca o env\u00ede los Env\u00edos.<\/p>\n\n\n\n<p>V. Propiedad intelectual y titularidad<br>Usted no tiene ning\u00fan derecho de propiedad sobre el Sitio Web YZHIDIAN, ning\u00fan Contenido del Sitio Web o Informaci\u00f3n Digital. Puede utilizar el Contenido del Sitio Web y la Informaci\u00f3n Digital siempre que acepte y respete los t\u00e9rminos de este Acuerdo. YZHIDIAN se reserva todos los derechos, t\u00edtulos e intereses sobre el Contenido del Sitio Web y la Informaci\u00f3n Digital, incluidos todos los derechos de propiedad intelectual de los mismos. Salvo que se disponga expresamente lo contrario, YZHIDIAN no concede por el presente Contrato ning\u00fan derecho expreso o impl\u00edcito sobre ninguna patente, derecho de autor, marca comercial u otros derechos de propiedad intelectual de YZHIDIAN. Todos los derechos no concedidos expresamente por el presente Contrato quedan reservados a YZHIDIAN para su \u00fanico y total uso y propiedad.<\/p>\n\n\n\n<p>Todo el contenido del sitio web y la informaci\u00f3n digital est\u00e1n sujetos a la protecci\u00f3n de los derechos de autor por las leyes de Estados Unidos y otros pa\u00edses, as\u00ed como a las disposiciones de tratados internacionales. La descarga, copia y modificaci\u00f3n de material protegido por derechos de autor sin la debida autorizaci\u00f3n puede constituir una infracci\u00f3n de la legislaci\u00f3n sobre derechos de autor.<\/p>\n\n\n\n<p>YZHIDIAN\u00ae y los distintos nombres de productos, nombres comerciales, nombres de servicios, esl\u00f3ganes y logotipos que aparecen en el Sitio Web de YZHIDIAN son marcas comerciales de YZHIDIAN, registradas o no. Las marcas y la imagen comercial de YZHIDIAN no pueden utilizarse en relaci\u00f3n con ning\u00fan producto o servicio que no est\u00e9 relacionado con YZHIDIAN, de ninguna manera que pueda causar confusi\u00f3n entre los clientes, o de ninguna manera que menosprecie o desacredite a YZHIDIAN. Usted no debe utilizar dichas marcas sin el previo consentimiento por escrito de YZHIDIAN, consentimiento que podr\u00e1 ser denegado por YZHIDIAN a su entera discreci\u00f3n.<\/p>\n\n\n\n<p>VI. Indemnizaci\u00f3n<br>USTED ACEPTA INDEMNIZAR, DEFENDER Y EXIMIR DE TODA RESPONSABILIDAD A YZHIDIAN, INCLUIDOS SUS DIRECTIVOS, ADMINISTRADORES, EMPLEADOS, FILIALES, LICENCIANTES, PROVEEDORES, SUMINISTRADORES DE INFORMACI\u00d3N Y AGENTES, FRENTE A TODAS LAS P\u00c9RDIDAS, RECLAMACIONES, RECONVENCIONES, DEMANDAS, LITIGIOS, RESPONSABILIDADES, DA\u00d1OS, SENTENCIAS, P\u00c9RDIDAS, GASTOS, COSTES Y HONORARIOS, INCLUIDOS, SIN LIMITACI\u00d3N, LOS HONORARIOS RAZONABLES DE ABOGADOS Y LOS DESEMBOLSOS RELACIONADOS, RELACIONADOS CON O DERIVADOS DE: SU USO O IMPOSIBILIDAD DE USO DEL SITIO WEB DE YZHIDIAN, EL CONTENIDO DEL SITIO WEB Y LA INFORMACI\u00d3N DIGITAL; CUALQUIER ENV\u00cdO REALIZADO POR USTED; CUALQUIER INFRACCI\u00d3N DE LOS T\u00c9RMINOS DE ESTE ACUERDO O DE LOS DERECHOS DE UN TERCERO POR SU PARTE; O LA INFRACCI\u00d3N DE CUALQUIER LEY, NORMA O REGLAMENTO APLICABLE POR SU PARTE, INCLUIDA LA CONDUCTA NEGLIGENTE O IL\u00cdCITA.<\/p>\n\n\n\n<p>VII. Descargo de responsabilidad y garant\u00eda limitada<br>DESCARGO DE RESPONSABILIDAD EN RELACI\u00d3N CON EL CONTENIDO DEL SITIO WEB, LA INFORMACI\u00d3N DIGITAL Y LOS SERVICIOS DEL SITIO WEB: SALVO LO DISPUESTO EN EL PRESENTE ACUERDO, EN NING\u00daN CASO YZHIDIAN SER\u00c1 RESPONSABLE DE CUALQUIER RECLAMACI\u00d3N DE CUALQUIER NATURALEZA, BAJO CUALQUIER TEOR\u00cdA LEGAL, YA SEA DIRECTA O INDIRECTA, QUE SURJA DE O EST\u00c9 RELACIONADA CON:<\/p>\n\n\n\n<p>EL CONTENIDO DEL SITIO WEB, LA INFORMACI\u00d3N DIGITAL O LOS SERVICIOS DEL SITIO WEB PUESTOS A DISPOSICI\u00d3N EN O A TRAV\u00c9S DEL SITIO WEB DE YZHIDIAN, INCLUIDOS ERRORES U OMISIONES EN DICHO CONTENIDO DEL SITIO WEB, INFORMACI\u00d3N DIGITAL O SERVICIOS DEL SITIO WEB; O<br>P\u00c9RDIDAS O DA\u00d1OS SUFRIDOS COMO RESULTADO DEL ACCESO, USO DEL CONTENIDO DEL SITIO WEB, INFORMACI\u00d3N DIGITAL O SERVICIOS DEL SITIO WEB.<br>EN LA MEDIDA EN QUE LO PERMITA LA LEGISLACI\u00d3N APLICABLE, EL CONTENIDO DEL SITIO WEB, LA INFORMACI\u00d3N DIGITAL Y LOS SERVICIOS DEL SITIO WEB SE PROPORCIONAN \u201cTAL CUAL\u201d Y YZHIDIAN RECHAZA EXPRESAMENTE TODAS LAS GARANT\u00cdAS DE CUALQUIER TIPO, YA SEAN EXPRESAS O IMPL\u00cdCITAS, INCLUIDAS LAS GARANT\u00cdAS IMPL\u00cdCITAS DE COMERCIABILIDAD, CALIDAD SATISFACTORIA, IDONEIDAD PARA UN FIN DETERMINADO, TITULARIDAD Y NO INFRACCI\u00d3N. A T\u00cdTULO DE EJEMPLO Y NO LIMITATIVO, YZHIDIAN NO GARANTIZA QUE:<\/p>\n\n\n\n<p>EL CONTENIDO DEL SITIO WEB, LA INFORMACI\u00d3N DIGITAL O LOS SERVICIOS DEL SITIO WEB SE PROPORCIONAN O SE PROPORCIONAR\u00c1N DE FORMA ININTERRUMPIDA, PUNTUAL, SEGURA Y SIN ERRORES;<br>EL CONTENIDO DEL SITIO WEB, LA INFORMACI\u00d3N DIGITAL O LOS SERVICIOS DEL SITIO WEB SEAN O VAYAN A SER COMPLETOS, PRECISOS, SEGUROS O FIABLES;<br>EL CONTENIDO DEL SITIO WEB, LA INFORMACI\u00d3N DIGITAL O LOS SERVICIOS DEL SITIO WEB EST\u00c9N O VAYAN A ESTAR LIBRES DE VIRUS U OTROS COMPONENTES DA\u00d1INOS; O<br>EL CONTENIDO DEL SITIO WEB, LA INFORMACI\u00d3N DIGITAL O LOS SERVICIOS DEL SITIO WEB SATISFAGAN CUALQUIERA DE SUS REQUISITOS.<br>LAS PARTES PRETENDEN QUE ESTA EXENCI\u00d3N DE RESPONSABILIDAD PREVALEZCA SOBRE CUALQUIER DISPOSICI\u00d3N DE GARANT\u00cdA IMPL\u00cdCITA ESTATAL, DE LA UCC O SIMILAR.<\/p>\n\n\n\n<p>VIII. Limitaciones de responsabilidad<br>EN LA MEDIDA EN QUE LA LEY LO PERMITA, YZHIDIAN NO TENDR\u00c1 NINGUNA OBLIGACI\u00d3N NI RESPONSABILIDAD HACIA USTED POR EL SITIO WEB DE YZHIDIAN, EL CONTENIDO DEL SITIO WEB, LA INFORMACI\u00d3N DIGITAL O LOS SERVICIOS DEL SITIO WEB (YA SEA POR CONTRATO, GARANT\u00cdA, RESPONSABILIDAD EXTRACONTRACTUAL, INCLUIDA LA NEGLIGENCIA, RESPONSABILIDAD POR PRODUCTOS DEFECTUOSOS, INFRACCI\u00d3N DE DERECHOS DE AUTOR U OTRAS ACCIONES LEGALES O DE EQUIDAD) POR CUALQUIER DA\u00d1O O RESPONSABILIDAD DIRECTA, INCIDENTAL, INDIRECTA, ESPECIAL, CONSECUENTE O PUNITIVA (INCLUYENDO, SIN LIMITACI\u00d3N, P\u00c9RDIDA DE DATOS, P\u00c9RDIDA DE INGRESOS, P\u00c9RDIDA DE BENEFICIOS, P\u00c9RDIDA DE NEGOCIO O AHORROS PREVISTOS, P\u00c9RDIDA DE USO, P\u00c9RDIDA DE FONDO DE COMERCIO O DE OTRO TIPO) QUE SURJA DE O EN RELACI\u00d3N CON SU USO O ACCESO A (O IMPOSIBILIDAD DE USO O ACCESO A) EL SITIO WEB DE YZHIDIAN, EL CONTENIDO DEL SITIO WEB, LA INFORMACI\u00d3N DIGITAL O LOS SERVICIOS DEL SITIO WEB. ESTA LIMITACI\u00d3N SE APLICA A LOS DA\u00d1OS DERIVADOS DE, SIN LIMITACI\u00d3N:<\/p>\n\n\n\n<p>EL USO O LA IMPOSIBILIDAD DE ACCEDER O UTILIZAR EL CONTENIDO DEL SITIO WEB, LA INFORMACI\u00d3N DIGITAL O LOS SERVICIOS DEL SITIO WEB;<br>COSTE DE ADQUISICI\u00d3N DE BIENES Y SERVICIOS DE SUSTITUCI\u00d3N;<br>EL ACCESO NO AUTORIZADO O LA ALTERACI\u00d3N DE SUS TRANSMISIONES POR PARTE DE TERCEROS;<br>CONTENIDOS DE TERCEROS PUESTOS A SU DISPOSICI\u00d3N A TRAV\u00c9S DEL SITIO WEB DE YZHIDIAN; O<br>CUALQUIER OTRO ASUNTO RELACIONADO CON EL CONTENIDO DEL SITIO WEB, LA INFORMACI\u00d3N DIGITAL O LOS SERVICIOS DEL SITIO WEB.<br>ALGUNOS ESTADOS NO PERMITEN LA EXCLUSI\u00d3N O LIMITACI\u00d3N DE DA\u00d1OS INCIDENTALES O CONSECUENTES, POR LO QUE ES POSIBLE QUE LA LIMITACI\u00d3N O EXCLUSI\u00d3N ANTERIOR NO SE APLIQUE EN SU CASO. ESTA GARANT\u00cdA LE OTORGA DERECHOS LEGALES ESPEC\u00cdFICOS, Y USTED PUEDE TENER OTROS DERECHOS QUE VAR\u00cdAN DE UN ESTADO A OTRO.<\/p>\n\n\n\n<p>IX. Rescisi\u00f3n<br>YZHIDIAN podr\u00e1, a su entera discreci\u00f3n, poner fin a su uso o acceso al Contenido del Sitio Web, Informaci\u00f3n Digital o Servicios del Sitio Web, y eliminar y descartar cualquier Contenido del Sitio Web, Informaci\u00f3n Digital o Servicios del Sitio Web en cualquier momento, sin previo aviso, por cualquier motivo, incluyendo, pero no limitado a, la conducta que viole estas Condiciones de Uso u otras pol\u00edticas o directrices establecidas por YZHIDIAN en otra parte dentro de los Servicios del Sitio Web, Informaci\u00f3n Digital o Contenido del Sitio Web. En ning\u00fan caso YZHIDIAN ser\u00e1 responsable ante usted o cualquier tercero por la terminaci\u00f3n de su uso o acceso al Contenido del Sitio Web, la Informaci\u00f3n Digital o los Servicios del Sitio Web.<\/p>\n\n\n\n<p>X. Elecci\u00f3n de la ley aplicable<br>Cualquier disputa que surja de o en relaci\u00f3n con este acuerdo se regir\u00e1 por la ley de la Commonwealth de Pennsylvania, excluyendo su elecci\u00f3n de las normas de derecho. Los tribunales estatales y federales de Pensilvania son el foro y la jurisdicci\u00f3n exclusivos para resolver todas y cada una de las disputas que surjan de estas Condiciones de uso o de este Acuerdo, o que est\u00e9n relacionadas con ellos. El uso o acceso al Contenido del Sitio Web, a la Informaci\u00f3n Digital o a los Servicios del Sitio Web por parte del usuario implica su consentimiento a la jurisdicci\u00f3n personal y a la competencia de los tribunales estatales y federales de Pensilvania.<\/p>\n\n\n\n<p>XI. Divisibilidad<br>Si alguna disposici\u00f3n del presente Acuerdo se considerara nula, inaplicable o ilegal, dicha disposici\u00f3n se considerar\u00e1 sustituida por una disposici\u00f3n v\u00e1lida y aplicable que se acerque lo m\u00e1s posible a la intenci\u00f3n de la disposici\u00f3n original y no afectar\u00e1 en modo alguno a la validez o aplicabilidad de las disposiciones restantes.<\/p>","protected":false},"excerpt":{"rendered":"Terms &amp; Conditions These Terms and Conditions of Use (hereinafter \u201cTerms of Use\u201d) apply to the websites \u2014 www.myautopartsfactory.com \u2014 (collectively, the \u201cYZHIDIAN Website\u201d), which are owned and operated by YZHIDIAN, Inc. (hereinafter \u201cYZHIDIAN\u201d). These Terms of Use, together with our Privacy Policy and Cookie Policy, collectively form an agreement (hereinafter \u201cAgreement\u201d) between you, the [&hellip;]","protected":false},"author":4,"featured_media":0,"parent":0,"menu_order":0,"comment_status":"closed","ping_status":"closed","template":"","meta":{"footnotes":""},"class_list":["post-213","page","type-page","status-publish","hentry"],"yoast_head":"<!-- This site is optimized with the Yoast SEO plugin v27.3 - https:\/\/yoast.com\/product\/yoast-seo-wordpress\/ -->\n<title>Terms &amp; Conditions - YZHIDIANF<\/title>\n<meta name=\"robots\" content=\"index, follow, max-snippet:-1, max-image-preview:large, max-video-preview:-1\" \/>\n<link rel=\"canonical\" href=\"https:\/\/www.myautopartsfactory.com\/es\/terms-conditions\/\" \/>\n<meta property=\"og:locale\" content=\"es_ES\" \/>\n<meta property=\"og:type\" content=\"article\" \/>\n<meta property=\"og:title\" content=\"Terms &amp; Conditions - YZHIDIANF\" \/>\n<meta property=\"og:description\" content=\"Terms &amp; Conditions These Terms and Conditions of Use (hereinafter \u201cTerms of Use\u201d) apply to the websites \u2014 www.myautopartsfactory.com \u2014 (collectively, the \u201cYZHIDIAN Website\u201d), which are owned and operated by YZHIDIAN, Inc. (hereinafter \u201cYZHIDIAN\u201d). These Terms of Use, together with our Privacy Policy and Cookie Policy, collectively form an agreement (hereinafter \u201cAgreement\u201d) between you, the [&hellip;]\" \/>\n<meta property=\"og:url\" content=\"https:\/\/www.myautopartsfactory.com\/es\/terms-conditions\/\" \/>\n<meta property=\"og:site_name\" content=\"YZHIDIANF\" \/>\n<meta property=\"article:modified_time\" content=\"2025-10-20T08:26:16+00:00\" \/>\n<meta name=\"twitter:card\" content=\"summary_large_image\" \/>\n<meta name=\"twitter:label1\" content=\"Tiempo de lectura\" \/>\n\t<meta name=\"twitter:data1\" content=\"12 minutos\" \/>\n<script type=\"application\/ld+json\" class=\"yoast-schema-graph\">{\"@context\":\"https:\\\/\\\/schema.org\",\"@graph\":[{\"@type\":\"WebPage\",\"@id\":\"https:\\\/\\\/www.myautopartsfactory.com\\\/terms-conditions\",\"url\":\"https:\\\/\\\/www.myautopartsfactory.com\\\/terms-conditions\",\"name\":\"Terms &amp; Conditions - YZHIDIANF\",\"isPartOf\":{\"@id\":\"https:\\\/\\\/www.myautopartsfactory.com\\\/#website\"},\"datePublished\":\"2024-04-17T06:07:51+00:00\",\"dateModified\":\"2025-10-20T08:26:16+00:00\",\"breadcrumb\":{\"@id\":\"https:\\\/\\\/www.myautopartsfactory.com\\\/terms-conditions#breadcrumb\"},\"inLanguage\":\"es\",\"potentialAction\":[{\"@type\":\"ReadAction\",\"target\":[\"https:\\\/\\\/www.myautopartsfactory.com\\\/terms-conditions\"]}]},{\"@type\":\"BreadcrumbList\",\"@id\":\"https:\\\/\\\/www.myautopartsfactory.com\\\/terms-conditions#breadcrumb\",\"itemListElement\":[{\"@type\":\"ListItem\",\"position\":1,\"name\":\"\u9996\u9875\",\"item\":\"https:\\\/\\\/www.myautopartsfactory.com\\\/\"},{\"@type\":\"ListItem\",\"position\":2,\"name\":\"Terms &amp; Conditions\"}]},{\"@type\":\"WebSite\",\"@id\":\"https:\\\/\\\/www.myautopartsfactory.com\\\/#website\",\"url\":\"https:\\\/\\\/www.myautopartsfactory.com\\\/\",\"name\":\"YZHIDIANF\",\"description\":\"One-Stop Auto Parts Supplier\",\"publisher\":{\"@id\":\"https:\\\/\\\/www.myautopartsfactory.com\\\/#organization\"},\"potentialAction\":[{\"@type\":\"SearchAction\",\"target\":{\"@type\":\"EntryPoint\",\"urlTemplate\":\"https:\\\/\\\/www.myautopartsfactory.com\\\/?s={search_term_string}\"},\"query-input\":{\"@type\":\"PropertyValueSpecification\",\"valueRequired\":true,\"valueName\":\"search_term_string\"}}],\"inLanguage\":\"es\"},{\"@type\":\"Organization\",\"@id\":\"https:\\\/\\\/www.myautopartsfactory.com\\\/#organization\",\"name\":\"YZHIDIANF\",\"url\":\"https:\\\/\\\/www.myautopartsfactory.com\\\/\",\"logo\":{\"@type\":\"ImageObject\",\"inLanguage\":\"es\",\"@id\":\"https:\\\/\\\/www.myautopartsfactory.com\\\/#\\\/schema\\\/logo\\\/image\\\/\",\"url\":\"https:\\\/\\\/www.myautopartsfactory.com\\\/wp-content\\\/uploads\\\/2024\\\/05\\\/fav.jpg\",\"contentUrl\":\"https:\\\/\\\/www.myautopartsfactory.com\\\/wp-content\\\/uploads\\\/2024\\\/05\\\/fav.jpg\",\"width\":80,\"height\":80,\"caption\":\"YZHIDIANF\"},\"image\":{\"@id\":\"https:\\\/\\\/www.myautopartsfactory.com\\\/#\\\/schema\\\/logo\\\/image\\\/\"}}]}<\/script>\n<!-- \/ Yoast SEO plugin. -->","yoast_head_json":{"title":"Condiciones generales - YZHIDIANF","robots":{"index":"index","follow":"follow","max-snippet":"max-snippet:-1","max-image-preview":"max-image-preview:large","max-video-preview":"max-video-preview:-1"},"canonical":"https:\/\/www.myautopartsfactory.com\/es\/terms-conditions\/","og_locale":"es_ES","og_type":"article","og_title":"Terms &amp; Conditions - YZHIDIANF","og_description":"Terms &amp; Conditions These Terms and Conditions of Use (hereinafter \u201cTerms of Use\u201d) apply to the websites \u2014 www.myautopartsfactory.com \u2014 (collectively, the \u201cYZHIDIAN Website\u201d), which are owned and operated by YZHIDIAN, Inc. (hereinafter \u201cYZHIDIAN\u201d). These Terms of Use, together with our Privacy Policy and Cookie Policy, collectively form an agreement (hereinafter \u201cAgreement\u201d) between you, the [&hellip;]","og_url":"https:\/\/www.myautopartsfactory.com\/es\/terms-conditions\/","og_site_name":"YZHIDIANF","article_modified_time":"2025-10-20T08:26:16+00:00","twitter_card":"summary_large_image","twitter_misc":{"Tiempo de lectura":"12 minutos"},"schema":{"@context":"https:\/\/schema.org","@graph":[{"@type":"WebPage","@id":"https:\/\/www.myautopartsfactory.com\/terms-conditions","url":"https:\/\/www.myautopartsfactory.com\/terms-conditions","name":"Condiciones generales - YZHIDIANF","isPartOf":{"@id":"https:\/\/www.myautopartsfactory.com\/#website"},"datePublished":"2024-04-17T06:07:51+00:00","dateModified":"2025-10-20T08:26:16+00:00","breadcrumb":{"@id":"https:\/\/www.myautopartsfactory.com\/terms-conditions#breadcrumb"},"inLanguage":"es","potentialAction":[{"@type":"ReadAction","target":["https:\/\/www.myautopartsfactory.com\/terms-conditions"]}]},{"@type":"BreadcrumbList","@id":"https:\/\/www.myautopartsfactory.com\/terms-conditions#breadcrumb","itemListElement":[{"@type":"ListItem","position":1,"name":"\u9996\u9875","item":"https:\/\/www.myautopartsfactory.com\/"},{"@type":"ListItem","position":2,"name":"Terms &amp; Conditions"}]},{"@type":"WebSite","@id":"https:\/\/www.myautopartsfactory.com\/#website","url":"https:\/\/www.myautopartsfactory.com\/","name":"YZHIDIANF","description":"Proveedor integral de piezas de autom\u00f3vil","publisher":{"@id":"https:\/\/www.myautopartsfactory.com\/#organization"},"potentialAction":[{"@type":"SearchAction","target":{"@type":"EntryPoint","urlTemplate":"https:\/\/www.myautopartsfactory.com\/?s={search_term_string}"},"query-input":{"@type":"PropertyValueSpecification","valueRequired":true,"valueName":"search_term_string"}}],"inLanguage":"es"},{"@type":"Organization","@id":"https:\/\/www.myautopartsfactory.com\/#organization","name":"YZHIDIANF","url":"https:\/\/www.myautopartsfactory.com\/","logo":{"@type":"ImageObject","inLanguage":"es","@id":"https:\/\/www.myautopartsfactory.com\/#\/schema\/logo\/image\/","url":"https:\/\/www.myautopartsfactory.com\/wp-content\/uploads\/2024\/05\/fav.jpg","contentUrl":"https:\/\/www.myautopartsfactory.com\/wp-content\/uploads\/2024\/05\/fav.jpg","width":80,"height":80,"caption":"YZHIDIANF"},"image":{"@id":"https:\/\/www.myautopartsfactory.com\/#\/schema\/logo\/image\/"}}]}},"acf":[],"_links":{"self":[{"href":"https:\/\/www.myautopartsfactory.com\/es\/wp-json\/wp\/v2\/pages\/213","targetHints":{"allow":["GET"]}}],"collection":[{"href":"https:\/\/www.myautopartsfactory.com\/es\/wp-json\/wp\/v2\/pages"}],"about":[{"href":"https:\/\/www.myautopartsfactory.com\/es\/wp-json\/wp\/v2\/types\/page"}],"author":[{"embeddable":true,"href":"https:\/\/www.myautopartsfactory.com\/es\/wp-json\/wp\/v2\/users\/4"}],"replies":[{"embeddable":true,"href":"https:\/\/www.myautopartsfactory.com\/es\/wp-json\/wp\/v2\/comments?post=213"}],"version-history":[{"count":0,"href":"https:\/\/www.myautopartsfactory.com\/es\/wp-json\/wp\/v2\/pages\/213\/revisions"}],"wp:attachment":[{"href":"https:\/\/www.myautopartsfactory.com\/es\/wp-json\/wp\/v2\/media?parent=213"}],"curies":[{"name":"wp","href":"https:\/\/api.w.org\/{rel}","templated":true}]}}