{"id":732,"date":"2024-06-08T14:37:47","date_gmt":"2024-06-08T06:37:47","guid":{"rendered":"https:\/\/www.myautopartsfactory.com\/?post_type=product&#038;p=732"},"modified":"2024-06-08T14:37:49","modified_gmt":"2024-06-08T06:37:49","slug":"wholesale-auto-engine-parts-idle-air-control-valve-3f1z9f715aa-ajc120660-1s4u9f715bc-for-ford-escape-mazda-mercury","status":"publish","type":"product","link":"https:\/\/www.myautopartsfactory.com\/de\/product\/wholesale-auto-engine-parts-idle-air-control-valve-3f1z9f715aa-ajc120660-1s4u9f715bc-for-ford-escape-mazda-mercury","title":{"rendered":"Gro\u00dfhandel Auto Motor Teile Idle Air Control Valve 3F1Z9F715AA AJC120660 1S4U9F715BC f\u00fcr Ford Escape Mazda Mercury"},"content":{"rendered":"<p><strong>Merkmale und Vorteile:<\/strong><\/p>\n\n\n\n<p>\u25cfPerfekter Sitz, einfache Installation<\/p>\n\n\n\n<p>\u25cfGemacht nach Werksspezifikationen f\u00fcr eine problemlose Installation.<\/p>\n\n\n\n<p>\u25cfEntworfen als direkter Ersatz f\u00fcr Ihr originales Leerlaufluft-Regelventil, was eine hervorragende Passgenauigkeit und Leistung gew\u00e4hrleistet.<\/p>\n\n\n\n<p><strong>Produktmerkmale\uff1a<\/strong><\/p>\n\n\n\n<p>\u25cfStarke Haltbarkeit: Hergestellt aus hochwertigen Materialien, hat es starke Haltbarkeit und Verschlei\u00dffestigkeit und hat eine lange Lebensdauer.<\/p>\n\n\n\n<p>\u25cfHohe Pr\u00e4zision: Die hochpr\u00e4zise Einstellfunktion kann die Leerlaufdrehzahl des Motors genau steuern, um die Stabilit\u00e4t und Wirtschaftlichkeit des Motors zu gew\u00e4hrleisten.<\/p>\n\n\n\n<p>\u25cfEnergiesparend und umweltschonend: Stellen Sie sicher, dass der Motor bei Leerlaufdrehzahl vollst\u00e4ndig verbrannt wird, reduzieren Sie die Abgasemissionen und erreichen Sie<\/p>","protected":false},"excerpt":{"rendered":"Features &amp; Benefits: \u25cfPerfect Fit, Easy Installation \u25cfMade to factory specifications for a hassle-free installation. \u25cfDesigned as a direct replacement for your original Idle Air Control Valve, ensuring excellent fitment and performance. Product Features\uff1a \u25cfStrong durability: Made of high-quality materials, it has strong durability and wear resistance and has a long service life. \u25cfHigh precision: [&hellip;]","protected":false},"featured_media":738,"menu_order":0,"template":"","meta":[],"product-tag":[],"products":[92],"brand":[48,59],"class_list":["post-732","product","type-product","status-publish","has-post-thumbnail","hentry","products-idle-air-control-valve","brand-mazda","brand-ford"],"yoast_head":"<!-- This site is optimized with the Yoast SEO plugin v27.3 - https:\/\/yoast.com\/product\/yoast-seo-wordpress\/ -->\n<title>Wholesale Auto Engine Parts Idle Air Control Valve 3F1Z9F715AA AJC120660 1S4U9F715BC For Ford Escape Mazda Mercury - YZHIDIANF<\/title>\n<meta name=\"robots\" content=\"index, follow, max-snippet:-1, max-image-preview:large, max-video-preview:-1\" \/>\n<link rel=\"canonical\" href=\"https:\/\/www.myautopartsfactory.com\/de\/product\/wholesale-auto-engine-parts-idle-air-control-valve-3f1z9f715aa-ajc120660-1s4u9f715bc-for-ford-escape-mazda-mercury\/\" \/>\n<meta property=\"og:locale\" content=\"de_DE\" \/>\n<meta property=\"og:type\" content=\"article\" \/>\n<meta property=\"og:title\" content=\"Wholesale Auto Engine Parts Idle Air Control Valve 3F1Z9F715AA AJC120660 1S4U9F715BC For Ford Escape Mazda Mercury - YZHIDIANF\" \/>\n<meta property=\"og:description\" content=\"Features &amp; Benefits: \u25cfPerfect Fit, Easy Installation \u25cfMade to factory specifications for a hassle-free installation. \u25cfDesigned as a direct replacement for your original Idle Air Control Valve, ensuring excellent fitment and performance. Product Features\uff1a \u25cfStrong durability: Made of high-quality materials, it has strong durability and wear resistance and has a long service life. \u25cfHigh precision: [&hellip;]\" \/>\n<meta property=\"og:url\" content=\"https:\/\/www.myautopartsfactory.com\/de\/product\/wholesale-auto-engine-parts-idle-air-control-valve-3f1z9f715aa-ajc120660-1s4u9f715bc-for-ford-escape-mazda-mercury\/\" \/>\n<meta property=\"og:site_name\" content=\"YZHIDIANF\" \/>\n<meta property=\"article:modified_time\" content=\"2024-06-08T06:37:49+00:00\" \/>\n<meta property=\"og:image\" content=\"https:\/\/www.myautopartsfactory.com\/wp-content\/uploads\/2024\/06\/1S4U9F715BC-6.jpg\" \/>\n\t<meta property=\"og:image:width\" content=\"800\" \/>\n\t<meta property=\"og:image:height\" content=\"800\" \/>\n\t<meta property=\"og:image:type\" content=\"image\/jpeg\" \/>\n<meta name=\"twitter:card\" content=\"summary_large_image\" \/>\n<meta name=\"twitter:label1\" content=\"Gesch\u00e4tzte Lesezeit\" \/>\n\t<meta name=\"twitter:data1\" content=\"1\u00a0Minute\" \/>\n<script type=\"application\/ld+json\" class=\"yoast-schema-graph\">{\"@context\":\"https:\\\/\\\/schema.org\",\"@graph\":[{\"@type\":\"WebPage\",\"@id\":\"https:\\\/\\\/www.myautopartsfactory.com\\\/product\\\/wholesale-auto-engine-parts-idle-air-control-valve-3f1z9f715aa-ajc120660-1s4u9f715bc-for-ford-escape-mazda-mercury\",\"url\":\"https:\\\/\\\/www.myautopartsfactory.com\\\/product\\\/wholesale-auto-engine-parts-idle-air-control-valve-3f1z9f715aa-ajc120660-1s4u9f715bc-for-ford-escape-mazda-mercury\",\"name\":\"Wholesale Auto Engine Parts Idle Air Control Valve 3F1Z9F715AA AJC120660 1S4U9F715BC For Ford Escape Mazda Mercury - YZHIDIANF\",\"isPartOf\":{\"@id\":\"https:\\\/\\\/www.myautopartsfactory.com\\\/#website\"},\"primaryImageOfPage\":{\"@id\":\"https:\\\/\\\/www.myautopartsfactory.com\\\/product\\\/wholesale-auto-engine-parts-idle-air-control-valve-3f1z9f715aa-ajc120660-1s4u9f715bc-for-ford-escape-mazda-mercury#primaryimage\"},\"image\":{\"@id\":\"https:\\\/\\\/www.myautopartsfactory.com\\\/product\\\/wholesale-auto-engine-parts-idle-air-control-valve-3f1z9f715aa-ajc120660-1s4u9f715bc-for-ford-escape-mazda-mercury#primaryimage\"},\"thumbnailUrl\":\"https:\\\/\\\/www.myautopartsfactory.com\\\/wp-content\\\/uploads\\\/2024\\\/06\\\/1S4U9F715BC-6.jpg\",\"datePublished\":\"2024-06-08T06:37:47+00:00\",\"dateModified\":\"2024-06-08T06:37:49+00:00\",\"breadcrumb\":{\"@id\":\"https:\\\/\\\/www.myautopartsfactory.com\\\/product\\\/wholesale-auto-engine-parts-idle-air-control-valve-3f1z9f715aa-ajc120660-1s4u9f715bc-for-ford-escape-mazda-mercury#breadcrumb\"},\"inLanguage\":\"de\",\"potentialAction\":[{\"@type\":\"ReadAction\",\"target\":[\"https:\\\/\\\/www.myautopartsfactory.com\\\/product\\\/wholesale-auto-engine-parts-idle-air-control-valve-3f1z9f715aa-ajc120660-1s4u9f715bc-for-ford-escape-mazda-mercury\"]}]},{\"@type\":\"ImageObject\",\"inLanguage\":\"de\",\"@id\":\"https:\\\/\\\/www.myautopartsfactory.com\\\/product\\\/wholesale-auto-engine-parts-idle-air-control-valve-3f1z9f715aa-ajc120660-1s4u9f715bc-for-ford-escape-mazda-mercury#primaryimage\",\"url\":\"https:\\\/\\\/www.myautopartsfactory.com\\\/wp-content\\\/uploads\\\/2024\\\/06\\\/1S4U9F715BC-6.jpg\",\"contentUrl\":\"https:\\\/\\\/www.myautopartsfactory.com\\\/wp-content\\\/uploads\\\/2024\\\/06\\\/1S4U9F715BC-6.jpg\",\"width\":800,\"height\":800},{\"@type\":\"BreadcrumbList\",\"@id\":\"https:\\\/\\\/www.myautopartsfactory.com\\\/product\\\/wholesale-auto-engine-parts-idle-air-control-valve-3f1z9f715aa-ajc120660-1s4u9f715bc-for-ford-escape-mazda-mercury#breadcrumb\",\"itemListElement\":[{\"@type\":\"ListItem\",\"position\":1,\"name\":\"\u9996\u9875\",\"item\":\"https:\\\/\\\/www.myautopartsfactory.com\\\/\"},{\"@type\":\"ListItem\",\"position\":2,\"name\":\"Wholesale Auto Engine Parts Idle Air Control Valve 3F1Z9F715AA AJC120660 1S4U9F715BC For Ford Escape Mazda Mercury\"}]},{\"@type\":\"WebSite\",\"@id\":\"https:\\\/\\\/www.myautopartsfactory.com\\\/#website\",\"url\":\"https:\\\/\\\/www.myautopartsfactory.com\\\/\",\"name\":\"YZHIDIANF\",\"description\":\"One-Stop Auto Parts Supplier\",\"publisher\":{\"@id\":\"https:\\\/\\\/www.myautopartsfactory.com\\\/#organization\"},\"potentialAction\":[{\"@type\":\"SearchAction\",\"target\":{\"@type\":\"EntryPoint\",\"urlTemplate\":\"https:\\\/\\\/www.myautopartsfactory.com\\\/?s={search_term_string}\"},\"query-input\":{\"@type\":\"PropertyValueSpecification\",\"valueRequired\":true,\"valueName\":\"search_term_string\"}}],\"inLanguage\":\"de\"},{\"@type\":\"Organization\",\"@id\":\"https:\\\/\\\/www.myautopartsfactory.com\\\/#organization\",\"name\":\"YZHIDIANF\",\"url\":\"https:\\\/\\\/www.myautopartsfactory.com\\\/\",\"logo\":{\"@type\":\"ImageObject\",\"inLanguage\":\"de\",\"@id\":\"https:\\\/\\\/www.myautopartsfactory.com\\\/#\\\/schema\\\/logo\\\/image\\\/\",\"url\":\"https:\\\/\\\/www.myautopartsfactory.com\\\/wp-content\\\/uploads\\\/2024\\\/05\\\/fav.jpg\",\"contentUrl\":\"https:\\\/\\\/www.myautopartsfactory.com\\\/wp-content\\\/uploads\\\/2024\\\/05\\\/fav.jpg\",\"width\":80,\"height\":80,\"caption\":\"YZHIDIANF\"},\"image\":{\"@id\":\"https:\\\/\\\/www.myautopartsfactory.com\\\/#\\\/schema\\\/logo\\\/image\\\/\"}}]}<\/script>\n<!-- \/ Yoast SEO plugin. -->","yoast_head_json":{"title":"Wholesale Auto Engine Parts Idle Air Control Valve 3F1Z9F715AA AJC120660 1S4U9F715BC For Ford Escape Mazda Mercury - YZHIDIANF","robots":{"index":"index","follow":"follow","max-snippet":"max-snippet:-1","max-image-preview":"max-image-preview:large","max-video-preview":"max-video-preview:-1"},"canonical":"https:\/\/www.myautopartsfactory.com\/de\/product\/wholesale-auto-engine-parts-idle-air-control-valve-3f1z9f715aa-ajc120660-1s4u9f715bc-for-ford-escape-mazda-mercury\/","og_locale":"de_DE","og_type":"article","og_title":"Wholesale Auto Engine Parts Idle Air Control Valve 3F1Z9F715AA AJC120660 1S4U9F715BC For Ford Escape Mazda Mercury - YZHIDIANF","og_description":"Features &amp; Benefits: \u25cfPerfect Fit, Easy Installation \u25cfMade to factory specifications for a hassle-free installation. \u25cfDesigned as a direct replacement for your original Idle Air Control Valve, ensuring excellent fitment and performance. Product Features\uff1a \u25cfStrong durability: Made of high-quality materials, it has strong durability and wear resistance and has a long service life. \u25cfHigh precision: [&hellip;]","og_url":"https:\/\/www.myautopartsfactory.com\/de\/product\/wholesale-auto-engine-parts-idle-air-control-valve-3f1z9f715aa-ajc120660-1s4u9f715bc-for-ford-escape-mazda-mercury\/","og_site_name":"YZHIDIANF","article_modified_time":"2024-06-08T06:37:49+00:00","og_image":[{"width":800,"height":800,"url":"https:\/\/www.myautopartsfactory.com\/wp-content\/uploads\/2024\/06\/1S4U9F715BC-6.jpg","type":"image\/jpeg"}],"twitter_card":"summary_large_image","twitter_misc":{"Gesch\u00e4tzte Lesezeit":"1\u00a0Minute"},"schema":{"@context":"https:\/\/schema.org","@graph":[{"@type":"WebPage","@id":"https:\/\/www.myautopartsfactory.com\/product\/wholesale-auto-engine-parts-idle-air-control-valve-3f1z9f715aa-ajc120660-1s4u9f715bc-for-ford-escape-mazda-mercury","url":"https:\/\/www.myautopartsfactory.com\/product\/wholesale-auto-engine-parts-idle-air-control-valve-3f1z9f715aa-ajc120660-1s4u9f715bc-for-ford-escape-mazda-mercury","name":"Wholesale Auto Engine Parts Idle Air Control Valve 3F1Z9F715AA AJC120660 1S4U9F715BC For Ford Escape Mazda Mercury - YZHIDIANF","isPartOf":{"@id":"https:\/\/www.myautopartsfactory.com\/#website"},"primaryImageOfPage":{"@id":"https:\/\/www.myautopartsfactory.com\/product\/wholesale-auto-engine-parts-idle-air-control-valve-3f1z9f715aa-ajc120660-1s4u9f715bc-for-ford-escape-mazda-mercury#primaryimage"},"image":{"@id":"https:\/\/www.myautopartsfactory.com\/product\/wholesale-auto-engine-parts-idle-air-control-valve-3f1z9f715aa-ajc120660-1s4u9f715bc-for-ford-escape-mazda-mercury#primaryimage"},"thumbnailUrl":"https:\/\/www.myautopartsfactory.com\/wp-content\/uploads\/2024\/06\/1S4U9F715BC-6.jpg","datePublished":"2024-06-08T06:37:47+00:00","dateModified":"2024-06-08T06:37:49+00:00","breadcrumb":{"@id":"https:\/\/www.myautopartsfactory.com\/product\/wholesale-auto-engine-parts-idle-air-control-valve-3f1z9f715aa-ajc120660-1s4u9f715bc-for-ford-escape-mazda-mercury#breadcrumb"},"inLanguage":"de","potentialAction":[{"@type":"ReadAction","target":["https:\/\/www.myautopartsfactory.com\/product\/wholesale-auto-engine-parts-idle-air-control-valve-3f1z9f715aa-ajc120660-1s4u9f715bc-for-ford-escape-mazda-mercury"]}]},{"@type":"ImageObject","inLanguage":"de","@id":"https:\/\/www.myautopartsfactory.com\/product\/wholesale-auto-engine-parts-idle-air-control-valve-3f1z9f715aa-ajc120660-1s4u9f715bc-for-ford-escape-mazda-mercury#primaryimage","url":"https:\/\/www.myautopartsfactory.com\/wp-content\/uploads\/2024\/06\/1S4U9F715BC-6.jpg","contentUrl":"https:\/\/www.myautopartsfactory.com\/wp-content\/uploads\/2024\/06\/1S4U9F715BC-6.jpg","width":800,"height":800},{"@type":"BreadcrumbList","@id":"https:\/\/www.myautopartsfactory.com\/product\/wholesale-auto-engine-parts-idle-air-control-valve-3f1z9f715aa-ajc120660-1s4u9f715bc-for-ford-escape-mazda-mercury#breadcrumb","itemListElement":[{"@type":"ListItem","position":1,"name":"\u9996\u9875","item":"https:\/\/www.myautopartsfactory.com\/"},{"@type":"ListItem","position":2,"name":"Wholesale Auto Engine Parts Idle Air Control Valve 3F1Z9F715AA AJC120660 1S4U9F715BC For Ford Escape Mazda Mercury"}]},{"@type":"WebSite","@id":"https:\/\/www.myautopartsfactory.com\/#website","url":"https:\/\/www.myautopartsfactory.com\/","name":"YZHIDIANF","description":"Autoteile-Lieferant aus einer Hand","publisher":{"@id":"https:\/\/www.myautopartsfactory.com\/#organization"},"potentialAction":[{"@type":"SearchAction","target":{"@type":"EntryPoint","urlTemplate":"https:\/\/www.myautopartsfactory.com\/?s={search_term_string}"},"query-input":{"@type":"PropertyValueSpecification","valueRequired":true,"valueName":"search_term_string"}}],"inLanguage":"de"},{"@type":"Organization","@id":"https:\/\/www.myautopartsfactory.com\/#organization","name":"YZHIDIANF","url":"https:\/\/www.myautopartsfactory.com\/","logo":{"@type":"ImageObject","inLanguage":"de","@id":"https:\/\/www.myautopartsfactory.com\/#\/schema\/logo\/image\/","url":"https:\/\/www.myautopartsfactory.com\/wp-content\/uploads\/2024\/05\/fav.jpg","contentUrl":"https:\/\/www.myautopartsfactory.com\/wp-content\/uploads\/2024\/05\/fav.jpg","width":80,"height":80,"caption":"YZHIDIANF"},"image":{"@id":"https:\/\/www.myautopartsfactory.com\/#\/schema\/logo\/image\/"}}]}},"acf":[],"_links":{"self":[{"href":"https:\/\/www.myautopartsfactory.com\/de\/wp-json\/wp\/v2\/product\/732","targetHints":{"allow":["GET"]}}],"collection":[{"href":"https:\/\/www.myautopartsfactory.com\/de\/wp-json\/wp\/v2\/product"}],"about":[{"href":"https:\/\/www.myautopartsfactory.com\/de\/wp-json\/wp\/v2\/types\/product"}],"version-history":[{"count":0,"href":"https:\/\/www.myautopartsfactory.com\/de\/wp-json\/wp\/v2\/product\/732\/revisions"}],"wp:featuredmedia":[{"embeddable":true,"href":"https:\/\/www.myautopartsfactory.com\/de\/wp-json\/wp\/v2\/media\/738"}],"wp:attachment":[{"href":"https:\/\/www.myautopartsfactory.com\/de\/wp-json\/wp\/v2\/media?parent=732"}],"wp:term":[{"taxonomy":"product-tag","embeddable":true,"href":"https:\/\/www.myautopartsfactory.com\/de\/wp-json\/wp\/v2\/product-tag?post=732"},{"taxonomy":"products","embeddable":true,"href":"https:\/\/www.myautopartsfactory.com\/de\/wp-json\/wp\/v2\/products?post=732"},{"taxonomy":"brand","embeddable":true,"href":"https:\/\/www.myautopartsfactory.com\/de\/wp-json\/wp\/v2\/brand?post=732"}],"curies":[{"name":"wp","href":"https:\/\/api.w.org\/{rel}","templated":true}]}}