{"id":5865,"date":"2025-04-16T15:27:15","date_gmt":"2025-04-16T07:27:15","guid":{"rendered":"https:\/\/www.myautopartsfactory.com\/?post_type=product&#038;p=5865"},"modified":"2025-04-16T15:27:17","modified_gmt":"2025-04-16T07:27:17","slug":"auto-parts-fuel-filter-7700109585-8200416946-for-renault-laguna-mk2-2001-2007","status":"publish","type":"product","link":"https:\/\/www.myautopartsfactory.com\/de\/product\/auto-parts-fuel-filter-7700109585-8200416946-for-renault-laguna-mk2-2001-2007","title":{"rendered":"Auto Parts Fuel Filter 7700109585 8200416946 For Renault Laguna Mk2 2001-2007"},"content":{"rendered":"<h2 class=\"wp-block-heading\">Merkmale und Vorteile:<\/h2>\n\n\n\n<ul class=\"wp-block-list\">\n<li>Perfekte Passform, einfache Installation<\/li>\n\n\n\n<li>Hergestellt nach Werksspezifikationen f\u00fcr einen problemlosen Einbau.<\/li>\n\n\n\n<li>Entwickelt als direkter Ersatz f\u00fcr Ihren Original-Kraftstofffilter, der hervorragende Passgenauigkeit und Leistung gew\u00e4hrleistet.<\/li>\n<\/ul>\n\n\n\n<h2 class=\"wp-block-heading\">Produktmerkmale\uff1a<\/h2>\n\n\n\n<ul class=\"wp-block-list\">\n<li>Verunreinigungen filtern: Der Kraftstofffilter kann feste Verunreinigungen, Feuchtigkeit, Luft und andere sch\u00e4dliche Stoffe im Kraftstoff herausfiltern.<\/li>\n\n\n\n<li>Verbessern Sie die Effizienz des Kraftstoffsystems: Nachdem der saubere Kraftstoff in den Motor gelangt ist, kann er einen vollst\u00e4ndigeren und effizienteren Verbrennungsprozess gew\u00e4hrleisten.<\/li>\n\n\n\n<li>Verringern Sie Kohlenstoffablagerungen im Motor: Durch die Filtration von Verunreinigungen im Kraftstoff kann der Kraftstofffilter die Bildung von Kohlenstoffablagerungen im Motor wirksam reduzieren.<\/li>\n\n\n\n<li>Sch\u00fctzen Sie das Kraftstoffsystem: Der Kraftstofffilter kann verschiedene Komponenten im Kraftstoffsystem wirksam sch\u00fctzen, insbesondere Pr\u00e4zisionskomponenten wie Einspritzd\u00fcsen und Kraftstoffpumpen.<\/li>\n<\/ul>","protected":false},"excerpt":{"rendered":"Features &amp; Benefits: Product Features\uff1a","protected":false},"featured_media":5866,"menu_order":0,"template":"","meta":[],"product-tag":[],"products":[],"brand":[],"class_list":["post-5865","product","type-product","status-publish","has-post-thumbnail","hentry"],"yoast_head":"<!-- This site is optimized with the Yoast SEO plugin v27.3 - https:\/\/yoast.com\/product\/yoast-seo-wordpress\/ -->\n<title>Auto Parts Fuel Filter 7700109585 8200416946 For Renault Laguna Mk2 2001-2007 - YZHIDIANF<\/title>\n<meta name=\"robots\" content=\"index, follow, max-snippet:-1, max-image-preview:large, max-video-preview:-1\" \/>\n<link rel=\"canonical\" href=\"https:\/\/www.myautopartsfactory.com\/de\/product\/auto-parts-fuel-filter-7700109585-8200416946-for-renault-laguna-mk2-2001-2007\/\" \/>\n<meta property=\"og:locale\" content=\"de_DE\" \/>\n<meta property=\"og:type\" content=\"article\" \/>\n<meta property=\"og:title\" content=\"Auto Parts Fuel Filter 7700109585 8200416946 For Renault Laguna Mk2 2001-2007 - YZHIDIANF\" \/>\n<meta property=\"og:description\" content=\"Features &amp; Benefits: Product Features\uff1a\" \/>\n<meta property=\"og:url\" content=\"https:\/\/www.myautopartsfactory.com\/de\/product\/auto-parts-fuel-filter-7700109585-8200416946-for-renault-laguna-mk2-2001-2007\/\" \/>\n<meta property=\"og:site_name\" content=\"YZHIDIANF\" \/>\n<meta property=\"article:modified_time\" content=\"2025-04-16T07:27:17+00:00\" \/>\n<meta property=\"og:image\" content=\"https:\/\/www.myautopartsfactory.com\/wp-content\/uploads\/2025\/04\/\u4e3b\u56fe_002-1-1-scaled.jpg\" \/>\n\t<meta property=\"og:image:width\" content=\"2560\" \/>\n\t<meta property=\"og:image:height\" content=\"2560\" \/>\n\t<meta property=\"og:image:type\" content=\"image\/jpeg\" \/>\n<meta name=\"twitter:card\" content=\"summary_large_image\" \/>\n<meta name=\"twitter:label1\" content=\"Gesch\u00e4tzte Lesezeit\" \/>\n\t<meta name=\"twitter:data1\" content=\"1\u00a0Minute\" \/>\n<script type=\"application\/ld+json\" class=\"yoast-schema-graph\">{\"@context\":\"https:\\\/\\\/schema.org\",\"@graph\":[{\"@type\":\"WebPage\",\"@id\":\"https:\\\/\\\/www.myautopartsfactory.com\\\/product\\\/auto-parts-fuel-filter-7700109585-8200416946-for-renault-laguna-mk2-2001-2007\",\"url\":\"https:\\\/\\\/www.myautopartsfactory.com\\\/product\\\/auto-parts-fuel-filter-7700109585-8200416946-for-renault-laguna-mk2-2001-2007\",\"name\":\"Auto Parts Fuel Filter 7700109585 8200416946 For Renault Laguna Mk2 2001-2007 - YZHIDIANF\",\"isPartOf\":{\"@id\":\"https:\\\/\\\/www.myautopartsfactory.com\\\/#website\"},\"primaryImageOfPage\":{\"@id\":\"https:\\\/\\\/www.myautopartsfactory.com\\\/product\\\/auto-parts-fuel-filter-7700109585-8200416946-for-renault-laguna-mk2-2001-2007#primaryimage\"},\"image\":{\"@id\":\"https:\\\/\\\/www.myautopartsfactory.com\\\/product\\\/auto-parts-fuel-filter-7700109585-8200416946-for-renault-laguna-mk2-2001-2007#primaryimage\"},\"thumbnailUrl\":\"https:\\\/\\\/www.myautopartsfactory.com\\\/wp-content\\\/uploads\\\/2025\\\/04\\\/\u4e3b\u56fe_002-1-1-scaled.jpg\",\"datePublished\":\"2025-04-16T07:27:15+00:00\",\"dateModified\":\"2025-04-16T07:27:17+00:00\",\"breadcrumb\":{\"@id\":\"https:\\\/\\\/www.myautopartsfactory.com\\\/product\\\/auto-parts-fuel-filter-7700109585-8200416946-for-renault-laguna-mk2-2001-2007#breadcrumb\"},\"inLanguage\":\"de\",\"potentialAction\":[{\"@type\":\"ReadAction\",\"target\":[\"https:\\\/\\\/www.myautopartsfactory.com\\\/product\\\/auto-parts-fuel-filter-7700109585-8200416946-for-renault-laguna-mk2-2001-2007\"]}]},{\"@type\":\"ImageObject\",\"inLanguage\":\"de\",\"@id\":\"https:\\\/\\\/www.myautopartsfactory.com\\\/product\\\/auto-parts-fuel-filter-7700109585-8200416946-for-renault-laguna-mk2-2001-2007#primaryimage\",\"url\":\"https:\\\/\\\/www.myautopartsfactory.com\\\/wp-content\\\/uploads\\\/2025\\\/04\\\/\u4e3b\u56fe_002-1-1-scaled.jpg\",\"contentUrl\":\"https:\\\/\\\/www.myautopartsfactory.com\\\/wp-content\\\/uploads\\\/2025\\\/04\\\/\u4e3b\u56fe_002-1-1-scaled.jpg\",\"width\":2560,\"height\":2560},{\"@type\":\"BreadcrumbList\",\"@id\":\"https:\\\/\\\/www.myautopartsfactory.com\\\/product\\\/auto-parts-fuel-filter-7700109585-8200416946-for-renault-laguna-mk2-2001-2007#breadcrumb\",\"itemListElement\":[{\"@type\":\"ListItem\",\"position\":1,\"name\":\"\u9996\u9875\",\"item\":\"https:\\\/\\\/www.myautopartsfactory.com\\\/\"},{\"@type\":\"ListItem\",\"position\":2,\"name\":\"Auto Parts Fuel Filter 7700109585 8200416946 For Renault Laguna Mk2 2001-2007\"}]},{\"@type\":\"WebSite\",\"@id\":\"https:\\\/\\\/www.myautopartsfactory.com\\\/#website\",\"url\":\"https:\\\/\\\/www.myautopartsfactory.com\\\/\",\"name\":\"YZHIDIANF\",\"description\":\"One-Stop Auto Parts Supplier\",\"publisher\":{\"@id\":\"https:\\\/\\\/www.myautopartsfactory.com\\\/#organization\"},\"potentialAction\":[{\"@type\":\"SearchAction\",\"target\":{\"@type\":\"EntryPoint\",\"urlTemplate\":\"https:\\\/\\\/www.myautopartsfactory.com\\\/?s={search_term_string}\"},\"query-input\":{\"@type\":\"PropertyValueSpecification\",\"valueRequired\":true,\"valueName\":\"search_term_string\"}}],\"inLanguage\":\"de\"},{\"@type\":\"Organization\",\"@id\":\"https:\\\/\\\/www.myautopartsfactory.com\\\/#organization\",\"name\":\"YZHIDIANF\",\"url\":\"https:\\\/\\\/www.myautopartsfactory.com\\\/\",\"logo\":{\"@type\":\"ImageObject\",\"inLanguage\":\"de\",\"@id\":\"https:\\\/\\\/www.myautopartsfactory.com\\\/#\\\/schema\\\/logo\\\/image\\\/\",\"url\":\"https:\\\/\\\/www.myautopartsfactory.com\\\/wp-content\\\/uploads\\\/2024\\\/05\\\/fav.jpg\",\"contentUrl\":\"https:\\\/\\\/www.myautopartsfactory.com\\\/wp-content\\\/uploads\\\/2024\\\/05\\\/fav.jpg\",\"width\":80,\"height\":80,\"caption\":\"YZHIDIANF\"},\"image\":{\"@id\":\"https:\\\/\\\/www.myautopartsfactory.com\\\/#\\\/schema\\\/logo\\\/image\\\/\"}}]}<\/script>\n<!-- \/ Yoast SEO plugin. -->","yoast_head_json":{"title":"Auto Parts Fuel Filter 7700109585 8200416946 For Renault Laguna Mk2 2001-2007 - YZHIDIANF","robots":{"index":"index","follow":"follow","max-snippet":"max-snippet:-1","max-image-preview":"max-image-preview:large","max-video-preview":"max-video-preview:-1"},"canonical":"https:\/\/www.myautopartsfactory.com\/de\/product\/auto-parts-fuel-filter-7700109585-8200416946-for-renault-laguna-mk2-2001-2007\/","og_locale":"de_DE","og_type":"article","og_title":"Auto Parts Fuel Filter 7700109585 8200416946 For Renault Laguna Mk2 2001-2007 - YZHIDIANF","og_description":"Features &amp; Benefits: Product Features\uff1a","og_url":"https:\/\/www.myautopartsfactory.com\/de\/product\/auto-parts-fuel-filter-7700109585-8200416946-for-renault-laguna-mk2-2001-2007\/","og_site_name":"YZHIDIANF","article_modified_time":"2025-04-16T07:27:17+00:00","og_image":[{"width":2560,"height":2560,"url":"https:\/\/www.myautopartsfactory.com\/wp-content\/uploads\/2025\/04\/\u4e3b\u56fe_002-1-1-scaled.jpg","type":"image\/jpeg"}],"twitter_card":"summary_large_image","twitter_misc":{"Gesch\u00e4tzte Lesezeit":"1\u00a0Minute"},"schema":{"@context":"https:\/\/schema.org","@graph":[{"@type":"WebPage","@id":"https:\/\/www.myautopartsfactory.com\/product\/auto-parts-fuel-filter-7700109585-8200416946-for-renault-laguna-mk2-2001-2007","url":"https:\/\/www.myautopartsfactory.com\/product\/auto-parts-fuel-filter-7700109585-8200416946-for-renault-laguna-mk2-2001-2007","name":"Auto Parts Fuel Filter 7700109585 8200416946 For Renault Laguna Mk2 2001-2007 - YZHIDIANF","isPartOf":{"@id":"https:\/\/www.myautopartsfactory.com\/#website"},"primaryImageOfPage":{"@id":"https:\/\/www.myautopartsfactory.com\/product\/auto-parts-fuel-filter-7700109585-8200416946-for-renault-laguna-mk2-2001-2007#primaryimage"},"image":{"@id":"https:\/\/www.myautopartsfactory.com\/product\/auto-parts-fuel-filter-7700109585-8200416946-for-renault-laguna-mk2-2001-2007#primaryimage"},"thumbnailUrl":"https:\/\/www.myautopartsfactory.com\/wp-content\/uploads\/2025\/04\/\u4e3b\u56fe_002-1-1-scaled.jpg","datePublished":"2025-04-16T07:27:15+00:00","dateModified":"2025-04-16T07:27:17+00:00","breadcrumb":{"@id":"https:\/\/www.myautopartsfactory.com\/product\/auto-parts-fuel-filter-7700109585-8200416946-for-renault-laguna-mk2-2001-2007#breadcrumb"},"inLanguage":"de","potentialAction":[{"@type":"ReadAction","target":["https:\/\/www.myautopartsfactory.com\/product\/auto-parts-fuel-filter-7700109585-8200416946-for-renault-laguna-mk2-2001-2007"]}]},{"@type":"ImageObject","inLanguage":"de","@id":"https:\/\/www.myautopartsfactory.com\/product\/auto-parts-fuel-filter-7700109585-8200416946-for-renault-laguna-mk2-2001-2007#primaryimage","url":"https:\/\/www.myautopartsfactory.com\/wp-content\/uploads\/2025\/04\/\u4e3b\u56fe_002-1-1-scaled.jpg","contentUrl":"https:\/\/www.myautopartsfactory.com\/wp-content\/uploads\/2025\/04\/\u4e3b\u56fe_002-1-1-scaled.jpg","width":2560,"height":2560},{"@type":"BreadcrumbList","@id":"https:\/\/www.myautopartsfactory.com\/product\/auto-parts-fuel-filter-7700109585-8200416946-for-renault-laguna-mk2-2001-2007#breadcrumb","itemListElement":[{"@type":"ListItem","position":1,"name":"\u9996\u9875","item":"https:\/\/www.myautopartsfactory.com\/"},{"@type":"ListItem","position":2,"name":"Auto Parts Fuel Filter 7700109585 8200416946 For Renault Laguna Mk2 2001-2007"}]},{"@type":"WebSite","@id":"https:\/\/www.myautopartsfactory.com\/#website","url":"https:\/\/www.myautopartsfactory.com\/","name":"YZHIDIANF","description":"Autoteile-Lieferant aus einer Hand","publisher":{"@id":"https:\/\/www.myautopartsfactory.com\/#organization"},"potentialAction":[{"@type":"SearchAction","target":{"@type":"EntryPoint","urlTemplate":"https:\/\/www.myautopartsfactory.com\/?s={search_term_string}"},"query-input":{"@type":"PropertyValueSpecification","valueRequired":true,"valueName":"search_term_string"}}],"inLanguage":"de"},{"@type":"Organization","@id":"https:\/\/www.myautopartsfactory.com\/#organization","name":"YZHIDIANF","url":"https:\/\/www.myautopartsfactory.com\/","logo":{"@type":"ImageObject","inLanguage":"de","@id":"https:\/\/www.myautopartsfactory.com\/#\/schema\/logo\/image\/","url":"https:\/\/www.myautopartsfactory.com\/wp-content\/uploads\/2024\/05\/fav.jpg","contentUrl":"https:\/\/www.myautopartsfactory.com\/wp-content\/uploads\/2024\/05\/fav.jpg","width":80,"height":80,"caption":"YZHIDIANF"},"image":{"@id":"https:\/\/www.myautopartsfactory.com\/#\/schema\/logo\/image\/"}}]}},"acf":[],"_links":{"self":[{"href":"https:\/\/www.myautopartsfactory.com\/de\/wp-json\/wp\/v2\/product\/5865","targetHints":{"allow":["GET"]}}],"collection":[{"href":"https:\/\/www.myautopartsfactory.com\/de\/wp-json\/wp\/v2\/product"}],"about":[{"href":"https:\/\/www.myautopartsfactory.com\/de\/wp-json\/wp\/v2\/types\/product"}],"version-history":[{"count":0,"href":"https:\/\/www.myautopartsfactory.com\/de\/wp-json\/wp\/v2\/product\/5865\/revisions"}],"wp:featuredmedia":[{"embeddable":true,"href":"https:\/\/www.myautopartsfactory.com\/de\/wp-json\/wp\/v2\/media\/5866"}],"wp:attachment":[{"href":"https:\/\/www.myautopartsfactory.com\/de\/wp-json\/wp\/v2\/media?parent=5865"}],"wp:term":[{"taxonomy":"product-tag","embeddable":true,"href":"https:\/\/www.myautopartsfactory.com\/de\/wp-json\/wp\/v2\/product-tag?post=5865"},{"taxonomy":"products","embeddable":true,"href":"https:\/\/www.myautopartsfactory.com\/de\/wp-json\/wp\/v2\/products?post=5865"},{"taxonomy":"brand","embeddable":true,"href":"https:\/\/www.myautopartsfactory.com\/de\/wp-json\/wp\/v2\/brand?post=5865"}],"curies":[{"name":"wp","href":"https:\/\/api.w.org\/{rel}","templated":true}]}}