{"id":5794,"date":"2025-04-16T14:26:52","date_gmt":"2025-04-16T06:26:52","guid":{"rendered":"https:\/\/www.myautopartsfactory.com\/?post_type=product&#038;p=5794"},"modified":"2025-04-16T14:26:55","modified_gmt":"2025-04-16T06:26:55","slug":"front-air-suspension-shock-strut-absorber-2203205013-a2203205013-for-mercedes-benz-w220-s350-s430","status":"publish","type":"product","link":"https:\/\/www.myautopartsfactory.com\/de\/product\/front-air-suspension-shock-strut-absorber-2203205013-a2203205013-for-mercedes-benz-w220-s350-s430","title":{"rendered":"Luftfederung vorne Federbeind\u00e4mpfer 2203205013 A2203205013 f\u00fcr Mercedes-Benz W220 S350 S430"},"content":{"rendered":"<h2 class=\"wp-block-heading\">Merkmale und Vorteile:<\/h2>\n\n\n\n<ul class=\"wp-block-list\">\n<li>Perfekte Passform, einfache Installation<\/li>\n\n\n\n<li>Hergestellt nach Werksspezifikationen f\u00fcr einen problemlosen Einbau.<\/li>\n\n\n\n<li>Entwickelt als direkter Ersatz f\u00fcr Ihren originalen Luftfederd\u00e4mpfer, der eine hervorragende Passgenauigkeit und Leistung gew\u00e4hrleistet.<\/li>\n<\/ul>\n\n\n\n<h2 class=\"wp-block-heading\">Produktmerkmale\uff1a<\/h2>\n\n\n\n<ul class=\"wp-block-list\">\n<li>Komfort und sto\u00dfd\u00e4mpfende Wirkung: Aufgrund der elastischen Eigenschaften der Luftfeder kann sie die Vibrationen der Fahrzeugkarosserie besser reduzieren und den Komfort verbessern.<\/li>\n\n\n\n<li>Adaptive Einstellung: Die H\u00e4rte und H\u00f6he der Federung kann automatisch an Faktoren wie Fahrzeuglast, Geschwindigkeit und Stra\u00dfenbedingungen angepasst werden.<\/li>\n\n\n\n<li>Dynamische Einstellung und pr\u00e4zise Kontrolle: Ausgestattet mit einer elektronischen Steuereinheit (ECU), \u00fcberwacht es die Stra\u00dfenbedingungen, die Fahrzeuggeschwindigkeit, die K\u00f6rperhaltung und andere Daten durch dynamische Sensoren, passt die H\u00e4rte des Sto\u00dfd\u00e4mpfers und den Druck der Luftfeder genau an und realisiert eine Echtzeitkontrolle und Optimierung des Fahrens.<\/li>\n<\/ul>","protected":false},"excerpt":{"rendered":"Features &amp; Benefits: Product Features\uff1a","protected":false},"featured_media":5800,"menu_order":0,"template":"","meta":[],"product-tag":[],"products":[129],"brand":[61],"class_list":["post-5794","product","type-product","status-publish","has-post-thumbnail","hentry","products-air-suspension-shock-absorber","brand-mercedes-benz"],"yoast_head":"<!-- This site is optimized with the Yoast SEO plugin v27.3 - https:\/\/yoast.com\/product\/yoast-seo-wordpress\/ -->\n<title>Front Air Suspension Shock Strut Absorber 2203205013 A2203205013 For Mercedes-Benz W220 S350 S430 - YZHIDIANF<\/title>\n<meta name=\"robots\" content=\"index, follow, max-snippet:-1, max-image-preview:large, max-video-preview:-1\" \/>\n<link rel=\"canonical\" href=\"https:\/\/www.myautopartsfactory.com\/de\/product\/front-air-suspension-shock-strut-absorber-2203205013-a2203205013-for-mercedes-benz-w220-s350-s430\/\" \/>\n<meta property=\"og:locale\" content=\"de_DE\" \/>\n<meta property=\"og:type\" content=\"article\" \/>\n<meta property=\"og:title\" content=\"Front Air Suspension Shock Strut Absorber 2203205013 A2203205013 For Mercedes-Benz W220 S350 S430 - YZHIDIANF\" \/>\n<meta property=\"og:description\" content=\"Features &amp; Benefits: Product Features\uff1a\" \/>\n<meta property=\"og:url\" content=\"https:\/\/www.myautopartsfactory.com\/de\/product\/front-air-suspension-shock-strut-absorber-2203205013-a2203205013-for-mercedes-benz-w220-s350-s430\/\" \/>\n<meta property=\"og:site_name\" content=\"YZHIDIANF\" \/>\n<meta property=\"article:modified_time\" content=\"2025-04-16T06:26:55+00:00\" \/>\n<meta property=\"og:image\" content=\"https:\/\/www.myautopartsfactory.com\/wp-content\/uploads\/2025\/04\/\u4e3b\u56fe_006-11.jpg\" \/>\n\t<meta property=\"og:image:width\" content=\"1000\" \/>\n\t<meta property=\"og:image:height\" content=\"1000\" \/>\n\t<meta property=\"og:image:type\" content=\"image\/jpeg\" \/>\n<meta name=\"twitter:card\" content=\"summary_large_image\" \/>\n<meta name=\"twitter:label1\" content=\"Gesch\u00e4tzte Lesezeit\" \/>\n\t<meta name=\"twitter:data1\" content=\"1\u00a0Minute\" \/>\n<script type=\"application\/ld+json\" class=\"yoast-schema-graph\">{\"@context\":\"https:\\\/\\\/schema.org\",\"@graph\":[{\"@type\":\"WebPage\",\"@id\":\"https:\\\/\\\/www.myautopartsfactory.com\\\/product\\\/front-air-suspension-shock-strut-absorber-2203205013-a2203205013-for-mercedes-benz-w220-s350-s430\",\"url\":\"https:\\\/\\\/www.myautopartsfactory.com\\\/product\\\/front-air-suspension-shock-strut-absorber-2203205013-a2203205013-for-mercedes-benz-w220-s350-s430\",\"name\":\"Front Air Suspension Shock Strut Absorber 2203205013 A2203205013 For Mercedes-Benz W220 S350 S430 - YZHIDIANF\",\"isPartOf\":{\"@id\":\"https:\\\/\\\/www.myautopartsfactory.com\\\/#website\"},\"primaryImageOfPage\":{\"@id\":\"https:\\\/\\\/www.myautopartsfactory.com\\\/product\\\/front-air-suspension-shock-strut-absorber-2203205013-a2203205013-for-mercedes-benz-w220-s350-s430#primaryimage\"},\"image\":{\"@id\":\"https:\\\/\\\/www.myautopartsfactory.com\\\/product\\\/front-air-suspension-shock-strut-absorber-2203205013-a2203205013-for-mercedes-benz-w220-s350-s430#primaryimage\"},\"thumbnailUrl\":\"https:\\\/\\\/www.myautopartsfactory.com\\\/wp-content\\\/uploads\\\/2025\\\/04\\\/\u4e3b\u56fe_006-11.jpg\",\"datePublished\":\"2025-04-16T06:26:52+00:00\",\"dateModified\":\"2025-04-16T06:26:55+00:00\",\"breadcrumb\":{\"@id\":\"https:\\\/\\\/www.myautopartsfactory.com\\\/product\\\/front-air-suspension-shock-strut-absorber-2203205013-a2203205013-for-mercedes-benz-w220-s350-s430#breadcrumb\"},\"inLanguage\":\"de\",\"potentialAction\":[{\"@type\":\"ReadAction\",\"target\":[\"https:\\\/\\\/www.myautopartsfactory.com\\\/product\\\/front-air-suspension-shock-strut-absorber-2203205013-a2203205013-for-mercedes-benz-w220-s350-s430\"]}]},{\"@type\":\"ImageObject\",\"inLanguage\":\"de\",\"@id\":\"https:\\\/\\\/www.myautopartsfactory.com\\\/product\\\/front-air-suspension-shock-strut-absorber-2203205013-a2203205013-for-mercedes-benz-w220-s350-s430#primaryimage\",\"url\":\"https:\\\/\\\/www.myautopartsfactory.com\\\/wp-content\\\/uploads\\\/2025\\\/04\\\/\u4e3b\u56fe_006-11.jpg\",\"contentUrl\":\"https:\\\/\\\/www.myautopartsfactory.com\\\/wp-content\\\/uploads\\\/2025\\\/04\\\/\u4e3b\u56fe_006-11.jpg\",\"width\":1000,\"height\":1000},{\"@type\":\"BreadcrumbList\",\"@id\":\"https:\\\/\\\/www.myautopartsfactory.com\\\/product\\\/front-air-suspension-shock-strut-absorber-2203205013-a2203205013-for-mercedes-benz-w220-s350-s430#breadcrumb\",\"itemListElement\":[{\"@type\":\"ListItem\",\"position\":1,\"name\":\"\u9996\u9875\",\"item\":\"https:\\\/\\\/www.myautopartsfactory.com\\\/\"},{\"@type\":\"ListItem\",\"position\":2,\"name\":\"Front Air Suspension Shock Strut Absorber 2203205013 A2203205013 For Mercedes-Benz W220 S350 S430\"}]},{\"@type\":\"WebSite\",\"@id\":\"https:\\\/\\\/www.myautopartsfactory.com\\\/#website\",\"url\":\"https:\\\/\\\/www.myautopartsfactory.com\\\/\",\"name\":\"YZHIDIANF\",\"description\":\"One-Stop Auto Parts Supplier\",\"publisher\":{\"@id\":\"https:\\\/\\\/www.myautopartsfactory.com\\\/#organization\"},\"potentialAction\":[{\"@type\":\"SearchAction\",\"target\":{\"@type\":\"EntryPoint\",\"urlTemplate\":\"https:\\\/\\\/www.myautopartsfactory.com\\\/?s={search_term_string}\"},\"query-input\":{\"@type\":\"PropertyValueSpecification\",\"valueRequired\":true,\"valueName\":\"search_term_string\"}}],\"inLanguage\":\"de\"},{\"@type\":\"Organization\",\"@id\":\"https:\\\/\\\/www.myautopartsfactory.com\\\/#organization\",\"name\":\"YZHIDIANF\",\"url\":\"https:\\\/\\\/www.myautopartsfactory.com\\\/\",\"logo\":{\"@type\":\"ImageObject\",\"inLanguage\":\"de\",\"@id\":\"https:\\\/\\\/www.myautopartsfactory.com\\\/#\\\/schema\\\/logo\\\/image\\\/\",\"url\":\"https:\\\/\\\/www.myautopartsfactory.com\\\/wp-content\\\/uploads\\\/2024\\\/05\\\/fav.jpg\",\"contentUrl\":\"https:\\\/\\\/www.myautopartsfactory.com\\\/wp-content\\\/uploads\\\/2024\\\/05\\\/fav.jpg\",\"width\":80,\"height\":80,\"caption\":\"YZHIDIANF\"},\"image\":{\"@id\":\"https:\\\/\\\/www.myautopartsfactory.com\\\/#\\\/schema\\\/logo\\\/image\\\/\"}}]}<\/script>\n<!-- \/ Yoast SEO plugin. -->","yoast_head_json":{"title":"Front Air Suspension Shock Strut Absorber 2203205013 A2203205013 For Mercedes-Benz W220 S350 S430 - YZHIDIANF","robots":{"index":"index","follow":"follow","max-snippet":"max-snippet:-1","max-image-preview":"max-image-preview:large","max-video-preview":"max-video-preview:-1"},"canonical":"https:\/\/www.myautopartsfactory.com\/de\/product\/front-air-suspension-shock-strut-absorber-2203205013-a2203205013-for-mercedes-benz-w220-s350-s430\/","og_locale":"de_DE","og_type":"article","og_title":"Front Air Suspension Shock Strut Absorber 2203205013 A2203205013 For Mercedes-Benz W220 S350 S430 - YZHIDIANF","og_description":"Features &amp; Benefits: Product Features\uff1a","og_url":"https:\/\/www.myautopartsfactory.com\/de\/product\/front-air-suspension-shock-strut-absorber-2203205013-a2203205013-for-mercedes-benz-w220-s350-s430\/","og_site_name":"YZHIDIANF","article_modified_time":"2025-04-16T06:26:55+00:00","og_image":[{"width":1000,"height":1000,"url":"https:\/\/www.myautopartsfactory.com\/wp-content\/uploads\/2025\/04\/\u4e3b\u56fe_006-11.jpg","type":"image\/jpeg"}],"twitter_card":"summary_large_image","twitter_misc":{"Gesch\u00e4tzte Lesezeit":"1\u00a0Minute"},"schema":{"@context":"https:\/\/schema.org","@graph":[{"@type":"WebPage","@id":"https:\/\/www.myautopartsfactory.com\/product\/front-air-suspension-shock-strut-absorber-2203205013-a2203205013-for-mercedes-benz-w220-s350-s430","url":"https:\/\/www.myautopartsfactory.com\/product\/front-air-suspension-shock-strut-absorber-2203205013-a2203205013-for-mercedes-benz-w220-s350-s430","name":"Front Air Suspension Shock Strut Absorber 2203205013 A2203205013 For Mercedes-Benz W220 S350 S430 - YZHIDIANF","isPartOf":{"@id":"https:\/\/www.myautopartsfactory.com\/#website"},"primaryImageOfPage":{"@id":"https:\/\/www.myautopartsfactory.com\/product\/front-air-suspension-shock-strut-absorber-2203205013-a2203205013-for-mercedes-benz-w220-s350-s430#primaryimage"},"image":{"@id":"https:\/\/www.myautopartsfactory.com\/product\/front-air-suspension-shock-strut-absorber-2203205013-a2203205013-for-mercedes-benz-w220-s350-s430#primaryimage"},"thumbnailUrl":"https:\/\/www.myautopartsfactory.com\/wp-content\/uploads\/2025\/04\/\u4e3b\u56fe_006-11.jpg","datePublished":"2025-04-16T06:26:52+00:00","dateModified":"2025-04-16T06:26:55+00:00","breadcrumb":{"@id":"https:\/\/www.myautopartsfactory.com\/product\/front-air-suspension-shock-strut-absorber-2203205013-a2203205013-for-mercedes-benz-w220-s350-s430#breadcrumb"},"inLanguage":"de","potentialAction":[{"@type":"ReadAction","target":["https:\/\/www.myautopartsfactory.com\/product\/front-air-suspension-shock-strut-absorber-2203205013-a2203205013-for-mercedes-benz-w220-s350-s430"]}]},{"@type":"ImageObject","inLanguage":"de","@id":"https:\/\/www.myautopartsfactory.com\/product\/front-air-suspension-shock-strut-absorber-2203205013-a2203205013-for-mercedes-benz-w220-s350-s430#primaryimage","url":"https:\/\/www.myautopartsfactory.com\/wp-content\/uploads\/2025\/04\/\u4e3b\u56fe_006-11.jpg","contentUrl":"https:\/\/www.myautopartsfactory.com\/wp-content\/uploads\/2025\/04\/\u4e3b\u56fe_006-11.jpg","width":1000,"height":1000},{"@type":"BreadcrumbList","@id":"https:\/\/www.myautopartsfactory.com\/product\/front-air-suspension-shock-strut-absorber-2203205013-a2203205013-for-mercedes-benz-w220-s350-s430#breadcrumb","itemListElement":[{"@type":"ListItem","position":1,"name":"\u9996\u9875","item":"https:\/\/www.myautopartsfactory.com\/"},{"@type":"ListItem","position":2,"name":"Front Air Suspension Shock Strut Absorber 2203205013 A2203205013 For Mercedes-Benz W220 S350 S430"}]},{"@type":"WebSite","@id":"https:\/\/www.myautopartsfactory.com\/#website","url":"https:\/\/www.myautopartsfactory.com\/","name":"YZHIDIANF","description":"Autoteile-Lieferant aus einer Hand","publisher":{"@id":"https:\/\/www.myautopartsfactory.com\/#organization"},"potentialAction":[{"@type":"SearchAction","target":{"@type":"EntryPoint","urlTemplate":"https:\/\/www.myautopartsfactory.com\/?s={search_term_string}"},"query-input":{"@type":"PropertyValueSpecification","valueRequired":true,"valueName":"search_term_string"}}],"inLanguage":"de"},{"@type":"Organization","@id":"https:\/\/www.myautopartsfactory.com\/#organization","name":"YZHIDIANF","url":"https:\/\/www.myautopartsfactory.com\/","logo":{"@type":"ImageObject","inLanguage":"de","@id":"https:\/\/www.myautopartsfactory.com\/#\/schema\/logo\/image\/","url":"https:\/\/www.myautopartsfactory.com\/wp-content\/uploads\/2024\/05\/fav.jpg","contentUrl":"https:\/\/www.myautopartsfactory.com\/wp-content\/uploads\/2024\/05\/fav.jpg","width":80,"height":80,"caption":"YZHIDIANF"},"image":{"@id":"https:\/\/www.myautopartsfactory.com\/#\/schema\/logo\/image\/"}}]}},"acf":[],"_links":{"self":[{"href":"https:\/\/www.myautopartsfactory.com\/de\/wp-json\/wp\/v2\/product\/5794","targetHints":{"allow":["GET"]}}],"collection":[{"href":"https:\/\/www.myautopartsfactory.com\/de\/wp-json\/wp\/v2\/product"}],"about":[{"href":"https:\/\/www.myautopartsfactory.com\/de\/wp-json\/wp\/v2\/types\/product"}],"version-history":[{"count":0,"href":"https:\/\/www.myautopartsfactory.com\/de\/wp-json\/wp\/v2\/product\/5794\/revisions"}],"wp:featuredmedia":[{"embeddable":true,"href":"https:\/\/www.myautopartsfactory.com\/de\/wp-json\/wp\/v2\/media\/5800"}],"wp:attachment":[{"href":"https:\/\/www.myautopartsfactory.com\/de\/wp-json\/wp\/v2\/media?parent=5794"}],"wp:term":[{"taxonomy":"product-tag","embeddable":true,"href":"https:\/\/www.myautopartsfactory.com\/de\/wp-json\/wp\/v2\/product-tag?post=5794"},{"taxonomy":"products","embeddable":true,"href":"https:\/\/www.myautopartsfactory.com\/de\/wp-json\/wp\/v2\/products?post=5794"},{"taxonomy":"brand","embeddable":true,"href":"https:\/\/www.myautopartsfactory.com\/de\/wp-json\/wp\/v2\/brand?post=5794"}],"curies":[{"name":"wp","href":"https:\/\/api.w.org\/{rel}","templated":true}]}}