{"id":4599,"date":"2025-02-08T11:58:13","date_gmt":"2025-02-08T03:58:13","guid":{"rendered":"https:\/\/www.myautopartsfactory.com\/?post_type=product&#038;p=4599"},"modified":"2025-02-08T11:58:16","modified_gmt":"2025-02-08T03:58:16","slug":"fuel-pump-suction-control-valve-scv-1460a137-for-mitsubishi-l200-triton-pajero-2-5-3-2","status":"publish","type":"product","link":"https:\/\/www.myautopartsfactory.com\/de\/product\/fuel-pump-suction-control-valve-scv-1460a137-for-mitsubishi-l200-triton-pajero-2-5-3-2","title":{"rendered":"Kraftstoffpumpen-Saugregelventil SCV 1460A137 f\u00fcr Mitsubishi L200 Triton Pajero 2.5 3.2"},"content":{"rendered":"<h2 class=\"wp-block-heading\">Merkmale und Vorteile:<\/h2>\n\n\n\n<ul class=\"wp-block-list\">\n<li>Hergestellt nach Werksspezifikationen f\u00fcr einen problemlosen Einbau.<\/li>\n\n\n\n<li>Perfekte Passform, einfache Installation<\/li>\n\n\n\n<li>Entwickelt als direkter Ersatz f\u00fcr Ihr originales Ansaugregelventil, um eine hervorragende Passform und Leistung zu gew\u00e4hrleisten.<\/li>\n<\/ul>\n\n\n\n<h2 class=\"wp-block-heading\">Produktmerkmale\uff1a<\/h2>\n\n\n\n<ul class=\"wp-block-list\">\n<li>Verhindern Sie Kavitation: Kavitation ist ein negatives Ph\u00e4nomen, das durch niedrigen Druck im Fl\u00fcssigkeitsstrom verursacht wird. Sie kann dazu beitragen, einen bestimmten Saugdruck aufrechtzuerhalten, Kavitation zu verhindern und Pumpen und andere Ger\u00e4te vor Sch\u00e4den zu sch\u00fctzen.<\/li>\n\n\n\n<li>Druckstabilit\u00e4t: Das SCV-Ventil sorgt daf\u00fcr, dass die Hydraulikpumpe innerhalb eines sicheren Druckbereichs arbeitet, indem es den Saugdruck anpasst. Es kann sich automatisch anpassen, um einen niedrigen Saugdruck zu vermeiden und den normalen Betrieb der Pumpe zu gew\u00e4hrleisten.<\/li>\n\n\n\n<li>Sch\u00fctzt die Ausr\u00fcstung: Durch eine wirksame Kontrolle des Ansaugdrucks kann die Lebensdauer der Hydraulikpumpe und anderer Ger\u00e4te im System verl\u00e4ngert und durch \u00dcberlastung oder Kavitation verursachte Sch\u00e4den k\u00f6nnen reduziert werden.<\/li>\n<\/ul>\n\n\n\n<p><\/p>","protected":false},"excerpt":{"rendered":"Features &amp; Benefits: Product Features\uff1a","protected":false},"featured_media":4600,"menu_order":0,"template":"","meta":[],"product-tag":[],"products":[125],"brand":[49],"class_list":["post-4599","product","type-product","status-publish","has-post-thumbnail","hentry","products-suction-control-valve","brand-mitsubishi"],"yoast_head":"<!-- This site is optimized with the Yoast SEO plugin v27.3 - https:\/\/yoast.com\/product\/yoast-seo-wordpress\/ -->\n<title>Fuel Pump Suction Control Valve SCV 1460A137 For Mitsubishi L200 Triton Pajero 2.5 3.2 - YZHIDIANF<\/title>\n<meta name=\"robots\" content=\"index, follow, max-snippet:-1, max-image-preview:large, max-video-preview:-1\" \/>\n<link rel=\"canonical\" href=\"https:\/\/www.myautopartsfactory.com\/de\/product\/fuel-pump-suction-control-valve-scv-1460a137-for-mitsubishi-l200-triton-pajero-2-5-3-2\/\" \/>\n<meta property=\"og:locale\" content=\"de_DE\" \/>\n<meta property=\"og:type\" content=\"article\" \/>\n<meta property=\"og:title\" content=\"Fuel Pump Suction Control Valve SCV 1460A137 For Mitsubishi L200 Triton Pajero 2.5 3.2 - YZHIDIANF\" \/>\n<meta property=\"og:description\" content=\"Features &amp; Benefits: Product Features\uff1a\" \/>\n<meta property=\"og:url\" content=\"https:\/\/www.myautopartsfactory.com\/de\/product\/fuel-pump-suction-control-valve-scv-1460a137-for-mitsubishi-l200-triton-pajero-2-5-3-2\/\" \/>\n<meta property=\"og:site_name\" content=\"YZHIDIANF\" \/>\n<meta property=\"article:modified_time\" content=\"2025-02-08T03:58:16+00:00\" \/>\n<meta property=\"og:image\" content=\"https:\/\/www.myautopartsfactory.com\/wp-content\/uploads\/2025\/02\/1-1.jpg\" \/>\n\t<meta property=\"og:image:width\" content=\"800\" \/>\n\t<meta property=\"og:image:height\" content=\"800\" \/>\n\t<meta property=\"og:image:type\" content=\"image\/jpeg\" \/>\n<meta name=\"twitter:card\" content=\"summary_large_image\" \/>\n<meta name=\"twitter:label1\" content=\"Gesch\u00e4tzte Lesezeit\" \/>\n\t<meta name=\"twitter:data1\" content=\"1\u00a0Minute\" \/>\n<script type=\"application\/ld+json\" class=\"yoast-schema-graph\">{\"@context\":\"https:\\\/\\\/schema.org\",\"@graph\":[{\"@type\":\"WebPage\",\"@id\":\"https:\\\/\\\/www.myautopartsfactory.com\\\/product\\\/fuel-pump-suction-control-valve-scv-1460a137-for-mitsubishi-l200-triton-pajero-2-5-3-2\",\"url\":\"https:\\\/\\\/www.myautopartsfactory.com\\\/product\\\/fuel-pump-suction-control-valve-scv-1460a137-for-mitsubishi-l200-triton-pajero-2-5-3-2\",\"name\":\"Fuel Pump Suction Control Valve SCV 1460A137 For Mitsubishi L200 Triton Pajero 2.5 3.2 - YZHIDIANF\",\"isPartOf\":{\"@id\":\"https:\\\/\\\/www.myautopartsfactory.com\\\/#website\"},\"primaryImageOfPage\":{\"@id\":\"https:\\\/\\\/www.myautopartsfactory.com\\\/product\\\/fuel-pump-suction-control-valve-scv-1460a137-for-mitsubishi-l200-triton-pajero-2-5-3-2#primaryimage\"},\"image\":{\"@id\":\"https:\\\/\\\/www.myautopartsfactory.com\\\/product\\\/fuel-pump-suction-control-valve-scv-1460a137-for-mitsubishi-l200-triton-pajero-2-5-3-2#primaryimage\"},\"thumbnailUrl\":\"https:\\\/\\\/www.myautopartsfactory.com\\\/wp-content\\\/uploads\\\/2025\\\/02\\\/1-1.jpg\",\"datePublished\":\"2025-02-08T03:58:13+00:00\",\"dateModified\":\"2025-02-08T03:58:16+00:00\",\"breadcrumb\":{\"@id\":\"https:\\\/\\\/www.myautopartsfactory.com\\\/product\\\/fuel-pump-suction-control-valve-scv-1460a137-for-mitsubishi-l200-triton-pajero-2-5-3-2#breadcrumb\"},\"inLanguage\":\"de\",\"potentialAction\":[{\"@type\":\"ReadAction\",\"target\":[\"https:\\\/\\\/www.myautopartsfactory.com\\\/product\\\/fuel-pump-suction-control-valve-scv-1460a137-for-mitsubishi-l200-triton-pajero-2-5-3-2\"]}]},{\"@type\":\"ImageObject\",\"inLanguage\":\"de\",\"@id\":\"https:\\\/\\\/www.myautopartsfactory.com\\\/product\\\/fuel-pump-suction-control-valve-scv-1460a137-for-mitsubishi-l200-triton-pajero-2-5-3-2#primaryimage\",\"url\":\"https:\\\/\\\/www.myautopartsfactory.com\\\/wp-content\\\/uploads\\\/2025\\\/02\\\/1-1.jpg\",\"contentUrl\":\"https:\\\/\\\/www.myautopartsfactory.com\\\/wp-content\\\/uploads\\\/2025\\\/02\\\/1-1.jpg\",\"width\":800,\"height\":800},{\"@type\":\"BreadcrumbList\",\"@id\":\"https:\\\/\\\/www.myautopartsfactory.com\\\/product\\\/fuel-pump-suction-control-valve-scv-1460a137-for-mitsubishi-l200-triton-pajero-2-5-3-2#breadcrumb\",\"itemListElement\":[{\"@type\":\"ListItem\",\"position\":1,\"name\":\"\u9996\u9875\",\"item\":\"https:\\\/\\\/www.myautopartsfactory.com\\\/\"},{\"@type\":\"ListItem\",\"position\":2,\"name\":\"Fuel Pump Suction Control Valve SCV 1460A137 For Mitsubishi L200 Triton Pajero 2.5 3.2\"}]},{\"@type\":\"WebSite\",\"@id\":\"https:\\\/\\\/www.myautopartsfactory.com\\\/#website\",\"url\":\"https:\\\/\\\/www.myautopartsfactory.com\\\/\",\"name\":\"YZHIDIANF\",\"description\":\"One-Stop Auto Parts Supplier\",\"publisher\":{\"@id\":\"https:\\\/\\\/www.myautopartsfactory.com\\\/#organization\"},\"potentialAction\":[{\"@type\":\"SearchAction\",\"target\":{\"@type\":\"EntryPoint\",\"urlTemplate\":\"https:\\\/\\\/www.myautopartsfactory.com\\\/?s={search_term_string}\"},\"query-input\":{\"@type\":\"PropertyValueSpecification\",\"valueRequired\":true,\"valueName\":\"search_term_string\"}}],\"inLanguage\":\"de\"},{\"@type\":\"Organization\",\"@id\":\"https:\\\/\\\/www.myautopartsfactory.com\\\/#organization\",\"name\":\"YZHIDIANF\",\"url\":\"https:\\\/\\\/www.myautopartsfactory.com\\\/\",\"logo\":{\"@type\":\"ImageObject\",\"inLanguage\":\"de\",\"@id\":\"https:\\\/\\\/www.myautopartsfactory.com\\\/#\\\/schema\\\/logo\\\/image\\\/\",\"url\":\"https:\\\/\\\/www.myautopartsfactory.com\\\/wp-content\\\/uploads\\\/2024\\\/05\\\/fav.jpg\",\"contentUrl\":\"https:\\\/\\\/www.myautopartsfactory.com\\\/wp-content\\\/uploads\\\/2024\\\/05\\\/fav.jpg\",\"width\":80,\"height\":80,\"caption\":\"YZHIDIANF\"},\"image\":{\"@id\":\"https:\\\/\\\/www.myautopartsfactory.com\\\/#\\\/schema\\\/logo\\\/image\\\/\"}}]}<\/script>\n<!-- \/ Yoast SEO plugin. -->","yoast_head_json":{"title":"Fuel Pump Suction Control Valve SCV 1460A137 For Mitsubishi L200 Triton Pajero 2.5 3.2 - YZHIDIANF","robots":{"index":"index","follow":"follow","max-snippet":"max-snippet:-1","max-image-preview":"max-image-preview:large","max-video-preview":"max-video-preview:-1"},"canonical":"https:\/\/www.myautopartsfactory.com\/de\/product\/fuel-pump-suction-control-valve-scv-1460a137-for-mitsubishi-l200-triton-pajero-2-5-3-2\/","og_locale":"de_DE","og_type":"article","og_title":"Fuel Pump Suction Control Valve SCV 1460A137 For Mitsubishi L200 Triton Pajero 2.5 3.2 - YZHIDIANF","og_description":"Features &amp; Benefits: Product Features\uff1a","og_url":"https:\/\/www.myautopartsfactory.com\/de\/product\/fuel-pump-suction-control-valve-scv-1460a137-for-mitsubishi-l200-triton-pajero-2-5-3-2\/","og_site_name":"YZHIDIANF","article_modified_time":"2025-02-08T03:58:16+00:00","og_image":[{"width":800,"height":800,"url":"https:\/\/www.myautopartsfactory.com\/wp-content\/uploads\/2025\/02\/1-1.jpg","type":"image\/jpeg"}],"twitter_card":"summary_large_image","twitter_misc":{"Gesch\u00e4tzte Lesezeit":"1\u00a0Minute"},"schema":{"@context":"https:\/\/schema.org","@graph":[{"@type":"WebPage","@id":"https:\/\/www.myautopartsfactory.com\/product\/fuel-pump-suction-control-valve-scv-1460a137-for-mitsubishi-l200-triton-pajero-2-5-3-2","url":"https:\/\/www.myautopartsfactory.com\/product\/fuel-pump-suction-control-valve-scv-1460a137-for-mitsubishi-l200-triton-pajero-2-5-3-2","name":"Fuel Pump Suction Control Valve SCV 1460A137 For Mitsubishi L200 Triton Pajero 2.5 3.2 - YZHIDIANF","isPartOf":{"@id":"https:\/\/www.myautopartsfactory.com\/#website"},"primaryImageOfPage":{"@id":"https:\/\/www.myautopartsfactory.com\/product\/fuel-pump-suction-control-valve-scv-1460a137-for-mitsubishi-l200-triton-pajero-2-5-3-2#primaryimage"},"image":{"@id":"https:\/\/www.myautopartsfactory.com\/product\/fuel-pump-suction-control-valve-scv-1460a137-for-mitsubishi-l200-triton-pajero-2-5-3-2#primaryimage"},"thumbnailUrl":"https:\/\/www.myautopartsfactory.com\/wp-content\/uploads\/2025\/02\/1-1.jpg","datePublished":"2025-02-08T03:58:13+00:00","dateModified":"2025-02-08T03:58:16+00:00","breadcrumb":{"@id":"https:\/\/www.myautopartsfactory.com\/product\/fuel-pump-suction-control-valve-scv-1460a137-for-mitsubishi-l200-triton-pajero-2-5-3-2#breadcrumb"},"inLanguage":"de","potentialAction":[{"@type":"ReadAction","target":["https:\/\/www.myautopartsfactory.com\/product\/fuel-pump-suction-control-valve-scv-1460a137-for-mitsubishi-l200-triton-pajero-2-5-3-2"]}]},{"@type":"ImageObject","inLanguage":"de","@id":"https:\/\/www.myautopartsfactory.com\/product\/fuel-pump-suction-control-valve-scv-1460a137-for-mitsubishi-l200-triton-pajero-2-5-3-2#primaryimage","url":"https:\/\/www.myautopartsfactory.com\/wp-content\/uploads\/2025\/02\/1-1.jpg","contentUrl":"https:\/\/www.myautopartsfactory.com\/wp-content\/uploads\/2025\/02\/1-1.jpg","width":800,"height":800},{"@type":"BreadcrumbList","@id":"https:\/\/www.myautopartsfactory.com\/product\/fuel-pump-suction-control-valve-scv-1460a137-for-mitsubishi-l200-triton-pajero-2-5-3-2#breadcrumb","itemListElement":[{"@type":"ListItem","position":1,"name":"\u9996\u9875","item":"https:\/\/www.myautopartsfactory.com\/"},{"@type":"ListItem","position":2,"name":"Fuel Pump Suction Control Valve SCV 1460A137 For Mitsubishi L200 Triton Pajero 2.5 3.2"}]},{"@type":"WebSite","@id":"https:\/\/www.myautopartsfactory.com\/#website","url":"https:\/\/www.myautopartsfactory.com\/","name":"YZHIDIANF","description":"Autoteile-Lieferant aus einer Hand","publisher":{"@id":"https:\/\/www.myautopartsfactory.com\/#organization"},"potentialAction":[{"@type":"SearchAction","target":{"@type":"EntryPoint","urlTemplate":"https:\/\/www.myautopartsfactory.com\/?s={search_term_string}"},"query-input":{"@type":"PropertyValueSpecification","valueRequired":true,"valueName":"search_term_string"}}],"inLanguage":"de"},{"@type":"Organization","@id":"https:\/\/www.myautopartsfactory.com\/#organization","name":"YZHIDIANF","url":"https:\/\/www.myautopartsfactory.com\/","logo":{"@type":"ImageObject","inLanguage":"de","@id":"https:\/\/www.myautopartsfactory.com\/#\/schema\/logo\/image\/","url":"https:\/\/www.myautopartsfactory.com\/wp-content\/uploads\/2024\/05\/fav.jpg","contentUrl":"https:\/\/www.myautopartsfactory.com\/wp-content\/uploads\/2024\/05\/fav.jpg","width":80,"height":80,"caption":"YZHIDIANF"},"image":{"@id":"https:\/\/www.myautopartsfactory.com\/#\/schema\/logo\/image\/"}}]}},"acf":[],"_links":{"self":[{"href":"https:\/\/www.myautopartsfactory.com\/de\/wp-json\/wp\/v2\/product\/4599","targetHints":{"allow":["GET"]}}],"collection":[{"href":"https:\/\/www.myautopartsfactory.com\/de\/wp-json\/wp\/v2\/product"}],"about":[{"href":"https:\/\/www.myautopartsfactory.com\/de\/wp-json\/wp\/v2\/types\/product"}],"version-history":[{"count":0,"href":"https:\/\/www.myautopartsfactory.com\/de\/wp-json\/wp\/v2\/product\/4599\/revisions"}],"wp:featuredmedia":[{"embeddable":true,"href":"https:\/\/www.myautopartsfactory.com\/de\/wp-json\/wp\/v2\/media\/4600"}],"wp:attachment":[{"href":"https:\/\/www.myautopartsfactory.com\/de\/wp-json\/wp\/v2\/media?parent=4599"}],"wp:term":[{"taxonomy":"product-tag","embeddable":true,"href":"https:\/\/www.myautopartsfactory.com\/de\/wp-json\/wp\/v2\/product-tag?post=4599"},{"taxonomy":"products","embeddable":true,"href":"https:\/\/www.myautopartsfactory.com\/de\/wp-json\/wp\/v2\/products?post=4599"},{"taxonomy":"brand","embeddable":true,"href":"https:\/\/www.myautopartsfactory.com\/de\/wp-json\/wp\/v2\/brand?post=4599"}],"curies":[{"name":"wp","href":"https:\/\/api.w.org\/{rel}","templated":true}]}}