{"id":4073,"date":"2024-07-29T17:33:40","date_gmt":"2024-07-29T09:33:40","guid":{"rendered":"https:\/\/www.myautopartsfactory.com\/?post_type=product&#038;p=4073"},"modified":"2024-07-29T17:33:41","modified_gmt":"2024-07-29T09:33:41","slug":"wholesale-car-engine-accessories-ignition-coil-90919-02277-90919-a2010-90919-c2010-for-toyota-tundra-rav4-highlander","status":"publish","type":"product","link":"https:\/\/www.myautopartsfactory.com\/de\/product\/wholesale-car-engine-accessories-ignition-coil-90919-02277-90919-a2010-90919-c2010-for-toyota-tundra-rav4-highlander","title":{"rendered":"Wholesale Car Engine Accessories Ignition Coil 90919-02277 90919-A2010 90919-C2010 For Toyota Tundra Rav4 Highlander"},"content":{"rendered":"<h2 class=\"wp-block-heading\"><strong>Merkmale und Vorteile:<\/strong><\/h2>\n\n\n\n<ul class=\"wp-block-list\">\n<li>Perfekte Passform, einfache Installation<\/li>\n\n\n\n<li>Hergestellt nach Werksspezifikationen f\u00fcr einen problemlosen Einbau.<\/li>\n\n\n\n<li>Entwickelt als direkter Ersatz f\u00fcr Ihre Original-Z\u00fcndspule, um eine hervorragende Passform und Leistung zu gew\u00e4hrleisten.<\/li>\n<\/ul>\n\n\n\n<h2 class=\"wp-block-heading\"><strong>Produktmerkmale\uff1a<\/strong><\/h2>\n\n\n\n<ul class=\"wp-block-list\">\n<li><strong>Langlebigkeit:<\/strong> Sie sind in der Lage, \u00fcber einen langen Zeitraum hinweg stabil zu arbeiten und zeichnen sich durch hohe Haltbarkeit und Zuverl\u00e4ssigkeit aus.<\/li>\n\n\n\n<li><strong>Hochspannungsausgang: <\/strong>Wandelt Niederspannungsstrom in Hochspannung um und erzeugt so eine ausreichende Spannung zwischen den Z\u00fcndkerzen, um das Gasgemisch zu z\u00fcnden.<\/li>\n\n\n\n<li><strong>Leistung bei hohen Temperaturen: <\/strong>Kann in Umgebungen mit hohen Temperaturen normal arbeiten, da bei laufendem Motor h\u00f6here Temperaturen erzeugt werden.<\/li>\n<\/ul>","protected":false},"excerpt":{"rendered":"Features &amp; Benefits: Product Features\uff1a","protected":false},"featured_media":4079,"menu_order":0,"template":"","meta":[],"product-tag":[],"products":[6],"brand":[32],"class_list":["post-4073","product","type-product","status-publish","has-post-thumbnail","hentry","products-crankshaft-position-sensor","brand-toyota"],"yoast_head":"<!-- This site is optimized with the Yoast SEO plugin v27.3 - https:\/\/yoast.com\/product\/yoast-seo-wordpress\/ -->\n<title>Wholesale Car Engine Accessories Ignition Coil 90919-02277 90919-A2010 90919-C2010 For Toyota Tundra Rav4 Highlander - YZHIDIANF<\/title>\n<meta name=\"robots\" content=\"index, follow, max-snippet:-1, max-image-preview:large, max-video-preview:-1\" \/>\n<link rel=\"canonical\" href=\"https:\/\/www.myautopartsfactory.com\/de\/product\/wholesale-car-engine-accessories-ignition-coil-90919-02277-90919-a2010-90919-c2010-for-toyota-tundra-rav4-highlander\/\" \/>\n<meta property=\"og:locale\" content=\"de_DE\" \/>\n<meta property=\"og:type\" content=\"article\" \/>\n<meta property=\"og:title\" content=\"Wholesale Car Engine Accessories Ignition Coil 90919-02277 90919-A2010 90919-C2010 For Toyota Tundra Rav4 Highlander - YZHIDIANF\" \/>\n<meta property=\"og:description\" content=\"Features &amp; Benefits: Product Features\uff1a\" \/>\n<meta property=\"og:url\" content=\"https:\/\/www.myautopartsfactory.com\/de\/product\/wholesale-car-engine-accessories-ignition-coil-90919-02277-90919-a2010-90919-c2010-for-toyota-tundra-rav4-highlander\/\" \/>\n<meta property=\"og:site_name\" content=\"YZHIDIANF\" \/>\n<meta property=\"article:modified_time\" content=\"2024-07-29T09:33:41+00:00\" \/>\n<meta property=\"og:image\" content=\"https:\/\/www.myautopartsfactory.com\/wp-content\/uploads\/2024\/07\/90919-C2010-6.jpg\" \/>\n\t<meta property=\"og:image:width\" content=\"800\" \/>\n\t<meta property=\"og:image:height\" content=\"800\" \/>\n\t<meta property=\"og:image:type\" content=\"image\/jpeg\" \/>\n<meta name=\"twitter:card\" content=\"summary_large_image\" \/>\n<meta name=\"twitter:label1\" content=\"Gesch\u00e4tzte Lesezeit\" \/>\n\t<meta name=\"twitter:data1\" content=\"1\u00a0Minute\" \/>\n<script type=\"application\/ld+json\" class=\"yoast-schema-graph\">{\"@context\":\"https:\\\/\\\/schema.org\",\"@graph\":[{\"@type\":\"WebPage\",\"@id\":\"https:\\\/\\\/www.myautopartsfactory.com\\\/product\\\/wholesale-car-engine-accessories-ignition-coil-90919-02277-90919-a2010-90919-c2010-for-toyota-tundra-rav4-highlander\",\"url\":\"https:\\\/\\\/www.myautopartsfactory.com\\\/product\\\/wholesale-car-engine-accessories-ignition-coil-90919-02277-90919-a2010-90919-c2010-for-toyota-tundra-rav4-highlander\",\"name\":\"Wholesale Car Engine Accessories Ignition Coil 90919-02277 90919-A2010 90919-C2010 For Toyota Tundra Rav4 Highlander - YZHIDIANF\",\"isPartOf\":{\"@id\":\"https:\\\/\\\/www.myautopartsfactory.com\\\/#website\"},\"primaryImageOfPage\":{\"@id\":\"https:\\\/\\\/www.myautopartsfactory.com\\\/product\\\/wholesale-car-engine-accessories-ignition-coil-90919-02277-90919-a2010-90919-c2010-for-toyota-tundra-rav4-highlander#primaryimage\"},\"image\":{\"@id\":\"https:\\\/\\\/www.myautopartsfactory.com\\\/product\\\/wholesale-car-engine-accessories-ignition-coil-90919-02277-90919-a2010-90919-c2010-for-toyota-tundra-rav4-highlander#primaryimage\"},\"thumbnailUrl\":\"https:\\\/\\\/www.myautopartsfactory.com\\\/wp-content\\\/uploads\\\/2024\\\/07\\\/90919-C2010-6.jpg\",\"datePublished\":\"2024-07-29T09:33:40+00:00\",\"dateModified\":\"2024-07-29T09:33:41+00:00\",\"breadcrumb\":{\"@id\":\"https:\\\/\\\/www.myautopartsfactory.com\\\/product\\\/wholesale-car-engine-accessories-ignition-coil-90919-02277-90919-a2010-90919-c2010-for-toyota-tundra-rav4-highlander#breadcrumb\"},\"inLanguage\":\"de\",\"potentialAction\":[{\"@type\":\"ReadAction\",\"target\":[\"https:\\\/\\\/www.myautopartsfactory.com\\\/product\\\/wholesale-car-engine-accessories-ignition-coil-90919-02277-90919-a2010-90919-c2010-for-toyota-tundra-rav4-highlander\"]}]},{\"@type\":\"ImageObject\",\"inLanguage\":\"de\",\"@id\":\"https:\\\/\\\/www.myautopartsfactory.com\\\/product\\\/wholesale-car-engine-accessories-ignition-coil-90919-02277-90919-a2010-90919-c2010-for-toyota-tundra-rav4-highlander#primaryimage\",\"url\":\"https:\\\/\\\/www.myautopartsfactory.com\\\/wp-content\\\/uploads\\\/2024\\\/07\\\/90919-C2010-6.jpg\",\"contentUrl\":\"https:\\\/\\\/www.myautopartsfactory.com\\\/wp-content\\\/uploads\\\/2024\\\/07\\\/90919-C2010-6.jpg\",\"width\":800,\"height\":800,\"caption\":\"90919-C2010\"},{\"@type\":\"BreadcrumbList\",\"@id\":\"https:\\\/\\\/www.myautopartsfactory.com\\\/product\\\/wholesale-car-engine-accessories-ignition-coil-90919-02277-90919-a2010-90919-c2010-for-toyota-tundra-rav4-highlander#breadcrumb\",\"itemListElement\":[{\"@type\":\"ListItem\",\"position\":1,\"name\":\"\u9996\u9875\",\"item\":\"https:\\\/\\\/www.myautopartsfactory.com\\\/\"},{\"@type\":\"ListItem\",\"position\":2,\"name\":\"Wholesale Car Engine Accessories Ignition Coil 90919-02277 90919-A2010 90919-C2010 For Toyota Tundra Rav4 Highlander\"}]},{\"@type\":\"WebSite\",\"@id\":\"https:\\\/\\\/www.myautopartsfactory.com\\\/#website\",\"url\":\"https:\\\/\\\/www.myautopartsfactory.com\\\/\",\"name\":\"YZHIDIANF\",\"description\":\"One-Stop Auto Parts Supplier\",\"publisher\":{\"@id\":\"https:\\\/\\\/www.myautopartsfactory.com\\\/#organization\"},\"potentialAction\":[{\"@type\":\"SearchAction\",\"target\":{\"@type\":\"EntryPoint\",\"urlTemplate\":\"https:\\\/\\\/www.myautopartsfactory.com\\\/?s={search_term_string}\"},\"query-input\":{\"@type\":\"PropertyValueSpecification\",\"valueRequired\":true,\"valueName\":\"search_term_string\"}}],\"inLanguage\":\"de\"},{\"@type\":\"Organization\",\"@id\":\"https:\\\/\\\/www.myautopartsfactory.com\\\/#organization\",\"name\":\"YZHIDIANF\",\"url\":\"https:\\\/\\\/www.myautopartsfactory.com\\\/\",\"logo\":{\"@type\":\"ImageObject\",\"inLanguage\":\"de\",\"@id\":\"https:\\\/\\\/www.myautopartsfactory.com\\\/#\\\/schema\\\/logo\\\/image\\\/\",\"url\":\"https:\\\/\\\/www.myautopartsfactory.com\\\/wp-content\\\/uploads\\\/2024\\\/05\\\/fav.jpg\",\"contentUrl\":\"https:\\\/\\\/www.myautopartsfactory.com\\\/wp-content\\\/uploads\\\/2024\\\/05\\\/fav.jpg\",\"width\":80,\"height\":80,\"caption\":\"YZHIDIANF\"},\"image\":{\"@id\":\"https:\\\/\\\/www.myautopartsfactory.com\\\/#\\\/schema\\\/logo\\\/image\\\/\"}}]}<\/script>\n<!-- \/ Yoast SEO plugin. -->","yoast_head_json":{"title":"Wholesale Car Engine Accessories Ignition Coil 90919-02277 90919-A2010 90919-C2010 For Toyota Tundra Rav4 Highlander - YZHIDIANF","robots":{"index":"index","follow":"follow","max-snippet":"max-snippet:-1","max-image-preview":"max-image-preview:large","max-video-preview":"max-video-preview:-1"},"canonical":"https:\/\/www.myautopartsfactory.com\/de\/product\/wholesale-car-engine-accessories-ignition-coil-90919-02277-90919-a2010-90919-c2010-for-toyota-tundra-rav4-highlander\/","og_locale":"de_DE","og_type":"article","og_title":"Wholesale Car Engine Accessories Ignition Coil 90919-02277 90919-A2010 90919-C2010 For Toyota Tundra Rav4 Highlander - YZHIDIANF","og_description":"Features &amp; Benefits: Product Features\uff1a","og_url":"https:\/\/www.myautopartsfactory.com\/de\/product\/wholesale-car-engine-accessories-ignition-coil-90919-02277-90919-a2010-90919-c2010-for-toyota-tundra-rav4-highlander\/","og_site_name":"YZHIDIANF","article_modified_time":"2024-07-29T09:33:41+00:00","og_image":[{"width":800,"height":800,"url":"https:\/\/www.myautopartsfactory.com\/wp-content\/uploads\/2024\/07\/90919-C2010-6.jpg","type":"image\/jpeg"}],"twitter_card":"summary_large_image","twitter_misc":{"Gesch\u00e4tzte Lesezeit":"1\u00a0Minute"},"schema":{"@context":"https:\/\/schema.org","@graph":[{"@type":"WebPage","@id":"https:\/\/www.myautopartsfactory.com\/product\/wholesale-car-engine-accessories-ignition-coil-90919-02277-90919-a2010-90919-c2010-for-toyota-tundra-rav4-highlander","url":"https:\/\/www.myautopartsfactory.com\/product\/wholesale-car-engine-accessories-ignition-coil-90919-02277-90919-a2010-90919-c2010-for-toyota-tundra-rav4-highlander","name":"Wholesale Car Engine Accessories Ignition Coil 90919-02277 90919-A2010 90919-C2010 For Toyota Tundra Rav4 Highlander - YZHIDIANF","isPartOf":{"@id":"https:\/\/www.myautopartsfactory.com\/#website"},"primaryImageOfPage":{"@id":"https:\/\/www.myautopartsfactory.com\/product\/wholesale-car-engine-accessories-ignition-coil-90919-02277-90919-a2010-90919-c2010-for-toyota-tundra-rav4-highlander#primaryimage"},"image":{"@id":"https:\/\/www.myautopartsfactory.com\/product\/wholesale-car-engine-accessories-ignition-coil-90919-02277-90919-a2010-90919-c2010-for-toyota-tundra-rav4-highlander#primaryimage"},"thumbnailUrl":"https:\/\/www.myautopartsfactory.com\/wp-content\/uploads\/2024\/07\/90919-C2010-6.jpg","datePublished":"2024-07-29T09:33:40+00:00","dateModified":"2024-07-29T09:33:41+00:00","breadcrumb":{"@id":"https:\/\/www.myautopartsfactory.com\/product\/wholesale-car-engine-accessories-ignition-coil-90919-02277-90919-a2010-90919-c2010-for-toyota-tundra-rav4-highlander#breadcrumb"},"inLanguage":"de","potentialAction":[{"@type":"ReadAction","target":["https:\/\/www.myautopartsfactory.com\/product\/wholesale-car-engine-accessories-ignition-coil-90919-02277-90919-a2010-90919-c2010-for-toyota-tundra-rav4-highlander"]}]},{"@type":"ImageObject","inLanguage":"de","@id":"https:\/\/www.myautopartsfactory.com\/product\/wholesale-car-engine-accessories-ignition-coil-90919-02277-90919-a2010-90919-c2010-for-toyota-tundra-rav4-highlander#primaryimage","url":"https:\/\/www.myautopartsfactory.com\/wp-content\/uploads\/2024\/07\/90919-C2010-6.jpg","contentUrl":"https:\/\/www.myautopartsfactory.com\/wp-content\/uploads\/2024\/07\/90919-C2010-6.jpg","width":800,"height":800,"caption":"90919-C2010"},{"@type":"BreadcrumbList","@id":"https:\/\/www.myautopartsfactory.com\/product\/wholesale-car-engine-accessories-ignition-coil-90919-02277-90919-a2010-90919-c2010-for-toyota-tundra-rav4-highlander#breadcrumb","itemListElement":[{"@type":"ListItem","position":1,"name":"\u9996\u9875","item":"https:\/\/www.myautopartsfactory.com\/"},{"@type":"ListItem","position":2,"name":"Wholesale Car Engine Accessories Ignition Coil 90919-02277 90919-A2010 90919-C2010 For Toyota Tundra Rav4 Highlander"}]},{"@type":"WebSite","@id":"https:\/\/www.myautopartsfactory.com\/#website","url":"https:\/\/www.myautopartsfactory.com\/","name":"YZHIDIANF","description":"Autoteile-Lieferant aus einer Hand","publisher":{"@id":"https:\/\/www.myautopartsfactory.com\/#organization"},"potentialAction":[{"@type":"SearchAction","target":{"@type":"EntryPoint","urlTemplate":"https:\/\/www.myautopartsfactory.com\/?s={search_term_string}"},"query-input":{"@type":"PropertyValueSpecification","valueRequired":true,"valueName":"search_term_string"}}],"inLanguage":"de"},{"@type":"Organization","@id":"https:\/\/www.myautopartsfactory.com\/#organization","name":"YZHIDIANF","url":"https:\/\/www.myautopartsfactory.com\/","logo":{"@type":"ImageObject","inLanguage":"de","@id":"https:\/\/www.myautopartsfactory.com\/#\/schema\/logo\/image\/","url":"https:\/\/www.myautopartsfactory.com\/wp-content\/uploads\/2024\/05\/fav.jpg","contentUrl":"https:\/\/www.myautopartsfactory.com\/wp-content\/uploads\/2024\/05\/fav.jpg","width":80,"height":80,"caption":"YZHIDIANF"},"image":{"@id":"https:\/\/www.myautopartsfactory.com\/#\/schema\/logo\/image\/"}}]}},"acf":[],"_links":{"self":[{"href":"https:\/\/www.myautopartsfactory.com\/de\/wp-json\/wp\/v2\/product\/4073","targetHints":{"allow":["GET"]}}],"collection":[{"href":"https:\/\/www.myautopartsfactory.com\/de\/wp-json\/wp\/v2\/product"}],"about":[{"href":"https:\/\/www.myautopartsfactory.com\/de\/wp-json\/wp\/v2\/types\/product"}],"version-history":[{"count":0,"href":"https:\/\/www.myautopartsfactory.com\/de\/wp-json\/wp\/v2\/product\/4073\/revisions"}],"wp:featuredmedia":[{"embeddable":true,"href":"https:\/\/www.myautopartsfactory.com\/de\/wp-json\/wp\/v2\/media\/4079"}],"wp:attachment":[{"href":"https:\/\/www.myautopartsfactory.com\/de\/wp-json\/wp\/v2\/media?parent=4073"}],"wp:term":[{"taxonomy":"product-tag","embeddable":true,"href":"https:\/\/www.myautopartsfactory.com\/de\/wp-json\/wp\/v2\/product-tag?post=4073"},{"taxonomy":"products","embeddable":true,"href":"https:\/\/www.myautopartsfactory.com\/de\/wp-json\/wp\/v2\/products?post=4073"},{"taxonomy":"brand","embeddable":true,"href":"https:\/\/www.myautopartsfactory.com\/de\/wp-json\/wp\/v2\/brand?post=4073"}],"curies":[{"name":"wp","href":"https:\/\/api.w.org\/{rel}","templated":true}]}}