{"id":3987,"date":"2024-07-29T11:43:25","date_gmt":"2024-07-29T03:43:25","guid":{"rendered":"https:\/\/www.myautopartsfactory.com\/?post_type=product&#038;p=3987"},"modified":"2024-07-29T11:43:26","modified_gmt":"2024-07-29T03:43:26","slug":"crankshaft-position-sensors-8-97104-309-0-8971043090-for-isuzu-trooper-acura-slx-honda-passport-rodeo","status":"publish","type":"product","link":"https:\/\/www.myautopartsfactory.com\/de\/product\/crankshaft-position-sensors-8-97104-309-0-8971043090-for-isuzu-trooper-acura-slx-honda-passport-rodeo","title":{"rendered":"Kurbelwellenstellungssensoren 8-97104-309-0 8971043090 F\u00fcr Isuzu Trooper Acura SLX Honda Passport Rodeo"},"content":{"rendered":"<h2 class=\"wp-block-heading\">Merkmale und Vorteile:<\/h2>\n\n\n\n<ul class=\"wp-block-list\">\n<li>Perfekte Passform, einfache Installation<\/li>\n\n\n\n<li>Hergestellt nach Werksspezifikationen f\u00fcr einen problemlosen Einbau.<\/li>\n\n\n\n<li>Designed as a direct replacement for your original crankshaft position sensor, ensuring excellent fitment and performance.<\/li>\n<\/ul>\n\n\n\n<h2 class=\"wp-block-heading\">Produktmerkmale\uff1a<\/h2>\n\n\n\n<ul class=\"wp-block-list\">\n<li><strong>Hohe Pr\u00e4zision<\/strong>: Hochpr\u00e4zise Kurbelwellenpositionsdaten f\u00fcr eine pr\u00e4zise Steuerung unter verschiedenen Arbeitsbedingungen.<\/li>\n\n\n\n<li><strong>Verl\u00e4sslichkeit<\/strong>: Sie sind in der Lage, auch in rauen Arbeitsumgebungen stabil zu arbeiten und verf\u00fcgen \u00fcber bestimmte Antist\u00f6rungsfunktionen.<\/li>\n\n\n\n<li><strong>Digitaler Signalausgang<\/strong>: gibt in der Regel ein digitales Signal zur schnellen und genauen Kommunikation und zum Datenaustausch mit anderen elektronischen Steuerger\u00e4ten aus.<\/li>\n<\/ul>","protected":false},"excerpt":{"rendered":"Features &amp; Benefits: Product Features\uff1a","protected":false},"featured_media":3993,"menu_order":0,"template":"","meta":[],"product-tag":[],"products":[6],"brand":[46,50],"class_list":["post-3987","product","type-product","status-publish","has-post-thumbnail","hentry","products-crankshaft-position-sensor","brand-honda","brand-isuzu"],"yoast_head":"<!-- This site is optimized with the Yoast SEO plugin v27.3 - https:\/\/yoast.com\/product\/yoast-seo-wordpress\/ -->\n<title>Crankshaft Position Sensors 8-97104-309-0 8971043090 For Isuzu Trooper Acura SLX Honda Passport Rodeo - YZHIDIANF<\/title>\n<meta name=\"robots\" content=\"index, follow, max-snippet:-1, max-image-preview:large, max-video-preview:-1\" \/>\n<link rel=\"canonical\" href=\"https:\/\/www.myautopartsfactory.com\/de\/product\/crankshaft-position-sensors-8-97104-309-0-8971043090-for-isuzu-trooper-acura-slx-honda-passport-rodeo\/\" \/>\n<meta property=\"og:locale\" content=\"de_DE\" \/>\n<meta property=\"og:type\" content=\"article\" \/>\n<meta property=\"og:title\" content=\"Crankshaft Position Sensors 8-97104-309-0 8971043090 For Isuzu Trooper Acura SLX Honda Passport Rodeo - YZHIDIANF\" \/>\n<meta property=\"og:description\" content=\"Features &amp; Benefits: Product Features\uff1a\" \/>\n<meta property=\"og:url\" content=\"https:\/\/www.myautopartsfactory.com\/de\/product\/crankshaft-position-sensors-8-97104-309-0-8971043090-for-isuzu-trooper-acura-slx-honda-passport-rodeo\/\" \/>\n<meta property=\"og:site_name\" content=\"YZHIDIANF\" \/>\n<meta property=\"article:modified_time\" content=\"2024-07-29T03:43:26+00:00\" \/>\n<meta property=\"og:image\" content=\"https:\/\/www.myautopartsfactory.com\/wp-content\/uploads\/2024\/07\/8-97104-309-0-6.jpg\" \/>\n\t<meta property=\"og:image:width\" content=\"800\" \/>\n\t<meta property=\"og:image:height\" content=\"800\" \/>\n\t<meta property=\"og:image:type\" content=\"image\/jpeg\" \/>\n<meta name=\"twitter:card\" content=\"summary_large_image\" \/>\n<meta name=\"twitter:label1\" content=\"Gesch\u00e4tzte Lesezeit\" \/>\n\t<meta name=\"twitter:data1\" content=\"1\u00a0Minute\" \/>\n<script type=\"application\/ld+json\" class=\"yoast-schema-graph\">{\"@context\":\"https:\\\/\\\/schema.org\",\"@graph\":[{\"@type\":\"WebPage\",\"@id\":\"https:\\\/\\\/www.myautopartsfactory.com\\\/product\\\/crankshaft-position-sensors-8-97104-309-0-8971043090-for-isuzu-trooper-acura-slx-honda-passport-rodeo\",\"url\":\"https:\\\/\\\/www.myautopartsfactory.com\\\/product\\\/crankshaft-position-sensors-8-97104-309-0-8971043090-for-isuzu-trooper-acura-slx-honda-passport-rodeo\",\"name\":\"Crankshaft Position Sensors 8-97104-309-0 8971043090 For Isuzu Trooper Acura SLX Honda Passport Rodeo - YZHIDIANF\",\"isPartOf\":{\"@id\":\"https:\\\/\\\/www.myautopartsfactory.com\\\/#website\"},\"primaryImageOfPage\":{\"@id\":\"https:\\\/\\\/www.myautopartsfactory.com\\\/product\\\/crankshaft-position-sensors-8-97104-309-0-8971043090-for-isuzu-trooper-acura-slx-honda-passport-rodeo#primaryimage\"},\"image\":{\"@id\":\"https:\\\/\\\/www.myautopartsfactory.com\\\/product\\\/crankshaft-position-sensors-8-97104-309-0-8971043090-for-isuzu-trooper-acura-slx-honda-passport-rodeo#primaryimage\"},\"thumbnailUrl\":\"https:\\\/\\\/www.myautopartsfactory.com\\\/wp-content\\\/uploads\\\/2024\\\/07\\\/8-97104-309-0-6.jpg\",\"datePublished\":\"2024-07-29T03:43:25+00:00\",\"dateModified\":\"2024-07-29T03:43:26+00:00\",\"breadcrumb\":{\"@id\":\"https:\\\/\\\/www.myautopartsfactory.com\\\/product\\\/crankshaft-position-sensors-8-97104-309-0-8971043090-for-isuzu-trooper-acura-slx-honda-passport-rodeo#breadcrumb\"},\"inLanguage\":\"de\",\"potentialAction\":[{\"@type\":\"ReadAction\",\"target\":[\"https:\\\/\\\/www.myautopartsfactory.com\\\/product\\\/crankshaft-position-sensors-8-97104-309-0-8971043090-for-isuzu-trooper-acura-slx-honda-passport-rodeo\"]}]},{\"@type\":\"ImageObject\",\"inLanguage\":\"de\",\"@id\":\"https:\\\/\\\/www.myautopartsfactory.com\\\/product\\\/crankshaft-position-sensors-8-97104-309-0-8971043090-for-isuzu-trooper-acura-slx-honda-passport-rodeo#primaryimage\",\"url\":\"https:\\\/\\\/www.myautopartsfactory.com\\\/wp-content\\\/uploads\\\/2024\\\/07\\\/8-97104-309-0-6.jpg\",\"contentUrl\":\"https:\\\/\\\/www.myautopartsfactory.com\\\/wp-content\\\/uploads\\\/2024\\\/07\\\/8-97104-309-0-6.jpg\",\"width\":800,\"height\":800,\"caption\":\"8-97104-309-0\"},{\"@type\":\"BreadcrumbList\",\"@id\":\"https:\\\/\\\/www.myautopartsfactory.com\\\/product\\\/crankshaft-position-sensors-8-97104-309-0-8971043090-for-isuzu-trooper-acura-slx-honda-passport-rodeo#breadcrumb\",\"itemListElement\":[{\"@type\":\"ListItem\",\"position\":1,\"name\":\"\u9996\u9875\",\"item\":\"https:\\\/\\\/www.myautopartsfactory.com\\\/\"},{\"@type\":\"ListItem\",\"position\":2,\"name\":\"Crankshaft Position Sensors 8-97104-309-0 8971043090 For Isuzu Trooper Acura SLX Honda Passport Rodeo\"}]},{\"@type\":\"WebSite\",\"@id\":\"https:\\\/\\\/www.myautopartsfactory.com\\\/#website\",\"url\":\"https:\\\/\\\/www.myautopartsfactory.com\\\/\",\"name\":\"YZHIDIANF\",\"description\":\"One-Stop Auto Parts Supplier\",\"publisher\":{\"@id\":\"https:\\\/\\\/www.myautopartsfactory.com\\\/#organization\"},\"potentialAction\":[{\"@type\":\"SearchAction\",\"target\":{\"@type\":\"EntryPoint\",\"urlTemplate\":\"https:\\\/\\\/www.myautopartsfactory.com\\\/?s={search_term_string}\"},\"query-input\":{\"@type\":\"PropertyValueSpecification\",\"valueRequired\":true,\"valueName\":\"search_term_string\"}}],\"inLanguage\":\"de\"},{\"@type\":\"Organization\",\"@id\":\"https:\\\/\\\/www.myautopartsfactory.com\\\/#organization\",\"name\":\"YZHIDIANF\",\"url\":\"https:\\\/\\\/www.myautopartsfactory.com\\\/\",\"logo\":{\"@type\":\"ImageObject\",\"inLanguage\":\"de\",\"@id\":\"https:\\\/\\\/www.myautopartsfactory.com\\\/#\\\/schema\\\/logo\\\/image\\\/\",\"url\":\"https:\\\/\\\/www.myautopartsfactory.com\\\/wp-content\\\/uploads\\\/2024\\\/05\\\/fav.jpg\",\"contentUrl\":\"https:\\\/\\\/www.myautopartsfactory.com\\\/wp-content\\\/uploads\\\/2024\\\/05\\\/fav.jpg\",\"width\":80,\"height\":80,\"caption\":\"YZHIDIANF\"},\"image\":{\"@id\":\"https:\\\/\\\/www.myautopartsfactory.com\\\/#\\\/schema\\\/logo\\\/image\\\/\"}}]}<\/script>\n<!-- \/ Yoast SEO plugin. -->","yoast_head_json":{"title":"Crankshaft Position Sensors 8-97104-309-0 8971043090 For Isuzu Trooper Acura SLX Honda Passport Rodeo - YZHIDIANF","robots":{"index":"index","follow":"follow","max-snippet":"max-snippet:-1","max-image-preview":"max-image-preview:large","max-video-preview":"max-video-preview:-1"},"canonical":"https:\/\/www.myautopartsfactory.com\/de\/product\/crankshaft-position-sensors-8-97104-309-0-8971043090-for-isuzu-trooper-acura-slx-honda-passport-rodeo\/","og_locale":"de_DE","og_type":"article","og_title":"Crankshaft Position Sensors 8-97104-309-0 8971043090 For Isuzu Trooper Acura SLX Honda Passport Rodeo - YZHIDIANF","og_description":"Features &amp; Benefits: Product Features\uff1a","og_url":"https:\/\/www.myautopartsfactory.com\/de\/product\/crankshaft-position-sensors-8-97104-309-0-8971043090-for-isuzu-trooper-acura-slx-honda-passport-rodeo\/","og_site_name":"YZHIDIANF","article_modified_time":"2024-07-29T03:43:26+00:00","og_image":[{"width":800,"height":800,"url":"https:\/\/www.myautopartsfactory.com\/wp-content\/uploads\/2024\/07\/8-97104-309-0-6.jpg","type":"image\/jpeg"}],"twitter_card":"summary_large_image","twitter_misc":{"Gesch\u00e4tzte Lesezeit":"1\u00a0Minute"},"schema":{"@context":"https:\/\/schema.org","@graph":[{"@type":"WebPage","@id":"https:\/\/www.myautopartsfactory.com\/product\/crankshaft-position-sensors-8-97104-309-0-8971043090-for-isuzu-trooper-acura-slx-honda-passport-rodeo","url":"https:\/\/www.myautopartsfactory.com\/product\/crankshaft-position-sensors-8-97104-309-0-8971043090-for-isuzu-trooper-acura-slx-honda-passport-rodeo","name":"Crankshaft Position Sensors 8-97104-309-0 8971043090 For Isuzu Trooper Acura SLX Honda Passport Rodeo - YZHIDIANF","isPartOf":{"@id":"https:\/\/www.myautopartsfactory.com\/#website"},"primaryImageOfPage":{"@id":"https:\/\/www.myautopartsfactory.com\/product\/crankshaft-position-sensors-8-97104-309-0-8971043090-for-isuzu-trooper-acura-slx-honda-passport-rodeo#primaryimage"},"image":{"@id":"https:\/\/www.myautopartsfactory.com\/product\/crankshaft-position-sensors-8-97104-309-0-8971043090-for-isuzu-trooper-acura-slx-honda-passport-rodeo#primaryimage"},"thumbnailUrl":"https:\/\/www.myautopartsfactory.com\/wp-content\/uploads\/2024\/07\/8-97104-309-0-6.jpg","datePublished":"2024-07-29T03:43:25+00:00","dateModified":"2024-07-29T03:43:26+00:00","breadcrumb":{"@id":"https:\/\/www.myautopartsfactory.com\/product\/crankshaft-position-sensors-8-97104-309-0-8971043090-for-isuzu-trooper-acura-slx-honda-passport-rodeo#breadcrumb"},"inLanguage":"de","potentialAction":[{"@type":"ReadAction","target":["https:\/\/www.myautopartsfactory.com\/product\/crankshaft-position-sensors-8-97104-309-0-8971043090-for-isuzu-trooper-acura-slx-honda-passport-rodeo"]}]},{"@type":"ImageObject","inLanguage":"de","@id":"https:\/\/www.myautopartsfactory.com\/product\/crankshaft-position-sensors-8-97104-309-0-8971043090-for-isuzu-trooper-acura-slx-honda-passport-rodeo#primaryimage","url":"https:\/\/www.myautopartsfactory.com\/wp-content\/uploads\/2024\/07\/8-97104-309-0-6.jpg","contentUrl":"https:\/\/www.myautopartsfactory.com\/wp-content\/uploads\/2024\/07\/8-97104-309-0-6.jpg","width":800,"height":800,"caption":"8-97104-309-0"},{"@type":"BreadcrumbList","@id":"https:\/\/www.myautopartsfactory.com\/product\/crankshaft-position-sensors-8-97104-309-0-8971043090-for-isuzu-trooper-acura-slx-honda-passport-rodeo#breadcrumb","itemListElement":[{"@type":"ListItem","position":1,"name":"\u9996\u9875","item":"https:\/\/www.myautopartsfactory.com\/"},{"@type":"ListItem","position":2,"name":"Crankshaft Position Sensors 8-97104-309-0 8971043090 For Isuzu Trooper Acura SLX Honda Passport Rodeo"}]},{"@type":"WebSite","@id":"https:\/\/www.myautopartsfactory.com\/#website","url":"https:\/\/www.myautopartsfactory.com\/","name":"YZHIDIANF","description":"Autoteile-Lieferant aus einer Hand","publisher":{"@id":"https:\/\/www.myautopartsfactory.com\/#organization"},"potentialAction":[{"@type":"SearchAction","target":{"@type":"EntryPoint","urlTemplate":"https:\/\/www.myautopartsfactory.com\/?s={search_term_string}"},"query-input":{"@type":"PropertyValueSpecification","valueRequired":true,"valueName":"search_term_string"}}],"inLanguage":"de"},{"@type":"Organization","@id":"https:\/\/www.myautopartsfactory.com\/#organization","name":"YZHIDIANF","url":"https:\/\/www.myautopartsfactory.com\/","logo":{"@type":"ImageObject","inLanguage":"de","@id":"https:\/\/www.myautopartsfactory.com\/#\/schema\/logo\/image\/","url":"https:\/\/www.myautopartsfactory.com\/wp-content\/uploads\/2024\/05\/fav.jpg","contentUrl":"https:\/\/www.myautopartsfactory.com\/wp-content\/uploads\/2024\/05\/fav.jpg","width":80,"height":80,"caption":"YZHIDIANF"},"image":{"@id":"https:\/\/www.myautopartsfactory.com\/#\/schema\/logo\/image\/"}}]}},"acf":[],"_links":{"self":[{"href":"https:\/\/www.myautopartsfactory.com\/de\/wp-json\/wp\/v2\/product\/3987","targetHints":{"allow":["GET"]}}],"collection":[{"href":"https:\/\/www.myautopartsfactory.com\/de\/wp-json\/wp\/v2\/product"}],"about":[{"href":"https:\/\/www.myautopartsfactory.com\/de\/wp-json\/wp\/v2\/types\/product"}],"version-history":[{"count":0,"href":"https:\/\/www.myautopartsfactory.com\/de\/wp-json\/wp\/v2\/product\/3987\/revisions"}],"wp:featuredmedia":[{"embeddable":true,"href":"https:\/\/www.myautopartsfactory.com\/de\/wp-json\/wp\/v2\/media\/3993"}],"wp:attachment":[{"href":"https:\/\/www.myautopartsfactory.com\/de\/wp-json\/wp\/v2\/media?parent=3987"}],"wp:term":[{"taxonomy":"product-tag","embeddable":true,"href":"https:\/\/www.myautopartsfactory.com\/de\/wp-json\/wp\/v2\/product-tag?post=3987"},{"taxonomy":"products","embeddable":true,"href":"https:\/\/www.myautopartsfactory.com\/de\/wp-json\/wp\/v2\/products?post=3987"},{"taxonomy":"brand","embeddable":true,"href":"https:\/\/www.myautopartsfactory.com\/de\/wp-json\/wp\/v2\/brand?post=3987"}],"curies":[{"name":"wp","href":"https:\/\/api.w.org\/{rel}","templated":true}]}}