{"id":2358,"date":"2024-06-19T11:31:14","date_gmt":"2024-06-19T03:31:14","guid":{"rendered":"https:\/\/www.myautopartsfactory.com\/?post_type=product&#038;p=2358"},"modified":"2024-06-19T11:31:16","modified_gmt":"2024-06-19T03:31:16","slug":"wholesale-knock-sensor-car-engine-parts-06f905377-for-vw-passat-jetta-iii-golf-vi-audi","status":"publish","type":"product","link":"https:\/\/www.myautopartsfactory.com\/de\/product\/wholesale-knock-sensor-car-engine-parts-06f905377-for-vw-passat-jetta-iii-golf-vi-audi","title":{"rendered":"Gro\u00dfhandel Klopfsensor Auto Motor Teile 06F905377 f\u00fcr VW Passat Jetta III Golf VI Audi"},"content":{"rendered":"<h2 class=\"wp-block-heading\">Merkmale und Vorteile:<\/h2>\n\n\n\n<p>\u25cfPerfekter Sitz, einfache Installation<\/p>\n\n\n\n<p>\u25cfGemacht nach Werksspezifikationen f\u00fcr eine problemlose Installation.<\/p>\n\n\n\n<p>\u25cfEntworfen als direkter Ersatz f\u00fcr Ihren originalen Klopfsensor, was eine hervorragende Passgenauigkeit und Leistung gew\u00e4hrleistet.<\/p>\n\n\n\n<h2 class=\"wp-block-heading\">Produktmerkmale\uff1a<\/h2>\n\n\n\n<p>\u25cfHochfrequenz-Reaktion: Reagiert schnell auf hochfrequente Klopfsignale und wandelt sie in elektrische Signale um.<\/p>\n\n\n\n<p>\u25cfHohe Empfindlichkeit: kann das Auftreten von Klopfen in der Brennkammer des Verbrennungsmotors genau erkennen.<\/p>\n\n\n\n<p>\u25cfEinfach zu installieren und zu verwenden: Der Klopfsensor ist klein in der Gr\u00f6\u00dfe, leicht im Gewicht, einfach zu installieren, und hat eine einfache Schnittstelle Design f\u00fcr einfache Bedienung.<\/p>\n\n\n\n<p>\u25cfHohe Stabilit\u00e4t: Durch den Einsatz fortschrittlicher Verpackungstechnologie und -materialien kann es eine hohe Stabilit\u00e4t in verschiedenen rauen Arbeitsumgebungen aufrechterhalten.<\/p>\n\n\n\n<p>\u25cfHohe Zuverl\u00e4ssigkeit: Das Design sieht mehrere Schutzma\u00dfnahmen vor, um Ausf\u00e4lle durch externe St\u00f6rungen oder andere Gr\u00fcnde wirksam zu vermeiden.<\/p>\n\n\n\n<p>\u25cfHohe Pr\u00e4zision: Es verf\u00fcgt \u00fcber hochpr\u00e4zise Messfunktionen und kann die Amplitude, Frequenz und andere Parameter des Klopfsignals genau messen.<\/p>","protected":false},"excerpt":{"rendered":"Features &amp; Benefits: \u25cfPerfect Fit, Easy Installation \u25cfMade to factory specifications for a hassle-free installation. \u25cfDesigned as a direct replacement for your original knock sensor, ensuring excellent fitment and performance. Product Features\uff1a \u25cfHigh-frequency response: Quickly respond to high-frequency knock signals and convert them into electrical signal output. \u25cfHigh sensitivity: can accurately detect the occurrence of [&hellip;]","protected":false},"featured_media":2364,"menu_order":0,"template":"","meta":[],"product-tag":[],"products":[8],"brand":[63],"class_list":["post-2358","product","type-product","status-publish","has-post-thumbnail","hentry","products-knock-sensor","brand-audi"],"yoast_head":"<!-- This site is optimized with the Yoast SEO plugin v27.3 - https:\/\/yoast.com\/product\/yoast-seo-wordpress\/ -->\n<title>Wholesale Knock Sensor Car Engine Parts 06F905377 For VW Passat Jetta III Golf VI Audi - YZHIDIANF<\/title>\n<meta name=\"robots\" content=\"index, follow, max-snippet:-1, max-image-preview:large, max-video-preview:-1\" \/>\n<link rel=\"canonical\" href=\"https:\/\/www.myautopartsfactory.com\/de\/product\/wholesale-knock-sensor-car-engine-parts-06f905377-for-vw-passat-jetta-iii-golf-vi-audi\/\" \/>\n<meta property=\"og:locale\" content=\"de_DE\" \/>\n<meta property=\"og:type\" content=\"article\" \/>\n<meta property=\"og:title\" content=\"Wholesale Knock Sensor Car Engine Parts 06F905377 For VW Passat Jetta III Golf VI Audi - YZHIDIANF\" \/>\n<meta property=\"og:description\" content=\"Features &amp; Benefits: \u25cfPerfect Fit, Easy Installation \u25cfMade to factory specifications for a hassle-free installation. \u25cfDesigned as a direct replacement for your original knock sensor, ensuring excellent fitment and performance. Product Features\uff1a \u25cfHigh-frequency response: Quickly respond to high-frequency knock signals and convert them into electrical signal output. \u25cfHigh sensitivity: can accurately detect the occurrence of [&hellip;]\" \/>\n<meta property=\"og:url\" content=\"https:\/\/www.myautopartsfactory.com\/de\/product\/wholesale-knock-sensor-car-engine-parts-06f905377-for-vw-passat-jetta-iii-golf-vi-audi\/\" \/>\n<meta property=\"og:site_name\" content=\"YZHIDIANF\" \/>\n<meta property=\"article:modified_time\" content=\"2024-06-19T03:31:16+00:00\" \/>\n<meta property=\"og:image\" content=\"https:\/\/www.myautopartsfactory.com\/wp-content\/uploads\/2024\/06\/06F905377-7.jpg\" \/>\n\t<meta property=\"og:image:width\" content=\"800\" \/>\n\t<meta property=\"og:image:height\" content=\"800\" \/>\n\t<meta property=\"og:image:type\" content=\"image\/jpeg\" \/>\n<meta name=\"twitter:card\" content=\"summary_large_image\" \/>\n<meta name=\"twitter:label1\" content=\"Gesch\u00e4tzte Lesezeit\" \/>\n\t<meta name=\"twitter:data1\" content=\"2\u00a0Minuten\" \/>\n<script type=\"application\/ld+json\" class=\"yoast-schema-graph\">{\"@context\":\"https:\\\/\\\/schema.org\",\"@graph\":[{\"@type\":\"WebPage\",\"@id\":\"https:\\\/\\\/www.myautopartsfactory.com\\\/product\\\/wholesale-knock-sensor-car-engine-parts-06f905377-for-vw-passat-jetta-iii-golf-vi-audi\",\"url\":\"https:\\\/\\\/www.myautopartsfactory.com\\\/product\\\/wholesale-knock-sensor-car-engine-parts-06f905377-for-vw-passat-jetta-iii-golf-vi-audi\",\"name\":\"Wholesale Knock Sensor Car Engine Parts 06F905377 For VW Passat Jetta III Golf VI Audi - YZHIDIANF\",\"isPartOf\":{\"@id\":\"https:\\\/\\\/www.myautopartsfactory.com\\\/#website\"},\"primaryImageOfPage\":{\"@id\":\"https:\\\/\\\/www.myautopartsfactory.com\\\/product\\\/wholesale-knock-sensor-car-engine-parts-06f905377-for-vw-passat-jetta-iii-golf-vi-audi#primaryimage\"},\"image\":{\"@id\":\"https:\\\/\\\/www.myautopartsfactory.com\\\/product\\\/wholesale-knock-sensor-car-engine-parts-06f905377-for-vw-passat-jetta-iii-golf-vi-audi#primaryimage\"},\"thumbnailUrl\":\"https:\\\/\\\/www.myautopartsfactory.com\\\/wp-content\\\/uploads\\\/2024\\\/06\\\/06F905377-7.jpg\",\"datePublished\":\"2024-06-19T03:31:14+00:00\",\"dateModified\":\"2024-06-19T03:31:16+00:00\",\"breadcrumb\":{\"@id\":\"https:\\\/\\\/www.myautopartsfactory.com\\\/product\\\/wholesale-knock-sensor-car-engine-parts-06f905377-for-vw-passat-jetta-iii-golf-vi-audi#breadcrumb\"},\"inLanguage\":\"de\",\"potentialAction\":[{\"@type\":\"ReadAction\",\"target\":[\"https:\\\/\\\/www.myautopartsfactory.com\\\/product\\\/wholesale-knock-sensor-car-engine-parts-06f905377-for-vw-passat-jetta-iii-golf-vi-audi\"]}]},{\"@type\":\"ImageObject\",\"inLanguage\":\"de\",\"@id\":\"https:\\\/\\\/www.myautopartsfactory.com\\\/product\\\/wholesale-knock-sensor-car-engine-parts-06f905377-for-vw-passat-jetta-iii-golf-vi-audi#primaryimage\",\"url\":\"https:\\\/\\\/www.myautopartsfactory.com\\\/wp-content\\\/uploads\\\/2024\\\/06\\\/06F905377-7.jpg\",\"contentUrl\":\"https:\\\/\\\/www.myautopartsfactory.com\\\/wp-content\\\/uploads\\\/2024\\\/06\\\/06F905377-7.jpg\",\"width\":800,\"height\":800},{\"@type\":\"BreadcrumbList\",\"@id\":\"https:\\\/\\\/www.myautopartsfactory.com\\\/product\\\/wholesale-knock-sensor-car-engine-parts-06f905377-for-vw-passat-jetta-iii-golf-vi-audi#breadcrumb\",\"itemListElement\":[{\"@type\":\"ListItem\",\"position\":1,\"name\":\"\u9996\u9875\",\"item\":\"https:\\\/\\\/www.myautopartsfactory.com\\\/\"},{\"@type\":\"ListItem\",\"position\":2,\"name\":\"Wholesale Knock Sensor Car Engine Parts 06F905377 For VW Passat Jetta III Golf VI Audi\"}]},{\"@type\":\"WebSite\",\"@id\":\"https:\\\/\\\/www.myautopartsfactory.com\\\/#website\",\"url\":\"https:\\\/\\\/www.myautopartsfactory.com\\\/\",\"name\":\"YZHIDIANF\",\"description\":\"One-Stop Auto Parts Supplier\",\"publisher\":{\"@id\":\"https:\\\/\\\/www.myautopartsfactory.com\\\/#organization\"},\"potentialAction\":[{\"@type\":\"SearchAction\",\"target\":{\"@type\":\"EntryPoint\",\"urlTemplate\":\"https:\\\/\\\/www.myautopartsfactory.com\\\/?s={search_term_string}\"},\"query-input\":{\"@type\":\"PropertyValueSpecification\",\"valueRequired\":true,\"valueName\":\"search_term_string\"}}],\"inLanguage\":\"de\"},{\"@type\":\"Organization\",\"@id\":\"https:\\\/\\\/www.myautopartsfactory.com\\\/#organization\",\"name\":\"YZHIDIANF\",\"url\":\"https:\\\/\\\/www.myautopartsfactory.com\\\/\",\"logo\":{\"@type\":\"ImageObject\",\"inLanguage\":\"de\",\"@id\":\"https:\\\/\\\/www.myautopartsfactory.com\\\/#\\\/schema\\\/logo\\\/image\\\/\",\"url\":\"https:\\\/\\\/www.myautopartsfactory.com\\\/wp-content\\\/uploads\\\/2024\\\/05\\\/fav.jpg\",\"contentUrl\":\"https:\\\/\\\/www.myautopartsfactory.com\\\/wp-content\\\/uploads\\\/2024\\\/05\\\/fav.jpg\",\"width\":80,\"height\":80,\"caption\":\"YZHIDIANF\"},\"image\":{\"@id\":\"https:\\\/\\\/www.myautopartsfactory.com\\\/#\\\/schema\\\/logo\\\/image\\\/\"}}]}<\/script>\n<!-- \/ Yoast SEO plugin. -->","yoast_head_json":{"title":"Gro\u00dfhandel Klopfsensor Auto Motor Teile 06F905377 f\u00fcr VW Passat Jetta III Golf VI Audi - YZHIDIANF","robots":{"index":"index","follow":"follow","max-snippet":"max-snippet:-1","max-image-preview":"max-image-preview:large","max-video-preview":"max-video-preview:-1"},"canonical":"https:\/\/www.myautopartsfactory.com\/de\/product\/wholesale-knock-sensor-car-engine-parts-06f905377-for-vw-passat-jetta-iii-golf-vi-audi\/","og_locale":"de_DE","og_type":"article","og_title":"Wholesale Knock Sensor Car Engine Parts 06F905377 For VW Passat Jetta III Golf VI Audi - YZHIDIANF","og_description":"Features &amp; Benefits: \u25cfPerfect Fit, Easy Installation \u25cfMade to factory specifications for a hassle-free installation. \u25cfDesigned as a direct replacement for your original knock sensor, ensuring excellent fitment and performance. Product Features\uff1a \u25cfHigh-frequency response: Quickly respond to high-frequency knock signals and convert them into electrical signal output. \u25cfHigh sensitivity: can accurately detect the occurrence of [&hellip;]","og_url":"https:\/\/www.myautopartsfactory.com\/de\/product\/wholesale-knock-sensor-car-engine-parts-06f905377-for-vw-passat-jetta-iii-golf-vi-audi\/","og_site_name":"YZHIDIANF","article_modified_time":"2024-06-19T03:31:16+00:00","og_image":[{"width":800,"height":800,"url":"https:\/\/www.myautopartsfactory.com\/wp-content\/uploads\/2024\/06\/06F905377-7.jpg","type":"image\/jpeg"}],"twitter_card":"summary_large_image","twitter_misc":{"Gesch\u00e4tzte Lesezeit":"2\u00a0Minuten"},"schema":{"@context":"https:\/\/schema.org","@graph":[{"@type":"WebPage","@id":"https:\/\/www.myautopartsfactory.com\/product\/wholesale-knock-sensor-car-engine-parts-06f905377-for-vw-passat-jetta-iii-golf-vi-audi","url":"https:\/\/www.myautopartsfactory.com\/product\/wholesale-knock-sensor-car-engine-parts-06f905377-for-vw-passat-jetta-iii-golf-vi-audi","name":"Gro\u00dfhandel Klopfsensor Auto Motor Teile 06F905377 f\u00fcr VW Passat Jetta III Golf VI Audi - YZHIDIANF","isPartOf":{"@id":"https:\/\/www.myautopartsfactory.com\/#website"},"primaryImageOfPage":{"@id":"https:\/\/www.myautopartsfactory.com\/product\/wholesale-knock-sensor-car-engine-parts-06f905377-for-vw-passat-jetta-iii-golf-vi-audi#primaryimage"},"image":{"@id":"https:\/\/www.myautopartsfactory.com\/product\/wholesale-knock-sensor-car-engine-parts-06f905377-for-vw-passat-jetta-iii-golf-vi-audi#primaryimage"},"thumbnailUrl":"https:\/\/www.myautopartsfactory.com\/wp-content\/uploads\/2024\/06\/06F905377-7.jpg","datePublished":"2024-06-19T03:31:14+00:00","dateModified":"2024-06-19T03:31:16+00:00","breadcrumb":{"@id":"https:\/\/www.myautopartsfactory.com\/product\/wholesale-knock-sensor-car-engine-parts-06f905377-for-vw-passat-jetta-iii-golf-vi-audi#breadcrumb"},"inLanguage":"de","potentialAction":[{"@type":"ReadAction","target":["https:\/\/www.myautopartsfactory.com\/product\/wholesale-knock-sensor-car-engine-parts-06f905377-for-vw-passat-jetta-iii-golf-vi-audi"]}]},{"@type":"ImageObject","inLanguage":"de","@id":"https:\/\/www.myautopartsfactory.com\/product\/wholesale-knock-sensor-car-engine-parts-06f905377-for-vw-passat-jetta-iii-golf-vi-audi#primaryimage","url":"https:\/\/www.myautopartsfactory.com\/wp-content\/uploads\/2024\/06\/06F905377-7.jpg","contentUrl":"https:\/\/www.myautopartsfactory.com\/wp-content\/uploads\/2024\/06\/06F905377-7.jpg","width":800,"height":800},{"@type":"BreadcrumbList","@id":"https:\/\/www.myautopartsfactory.com\/product\/wholesale-knock-sensor-car-engine-parts-06f905377-for-vw-passat-jetta-iii-golf-vi-audi#breadcrumb","itemListElement":[{"@type":"ListItem","position":1,"name":"\u9996\u9875","item":"https:\/\/www.myautopartsfactory.com\/"},{"@type":"ListItem","position":2,"name":"Wholesale Knock Sensor Car Engine Parts 06F905377 For VW Passat Jetta III Golf VI Audi"}]},{"@type":"WebSite","@id":"https:\/\/www.myautopartsfactory.com\/#website","url":"https:\/\/www.myautopartsfactory.com\/","name":"YZHIDIANF","description":"Autoteile-Lieferant aus einer Hand","publisher":{"@id":"https:\/\/www.myautopartsfactory.com\/#organization"},"potentialAction":[{"@type":"SearchAction","target":{"@type":"EntryPoint","urlTemplate":"https:\/\/www.myautopartsfactory.com\/?s={search_term_string}"},"query-input":{"@type":"PropertyValueSpecification","valueRequired":true,"valueName":"search_term_string"}}],"inLanguage":"de"},{"@type":"Organization","@id":"https:\/\/www.myautopartsfactory.com\/#organization","name":"YZHIDIANF","url":"https:\/\/www.myautopartsfactory.com\/","logo":{"@type":"ImageObject","inLanguage":"de","@id":"https:\/\/www.myautopartsfactory.com\/#\/schema\/logo\/image\/","url":"https:\/\/www.myautopartsfactory.com\/wp-content\/uploads\/2024\/05\/fav.jpg","contentUrl":"https:\/\/www.myautopartsfactory.com\/wp-content\/uploads\/2024\/05\/fav.jpg","width":80,"height":80,"caption":"YZHIDIANF"},"image":{"@id":"https:\/\/www.myautopartsfactory.com\/#\/schema\/logo\/image\/"}}]}},"acf":[],"_links":{"self":[{"href":"https:\/\/www.myautopartsfactory.com\/de\/wp-json\/wp\/v2\/product\/2358","targetHints":{"allow":["GET"]}}],"collection":[{"href":"https:\/\/www.myautopartsfactory.com\/de\/wp-json\/wp\/v2\/product"}],"about":[{"href":"https:\/\/www.myautopartsfactory.com\/de\/wp-json\/wp\/v2\/types\/product"}],"version-history":[{"count":0,"href":"https:\/\/www.myautopartsfactory.com\/de\/wp-json\/wp\/v2\/product\/2358\/revisions"}],"wp:featuredmedia":[{"embeddable":true,"href":"https:\/\/www.myautopartsfactory.com\/de\/wp-json\/wp\/v2\/media\/2364"}],"wp:attachment":[{"href":"https:\/\/www.myautopartsfactory.com\/de\/wp-json\/wp\/v2\/media?parent=2358"}],"wp:term":[{"taxonomy":"product-tag","embeddable":true,"href":"https:\/\/www.myautopartsfactory.com\/de\/wp-json\/wp\/v2\/product-tag?post=2358"},{"taxonomy":"products","embeddable":true,"href":"https:\/\/www.myautopartsfactory.com\/de\/wp-json\/wp\/v2\/products?post=2358"},{"taxonomy":"brand","embeddable":true,"href":"https:\/\/www.myautopartsfactory.com\/de\/wp-json\/wp\/v2\/brand?post=2358"}],"curies":[{"name":"wp","href":"https:\/\/api.w.org\/{rel}","templated":true}]}}