{"id":1095,"date":"2024-06-11T16:56:24","date_gmt":"2024-06-11T08:56:24","guid":{"rendered":"https:\/\/www.myautopartsfactory.com\/?post_type=product&#038;p=1095"},"modified":"2024-07-22T09:49:32","modified_gmt":"2024-07-22T01:49:32","slug":"wholesale-auto-engine-parts-zm016-ignition-control-module-for-honda-toyota-nissan-chevrolet-ford-citroen-mazda-hyundai-kia-bmw","status":"publish","type":"product","link":"https:\/\/www.myautopartsfactory.com\/de\/product\/wholesale-auto-engine-parts-zm016-ignition-control-module-for-honda-toyota-nissan-chevrolet-ford-citroen-mazda-hyundai-kia-bmw","title":{"rendered":"Gro\u00dfhandel Auto Motor Teile ZM016 Z\u00fcndung Steuermodul f\u00fcr Honda Toyota Nissan Chevrolet Ford Citroen Mazda Hyundai Kia BMW"},"content":{"rendered":"<h2 class=\"wp-block-heading\"><strong>Merkmale und Vorteile:<\/strong><\/h2>\n\n\n\n<ul class=\"wp-block-list\">\n<li>Perfekte Passform, einfache Installation<\/li>\n\n\n\n<li>Hergestellt nach Werksspezifikationen f\u00fcr einen problemlosen Einbau.<\/li>\n\n\n\n<li>Entwickelt als direkter Ersatz f\u00fcr Ihr Original-Z\u00fcndsteuerungsmodul, um eine hervorragende Passgenauigkeit und Leistung zu gew\u00e4hrleisten.<\/li>\n<\/ul>\n\n\n\n<h2 class=\"wp-block-heading\"><strong>Produktmerkmale\uff1a<\/strong><\/h2>\n\n\n\n<ul class=\"wp-block-list\">\n<li><strong>Pr\u00e4zise Kontrolle:<\/strong> Pr\u00e4zise Steuerung des Z\u00fcndzeitpunkts und der Z\u00fcndenergie, um die Stabilit\u00e4t und Effizienz des Verbrennungsprozesses zu gew\u00e4hrleisten.<\/li>\n\n\n\n<li><strong>Mehrkanalige Steuerung:<\/strong> Kann die Z\u00fcndung mehrerer Zylinder gleichzeitig steuern, um einen besseren Z\u00fcndeffekt und eine bessere Motorbalance zu erreichen.<\/li>\n\n\n\n<li><strong>Hohe Zuverl\u00e4ssigkeit: <\/strong>Durch die Verwendung hochwertiger elektronischer Komponenten und Verfahren kann es stabil und zuverl\u00e4ssig arbeiten und verf\u00fcgt \u00fcber eine gute St\u00f6rfestigkeit und Langlebigkeit.<\/li>\n\n\n\n<li><strong>Funktion zur Fehlerdiagnose: <\/strong>Ausgestattet mit einer Fehlerdiagnosefunktion kann es den Status des Z\u00fcndsystems \u00fcberwachen und rechtzeitig Alarm schlagen, um eine rechtzeitige Inspektion und Wartung zu erm\u00f6glichen.<\/li>\n\n\n\n<li><strong>Schnelle Antwort:<\/strong> Mithilfe von Hochgeschwindigkeits-Mikroprozessoren und -Sensoren kann der Betriebszustand des Motors in Echtzeit \u00fcberwacht und die Z\u00fcndparameter schnell angepasst werden, um den Z\u00fcndbedarf bei unterschiedlichen Drehzahlen und Lasten zu erf\u00fcllen.<\/li>\n<\/ul>","protected":false},"excerpt":{"rendered":"Features &amp; Benefits: Product Features\uff1a","protected":false},"featured_media":1098,"menu_order":0,"template":"","meta":[],"product-tag":[],"products":[102],"brand":[32,45,46],"class_list":["post-1095","product","type-product","status-publish","has-post-thumbnail","hentry","products-ignition-module","brand-toyota","brand-nissan","brand-honda"],"yoast_head":"<!-- This site is optimized with the Yoast SEO plugin v27.3 - https:\/\/yoast.com\/product\/yoast-seo-wordpress\/ -->\n<title>Wholesale Auto Engine Parts ZM016 Ignition Control Module For Honda Toyota Nissan Chevrolet Ford Citroen Mazda Hyundai Kia BMW - YZHIDIANF<\/title>\n<meta name=\"robots\" content=\"index, follow, max-snippet:-1, max-image-preview:large, max-video-preview:-1\" \/>\n<link rel=\"canonical\" href=\"https:\/\/www.myautopartsfactory.com\/de\/product\/wholesale-auto-engine-parts-zm016-ignition-control-module-for-honda-toyota-nissan-chevrolet-ford-citroen-mazda-hyundai-kia-bmw\/\" \/>\n<meta property=\"og:locale\" content=\"de_DE\" \/>\n<meta property=\"og:type\" content=\"article\" \/>\n<meta property=\"og:title\" content=\"Wholesale Auto Engine Parts ZM016 Ignition Control Module For Honda Toyota Nissan Chevrolet Ford Citroen Mazda Hyundai Kia BMW - YZHIDIANF\" \/>\n<meta property=\"og:description\" content=\"Features &amp; Benefits: Product Features\uff1a\" \/>\n<meta property=\"og:url\" content=\"https:\/\/www.myautopartsfactory.com\/de\/product\/wholesale-auto-engine-parts-zm016-ignition-control-module-for-honda-toyota-nissan-chevrolet-ford-citroen-mazda-hyundai-kia-bmw\/\" \/>\n<meta property=\"og:site_name\" content=\"YZHIDIANF\" \/>\n<meta property=\"article:modified_time\" content=\"2024-07-22T01:49:32+00:00\" \/>\n<meta property=\"og:image\" content=\"https:\/\/www.myautopartsfactory.com\/wp-content\/uploads\/2024\/06\/ZM016-3.jpg\" \/>\n\t<meta property=\"og:image:width\" content=\"800\" \/>\n\t<meta property=\"og:image:height\" content=\"800\" \/>\n\t<meta property=\"og:image:type\" content=\"image\/jpeg\" \/>\n<meta name=\"twitter:card\" content=\"summary_large_image\" \/>\n<meta name=\"twitter:label1\" content=\"Gesch\u00e4tzte Lesezeit\" \/>\n\t<meta name=\"twitter:data1\" content=\"2\u00a0Minuten\" \/>\n<script type=\"application\/ld+json\" class=\"yoast-schema-graph\">{\"@context\":\"https:\\\/\\\/schema.org\",\"@graph\":[{\"@type\":\"WebPage\",\"@id\":\"https:\\\/\\\/www.myautopartsfactory.com\\\/product\\\/wholesale-auto-engine-parts-zm016-ignition-control-module-for-honda-toyota-nissan-chevrolet-ford-citroen-mazda-hyundai-kia-bmw\",\"url\":\"https:\\\/\\\/www.myautopartsfactory.com\\\/product\\\/wholesale-auto-engine-parts-zm016-ignition-control-module-for-honda-toyota-nissan-chevrolet-ford-citroen-mazda-hyundai-kia-bmw\",\"name\":\"Wholesale Auto Engine Parts ZM016 Ignition Control Module For Honda Toyota Nissan Chevrolet Ford Citroen Mazda Hyundai Kia BMW - YZHIDIANF\",\"isPartOf\":{\"@id\":\"https:\\\/\\\/www.myautopartsfactory.com\\\/#website\"},\"primaryImageOfPage\":{\"@id\":\"https:\\\/\\\/www.myautopartsfactory.com\\\/product\\\/wholesale-auto-engine-parts-zm016-ignition-control-module-for-honda-toyota-nissan-chevrolet-ford-citroen-mazda-hyundai-kia-bmw#primaryimage\"},\"image\":{\"@id\":\"https:\\\/\\\/www.myautopartsfactory.com\\\/product\\\/wholesale-auto-engine-parts-zm016-ignition-control-module-for-honda-toyota-nissan-chevrolet-ford-citroen-mazda-hyundai-kia-bmw#primaryimage\"},\"thumbnailUrl\":\"https:\\\/\\\/www.myautopartsfactory.com\\\/wp-content\\\/uploads\\\/2024\\\/06\\\/ZM016-3.jpg\",\"datePublished\":\"2024-06-11T08:56:24+00:00\",\"dateModified\":\"2024-07-22T01:49:32+00:00\",\"breadcrumb\":{\"@id\":\"https:\\\/\\\/www.myautopartsfactory.com\\\/product\\\/wholesale-auto-engine-parts-zm016-ignition-control-module-for-honda-toyota-nissan-chevrolet-ford-citroen-mazda-hyundai-kia-bmw#breadcrumb\"},\"inLanguage\":\"de\",\"potentialAction\":[{\"@type\":\"ReadAction\",\"target\":[\"https:\\\/\\\/www.myautopartsfactory.com\\\/product\\\/wholesale-auto-engine-parts-zm016-ignition-control-module-for-honda-toyota-nissan-chevrolet-ford-citroen-mazda-hyundai-kia-bmw\"]}]},{\"@type\":\"ImageObject\",\"inLanguage\":\"de\",\"@id\":\"https:\\\/\\\/www.myautopartsfactory.com\\\/product\\\/wholesale-auto-engine-parts-zm016-ignition-control-module-for-honda-toyota-nissan-chevrolet-ford-citroen-mazda-hyundai-kia-bmw#primaryimage\",\"url\":\"https:\\\/\\\/www.myautopartsfactory.com\\\/wp-content\\\/uploads\\\/2024\\\/06\\\/ZM016-3.jpg\",\"contentUrl\":\"https:\\\/\\\/www.myautopartsfactory.com\\\/wp-content\\\/uploads\\\/2024\\\/06\\\/ZM016-3.jpg\",\"width\":800,\"height\":800},{\"@type\":\"BreadcrumbList\",\"@id\":\"https:\\\/\\\/www.myautopartsfactory.com\\\/product\\\/wholesale-auto-engine-parts-zm016-ignition-control-module-for-honda-toyota-nissan-chevrolet-ford-citroen-mazda-hyundai-kia-bmw#breadcrumb\",\"itemListElement\":[{\"@type\":\"ListItem\",\"position\":1,\"name\":\"\u9996\u9875\",\"item\":\"https:\\\/\\\/www.myautopartsfactory.com\\\/\"},{\"@type\":\"ListItem\",\"position\":2,\"name\":\"Wholesale Auto Engine Parts ZM016 Ignition Control Module For Honda Toyota Nissan Chevrolet Ford Citroen Mazda Hyundai Kia BMW\"}]},{\"@type\":\"WebSite\",\"@id\":\"https:\\\/\\\/www.myautopartsfactory.com\\\/#website\",\"url\":\"https:\\\/\\\/www.myautopartsfactory.com\\\/\",\"name\":\"YZHIDIANF\",\"description\":\"One-Stop Auto Parts Supplier\",\"publisher\":{\"@id\":\"https:\\\/\\\/www.myautopartsfactory.com\\\/#organization\"},\"potentialAction\":[{\"@type\":\"SearchAction\",\"target\":{\"@type\":\"EntryPoint\",\"urlTemplate\":\"https:\\\/\\\/www.myautopartsfactory.com\\\/?s={search_term_string}\"},\"query-input\":{\"@type\":\"PropertyValueSpecification\",\"valueRequired\":true,\"valueName\":\"search_term_string\"}}],\"inLanguage\":\"de\"},{\"@type\":\"Organization\",\"@id\":\"https:\\\/\\\/www.myautopartsfactory.com\\\/#organization\",\"name\":\"YZHIDIANF\",\"url\":\"https:\\\/\\\/www.myautopartsfactory.com\\\/\",\"logo\":{\"@type\":\"ImageObject\",\"inLanguage\":\"de\",\"@id\":\"https:\\\/\\\/www.myautopartsfactory.com\\\/#\\\/schema\\\/logo\\\/image\\\/\",\"url\":\"https:\\\/\\\/www.myautopartsfactory.com\\\/wp-content\\\/uploads\\\/2024\\\/05\\\/fav.jpg\",\"contentUrl\":\"https:\\\/\\\/www.myautopartsfactory.com\\\/wp-content\\\/uploads\\\/2024\\\/05\\\/fav.jpg\",\"width\":80,\"height\":80,\"caption\":\"YZHIDIANF\"},\"image\":{\"@id\":\"https:\\\/\\\/www.myautopartsfactory.com\\\/#\\\/schema\\\/logo\\\/image\\\/\"}}]}<\/script>\n<!-- \/ Yoast SEO plugin. -->","yoast_head_json":{"title":"Wholesale Auto Engine Parts ZM016 Ignition Control Module For Honda Toyota Nissan Chevrolet Ford Citroen Mazda Hyundai Kia BMW - YZHIDIANF","robots":{"index":"index","follow":"follow","max-snippet":"max-snippet:-1","max-image-preview":"max-image-preview:large","max-video-preview":"max-video-preview:-1"},"canonical":"https:\/\/www.myautopartsfactory.com\/de\/product\/wholesale-auto-engine-parts-zm016-ignition-control-module-for-honda-toyota-nissan-chevrolet-ford-citroen-mazda-hyundai-kia-bmw\/","og_locale":"de_DE","og_type":"article","og_title":"Wholesale Auto Engine Parts ZM016 Ignition Control Module For Honda Toyota Nissan Chevrolet Ford Citroen Mazda Hyundai Kia BMW - YZHIDIANF","og_description":"Features &amp; Benefits: Product Features\uff1a","og_url":"https:\/\/www.myautopartsfactory.com\/de\/product\/wholesale-auto-engine-parts-zm016-ignition-control-module-for-honda-toyota-nissan-chevrolet-ford-citroen-mazda-hyundai-kia-bmw\/","og_site_name":"YZHIDIANF","article_modified_time":"2024-07-22T01:49:32+00:00","og_image":[{"width":800,"height":800,"url":"https:\/\/www.myautopartsfactory.com\/wp-content\/uploads\/2024\/06\/ZM016-3.jpg","type":"image\/jpeg"}],"twitter_card":"summary_large_image","twitter_misc":{"Gesch\u00e4tzte Lesezeit":"2\u00a0Minuten"},"schema":{"@context":"https:\/\/schema.org","@graph":[{"@type":"WebPage","@id":"https:\/\/www.myautopartsfactory.com\/product\/wholesale-auto-engine-parts-zm016-ignition-control-module-for-honda-toyota-nissan-chevrolet-ford-citroen-mazda-hyundai-kia-bmw","url":"https:\/\/www.myautopartsfactory.com\/product\/wholesale-auto-engine-parts-zm016-ignition-control-module-for-honda-toyota-nissan-chevrolet-ford-citroen-mazda-hyundai-kia-bmw","name":"Wholesale Auto Engine Parts ZM016 Ignition Control Module For Honda Toyota Nissan Chevrolet Ford Citroen Mazda Hyundai Kia BMW - YZHIDIANF","isPartOf":{"@id":"https:\/\/www.myautopartsfactory.com\/#website"},"primaryImageOfPage":{"@id":"https:\/\/www.myautopartsfactory.com\/product\/wholesale-auto-engine-parts-zm016-ignition-control-module-for-honda-toyota-nissan-chevrolet-ford-citroen-mazda-hyundai-kia-bmw#primaryimage"},"image":{"@id":"https:\/\/www.myautopartsfactory.com\/product\/wholesale-auto-engine-parts-zm016-ignition-control-module-for-honda-toyota-nissan-chevrolet-ford-citroen-mazda-hyundai-kia-bmw#primaryimage"},"thumbnailUrl":"https:\/\/www.myautopartsfactory.com\/wp-content\/uploads\/2024\/06\/ZM016-3.jpg","datePublished":"2024-06-11T08:56:24+00:00","dateModified":"2024-07-22T01:49:32+00:00","breadcrumb":{"@id":"https:\/\/www.myautopartsfactory.com\/product\/wholesale-auto-engine-parts-zm016-ignition-control-module-for-honda-toyota-nissan-chevrolet-ford-citroen-mazda-hyundai-kia-bmw#breadcrumb"},"inLanguage":"de","potentialAction":[{"@type":"ReadAction","target":["https:\/\/www.myautopartsfactory.com\/product\/wholesale-auto-engine-parts-zm016-ignition-control-module-for-honda-toyota-nissan-chevrolet-ford-citroen-mazda-hyundai-kia-bmw"]}]},{"@type":"ImageObject","inLanguage":"de","@id":"https:\/\/www.myautopartsfactory.com\/product\/wholesale-auto-engine-parts-zm016-ignition-control-module-for-honda-toyota-nissan-chevrolet-ford-citroen-mazda-hyundai-kia-bmw#primaryimage","url":"https:\/\/www.myautopartsfactory.com\/wp-content\/uploads\/2024\/06\/ZM016-3.jpg","contentUrl":"https:\/\/www.myautopartsfactory.com\/wp-content\/uploads\/2024\/06\/ZM016-3.jpg","width":800,"height":800},{"@type":"BreadcrumbList","@id":"https:\/\/www.myautopartsfactory.com\/product\/wholesale-auto-engine-parts-zm016-ignition-control-module-for-honda-toyota-nissan-chevrolet-ford-citroen-mazda-hyundai-kia-bmw#breadcrumb","itemListElement":[{"@type":"ListItem","position":1,"name":"\u9996\u9875","item":"https:\/\/www.myautopartsfactory.com\/"},{"@type":"ListItem","position":2,"name":"Wholesale Auto Engine Parts ZM016 Ignition Control Module For Honda Toyota Nissan Chevrolet Ford Citroen Mazda Hyundai Kia BMW"}]},{"@type":"WebSite","@id":"https:\/\/www.myautopartsfactory.com\/#website","url":"https:\/\/www.myautopartsfactory.com\/","name":"YZHIDIANF","description":"Autoteile-Lieferant aus einer Hand","publisher":{"@id":"https:\/\/www.myautopartsfactory.com\/#organization"},"potentialAction":[{"@type":"SearchAction","target":{"@type":"EntryPoint","urlTemplate":"https:\/\/www.myautopartsfactory.com\/?s={search_term_string}"},"query-input":{"@type":"PropertyValueSpecification","valueRequired":true,"valueName":"search_term_string"}}],"inLanguage":"de"},{"@type":"Organization","@id":"https:\/\/www.myautopartsfactory.com\/#organization","name":"YZHIDIANF","url":"https:\/\/www.myautopartsfactory.com\/","logo":{"@type":"ImageObject","inLanguage":"de","@id":"https:\/\/www.myautopartsfactory.com\/#\/schema\/logo\/image\/","url":"https:\/\/www.myautopartsfactory.com\/wp-content\/uploads\/2024\/05\/fav.jpg","contentUrl":"https:\/\/www.myautopartsfactory.com\/wp-content\/uploads\/2024\/05\/fav.jpg","width":80,"height":80,"caption":"YZHIDIANF"},"image":{"@id":"https:\/\/www.myautopartsfactory.com\/#\/schema\/logo\/image\/"}}]}},"acf":[],"_links":{"self":[{"href":"https:\/\/www.myautopartsfactory.com\/de\/wp-json\/wp\/v2\/product\/1095","targetHints":{"allow":["GET"]}}],"collection":[{"href":"https:\/\/www.myautopartsfactory.com\/de\/wp-json\/wp\/v2\/product"}],"about":[{"href":"https:\/\/www.myautopartsfactory.com\/de\/wp-json\/wp\/v2\/types\/product"}],"version-history":[{"count":0,"href":"https:\/\/www.myautopartsfactory.com\/de\/wp-json\/wp\/v2\/product\/1095\/revisions"}],"wp:featuredmedia":[{"embeddable":true,"href":"https:\/\/www.myautopartsfactory.com\/de\/wp-json\/wp\/v2\/media\/1098"}],"wp:attachment":[{"href":"https:\/\/www.myautopartsfactory.com\/de\/wp-json\/wp\/v2\/media?parent=1095"}],"wp:term":[{"taxonomy":"product-tag","embeddable":true,"href":"https:\/\/www.myautopartsfactory.com\/de\/wp-json\/wp\/v2\/product-tag?post=1095"},{"taxonomy":"products","embeddable":true,"href":"https:\/\/www.myautopartsfactory.com\/de\/wp-json\/wp\/v2\/products?post=1095"},{"taxonomy":"brand","embeddable":true,"href":"https:\/\/www.myautopartsfactory.com\/de\/wp-json\/wp\/v2\/brand?post=1095"}],"curies":[{"name":"wp","href":"https:\/\/api.w.org\/{rel}","templated":true}]}}