{"id":214,"date":"2024-04-17T14:11:26","date_gmt":"2024-04-17T06:11:26","guid":{"rendered":"https:\/\/www.myautopartsfactory.com\/?page_id=214"},"modified":"2024-04-17T14:11:41","modified_gmt":"2024-04-17T06:11:41","slug":"privacy-policy","status":"publish","type":"page","link":"https:\/\/www.myautopartsfactory.com\/de\/privacy-policy","title":{"rendered":"Datenschutzbestimmungen"},"content":{"rendered":"<h3 class=\"wp-block-heading\">Welche Informationen sammeln wir?<\/h3>\n\n\n\n<p>Wir sammeln Informationen von Ihnen, wenn Sie sich auf der Website registrieren, eine Bestellung aufgeben, an einem Wettbewerb oder Gewinnspiel teilnehmen, auf eine Umfrage oder eine Mitteilung wie eine E-Mail antworten oder an einer anderen Funktion der Website teilnehmen. Wenn Sie eine Bestellung aufgeben oder sich registrieren, fragen wir Sie m\u00f6glicherweise nach Ihrem Namen, Ihrer E-Mail-Adresse, Ihrer Postanschrift, Ihrer Telefonnummer, Ihren Kreditkartendaten oder anderen Informationen. Sie k\u00f6nnen unsere Website jedoch auch anonym besuchen. Wir sammeln auch Informationen \u00fcber die Geschenkempf\u00e4nger, damit wir den Geschenkkauf erf\u00fcllen k\u00f6nnen. Die Informationen, die wir \u00fcber die Geschenkempf\u00e4nger sammeln, werden nicht f\u00fcr Marketingzwecke verwendet. Wie viele andere Websites verwenden wir \u201cCookies\u201d, um Ihre Erfahrung zu verbessern und Informationen \u00fcber Besucher und Besuche auf unseren Websites zu sammeln. Weitere Informationen \u00fcber Cookies und ihre Verwendung finden Sie im Abschnitt \u201cVerwenden wir \u2018Cookies\u2019\u201d weiter unten.<\/p>\n\n\n\n<h3 class=\"wp-block-heading\">Wie verwenden wir Ihre Informationen?<\/h3>\n\n\n\n<p>Wir k\u00f6nnen die Informationen, die wir von Ihnen sammeln, wenn Sie sich registrieren, Produkte kaufen, an einem Wettbewerb oder einer Werbeaktion teilnehmen, auf eine Umfrage oder eine Marketingmitteilung antworten, auf der Website surfen oder bestimmte andere Funktionen der Website nutzen, wie folgt verwenden Um Ihre Erfahrung auf der Website zu personalisieren und um uns zu erm\u00f6glichen, Ihnen die Art von Inhalten und Produktangeboten zu liefern, an denen Sie am meisten interessiert sind. Um Ihnen bei der Beantwortung Ihrer Kundendienstanfragen einen besseren Service bieten zu k\u00f6nnen. Um Ihre Transaktionen schnell zu bearbeiten. Um einen Wettbewerb, eine Werbeaktion, eine Umfrage oder eine andere Funktion der Website zu verwalten. Wenn Sie sich f\u00fcr den Erhalt unseres E-Mail-Newsletters entschieden haben, k\u00f6nnen wir Ihnen in regelm\u00e4\u00dfigen Abst\u00e4nden E-Mails zusenden. Wenn Sie keine Werbe-E-Mails mehr von uns erhalten m\u00f6chten, lesen Sie bitte den Abschnitt \u201cWiderruf Ihrer Zustimmung\u201d weiter unten. Wenn Sie sich nicht f\u00fcr den Erhalt von E-Mail-Newslettern entschieden haben, werden Sie diese E-Mails nicht erhalten. Besucher, die sich registrieren lassen oder an anderen Funktionen der Website teilnehmen, wie z. B. an Marketingprogrammen und Inhalten, die nur f\u00fcr Mitglieder zug\u00e4nglich sind, k\u00f6nnen w\u00e4hlen, ob sie in unsere E-Mail-Liste aufgenommen werden und E-Mail-Mitteilungen von uns erhalten m\u00f6chten.<\/p>\n\n\n\n<h3 class=\"wp-block-heading\">Wie sch\u00fctzen wir die Daten unserer Besucher?<\/h3>\n\n\n\n<p>Wir setzen eine Reihe von Sicherheitsma\u00dfnahmen ein, um die Sicherheit Ihrer pers\u00f6nlichen Daten zu gew\u00e4hrleisten. Ihre pers\u00f6nlichen Daten befinden sich in gesicherten Netzwerken und sind nur f\u00fcr eine begrenzte Anzahl von Personen zug\u00e4nglich, die \u00fcber besondere Zugangsrechte zu diesen Systemen verf\u00fcgen und verpflichtet sind, die Daten vertraulich zu behandeln. Wenn Sie Bestellungen aufgeben oder auf Ihre pers\u00f6nlichen Daten zugreifen, bieten wir Ihnen die Verwendung eines sicheren Servers an. Alle von Ihnen eingegebenen sensiblen Informationen werden \u00fcber die Secure Socket Layer (SSL)-Technologie \u00fcbertragen und anschlie\u00dfend in unseren Datenbanken verschl\u00fcsselt, so dass sie nur wie oben beschrieben zug\u00e4nglich sind.<\/p>\n\n\n\n<h3 class=\"wp-block-heading\">Verwenden wir \u201cCookies\u201d?<\/h3>\n\n\n\n<p>Ja. Cookies sind kleine Dateien, die eine Website oder ihr Dienstanbieter \u00fcber Ihren Webbrowser auf die Festplatte Ihres Computers \u00fcbertr\u00e4gt (sofern Sie dies zulassen) und die es den Systemen der Website oder des Dienstanbieters erm\u00f6glichen, Ihren Browser zu erkennen und bestimmte Informationen zu erfassen und zu speichern. So verwenden wir beispielsweise Cookies, um uns an die Artikel in Ihrem Einkaufswagen zu erinnern und diese zu verarbeiten. Sie helfen uns auch, Ihre Pr\u00e4ferenzen auf der Grundlage fr\u00fcherer oder aktueller Website-Aktivit\u00e4ten zu verstehen, damit wir Ihnen bessere Dienstleistungen anbieten k\u00f6nnen. Wir verwenden Cookies auch, um aggregierte Daten \u00fcber den Website-Verkehr und die Interaktion auf der Website zu sammeln, damit wir in Zukunft bessere Website-Erfahrungen und -Tools anbieten k\u00f6nnen. Wir k\u00f6nnen Vertr\u00e4ge mit Drittanbietern abschlie\u00dfen, die uns dabei helfen, die Besucher unserer Website besser zu verstehen. Diesen Dienstleistern ist es nicht gestattet, die in unserem Namen gesammelten Daten zu verwenden, es sei denn, sie helfen uns bei der Durchf\u00fchrung und Verbesserung unserer Gesch\u00e4fte. Sie k\u00f6nnen w\u00e4hlen, ob Ihr Computer Sie jedes Mal warnen soll, wenn ein Cookie gesendet wird, oder ob Sie alle Cookies deaktivieren wollen. Sie k\u00f6nnen dies \u00fcber die Einstellungen Ihres Browsers (wie Google Chrome, Microsoft Edge oder Safari) tun. Jeder Browser ist ein wenig anders, daher sollten Sie im Hilfe-Men\u00fc Ihres Browsers nachsehen, wie Sie Ihre Cookies richtig \u00e4ndern. Wenn Sie Cookies deaktivieren, haben Sie keinen Zugang zu vielen Funktionen, die Ihre Website effizienter machen, und einige unserer Dienste funktionieren nicht richtig. Sie k\u00f6nnen jedoch weiterhin telefonisch Bestellungen aufgeben, indem Sie sich an den Kundendienst wenden.<\/p>\n\n\n\n<h3 class=\"wp-block-heading\">Geben wir die von uns gesammelten Informationen an Dritte weiter?<\/h3>\n\n\n\n<p>Wir verkaufen, tauschen oder \u00fcbertragen Ihre personenbezogenen Daten nicht an Dritte, es sei denn, wir informieren Sie im Voraus, wie unten beschrieben. Der Begriff \u201cDritte\u201d umfasst nicht unser Unternehmen. Er umfasst auch nicht die Website-Hosting-Partner und andere Parteien, die uns beim Betrieb unserer Website, bei der Durchf\u00fchrung unserer Gesch\u00e4fte oder bei der Erbringung von Dienstleistungen f\u00fcr Sie unterst\u00fctzen, sofern sich diese Parteien verpflichten, diese Informationen vertraulich zu behandeln. Wir k\u00f6nnen Ihre Daten auch freigeben, wenn wir glauben, dass die Freigabe angemessen ist, um das Gesetz einzuhalten, unsere Website-Richtlinien durchzusetzen oder unsere oder die Rechte, das Eigentum oder die Sicherheit anderer zu sch\u00fctzen. Nicht pers\u00f6nlich identifizierbare Besucherdaten k\u00f6nnen jedoch an andere Parteien f\u00fcr Marketing, Werbung oder andere Zwecke weitergegeben werden. Wie k\u00f6nnen Sie Informationen, die Sie uns zur Verf\u00fcgung gestellt haben, abbestellen, entfernen oder \u00e4ndern? Wenn Sie Ihr E-Mail-Abonnement \u00e4ndern m\u00f6chten, teilen Sie uns dies bitte mit, indem Sie Ihre Einstellungen im Bereich \u2019Mein Konto\u201c \u00e4ndern. Bitte beachten Sie, dass Sie aufgrund von E-Mail-Produktionspl\u00e4nen m\u00f6glicherweise bereits in Produktion befindliche E-Mails erhalten. Um alle Ihre Online-Kontoinformationen aus unserer Datenbank zu l\u00f6schen, melden Sie sich im Bereich \u201dMein Konto\u201c auf unserer Website an und entfernen Sie Ihre Versand- und Rechnungsadressen sowie Ihre Zahlungsinformationen. Bitte beachten Sie, dass wir Informationen \u00fcber eine einzelne Verkaufstransaktion aufbewahren k\u00f6nnen, um diese Transaktion zu bearbeiten und zu dokumentieren. Links zu Drittanbietern In dem Bestreben, Ihnen einen Mehrwert zu bieten, k\u00f6nnen wir Links zu Drittanbietern auf unserer Website einf\u00fcgen. Diese verlinkten Seiten haben separate und unabh\u00e4ngige Datenschutzrichtlinien. Wir \u00fcbernehmen daher keine Verantwortung oder Haftung f\u00fcr den Inhalt und die Aktivit\u00e4ten dieser verlinkten Websites. Nichtsdestotrotz sind wir bestrebt, die Integrit\u00e4t unserer Website zu sch\u00fctzen und freuen uns \u00fcber jede R\u00fcckmeldung zu diesen verlinkten Websites (auch wenn ein bestimmter Link nicht funktioniert). Sollten wir uns entschlie\u00dfen, unsere Datenschutzrichtlinien zu \u00e4ndern, werden wir dies auf dieser Seite bekannt geben. \u00c4nderungen der Richtlinie gelten nur f\u00fcr Daten, die nach dem Datum der \u00c4nderung erhoben wurden. Diese Richtlinie wurde zuletzt am 25. Mai 2018 ge\u00e4ndert.<\/p>\n\n\n\n<h3 class=\"wp-block-heading\">Fragen und Feedback<\/h3>\n\n\n\n<p>Wir freuen uns \u00fcber Ihre Fragen, Kommentare und Bedenken zum Datenschutz. Bitte senden Sie uns Ihr Feedback zum Datenschutz oder zu einem anderen Thema. Nur Online-Richtlinie. Diese Online-Datenschutzrichtlinie gilt nur f\u00fcr Informationen, die \u00fcber unsere Website erfasst werden, und nicht f\u00fcr Informationen, die offline erfasst werden.<\/p>\n\n\n\n<h3 class=\"wp-block-heading\">Ihre Zustimmung<\/h3>\n\n\n\n<p>Indem Sie einen Kauf \u00fcber unsere Website t\u00e4tigen oder eine Anfrage mit pers\u00f6nlichen oder gesch\u00e4ftlichen Informationen einreichen, um ein Angebot einzuholen oder eine Zahlung f\u00fcr eine Bestellung vorzunehmen oder eine Lieferung zu veranlassen, erkl\u00e4ren Sie sich damit einverstanden, dass wir diese Informationen zu Ihrem Nutzen und\/oder zur Verbesserung unserer Dienstleistungen und Angebote sammeln, speichern und verwenden. Indem Sie dies tun, erkl\u00e4ren Sie sich auch damit einverstanden, dass wir offenlegen, dass Sie ein MugFactory-Kunde sind, und dass wir den Namen Ihres Unternehmens, Ihr Logo und Ihre Verpackung zum Zwecke der Pr\u00e4sentation unserer Produkte und Dienstleistungen verwenden, sofern nicht anders angegeben.<\/p>\n\n\n\n<h3 class=\"wp-block-heading\">R\u00fccknahme der Zustimmung<\/h3>\n\n\n\n<p>Sie k\u00f6nnen jederzeit Ihre Zustimmung zur Erfassung, Verwendung oder Offenlegung Ihrer Daten durch MugFactory widerrufen, indem Sie sich mit uns in Verbindung setzen. MugFactory beh\u00e4lt sich das Recht vor, alle zuvor gesammelten Informationen aufzubewahren, um Bestellungen auszuf\u00fchren oder Streitigkeiten oder Untersuchungen zu kl\u00e4ren. Wenn Sie unsere Website besuchen, erhalten wir automatisch die Internetprotokoll-Adresse (IP-Adresse) Ihres Ger\u00e4ts, die ungef\u00e4hre geografische Region und andere grundlegende Informationen \u00fcber Ihren Browser und Ihr Betriebssystem, um unsere Kunden besser zu unterst\u00fctzen und ihnen eine bessere, individuellere Erfahrung zu bieten.<\/p>","protected":false},"excerpt":{"rendered":"What information do we collect? We collect information from you when you register on the site, place an order, enter a contest or sweepstakes, respond to a survey or communication such as e-mail, or participate in another site feature. When ordering or registering, we may ask you for your name, e-mail address, mailing address, phone [&hellip;]","protected":false},"author":4,"featured_media":0,"parent":0,"menu_order":0,"comment_status":"closed","ping_status":"closed","template":"","meta":{"footnotes":""},"class_list":["post-214","page","type-page","status-publish","hentry"],"yoast_head":"<!-- This site is optimized with the Yoast SEO plugin v27.3 - https:\/\/yoast.com\/product\/yoast-seo-wordpress\/ -->\n<title>Privacy Policy - YZHIDIANF<\/title>\n<meta name=\"robots\" content=\"index, follow, max-snippet:-1, max-image-preview:large, max-video-preview:-1\" \/>\n<link rel=\"canonical\" href=\"https:\/\/www.myautopartsfactory.com\/de\/privacy-policy\/\" \/>\n<meta property=\"og:locale\" content=\"de_DE\" \/>\n<meta property=\"og:type\" content=\"article\" \/>\n<meta property=\"og:title\" content=\"Privacy Policy - YZHIDIANF\" \/>\n<meta property=\"og:description\" content=\"What information do we collect? We collect information from you when you register on the site, place an order, enter a contest or sweepstakes, respond to a survey or communication such as e-mail, or participate in another site feature. When ordering or registering, we may ask you for your name, e-mail address, mailing address, phone [&hellip;]\" \/>\n<meta property=\"og:url\" content=\"https:\/\/www.myautopartsfactory.com\/de\/privacy-policy\/\" \/>\n<meta property=\"og:site_name\" content=\"YZHIDIANF\" \/>\n<meta property=\"article:modified_time\" content=\"2024-04-17T06:11:41+00:00\" \/>\n<meta name=\"twitter:card\" content=\"summary_large_image\" \/>\n<script type=\"application\/ld+json\" class=\"yoast-schema-graph\">{\"@context\":\"https:\\\/\\\/schema.org\",\"@graph\":[{\"@type\":\"WebPage\",\"@id\":\"https:\\\/\\\/www.myautopartsfactory.com\\\/privacy-policy\",\"url\":\"https:\\\/\\\/www.myautopartsfactory.com\\\/privacy-policy\",\"name\":\"Privacy Policy - YZHIDIANF\",\"isPartOf\":{\"@id\":\"https:\\\/\\\/www.myautopartsfactory.com\\\/#website\"},\"datePublished\":\"2024-04-17T06:11:26+00:00\",\"dateModified\":\"2024-04-17T06:11:41+00:00\",\"breadcrumb\":{\"@id\":\"https:\\\/\\\/www.myautopartsfactory.com\\\/privacy-policy#breadcrumb\"},\"inLanguage\":\"de\",\"potentialAction\":[{\"@type\":\"ReadAction\",\"target\":[\"https:\\\/\\\/www.myautopartsfactory.com\\\/privacy-policy\"]}]},{\"@type\":\"BreadcrumbList\",\"@id\":\"https:\\\/\\\/www.myautopartsfactory.com\\\/privacy-policy#breadcrumb\",\"itemListElement\":[{\"@type\":\"ListItem\",\"position\":1,\"name\":\"\u9996\u9875\",\"item\":\"https:\\\/\\\/www.myautopartsfactory.com\\\/\"},{\"@type\":\"ListItem\",\"position\":2,\"name\":\"Privacy Policy\"}]},{\"@type\":\"WebSite\",\"@id\":\"https:\\\/\\\/www.myautopartsfactory.com\\\/#website\",\"url\":\"https:\\\/\\\/www.myautopartsfactory.com\\\/\",\"name\":\"YZHIDIANF\",\"description\":\"One-Stop Auto Parts Supplier\",\"publisher\":{\"@id\":\"https:\\\/\\\/www.myautopartsfactory.com\\\/#organization\"},\"potentialAction\":[{\"@type\":\"SearchAction\",\"target\":{\"@type\":\"EntryPoint\",\"urlTemplate\":\"https:\\\/\\\/www.myautopartsfactory.com\\\/?s={search_term_string}\"},\"query-input\":{\"@type\":\"PropertyValueSpecification\",\"valueRequired\":true,\"valueName\":\"search_term_string\"}}],\"inLanguage\":\"de\"},{\"@type\":\"Organization\",\"@id\":\"https:\\\/\\\/www.myautopartsfactory.com\\\/#organization\",\"name\":\"YZHIDIANF\",\"url\":\"https:\\\/\\\/www.myautopartsfactory.com\\\/\",\"logo\":{\"@type\":\"ImageObject\",\"inLanguage\":\"de\",\"@id\":\"https:\\\/\\\/www.myautopartsfactory.com\\\/#\\\/schema\\\/logo\\\/image\\\/\",\"url\":\"https:\\\/\\\/www.myautopartsfactory.com\\\/wp-content\\\/uploads\\\/2024\\\/05\\\/fav.jpg\",\"contentUrl\":\"https:\\\/\\\/www.myautopartsfactory.com\\\/wp-content\\\/uploads\\\/2024\\\/05\\\/fav.jpg\",\"width\":80,\"height\":80,\"caption\":\"YZHIDIANF\"},\"image\":{\"@id\":\"https:\\\/\\\/www.myautopartsfactory.com\\\/#\\\/schema\\\/logo\\\/image\\\/\"}}]}<\/script>\n<!-- \/ Yoast SEO plugin. -->","yoast_head_json":{"title":"Datenschutzrichtlinie - YZHIDIANF","robots":{"index":"index","follow":"follow","max-snippet":"max-snippet:-1","max-image-preview":"max-image-preview:large","max-video-preview":"max-video-preview:-1"},"canonical":"https:\/\/www.myautopartsfactory.com\/de\/privacy-policy\/","og_locale":"de_DE","og_type":"article","og_title":"Privacy Policy - YZHIDIANF","og_description":"What information do we collect? We collect information from you when you register on the site, place an order, enter a contest or sweepstakes, respond to a survey or communication such as e-mail, or participate in another site feature. When ordering or registering, we may ask you for your name, e-mail address, mailing address, phone [&hellip;]","og_url":"https:\/\/www.myautopartsfactory.com\/de\/privacy-policy\/","og_site_name":"YZHIDIANF","article_modified_time":"2024-04-17T06:11:41+00:00","twitter_card":"summary_large_image","schema":{"@context":"https:\/\/schema.org","@graph":[{"@type":"WebPage","@id":"https:\/\/www.myautopartsfactory.com\/privacy-policy","url":"https:\/\/www.myautopartsfactory.com\/privacy-policy","name":"Datenschutzrichtlinie - YZHIDIANF","isPartOf":{"@id":"https:\/\/www.myautopartsfactory.com\/#website"},"datePublished":"2024-04-17T06:11:26+00:00","dateModified":"2024-04-17T06:11:41+00:00","breadcrumb":{"@id":"https:\/\/www.myautopartsfactory.com\/privacy-policy#breadcrumb"},"inLanguage":"de","potentialAction":[{"@type":"ReadAction","target":["https:\/\/www.myautopartsfactory.com\/privacy-policy"]}]},{"@type":"BreadcrumbList","@id":"https:\/\/www.myautopartsfactory.com\/privacy-policy#breadcrumb","itemListElement":[{"@type":"ListItem","position":1,"name":"\u9996\u9875","item":"https:\/\/www.myautopartsfactory.com\/"},{"@type":"ListItem","position":2,"name":"Privacy Policy"}]},{"@type":"WebSite","@id":"https:\/\/www.myautopartsfactory.com\/#website","url":"https:\/\/www.myautopartsfactory.com\/","name":"YZHIDIANF","description":"Autoteile-Lieferant aus einer Hand","publisher":{"@id":"https:\/\/www.myautopartsfactory.com\/#organization"},"potentialAction":[{"@type":"SearchAction","target":{"@type":"EntryPoint","urlTemplate":"https:\/\/www.myautopartsfactory.com\/?s={search_term_string}"},"query-input":{"@type":"PropertyValueSpecification","valueRequired":true,"valueName":"search_term_string"}}],"inLanguage":"de"},{"@type":"Organization","@id":"https:\/\/www.myautopartsfactory.com\/#organization","name":"YZHIDIANF","url":"https:\/\/www.myautopartsfactory.com\/","logo":{"@type":"ImageObject","inLanguage":"de","@id":"https:\/\/www.myautopartsfactory.com\/#\/schema\/logo\/image\/","url":"https:\/\/www.myautopartsfactory.com\/wp-content\/uploads\/2024\/05\/fav.jpg","contentUrl":"https:\/\/www.myautopartsfactory.com\/wp-content\/uploads\/2024\/05\/fav.jpg","width":80,"height":80,"caption":"YZHIDIANF"},"image":{"@id":"https:\/\/www.myautopartsfactory.com\/#\/schema\/logo\/image\/"}}]}},"acf":[],"_links":{"self":[{"href":"https:\/\/www.myautopartsfactory.com\/de\/wp-json\/wp\/v2\/pages\/214","targetHints":{"allow":["GET"]}}],"collection":[{"href":"https:\/\/www.myautopartsfactory.com\/de\/wp-json\/wp\/v2\/pages"}],"about":[{"href":"https:\/\/www.myautopartsfactory.com\/de\/wp-json\/wp\/v2\/types\/page"}],"author":[{"embeddable":true,"href":"https:\/\/www.myautopartsfactory.com\/de\/wp-json\/wp\/v2\/users\/4"}],"replies":[{"embeddable":true,"href":"https:\/\/www.myautopartsfactory.com\/de\/wp-json\/wp\/v2\/comments?post=214"}],"version-history":[{"count":0,"href":"https:\/\/www.myautopartsfactory.com\/de\/wp-json\/wp\/v2\/pages\/214\/revisions"}],"wp:attachment":[{"href":"https:\/\/www.myautopartsfactory.com\/de\/wp-json\/wp\/v2\/media?parent=214"}],"curies":[{"name":"wp","href":"https:\/\/api.w.org\/{rel}","templated":true}]}}